{"id":37432,"date":"2025-09-11T09:48:26","date_gmt":"2025-09-11T09:48:26","guid":{"rendered":"https:\/\/volovape.com\/?post_type=product&#038;p=37432"},"modified":"2026-04-14T05:55:19","modified_gmt":"2026-04-14T05:55:19","slug":"bangbox-80k-trippel-smak-80000-puffar-bulk-engangs-vape-med-60-ml-e-vatska","status":"publish","type":"product","link":"https:\/\/volovape.com\/sv\/product\/bangbox-80k-triple-flavor-80000-puffs-bulk-disposable-vape-with-60ml-e-liquid\/","title":{"rendered":"BANGBOX 80K 3-in-1 80000 Puffs | trippel smak bulk eng\u00e5ngs vape"},"content":{"rendered":"<h2>Varf\u00f6r v\u00e4lja BANGBOX 80000?<\/h2>\n<ul>\n<li>\u26a1 <strong>80.000 puffar<\/strong> - extrem puff r\u00e4knas f\u00f6r l\u00e5ngsiktig tillfredsst\u00e4llelse<\/li>\n<li>\ud83d\udd0b <strong>17350-850mAh rent koboltbatteri<\/strong> med 5A urladdning - j\u00e4mn effekt, inga svaga tr\u00e4ffar<\/li>\n<li>\ud83d\udca7 <strong>60 ml f\u00f6rfylld e-juice<\/strong> - Tank med l\u00e5ng livsl\u00e4ngd, mindre kr\u00e5ngel<\/li>\n<li>\ud83c\udf00 <strong>0,8\u03a9 spole med tredubbla maskor<\/strong> - snabbare uppv\u00e4rmning, t\u00e4t \u00e5nga och dj\u00e4rva smaker<\/li>\n<li>\ud83d\udd04 <strong>3-i-1 kapslar med trippel smak<\/strong> - v\u00e4xla mellan 3 smaker i en enhet<\/li>\n<li>\ud83d\udcca <strong>Batteri- och e-v\u00e4tskeindikatorer i realtid<\/strong> - inget mer gissande<\/li>\n<li>\u26a1 <strong>Typ-C snabbladdning<\/strong> - snabb och modern laddningsl\u00f6sning<\/li>\n<li>\ud83c\udf1f <strong>Alternativ f\u00f6r nikotin: 0%, 2%, 3%, 5%<\/strong> - passar b\u00e5de tillf\u00e4lliga anv\u00e4ndare och f\u00f6re detta r\u00f6kare<\/li>\n<li>\ud83d\udce6 <strong>Partihandelsf\u00f6rpackningar<\/strong> - utformad f\u00f6r distribut\u00f6rer och butikshyllor<\/li>\n<\/ul>\n<h2>Specifikationer<\/h2>\n<table border=\"1\" cellpadding=\"6\">\n<tbody>\n<tr>\n<td><strong>Antal puffar<\/strong><\/td>\n<td>Upp till 80.000 puffar<\/td>\n<\/tr>\n<tr>\n<td><strong>Batteri<\/strong><\/td>\n<td>17350-850mAh ren kobolt, 5A urladdning<\/td>\n<\/tr>\n<tr>\n<td><strong>Kapacitet f\u00f6r e-v\u00e4tska<\/strong><\/td>\n<td>60 ml f\u00f6rfylld<\/td>\n<\/tr>\n<tr>\n<td><strong>Spole<\/strong><\/td>\n<td>0,8\u03a9 spole med tredubbla maskor<\/td>\n<\/tr>\n<tr>\n<td><strong>Smaksystem<\/strong><\/td>\n<td>3-i-1 kapslar med trippel smak<\/td>\n<\/tr>\n<tr>\n<td><strong>Indikatorer<\/strong><\/td>\n<td>Niv\u00e5visning f\u00f6r batteri och e-v\u00e4tska<\/td>\n<\/tr>\n<tr>\n<td><strong>Laddning<\/strong><\/td>\n<td>Typ-C snabbladdning<\/td>\n<\/tr>\n<tr>\n<td><strong>Nikotinstyrka<\/strong><\/td>\n<td>0% \/ 2% \/ 3% \/ 5%<\/td>\n<\/tr>\n<tr>\n<td><strong>F\u00f6rpackning<\/strong><\/td>\n<td>Klar f\u00f6r grossistf\u00f6rs\u00e4ljning<\/td>\n<\/tr>\n<\/tbody>\n<\/table>\n<h2>Smakkombinationer - tre g\u00e5nger s\u00e5 roligt \ud83c\udf6d<\/h2>\n<ul>\n<li><strong>Jordgubbe Banan - Hallon Vattenmelon - K\u00e4rlek 666<\/strong> - fruktig, saftig, dj\u00e4rv<\/li>\n<li><strong>Tropisk frukt - Jordgubb Vattenmelon - Citron Persika<\/strong> - exotisk och uppfriskande<\/li>\n<li><strong>Strawberry Vanilla Cola - Sour Apple Raspberry - Lemon Lime<\/strong> - bubblande, syrlig, s\u00f6t<\/li>\n<li><strong>Double Grape - Jordgubb Mango - Bl\u00e5b\u00e4r Sour Raspberry Ice<\/strong> - fyllig, skiktad, isig<\/li>\n<li><strong>Vattenmelonglass - Jordgubbsglass - Trippelmelon<\/strong> - kr\u00e4mig, sval och fr\u00e4sch<\/li>\n<li><strong>Lemon Cola Soda - Vattenmelontuggummi - Black Dragon Ice<\/strong> - unik, sprudlande, mystisk<\/li>\n<li><strong>Triple Berry Ice - Mango Persika - Jordgubb Kiwi<\/strong> - len, s\u00f6t, kyld<\/li>\n<li><strong>Jordgubbsglass - Jordgubbsvattenmelon - Ananas Mango Persika<\/strong> - fruktig medley med djup<\/li>\n<li><strong>Ananas kokosn\u00f6t - jordgubbsis - Blue Razz-is<\/strong> - tropisk twist med en cool hit<\/li>\n<li><strong>Citron Lime - Mango Persika Vattenmelon - Bl\u00e5b\u00e4rsis<\/strong> - kryddig, s\u00f6t, balanserad<\/li>\n<li><strong>Vattenmelon Ice - Red Bull - Jordgubb Kiwi<\/strong> - energigivande fruktig fusion<\/li>\n<li><strong>Jordgubb Kiwi - Sur Mango Ananas - Jordgubb Red Bull<\/strong> - s\u00f6t, sur och kraftfull<\/li>\n<\/ul>\n<h2>VANLIGA FR\u00c5GOR \ud83e\udd14<\/h2>\n<p><strong>Q: Hur l\u00e4nge h\u00e5ller BANGBOX 80000?<\/strong><br \/>\nS: Med upp till 80 000 puffar och 60 ml e-juice h\u00e5ller den l\u00e4ngre \u00e4n de flesta eng\u00e5ngsartiklar - i veckor till m\u00e5nader beroende p\u00e5 anv\u00e4ndning.<\/p>\n<p><strong>Q: Kan jag anv\u00e4nda flera smaker i en enhet?<\/strong><br \/>\nA: Ja! Den levereras med 3-i-1 trippel smakkapslar s\u00e5 att du kan byta smak n\u00e4r som helst.<\/p>\n<p><strong>Fr\u00e5ga: Finns det nikotinfri vaping?<\/strong><br \/>\nS: Ja - v\u00e4lj nikotinalternativet 0% om du bara vill ha smak och \u00e5nga.<\/p>\n<p><strong>Q: Vem passar den h\u00e4r enheten b\u00e4st f\u00f6r?<\/strong><br \/>\nA: Den \u00e4r perfekt f\u00f6r tunga anv\u00e4ndare, smakentusiaster, vape-butiker och grossistdistribut\u00f6rer.<\/p>\n<p><strong>Q: Laddas den snabbt?<\/strong><br \/>\nS: Ja, med snabbladdning av typ C kan du b\u00f6rja vampa igen p\u00e5 nolltid.<\/p>\n<h2>Perfekt f\u00f6r dig \u2705<\/h2>\n<p>Den <strong>BANGBOX 80K<\/strong> \u00e4r mer \u00e4n bara en eng\u00e5ngsvape - det \u00e4r en <em>kraftpaket byggt f\u00f6r tunga vapers, smakj\u00e4gare och f\u00f6retag<\/em>. Med trippel smakv\u00e4xling, ett massivt puffantal, p\u00e5litligt batteri och grossistklar design \u00e4r det ett m\u00e5ste f\u00f6r vape-butiker och distribut\u00f6rer som letar efter en efterfr\u00e5gad, vinsth\u00f6jande produkt \ud83c\udf1f.<\/p>","protected":false},"excerpt":{"rendered":"<p><strong>En av de mest l\u00e5nglivade eng\u00e5ngsvapnen<\/strong> med <strong>80.000 puffar<\/strong>, trippel smakskida och en massiv <strong>60 ml tank f\u00f6r e-juice<\/strong> - perfekt f\u00f6r vape-butiker, distribut\u00f6rer och seri\u00f6sa vapers \ud83d\ude80.<\/p>","protected":false},"featured_media":37494,"comment_status":"open","ping_status":"closed","template":"","meta":[],"product_brand":[227],"product_cat":[61,230],"product_tag":[],"class_list":{"0":"post-37432","1":"product","2":"type-product","3":"status-publish","4":"has-post-thumbnail","6":"product_brand-bang","7":"product_cat-bang","8":"product_cat-new","10":"first","11":"instock","12":"shipping-taxable","13":"purchasable","14":"product-type-variable","15":"has-default-attributes"},"jetpack_sharing_enabled":true,"tiered_pricing_type":"fixed","tiered_pricing_fixed_rules":{"30":8.6400000000000005684341886080801486968994140625,"50":6.910000000000000142108547152020037174224853515625,"100":6.6699999999999999289457264239899814128875732421875,"200":6.04999999999999982236431605997495353221893310546875,"400":5.7400000000000002131628207280300557613372802734375},"tiered_pricing_product_settings":{"layout":"default","base_unit_name":{"singular":null,"plural":null},"default_variation":null},"tiered_pricing_minimum_quantity":10,"tiered_pricing_roles_data":[],"tiered_pricing_percentage_rules":[],"tiered_pricing_maximum_quantity":null,"tiered_pricing_quantity_step":"10","_links":{"self":[{"href":"https:\/\/volovape.com\/sv\/wp-json\/wp\/v2\/product\/37432","targetHints":{"allow":["GET"]}}],"collection":[{"href":"https:\/\/volovape.com\/sv\/wp-json\/wp\/v2\/product"}],"about":[{"href":"https:\/\/volovape.com\/sv\/wp-json\/wp\/v2\/types\/product"}],"replies":[{"embeddable":true,"href":"https:\/\/volovape.com\/sv\/wp-json\/wp\/v2\/comments?post=37432"}],"wp:featuredmedia":[{"embeddable":true,"href":"https:\/\/volovape.com\/sv\/wp-json\/wp\/v2\/media\/37494"}],"wp:attachment":[{"href":"https:\/\/volovape.com\/sv\/wp-json\/wp\/v2\/media?parent=37432"}],"wp:term":[{"taxonomy":"product_brand","embeddable":true,"href":"https:\/\/volovape.com\/sv\/wp-json\/wp\/v2\/product_brand?post=37432"},{"taxonomy":"product_cat","embeddable":true,"href":"https:\/\/volovape.com\/sv\/wp-json\/wp\/v2\/product_cat?post=37432"},{"taxonomy":"product_tag","embeddable":true,"href":"https:\/\/volovape.com\/sv\/wp-json\/wp\/v2\/product_tag?post=37432"}],"curies":[{"name":"wp","href":"https:\/\/api.w.org\/{rel}","templated":true}]}}