{"id":358,"date":"2024-11-21T03:29:21","date_gmt":"2024-11-21T03:29:21","guid":{"rendered":"https:\/\/volovape.com\/?post_type=product&#038;p=358"},"modified":"2025-07-06T04:24:36","modified_gmt":"2025-07-06T04:24:36","slug":"alvdosa-ls15000-15000-puffar","status":"publish","type":"product","link":"https:\/\/volovape.com\/sv\/product\/elf-box-ls15000-15000-puffs\/","title":{"rendered":"ELF BOX LS15000 puffs 0,6\u03a9 mesh coil eng\u00e5ngsvape - uppladdningsbar med typ C-laddning (0-5% nikotin)"},"content":{"rendered":"<p><iframe title=\"VideoPress Videospelare\" aria-label='VideoPress Videospelare' width='500' height='667' src='https:\/\/videopress.com\/embed\/JmE4p5tH?hd=0&amp;cover=1' frameborder='0' allowfullscreen allow='clipboard-write'><\/iframe><script src='https:\/\/v0.wordpress.com\/js\/next\/videopress-iframe.js?m=1739540970'><\/script><\/p>\n<p>ELF BOX LS15000 Puffs eng\u00e5ngsvape - 0,6\u03a9 n\u00e4tspole, uppladdningsbar<br \/>\n<strong>ELF BOX LS15000 Puffs eng\u00e5ngsvape<\/strong> - Vaping med h\u00f6g kapacitet och f\u00f6rb\u00e4ttrad 0,6\u03a9 Mesh Coil-prestanda.<\/p>\n<p>Den <strong>ELF BOX LS15000<\/strong> eng\u00e5ngsvape ger en exceptionell vapingupplevelse med sin imponerande <strong>15.000 puffars kapacitet<\/strong> och en massiv <strong>26 ml beh\u00e5llare f\u00f6r e-v\u00e4tska<\/strong>. Drivs av en <strong>600mAh uppladdningsbart batteri<\/strong> och med <strong>Typ C-laddning<\/strong>garanterar denna enhet l\u00e5ngvarig anv\u00e4ndning och bekv\u00e4mlighet. Den <strong>Spole med 0,6\u03a9 maskor<\/strong> \u00e4r s\u00e4rskilt utformad f\u00f6r rik smak och t\u00e4t \u00e5ngproduktion, vilket ger en tillfredsst\u00e4llande vape fr\u00e5n f\u00f6rsta till sista blosset. V\u00e4lj bland f\u00f6ljande <strong>0%, 2% eller 5% nikotinstyrka<\/strong> f\u00f6r att matcha dina preferenser. Med <strong>12 l\u00e4ckra smakalternativ<\/strong>ELF BOX LS15000 \u00e4r perfekt f\u00f6r <strong>eng\u00e5ngs vape grossist<\/strong>, <strong>bulkorder<\/strong>, eller <strong>personligt bruk<\/strong>och kombinerar h\u00f6g prestanda med ultimat b\u00e4rbarhet.<\/p>\n<h3><strong>ELF BOX LS15000 Funktioner:<\/strong><\/h3>\n<ul>\n<li>Puffar: Upp till 15.000 puffar<\/li>\n<li>E-v\u00e4tskekapacitet: 26mL<\/li>\n<li>Batteri: 600 mAh (uppladdningsbart)<\/li>\n<li>Laddning: Typ C<\/li>\n<li>Spole: 0,6\u03a9 Mesh-spole<\/li>\n<li>Styrkor hos nikotin: 0%, 2%, 5%<\/li>\n<li>Smaker: 12 unika alternativ<\/li>\n<li>Dimensioner: 91,5 x 56,5 x 28,5 mm<\/li>\n<li>Vikt: 91g<\/li>\n<li>Enhet f\u00f6r eng\u00e5ngsbruk<\/li>\n<\/ul>\n<h4>VANLIGA FR\u00c5GOR<\/h4>\n<h5>Hur f\u00f6rb\u00e4ttrar 0,6\u03a9 mesh-spolen vapingupplevelsen?<\/h5>\n<p>0,6\u03a9 mesh-spolen \u00e4r utformad f\u00f6r att optimera \u00e5ngproduktionen och smakleveransen. Den ger en st\u00f6rre uppv\u00e4rmningsyta, vilket resulterar i t\u00e4tare moln och rikare smaker, vilket garanterar en konsekvent tillfredsst\u00e4llande vapingupplevelse med varje bloss.<\/p>\n<h5>Vilka leveransmetoder anv\u00e4nds?<\/h5>\n<p>Vi samarbetar med p\u00e5litliga transport\u00f6rer som UPS, DHL, FedEx och DPD f\u00f6r att s\u00e4kerst\u00e4lla att din best\u00e4llning levereras snabbt och s\u00e4kert. Den mest effektiva fraktmetoden v\u00e4ljs utifr\u00e5n din plats f\u00f6r att optimera leveranshastighet och tillf\u00f6rlitlighet.<\/p>\n<h5>Hur l\u00e5ng tid tar det innan min best\u00e4llning kommer fram?<\/h5>\n<p>Leveranstiden \u00e4r normalt 7-15 arbetsdagar. R\u00e4kna dock med upp till 20 arbetsdagar under helgdagar eller ogynnsamma v\u00e4derf\u00f6rh\u00e5llanden, vilket kan orsaka mindre f\u00f6rseningar i transporten.<\/p>\n<h5>Kommer jag att st\u00f6ta p\u00e5 n\u00e5gra tullproblem eller extra avgifter?<\/h5>\n<p>Vi hanterar alla tullklareringsf\u00f6rfaranden, vilket garanterar en smidig och problemfri upplevelse. Du kommer inte att drabbas av n\u00e5gra ytterligare skatter eller avgifter. Vi s\u00e4kerst\u00e4ller att 100% av v\u00e5ra produkter framg\u00e5ngsrikt klarerar tullen.<\/p>\n<h5>\u00c4r ink\u00f6p fr\u00e5n din webbplats s\u00e4kra och tillf\u00f6rlitliga?<\/h5>\n<p>Ja, vi erbjuder s\u00e4kra PayPal-transaktioner med k\u00f6parskydd. Du kan ocks\u00e5 verifiera v\u00e5r tillf\u00f6rlitlighet genom att kontrollera v\u00e5ra kundrecensioner p\u00e5 <a href=\"https:\/\/www.trustpilot.com\/review\/volovape.com?utm_medium=trustbox&amp;utm_source=TrustBoxReviewCollector\">TrustPilot<\/a>d\u00e4r du hittar vittnesm\u00e5l fr\u00e5n n\u00f6jda kunder.<\/p>","protected":false},"excerpt":{"rendered":"<p>Njut av f\u00f6rb\u00e4ttrad \u00e5nga med ELF BOX LS15000 Puffs. 0,6\u03a9 mesh, 26ml, uppladdningsbar. Perfekt f\u00f6r privat bruk eller grossistf\u00f6rs\u00e4ljning, med l\u00e5ngvarig smak och varierade nikotinalternativ.<\/p>","protected":false},"featured_media":445,"comment_status":"open","ping_status":"closed","template":"","meta":[],"product_brand":[],"product_cat":[54,41,21,18,20,23,24,22,25,26,27,28,29,30,31,32,33,34,35,36,47],"product_tag":[],"class_list":{"0":"post-358","1":"product","2":"type-product","3":"status-publish","4":"has-post-thumbnail","6":"product_cat-elf-box","7":"product_cat-15000-puffs-disposable-vape","8":"product_cat-big-puffs-vapes","9":"product_cat-different-puffs-of-disposable-vapes","10":"product_cat-disposable-vape-types","11":"product_cat-disposable-vapes-in-austria","12":"product_cat-disposable-vapes-in-belgium","13":"product_cat-disposable-vapes-in-europe","14":"product_cat-disposable-vapes-in-france","15":"product_cat-disposable-vapes-in-germany","16":"product_cat-disposable-vapes-in-hungary","17":"product_cat-disposable-vapes-in-ltaly","18":"product_cat-disposable-vapes-in-netherlands","19":"product_cat-disposable-vapes-in-norway","20":"product_cat-disposable-vapes-in-poland","21":"product_cat-disposable-vapes-in-portugal","22":"product_cat-disposable-vapes-in-spain","23":"product_cat-disposable-vapes-in-sweden","24":"product_cat-disposable-vapes-in-switzerland","25":"product_cat-rechargeable-vapes","26":"product_cat-shisha-hookah-vapes","28":"first","29":"instock","30":"shipping-taxable","31":"purchasable","32":"product-type-variable","33":"has-default-attributes"},"jetpack_sharing_enabled":true,"tiered_pricing_type":"fixed","tiered_pricing_fixed_rules":{"2000":5.38999999999999968025576890795491635799407958984375},"tiered_pricing_product_settings":{"layout":"default","base_unit_name":{"singular":null,"plural":null},"default_variation":null},"tiered_pricing_minimum_quantity":1000,"tiered_pricing_roles_data":[],"tiered_pricing_percentage_rules":[],"tiered_pricing_maximum_quantity":null,"tiered_pricing_quantity_step":"10","_links":{"self":[{"href":"https:\/\/volovape.com\/sv\/wp-json\/wp\/v2\/product\/358","targetHints":{"allow":["GET"]}}],"collection":[{"href":"https:\/\/volovape.com\/sv\/wp-json\/wp\/v2\/product"}],"about":[{"href":"https:\/\/volovape.com\/sv\/wp-json\/wp\/v2\/types\/product"}],"replies":[{"embeddable":true,"href":"https:\/\/volovape.com\/sv\/wp-json\/wp\/v2\/comments?post=358"}],"wp:featuredmedia":[{"embeddable":true,"href":"https:\/\/volovape.com\/sv\/wp-json\/wp\/v2\/media\/445"}],"wp:attachment":[{"href":"https:\/\/volovape.com\/sv\/wp-json\/wp\/v2\/media?parent=358"}],"wp:term":[{"taxonomy":"product_brand","embeddable":true,"href":"https:\/\/volovape.com\/sv\/wp-json\/wp\/v2\/product_brand?post=358"},{"taxonomy":"product_cat","embeddable":true,"href":"https:\/\/volovape.com\/sv\/wp-json\/wp\/v2\/product_cat?post=358"},{"taxonomy":"product_tag","embeddable":true,"href":"https:\/\/volovape.com\/sv\/wp-json\/wp\/v2\/product_tag?post=358"}],"curies":[{"name":"wp","href":"https:\/\/api.w.org\/{rel}","templated":true}]}}