{"id":35613,"date":"2025-08-16T11:41:34","date_gmt":"2025-08-16T11:41:34","guid":{"rendered":"https:\/\/volovape.com\/?post_type=product&#038;p=35613"},"modified":"2026-04-14T05:57:10","modified_gmt":"2026-04-14T05:57:10","slug":"bang-king-tvillingar-50000","status":"publish","type":"product","link":"https:\/\/volovape.com\/sv\/product\/bang-king-twins-50000\/","title":{"rendered":"Bang King Twins 50000 Puffs | dual flavor LED-display eng\u00e5ngs vape grossist"},"content":{"rendered":"<h2>Bang King Twins 50000 Puffs - \u00d6versikt och funktioner<\/h2>\n<p>G\u00f6r dig redo f\u00f6r en extraordin\u00e4r vapingupplevelse med <strong>Bang King Twins 50000 Puffs<\/strong> eng\u00e5ngsvape! Med upp till 50 000 puffar och dubbla smaker erbjuder den h\u00e4r enheten det b\u00e4sta av tv\u00e5 v\u00e4rldar. Med en snygg design, mesh-spiraler och ett uppladdningsbart Type-C-batteri \u00e4r detta det ultimata valet f\u00f6r dem som l\u00e4ngtar efter intensiva smaker och l\u00e5ngvarig tillfredsst\u00e4llelse. Den <strong>Bang King Twins<\/strong> kombinerar 56 ml e-v\u00e4tska (28 ml + 28 ml) och erbjuder flera nikotinalternativ f\u00f6r att passa alla smaker och preferenser. Utrustad med en digital LED-display \u00e4r det enkelt att sp\u00e5ra din vape-upplevelse och h\u00e5lla det roliga ig\u00e5ng l\u00e4ngre. Oavsett om du \u00e4r en flitig r\u00f6kare eller en distribut\u00f6r som vill ha premiumprodukter i lager, \u00e4r <strong>Bang King Twins<\/strong> har du t\u00e4ckt.<\/p>\n<h4>Specifikationer<\/h4>\n<table>\n<tbody>\n<tr>\n<td><strong>Puffkapacitet:<\/strong><\/td>\n<td>Upp till 50000 puffar<\/td>\n<\/tr>\n<tr>\n<td><strong>E-v\u00e4tska Kapacitet:<\/strong><\/td>\n<td>56mL (28mL + 28mL)<\/td>\n<\/tr>\n<tr>\n<td><strong>Batteri:<\/strong><\/td>\n<td>650 mAh, typ C uppladdningsbar<\/td>\n<\/tr>\n<tr>\n<td><strong>Typ av spole:<\/strong><\/td>\n<td>N\u00e4tspole 1.0\u03a9<\/td>\n<\/tr>\n<tr>\n<td><strong>Nikotinalternativ:<\/strong><\/td>\n<td>2%, 3%, 5%<\/td>\n<\/tr>\n<tr>\n<td><strong>Display:<\/strong><\/td>\n<td>Digital LED-display<\/td>\n<\/tr>\n<tr>\n<td><strong>Design:<\/strong><\/td>\n<td>Snygg, elegant och ergonomisk<\/td>\n<\/tr>\n<\/tbody>\n<\/table>\n<h4>Tillg\u00e4ngliga smaker<\/h4>\n<ul>\n<li>Love 66 &amp; Lemon Passionsfrukt<\/li>\n<li>Persika Guava Jordgubb &amp; Sakura Druva<\/li>\n<li>Jordgubbar Bananer &amp; Heisenberg<\/li>\n<li>Blue Razz Ice &amp; Blue Razz Cherry<\/li>\n<li>Jordgubbsvattenmelon &amp; jordgubbsglass<\/li>\n<li>Vattenmelon Ice &amp; Vattenmelon Hubba Bubba<\/li>\n<li>Double Lime &amp; Ice Aloe Vera<\/li>\n<li>Mix Berry &amp; Strawberry Kiwi<\/li>\n<li>Super Cool Lychee &amp; Pink Man<\/li>\n<li>Juice Persika Is &amp; Jordgubb Mango<\/li>\n<li>Cola Lemon &amp; Strawberry Skittles<\/li>\n<li>Persika Mango Vattenmelon &amp; Blue Razz K\u00f6rsb\u00e4r<\/li>\n<\/ul>\n<h4>Varf\u00f6r v\u00e4lja Bang King Twins 50000 Puffs?<\/h4>\n<ul>\n<li><strong>L\u00e5ngvarig prestanda:<\/strong> 50.000 puffar av kontinuerlig njutning<\/li>\n<li><strong>Dubbel smakupplevelse:<\/strong> Njut av tv\u00e5 unika smaker med varje puff<\/li>\n<li><strong>Uppladdningsbar bekv\u00e4mlighet:<\/strong> Typ C-laddning g\u00f6r att du alltid \u00e4r redo att \u00e5ka<\/li>\n<li><strong>Spolar i premiumn\u00e4t:<\/strong> F\u00f6r mjukare tr\u00e4ffar och f\u00f6rb\u00e4ttrad smak<\/li>\n<li><strong>Breda nikotinalternativ:<\/strong> V\u00e4lj mellan nikotinstyrkorna 2%, 3% eller 5%<\/li>\n<li><strong>Digital LED-display:<\/strong> H\u00e5ll koll p\u00e5 din vape-utveckling<\/li>\n<li><strong>Perfekt f\u00f6r distribution:<\/strong> Idealisk f\u00f6r grossister och vape-butiker<\/li>\n<\/ul>\n<p>Den <strong>Bang King Twins 50000 Puffs<\/strong> eng\u00e5ngsvape \u00e4r det ultimata valet f\u00f6r vape-butiker och grossistdistribut\u00f6rer som vill erbjuda en h\u00f6gkvalitativ, l\u00e5ngvarig produkt. Med sina dubbla smaker, uppladdningsbara batteri och mesh coil-teknik \u00e4r den utformad f\u00f6r b\u00e5de tunga vapers och smakj\u00e4gare. Fyll p\u00e5 lagret nu och erbjud dina kunder en premium vapingupplevelse som de kommer att \u00e4lska!<\/p>\n<p><img decoding=\"async\" class=\"alignnone wp-image-35622 size-full\" src=\"https:\/\/volovape.com\/wp-content\/uploads\/2025\/08\/Bang-King-Twins-50000-flavor-chart.avif\" alt=\"\" title=\"\"><\/p>\n<p><img data-recalc-dims=\"1\" loading=\"lazy\" decoding=\"async\" class=\"alignnone wp-image-35632 size-full\" src=\"https:\/\/i0.wp.com\/volovape.com\/wp-content\/uploads\/2025\/08\/imgi_2_Bang_King_Twins_50K_11.webp?resize=800%2C800&#038;ssl=1\" alt=\"\" width=\"800\" height=\"800\" title=\"\" srcset=\"https:\/\/i0.wp.com\/volovape.com\/wp-content\/uploads\/2025\/08\/imgi_2_Bang_King_Twins_50K_11.webp?w=800&amp;ssl=1 800w, https:\/\/i0.wp.com\/volovape.com\/wp-content\/uploads\/2025\/08\/imgi_2_Bang_King_Twins_50K_11.webp?resize=300%2C300&amp;ssl=1 300w, https:\/\/i0.wp.com\/volovape.com\/wp-content\/uploads\/2025\/08\/imgi_2_Bang_King_Twins_50K_11.webp?resize=150%2C150&amp;ssl=1 150w, https:\/\/i0.wp.com\/volovape.com\/wp-content\/uploads\/2025\/08\/imgi_2_Bang_King_Twins_50K_11.webp?resize=768%2C768&amp;ssl=1 768w, https:\/\/i0.wp.com\/volovape.com\/wp-content\/uploads\/2025\/08\/imgi_2_Bang_King_Twins_50K_11.webp?resize=12%2C12&amp;ssl=1 12w, https:\/\/i0.wp.com\/volovape.com\/wp-content\/uploads\/2025\/08\/imgi_2_Bang_King_Twins_50K_11.webp?resize=510%2C510&amp;ssl=1 510w, https:\/\/i0.wp.com\/volovape.com\/wp-content\/uploads\/2025\/08\/imgi_2_Bang_King_Twins_50K_11.webp?resize=100%2C100&amp;ssl=1 100w, https:\/\/i0.wp.com\/volovape.com\/wp-content\/uploads\/2025\/08\/imgi_2_Bang_King_Twins_50K_11.webp?resize=50%2C50&amp;ssl=1 50w\" sizes=\"auto, (max-width: 800px) 100vw, 800px\" \/><\/p>","protected":false},"excerpt":{"rendered":"<p>Uppt\u00e4ck Bang King Twins 50000 Puffs eng\u00e5ngsvape med dubbla smaker, mesh-spolar, 56 ml e-juice och ett uppladdningsbart Type-C-batteri. Perfekt f\u00f6r smakentusiaster och grossistk\u00f6pare!<\/p>","protected":false},"featured_media":35672,"comment_status":"open","ping_status":"closed","template":"","meta":[],"product_brand":[227],"product_cat":[61,230],"product_tag":[],"class_list":{"0":"post-35613","1":"product","2":"type-product","3":"status-publish","4":"has-post-thumbnail","6":"product_brand-bang","7":"product_cat-bang","8":"product_cat-new","10":"first","11":"instock","12":"shipping-taxable","13":"purchasable","14":"product-type-variable","15":"has-default-attributes"},"jetpack_sharing_enabled":true,"tiered_pricing_type":"fixed","tiered_pricing_fixed_rules":{"30":7.29999999999999982236431605997495353221893310546875,"50":6.0999999999999996447286321199499070644378662109375,"100":5.4000000000000003552713678800500929355621337890625,"200":4.9900000000000002131628207280300557613372802734375,"400":4.37999999999999989341858963598497211933135986328125},"tiered_pricing_product_settings":{"layout":"default","base_unit_name":{"singular":null,"plural":null},"default_variation":null},"tiered_pricing_minimum_quantity":10,"tiered_pricing_roles_data":[],"tiered_pricing_percentage_rules":[],"tiered_pricing_maximum_quantity":null,"tiered_pricing_quantity_step":"10","_links":{"self":[{"href":"https:\/\/volovape.com\/sv\/wp-json\/wp\/v2\/product\/35613","targetHints":{"allow":["GET"]}}],"collection":[{"href":"https:\/\/volovape.com\/sv\/wp-json\/wp\/v2\/product"}],"about":[{"href":"https:\/\/volovape.com\/sv\/wp-json\/wp\/v2\/types\/product"}],"replies":[{"embeddable":true,"href":"https:\/\/volovape.com\/sv\/wp-json\/wp\/v2\/comments?post=35613"}],"wp:featuredmedia":[{"embeddable":true,"href":"https:\/\/volovape.com\/sv\/wp-json\/wp\/v2\/media\/35672"}],"wp:attachment":[{"href":"https:\/\/volovape.com\/sv\/wp-json\/wp\/v2\/media?parent=35613"}],"wp:term":[{"taxonomy":"product_brand","embeddable":true,"href":"https:\/\/volovape.com\/sv\/wp-json\/wp\/v2\/product_brand?post=35613"},{"taxonomy":"product_cat","embeddable":true,"href":"https:\/\/volovape.com\/sv\/wp-json\/wp\/v2\/product_cat?post=35613"},{"taxonomy":"product_tag","embeddable":true,"href":"https:\/\/volovape.com\/sv\/wp-json\/wp\/v2\/product_tag?post=35613"}],"curies":[{"name":"wp","href":"https:\/\/api.w.org\/{rel}","templated":true}]}}