{"id":34627,"date":"2025-08-16T11:41:20","date_gmt":"2025-08-16T11:41:20","guid":{"rendered":"https:\/\/volovape.com\/?post_type=product&#038;p=34627"},"modified":"2026-05-06T12:42:57","modified_gmt":"2026-05-06T12:42:57","slug":"waspe-100000puffar-4-i-1","status":"publish","type":"product","link":"https:\/\/volovape.com\/sv\/product\/waspe-100000puffs-4-in-1\/","title":{"rendered":"WASPE 4-i-1 Smak 100K Puffs | 100 000 puffar eng\u00e5ngs vape med 4 smaker och bulk grossist"},"content":{"rendered":"<h3>Varf\u00f6r v\u00e4lja WASPE 4in1 Flavor 100000 Puffs?<\/h3>\n<ul>\n<li>\ud83d\udd04 4-i-1 Smakv\u00e4xlingssystem: Njut av fyra olika smaker i en enhet utan att byta kapslar.<\/li>\n<li>\ud83d\udca8 100 000 puffars kapacitet: Utformad f\u00f6r l\u00e5ngvarig anv\u00e4ndning, vilket garanterar en l\u00e5ngvarig vapingupplevelse.<\/li>\n<li>\ud83d\udd0b Uppladdningsbart 650mAh-batteri: Snabb och effektiv laddning med Type-C f\u00f6r bekv\u00e4mlighet.<\/li>\n<li>\ud83d\udd25 Quad Mesh Coils: Producerar j\u00e4mn \u00e5nga och rik smak med varje bloss.<\/li>\n<li>\ud83e\uddc3 56 ml kapacitet f\u00f6r e-v\u00e4tska: H\u00e5ll vaping l\u00e4ngre med f\u00e4rre p\u00e5fyllningar.<\/li>\n<li>\ud83d\udce6 Perfekt f\u00f6r partihandel: Kompakt och h\u00e5llbar, utformad f\u00f6r bulkbest\u00e4llningar, med flexibla smakalternativ.<\/li>\n<\/ul>\n<p>Denna vape \u00e4r perfekt f\u00f6r tunga anv\u00e4ndare och smakj\u00e4gare, och erbjuder allt du beh\u00f6ver i en elegant enhet. WASPE 4in1 Flavor 100000 Puffs \u00e4r idealisk f\u00f6r vape-butiker, distribut\u00f6rer och grossistorder och ger oslagbar variation, tillf\u00f6rlitlighet och prestanda. Best\u00e4ll i bulk och njut av rabatterade priser!<\/p>\n<h3>WASPE 4in1 Flavor 100000 Puffs | \u00d6versikt och funktioner<\/h3>\n<p>WASPE 4in1 Flavor 100000 Puffs \u00e4r utformad f\u00f6r att ge den ultimata vapingupplevelsen. Med m\u00f6jligheten att v\u00e4xla mellan fyra f\u00f6rfyllda smaker, ett uppladdningsbart 650mAh-batteri och massiva 100 000 puffar \u00e4r den h\u00e4r enheten idealisk f\u00f6r dem som vill ha variation och l\u00e5ngvarig prestanda. Oavsett om du \u00e4r en smakentusiast eller en tung vaper, \u00e4r WASPE 4in1 Flavor det perfekta valet f\u00f6r dem som kr\u00e4ver kvalitet och bekv\u00e4mlighet. Finns f\u00f6r bulk grossistorder p\u00e5 Gleevape, Europas betrodda leverant\u00f6r av vape med l\u00e5g nikotin. \ud83d\udd25\ud83d\udca8<\/p>\n<h3>Specifikationer:<\/h3>\n<table>\n<tbody>\n<tr>\n<th>Funktion<\/th>\n<th>Detaljer<\/th>\n<\/tr>\n<tr>\n<td>Puffkapacitet<\/td>\n<td>100.000 puffar<\/td>\n<\/tr>\n<tr>\n<td>Kapacitet f\u00f6r e-v\u00e4tska<\/td>\n<td>56mL<\/td>\n<\/tr>\n<tr>\n<td>Batteri<\/td>\n<td>650mAh uppladdningsbar, typ C<\/td>\n<\/tr>\n<tr>\n<td>Typ av spole<\/td>\n<td>1,0\u03a9 Quad Mesh<\/td>\n<\/tr>\n<tr>\n<td>Alternativ f\u00f6r nikotin<\/td>\n<td>0%, 2%, 5%<\/td>\n<\/tr>\n<tr>\n<td>Port f\u00f6r laddning<\/td>\n<td>Typ C<\/td>\n<\/tr>\n<tr>\n<td>Produktens storlek<\/td>\n<td>47 \u00d7 47 \u00d7 118 mm<\/td>\n<\/tr>\n<tr>\n<td>Vikt per enhet<\/td>\n<td>142g<\/td>\n<\/tr>\n<\/tbody>\n<\/table>\n<h3>Smaker i lager:<\/h3>\n<p>Vattenmelon Ice &amp; Strawberry Kiwi &amp; Raspberry Vattenmelon &amp; Lemon Lime<\/p>\n<p>Jordgubb vattenmelon &amp; Mr Blue &amp; Grape Ice &amp; Rainbow Candy<\/p>\n<p>Red Bull Ice &amp; Banana Ice &amp; Pineapple Coconut Ice &amp; Triple Mango Ice<\/p>\n<p>Jordgubb Hallon K\u00f6rsb\u00e4r &amp; Crazy Cherry Ice &amp; Blue Cherry Ice &amp; Cola Ice<\/p>\n<p>Jordgubbsbanan &amp; Jordgubb Red Bull &amp; Jordgubbsmango &amp; Pink Lemonade<\/p>\n<p>Blueberry Ice &amp; Black Knight &amp; Strawberry Ice &amp; Strawberry Watermelon<\/p>\n<p>Cherry Cola Ice &amp; Strawberry Cherry Ice &amp; Strawberry Cola Ice &amp; Strawberry Watermelon Bubblegum<\/p>\n<p>Juicy Peach Ice &amp; Tropisk frukt &amp; Fruit Blast &amp; Peach Berry<\/p>\n<p>Grape Ice &amp; Strawberry Kiwi &amp; Strawberry Raspberry Cherry &amp; Black Knight<\/p>\n<p>Blandade b\u00e4r &amp; Double Apple Ice &amp; Bl\u00e5b\u00e4r Hallon &amp; Bl\u00e5b\u00e4r Honung<\/p>\n<p>Strawberry Red Bull &amp; Strawberry Watermelon Bubblegum &amp; Red Bull Ice &amp; Cherry Cola Ice<\/p>\n<p>Bl\u00e5b\u00e4r Hallon &amp; Bl\u00e5b\u00e4r Lemonad &amp; Blandade b\u00e4r &amp; Druva Honung Is<\/p>","protected":false},"excerpt":{"rendered":"<p>Uppt\u00e4ck WASPE 4in1 Flavor 100000 Puffs eng\u00e5ngsvape. Med 4 omkopplingsbara smaker, en enorm kapacitet p\u00e5 100 000 puffar och uppladdningsbar f\u00f6r l\u00e5ngvarig prestanda. Perfekt f\u00f6r grossistk\u00f6p i bulk!<\/p>","protected":false},"featured_media":35714,"comment_status":"open","ping_status":"closed","template":"","meta":[],"product_brand":[245],"product_cat":[17,249,230],"product_tag":[],"class_list":{"0":"post-34627","1":"product","2":"type-product","3":"status-publish","4":"has-post-thumbnail","6":"product_brand-waspe","7":"product_cat-waspe","8":"product_cat-100k-puffs-disposable-vape","9":"product_cat-new","11":"first","12":"instock","13":"shipping-taxable","14":"purchasable","15":"product-type-variable","16":"has-default-attributes"},"jetpack_sharing_enabled":true,"tiered_pricing_type":"fixed","tiered_pricing_fixed_rules":{"30":9.6300000000000007815970093361102044582366943359375,"50":7.9000000000000003552713678800500929355621337890625,"100":7.6500000000000003552713678800500929355621337890625,"200":6.9900000000000002131628207280300557613372802734375,"400":6.54000000000000003552713678800500929355621337890625},"tiered_pricing_product_settings":{"layout":"default","base_unit_name":{"singular":null,"plural":null},"default_variation":null},"tiered_pricing_minimum_quantity":10,"tiered_pricing_roles_data":[],"tiered_pricing_percentage_rules":[],"tiered_pricing_maximum_quantity":null,"tiered_pricing_quantity_step":"10","_links":{"self":[{"href":"https:\/\/volovape.com\/sv\/wp-json\/wp\/v2\/product\/34627","targetHints":{"allow":["GET"]}}],"collection":[{"href":"https:\/\/volovape.com\/sv\/wp-json\/wp\/v2\/product"}],"about":[{"href":"https:\/\/volovape.com\/sv\/wp-json\/wp\/v2\/types\/product"}],"replies":[{"embeddable":true,"href":"https:\/\/volovape.com\/sv\/wp-json\/wp\/v2\/comments?post=34627"}],"wp:featuredmedia":[{"embeddable":true,"href":"https:\/\/volovape.com\/sv\/wp-json\/wp\/v2\/media\/35714"}],"wp:attachment":[{"href":"https:\/\/volovape.com\/sv\/wp-json\/wp\/v2\/media?parent=34627"}],"wp:term":[{"taxonomy":"product_brand","embeddable":true,"href":"https:\/\/volovape.com\/sv\/wp-json\/wp\/v2\/product_brand?post=34627"},{"taxonomy":"product_cat","embeddable":true,"href":"https:\/\/volovape.com\/sv\/wp-json\/wp\/v2\/product_cat?post=34627"},{"taxonomy":"product_tag","embeddable":true,"href":"https:\/\/volovape.com\/sv\/wp-json\/wp\/v2\/product_tag?post=34627"}],"curies":[{"name":"wp","href":"https:\/\/api.w.org\/{rel}","templated":true}]}}