{"id":31960,"date":"2025-07-02T03:29:00","date_gmt":"2025-07-02T03:29:00","guid":{"rendered":"https:\/\/volovape.com\/?post_type=product&#038;p=31960"},"modified":"2026-05-06T12:43:09","modified_gmt":"2026-05-06T12:43:09","slug":"bang-king-85k","status":"publish","type":"product","link":"https:\/\/volovape.com\/sv\/product\/bang-king-85k\/","title":{"rendered":"Bang King 85K 3-in-1 85000 Puffs | trippel smak l\u00e5ngvarig eng\u00e5ngs vape grossist"},"content":{"rendered":"<h2>Bang King 85K 3-in-1 | trippel smak eng\u00e5ngs vape<\/h2>\n<p><strong>\ud83d\udd25 Tre g\u00e5nger s\u00e5 mycket smak. 85.000 puffar. Noll kompromisser.<\/strong><\/p>\n<p>Tr\u00e4ffa <strong>Bang King 85K<\/strong>\u00e4r din ultimata allt-i-ett-vape f\u00f6r eng\u00e5ngsbruk som \u00e4r byggd f\u00f6r seri\u00f6sa smakj\u00e4gare och heavy hitters. Med en massiv <strong>85.000 puffars kapacitet<\/strong> och en otrolig <strong>63 ml beh\u00e5llare f\u00f6r e-juice<\/strong>Med den h\u00e4r pipan kommer du att uppleva oavbruten tillfredsst\u00e4llelse med varje drag. Tack vare den tredubbla mesh-spolen och det justerbara 3-smakssystemet kan du rotera mellan fruktiga, l\u00e4skiga och iskalla smaker n\u00e4rhelst du k\u00e4nner f\u00f6r det - utan att n\u00e5gonsin beh\u00f6va byta enhet.<\/p>\n<ul>\n<li>\u26a1 85 000 puffar f\u00f6r extremt l\u00e5ng anv\u00e4ndningstid<\/li>\n<li>\ud83c\udf08 3-i-1 justerbar smak f\u00f6r total flexibilitet<\/li>\n<li>\ud83d\udca7 63 ml kapacitet f\u00f6r e-v\u00e4tska (21 ml \u00d7 3 kammare)<\/li>\n<li>\ud83d\udd0b Uppladdningsbart 600 mAh-batteri med snabb typ C-laddning<\/li>\n<li>\ud83d\udcca LED-sk\u00e4rm f\u00f6r enkel \u00f6vervakning av str\u00f6m och juice<\/li>\n<li>\ud83d\udc4c Spole med tre n\u00e4t f\u00f6r j\u00e4mna, konsekventa moln<\/li>\n<li>\ud83d\udce6 Bulkv\u00e4nliga f\u00f6rpackningar om 10 delar, perfekta f\u00f6r \u00e5terf\u00f6rs\u00e4ljare<\/li>\n<\/ul>\n<p>V\u00e4lj mellan <strong>16 l\u00e4ckra kombinationer med tre smaker som f\u00e5r det att vattnas i munnen<\/strong> som t\u00e4cker varje beg\u00e4r, fr\u00e5n uppfriskande vattenmelon till s\u00f6t vaniljcola. Om du \u00e4r ute efter kraftfull prestanda, o\u00e4ndliga smakval och seri\u00f6st vapingv\u00e4rde kommer Bang King 85K 3-in-1 inte att g\u00f6ra dig besviken. Fyll p\u00e5 lagret idag och l\u00e5t smakrotationen b\u00f6rja!<\/p>","protected":false},"excerpt":{"rendered":"<p>G\u00f6r dig redo f\u00f6r tredubbel smakkraft! Den nya Bang King 85K ger 85 000 puffar, 3 justerbara smaker och enorm kapacitet i en dj\u00e4rv, uppladdningsbar eng\u00e5ngsvape.<\/p>","protected":false},"featured_media":32289,"comment_status":"open","ping_status":"closed","template":"","meta":[],"product_brand":[227],"product_cat":[61,230],"product_tag":[],"class_list":{"0":"post-31960","1":"product","2":"type-product","3":"status-publish","4":"has-post-thumbnail","6":"product_brand-bang","7":"product_cat-bang","8":"product_cat-new","10":"first","11":"instock","12":"shipping-taxable","13":"purchasable","14":"product-type-variable","15":"has-default-attributes"},"jetpack_sharing_enabled":true,"tiered_pricing_type":"fixed","tiered_pricing_fixed_rules":[],"tiered_pricing_product_settings":{"layout":"default","base_unit_name":{"singular":null,"plural":null},"default_variation":null},"tiered_pricing_minimum_quantity":1000,"tiered_pricing_roles_data":[],"tiered_pricing_percentage_rules":[],"tiered_pricing_maximum_quantity":null,"tiered_pricing_quantity_step":"10","_links":{"self":[{"href":"https:\/\/volovape.com\/sv\/wp-json\/wp\/v2\/product\/31960","targetHints":{"allow":["GET"]}}],"collection":[{"href":"https:\/\/volovape.com\/sv\/wp-json\/wp\/v2\/product"}],"about":[{"href":"https:\/\/volovape.com\/sv\/wp-json\/wp\/v2\/types\/product"}],"replies":[{"embeddable":true,"href":"https:\/\/volovape.com\/sv\/wp-json\/wp\/v2\/comments?post=31960"}],"wp:featuredmedia":[{"embeddable":true,"href":"https:\/\/volovape.com\/sv\/wp-json\/wp\/v2\/media\/32289"}],"wp:attachment":[{"href":"https:\/\/volovape.com\/sv\/wp-json\/wp\/v2\/media?parent=31960"}],"wp:term":[{"taxonomy":"product_brand","embeddable":true,"href":"https:\/\/volovape.com\/sv\/wp-json\/wp\/v2\/product_brand?post=31960"},{"taxonomy":"product_cat","embeddable":true,"href":"https:\/\/volovape.com\/sv\/wp-json\/wp\/v2\/product_cat?post=31960"},{"taxonomy":"product_tag","embeddable":true,"href":"https:\/\/volovape.com\/sv\/wp-json\/wp\/v2\/product_tag?post=31960"}],"curies":[{"name":"wp","href":"https:\/\/api.w.org\/{rel}","templated":true}]}}