{"id":31959,"date":"2025-07-02T03:28:59","date_gmt":"2025-07-02T03:28:59","guid":{"rendered":"https:\/\/volovape.com\/?post_type=product&#038;p=31959"},"modified":"2025-08-30T09:26:48","modified_gmt":"2025-08-30T09:26:48","slug":"vozol-rave-40000-puffar","status":"publish","type":"product","link":"https:\/\/volovape.com\/sv\/product\/vozol-rave-40000-puffs\/","title":{"rendered":"Vozol Rave 40000 Puffs | dubbel smak dual-mode eng\u00e5ngs vape grossist"},"content":{"rendered":"<p>\ud83d\udd25 <strong>Vozol Rave 40000 Eng\u00e5ngsvape<\/strong> \ud83d\udd25 Upplev det ultimata inom vaping med Vozol Rave 40000. Njut av en h\u00e4pnadsv\u00e4ckande <strong>40.000 puffar<\/strong>, <strong>dubbla smakkammare<\/strong>, och <strong>spole med dubbla n\u00e4t<\/strong> teknik f\u00f6r intensiv, ren smak. Med <strong>Typ-C snabbladdning<\/strong> (80% p\u00e5 20 minuter) och bl\u00e4ndande <strong>musikreaktiva LED-lampor<\/strong>din vapingupplevelse har precis f\u00e5tt en uppgradering! Anpassa din hit med <strong>justerbart luftfl\u00f6de<\/strong> och <strong>dubbla effektl\u00e4gen<\/strong>. Perfekt f\u00f6r grossist- eller personligt bruk. \ud83d\ude80<\/p>\n<h3>\ud83d\udccb Specifikationer:<\/h3>\n<ul>\n<li><strong>Antal puffar:<\/strong> Upp till 40.000 puffar<\/li>\n<li><strong>Spole:<\/strong> Spole med dubbla n\u00e4t<\/li>\n<li><strong>Laddning:<\/strong> Snabbladdning av typ C (80% p\u00e5 20 minuter)<\/li>\n<li><strong>Funktioner:<\/strong> Dubbla smakkammare, musikreaktiva LED-lampor, justerbart luftfl\u00f6de, dubbla str\u00f6ml\u00e4gen<\/li>\n<\/ul>\n<h3>\ud83c\udf53 Smaklista:<\/h3>\n<p>Utforska 20 l\u00e4ckra smakkombinationer! (<em>Obs: Specifik smaklista skulle g\u00e5 h\u00e4r, t.ex. Strawberry Kiwi, Blue Razz Lemonade, etc.<\/em>) \ud83c\udf47\ud83c\udf4d\ud83e\udd6d<\/p>","protected":false},"excerpt":{"rendered":"<p>S\u00e4tt fart p\u00e5 din vape-upplevelse med <strong>Vozol Rave 40000<\/strong> - ett kompakt kraftpaket byggt f\u00f6r b\u00e5de seri\u00f6sa smakj\u00e4gare och grossistproffs.<\/p>","protected":false},"featured_media":32269,"comment_status":"open","ping_status":"closed","template":"","meta":[],"product_brand":[241],"product_cat":[230,228],"product_tag":[],"class_list":{"0":"post-31959","1":"product","2":"type-product","3":"status-publish","4":"has-post-thumbnail","6":"product_brand-vozol","7":"product_cat-new","8":"product_cat-vozol","10":"first","11":"instock","12":"shipping-taxable","13":"purchasable","14":"product-type-variable","15":"has-default-attributes"},"jetpack_sharing_enabled":true,"tiered_pricing_type":"fixed","tiered_pricing_fixed_rules":{"2000":7.0999999999999996447286321199499070644378662109375},"tiered_pricing_product_settings":{"layout":"default","base_unit_name":{"singular":null,"plural":null},"default_variation":null},"tiered_pricing_minimum_quantity":1000,"tiered_pricing_roles_data":[],"tiered_pricing_percentage_rules":[],"tiered_pricing_maximum_quantity":null,"tiered_pricing_quantity_step":"10","_links":{"self":[{"href":"https:\/\/volovape.com\/sv\/wp-json\/wp\/v2\/product\/31959","targetHints":{"allow":["GET"]}}],"collection":[{"href":"https:\/\/volovape.com\/sv\/wp-json\/wp\/v2\/product"}],"about":[{"href":"https:\/\/volovape.com\/sv\/wp-json\/wp\/v2\/types\/product"}],"replies":[{"embeddable":true,"href":"https:\/\/volovape.com\/sv\/wp-json\/wp\/v2\/comments?post=31959"}],"wp:featuredmedia":[{"embeddable":true,"href":"https:\/\/volovape.com\/sv\/wp-json\/wp\/v2\/media\/32269"}],"wp:attachment":[{"href":"https:\/\/volovape.com\/sv\/wp-json\/wp\/v2\/media?parent=31959"}],"wp:term":[{"taxonomy":"product_brand","embeddable":true,"href":"https:\/\/volovape.com\/sv\/wp-json\/wp\/v2\/product_brand?post=31959"},{"taxonomy":"product_cat","embeddable":true,"href":"https:\/\/volovape.com\/sv\/wp-json\/wp\/v2\/product_cat?post=31959"},{"taxonomy":"product_tag","embeddable":true,"href":"https:\/\/volovape.com\/sv\/wp-json\/wp\/v2\/product_tag?post=31959"}],"curies":[{"name":"wp","href":"https:\/\/api.w.org\/{rel}","templated":true}]}}