{"id":31953,"date":"2025-07-02T03:28:57","date_gmt":"2025-07-02T03:28:57","guid":{"rendered":"https:\/\/volovape.com\/?post_type=product&#038;p=31953"},"modified":"2026-04-14T06:13:29","modified_gmt":"2026-04-14T06:13:29","slug":"bang-ledare-80k-puffar","status":"publish","type":"product","link":"https:\/\/volovape.com\/sv\/product\/bang-leader-80k-puffs\/","title":{"rendered":"Bang Leader 80K Puffs | trippel smak dubbel mesh bulk eng\u00e5ngs vape"},"content":{"rendered":"<h2>Bang Leader 80K Puffs | Trippel smak eng\u00e5ngsvape \ud83d\ude80<\/h2>\n<p>Upplev den ultimata bekv\u00e4mligheten och m\u00e5ngfalden n\u00e4r det g\u00e4ller vaping med <b>Bang Ledare 80K Puffar<\/b> eng\u00e5ngsvape! \ud83d\udca5 Njut av otroliga 80 000 puffar och ett smart 3-i-1-smaksystem som l\u00e5ter dig v\u00e4xla mellan fantastiska smaker i farten. Designad f\u00f6r vapers som kr\u00e4ver massiv kapacitet, dj\u00e4rva smaker och o\u00f6vertr\u00e4ffad bekv\u00e4mlighet.<\/p>\n<p>Med ett h\u00e5llbart 850mAh uppladdningsbart batteri med Type-C laddning och en premium dual mesh coil blir varje drag t\u00e4tt, mjukt och tillfredsst\u00e4llande. S\u00e4g adj\u00f6 till smakutmattning och h\u00e5ll dina sessioner fr\u00e4scha och sp\u00e4nnande! \u2728<\/p>\n<h2>Viktiga egenskaper:<\/h2>\n<ul>\n<li>\ud83d\udd25 <b>Upp till 80.000 puffar:<\/b> L\u00e5ngvarig vapingnjutning.<\/li>\n<li>\ud83d\udd04 <b>3-i-1-system f\u00f6r smakrotation:<\/b> Omedelbar smakv\u00e4xling.<\/li>\n<li>\ud83c\udf2c\ufe0f <b>Spole med dubbla n\u00e4t:<\/b> F\u00f6r rik och j\u00e4mn \u00e5ngproduktion.<\/li>\n<li>\u26a1 <b>Uppladdningsbart batteri 850 mAh:<\/b> Med snabb typ C-laddning.<\/li>\n<li>\ud83e\uddea <b>Nikotin Styrkor:<\/b> Finns i 0%, 2%, 3%, 5%.<\/li>\n<li>\ud83d\udce6 <b>Bulk-v\u00e4nlig:<\/b> F\u00f6rpackad med 10 enheter per l\u00e5da.<\/li>\n<\/ul>\n<h2>Smakkombinationer:<\/h2>\n<ul>\n<li>\ud83c\udf49\ud83e\uddca\ud83c\udf53\ud83e\udd6d\ud83c\udf4c Vattenmelon Ice + Jordgubb Mango + Banan<\/li>\n<li>\ud83e\uded0\ud83e\uddca\ud83c\udf53\ud83c\udf4c\ud83c\udf47 Bl\u00e5b\u00e4rsis + Jordgubbsbanan + Blandade b\u00e4r<\/li>\n<li>\ud83e\udd64\ud83e\uddca\ud83e\uded0\ud83c\udf53\ud83c\udf51\ud83e\udd6d Vattenmelon Cola Ice + Bl\u00e5b\u00e4r Hallon + Persika Mango Vattenmelon<\/li>\n<li>\u044d\u043d\u0435\u0440\u0433\u0438\u0438 \ud83c\udf49\ud83c\udf4e\ud83c\udf50 Red Bull + bl\u00e5b\u00e4r vattenmelon + \u00e4ppelp\u00e4ron<\/li>\n<li>...och m\u00e5nga fler sp\u00e4nnande kombinationer! \ud83c\udf08<\/li>\n<\/ul>\n<p>Redo att f\u00f6rh\u00f6ja din vapingupplevelse? Bang Leader 80K med sin trippel-smakskraft och enorma puffantal \u00e4r din n\u00e4sta go-to vape! Skaffa din i bulk och h\u00e5ll smakfesten ig\u00e5ng! \ud83c\udf89<\/p>","protected":false},"excerpt":{"rendered":"<p>\ud83d\udd25 <strong>M\u00f6t din nya smakledare - Bang Leader 80K!<\/strong> Denna kraftfulla eng\u00e5ngsprodukt levererar en h\u00e4pnadsv\u00e4ckande <strong>80.000 puffar<\/strong> plus en <em>smart 3-i-1-smaksystem v\u00e4rt att prova.<\/em><\/p>","protected":false},"featured_media":32197,"comment_status":"open","ping_status":"closed","template":"","meta":[],"product_brand":[227],"product_cat":[231,61,230],"product_tag":[],"class_list":{"0":"post-31953","1":"product","2":"type-product","3":"status-publish","4":"has-post-thumbnail","6":"product_brand-bang","7":"product_cat-60000-puffs-disposable-vape","8":"product_cat-bang","9":"product_cat-new","11":"first","12":"instock","13":"featured","14":"shipping-taxable","15":"purchasable","16":"product-type-variable","17":"has-default-attributes"},"jetpack_sharing_enabled":true,"tiered_pricing_type":"fixed","tiered_pricing_fixed_rules":{"30":7.37999999999999989341858963598497211933135986328125,"50":6.910000000000000142108547152020037174224853515625,"100":6.04999999999999982236431605997495353221893310546875,"200":5.67999999999999971578290569595992565155029296875,"400":5.12000000000000010658141036401502788066864013671875},"tiered_pricing_product_settings":{"layout":"default","base_unit_name":{"singular":null,"plural":null},"default_variation":null},"tiered_pricing_minimum_quantity":10,"tiered_pricing_roles_data":[],"tiered_pricing_percentage_rules":[],"tiered_pricing_maximum_quantity":null,"tiered_pricing_quantity_step":"10","_links":{"self":[{"href":"https:\/\/volovape.com\/sv\/wp-json\/wp\/v2\/product\/31953","targetHints":{"allow":["GET"]}}],"collection":[{"href":"https:\/\/volovape.com\/sv\/wp-json\/wp\/v2\/product"}],"about":[{"href":"https:\/\/volovape.com\/sv\/wp-json\/wp\/v2\/types\/product"}],"replies":[{"embeddable":true,"href":"https:\/\/volovape.com\/sv\/wp-json\/wp\/v2\/comments?post=31953"}],"wp:featuredmedia":[{"embeddable":true,"href":"https:\/\/volovape.com\/sv\/wp-json\/wp\/v2\/media\/32197"}],"wp:attachment":[{"href":"https:\/\/volovape.com\/sv\/wp-json\/wp\/v2\/media?parent=31953"}],"wp:term":[{"taxonomy":"product_brand","embeddable":true,"href":"https:\/\/volovape.com\/sv\/wp-json\/wp\/v2\/product_brand?post=31953"},{"taxonomy":"product_cat","embeddable":true,"href":"https:\/\/volovape.com\/sv\/wp-json\/wp\/v2\/product_cat?post=31953"},{"taxonomy":"product_tag","embeddable":true,"href":"https:\/\/volovape.com\/sv\/wp-json\/wp\/v2\/product_tag?post=31953"}],"curies":[{"name":"wp","href":"https:\/\/api.w.org\/{rel}","templated":true}]}}