{"id":31952,"date":"2025-07-02T03:28:57","date_gmt":"2025-07-02T03:28:57","guid":{"rendered":"https:\/\/volovape.com\/?post_type=product&#038;p=31952"},"modified":"2026-04-14T06:12:15","modified_gmt":"2026-04-14T06:12:15","slug":"bang-blaze-40k-40000-puffar","status":"publish","type":"product","link":"https:\/\/volovape.com\/sv\/product\/bang-blaze-40k-40000-puffs\/","title":{"rendered":"Bang Blaze 40K 40000 Puffs | dual flavor uppladdningsbar bulk disposbale vape"},"content":{"rendered":"<p>\ud83d\udd25\ud83d\udca8 G\u00f6r dig redo f\u00f6r den ultimata vapingupplevelsen med <b>Bang Blaze 40K eng\u00e5ngsvape<\/b>! \ud83d\udca8\ud83d\udd25<\/p>\n<p>Denna kraftfulla enhet omdefinierar bekv\u00e4mlighet och smak, och erbjuder en h\u00e4pnadsv\u00e4ckande <b>40.000 puffar<\/b> och en massiv <b>40 ml f\u00f6rfylld kapacitet f\u00f6r e-juice<\/b>. Bli aldrig uttr\u00e5kad med <b>v\u00e4xling med dubbla smaker<\/b>och l\u00e5ter dig omedelbart hoppa mellan tv\u00e5 l\u00e4ckra smaker! \ud83e\udd29<\/p>\n<h3>\ud83d\ude80 Varf\u00f6r v\u00e4lja Bang Blaze 40K?<\/h3>\n<ul>\n<li><b>O\u00f6vertr\u00e4ffat antal puffar:<\/b> Njut av upp till 40.000 tillfredsst\u00e4llande puffar - vape i veckor utan byten!<\/li>\n<li><b>System med dubbla smaker:<\/b> V\u00e4xla direkt mellan tv\u00e5 fantastiska smaker med ett enkelt drag.<\/li>\n<li><b>Stor kapacitet f\u00f6r e-v\u00e4tska:<\/b> F\u00f6rfylld med 40 ml premium-e-v\u00e4tska f\u00f6r l\u00e5ngvarig njutning.<\/li>\n<li><b>Anpassningsbar nikotin:<\/b> V\u00e4lj din idealiska styrka fr\u00e5n 0% till 5% nikotin.<\/li>\n<li><b>Smidig och smakrik vaping:<\/b> Avancerad 1,2\u03a9-spole med dubbla n\u00e4t ger en j\u00e4mn och silkeslen \u00e5nga.<\/li>\n<li><b>Snabb laddning:<\/b> Snabb USB-C-laddning h\u00e5ller dig uppladdad.<\/li>\n<li><b>B\u00e4rbar design:<\/b> Fickv\u00e4nlig f\u00f6r vaping n\u00e4r du \u00e4r p\u00e5 spr\u00e5ng.<\/li>\n<\/ul>\n<h3>\u2728 Specifikationer:<\/h3>\n<ul>\n<li><b>Puffar:<\/b> Upp till 40 000<\/li>\n<li><b>E-v\u00e4tska Kapacitet:<\/b> 40mL (f\u00f6rfylld)<\/li>\n<li><b>Nikotinalternativ:<\/b> 0%, 2%, 3%, 5% (upp till 5%)<\/li>\n<li><b>Spole:<\/b> Dubbelt n\u00e4t 1.2\u03a9<\/li>\n<li><b>Batteri:<\/b> 650 mAh (uppladdningsbar)<\/li>\n<li><b>Laddning:<\/b> USB-C<\/li>\n<li><b>Smak\u00e4mnen:<\/b> 32 dubbla smakkombinationer<\/li>\n<\/ul>\n<h3>\ud83c\udf53 Smakh\u00f6jdpunkter (32 alternativ tillg\u00e4ngliga!):<\/h3>\n<ul>\n<li>Vattenmelon \/ Jordgubbsvattenmelon<\/li>\n<li>Bl\u00e5b\u00e4rsis \/ bl\u00e5b\u00e4r hallon<\/li>\n<li>Mango Ice \/ Jordgubb Mango<\/li>\n<li>Persika is \/ Mango persika<\/li>\n<li>Black Dragon Ice \/ Red Bull<\/li>\n<li>Och m\u00e5nga, m\u00e5nga fler!<\/li>\n<\/ul>","protected":false},"excerpt":{"rendered":"<p>\ud83d\udd25 S\u00e4g adj\u00f6 till tr\u00e5kiga smaker med den <strong>Bang Blaze 40K, <\/strong>en uppladdningsbar, h\u00f6gpresterande eng\u00e5ngsvape f\u00f6r smak\u00e4lskare.<\/p>","protected":false},"featured_media":32185,"comment_status":"open","ping_status":"closed","template":"","meta":[],"product_brand":[227],"product_cat":[74,61,230],"product_tag":[],"class_list":{"0":"post-31952","1":"product","2":"type-product","3":"status-publish","4":"has-post-thumbnail","6":"product_brand-bang","7":"product_cat-40000-puffs-disposable-vape","8":"product_cat-bang","9":"product_cat-new","11":"first","12":"instock","13":"shipping-taxable","14":"purchasable","15":"product-type-variable","16":"has-default-attributes"},"jetpack_sharing_enabled":true,"tiered_pricing_type":"fixed","tiered_pricing_fixed_rules":{"30":6.82000000000000028421709430404007434844970703125,"50":6.29999999999999982236431605997495353221893310546875,"100":5.42999999999999971578290569595992565155029296875,"200":5.05999999999999960920149533194489777088165283203125,"400":4.5099999999999997868371792719699442386627197265625},"tiered_pricing_product_settings":{"layout":"default","base_unit_name":{"singular":null,"plural":null},"default_variation":null},"tiered_pricing_minimum_quantity":10,"tiered_pricing_roles_data":[],"tiered_pricing_percentage_rules":[],"tiered_pricing_maximum_quantity":null,"tiered_pricing_quantity_step":"10","_links":{"self":[{"href":"https:\/\/volovape.com\/sv\/wp-json\/wp\/v2\/product\/31952","targetHints":{"allow":["GET"]}}],"collection":[{"href":"https:\/\/volovape.com\/sv\/wp-json\/wp\/v2\/product"}],"about":[{"href":"https:\/\/volovape.com\/sv\/wp-json\/wp\/v2\/types\/product"}],"replies":[{"embeddable":true,"href":"https:\/\/volovape.com\/sv\/wp-json\/wp\/v2\/comments?post=31952"}],"wp:featuredmedia":[{"embeddable":true,"href":"https:\/\/volovape.com\/sv\/wp-json\/wp\/v2\/media\/32185"}],"wp:attachment":[{"href":"https:\/\/volovape.com\/sv\/wp-json\/wp\/v2\/media?parent=31952"}],"wp:term":[{"taxonomy":"product_brand","embeddable":true,"href":"https:\/\/volovape.com\/sv\/wp-json\/wp\/v2\/product_brand?post=31952"},{"taxonomy":"product_cat","embeddable":true,"href":"https:\/\/volovape.com\/sv\/wp-json\/wp\/v2\/product_cat?post=31952"},{"taxonomy":"product_tag","embeddable":true,"href":"https:\/\/volovape.com\/sv\/wp-json\/wp\/v2\/product_tag?post=31952"}],"curies":[{"name":"wp","href":"https:\/\/api.w.org\/{rel}","templated":true}]}}