{"id":31949,"date":"2025-07-02T03:28:56","date_gmt":"2025-07-02T03:28:56","guid":{"rendered":"https:\/\/volovape.com\/?post_type=product&#038;p=31949"},"modified":"2026-04-14T06:17:18","modified_gmt":"2026-04-14T06:17:18","slug":"vopk-trippel-60k-60000-puffar","status":"publish","type":"product","link":"https:\/\/volovape.com\/sv\/product\/vopk-triple-60k-60000-puffs\/","title":{"rendered":"Vopk Triple 60K | 3-i-1 trippel smak 60000 puffar bulk eng\u00e5ngs vape"},"content":{"rendered":"<p>\ud83d\udd25 <b>Vopk Triple 60000 Puffs Eng\u00e5ngsvape<\/b>: Upplev det ultimata inom vaping bekv\u00e4mlighet och smak! Denna innovativa 3-i-1 eng\u00e5ngsvape erbjuder h\u00e4pnadsv\u00e4ckande 60 000 puffar, 54 ml e-juice och triple mesh-spolar f\u00f6r en o\u00f6vertr\u00e4ffad vapingresa. H\u00e5ll dig informerad med den smarta LED-displayen och ladda snabbt med Type-C snabbladdning. Anpassa din bl\u00e5sning med 2% eller 5% nikotinalternativ. Vopk Triple 60K \u00e4r perfekt f\u00f6r alla tillf\u00e4llen och levererar massiva moln, rik smak och oslagbar prestanda. \ud83d\ude80<\/p>\n<h3>\u2728 Viktiga egenskaper:<\/h3>\n<ul>\n<li><b>Antal puffar:<\/b> Upp till 60.000 puffar<\/li>\n<li><b>E-v\u00e4tska Kapacitet:<\/b> 54mL F\u00f6rfylld<\/li>\n<li><b>Typ av spole:<\/b> Spolar med tre n\u00e4t<\/li>\n<li><b>Batteri:<\/b> 650mAh uppladdningsbar<\/li>\n<li><b>Laddning:<\/b> Typ-C snabbladdning<\/li>\n<li><b>Nikotinalternativ:<\/b> 2% (20 mg) \/ 5% (50 mg) Saltnikotin<\/li>\n<li><b>Display:<\/b> Smart LED-sk\u00e4rm (indikatorer f\u00f6r batteri och e-v\u00e4tska)<\/li>\n<li><b>Smaksystem:<\/b> 3-i-1-smakrotation<\/li>\n<\/ul>\n<h3>\ud83c\udf53\ud83d\udca8 Smakkombinationer:<\/h3>\n<ul>\n<li>Vattenmelonglass - Trippelmelonglass - Jordgubbsglass<\/li>\n<li>Jordgubbar Bananer - Hallon Vattenmelon - Ananas Kokosn\u00f6t<\/li>\n<li>Peach Berry - Blue Razz Ice - Vattenmelon Persika Mango<\/li>\n<li>Sour Mango Ananas - Red Bull Jordgubb - Svartvinb\u00e4rsis<\/li>\n<li>Kiwi passionsfrukt - Jordgubb k\u00f6rsb\u00e4r - Love 66<\/li>\n<li>Double Apple Ice - Tropisk frukt - Jordgubb Vattenmelon Bubblegum<\/li>\n<li>Grape Ice - Strawberry Kiwi - Watermelon Red Bull<\/li>\n<li>Jordgubbar Vattenmelon - Bl\u00e5b\u00e4r Hallon - Citron Lime<\/li>\n<li>Banan Ananas - Red Bull Ice - Jordgubb Mango<\/li>\n<li>Gummibj\u00f6rn - Jordgubb Vanilj Cola - Bl\u00e5b\u00e4r Sockervadd<\/li>\n<\/ul>","protected":false},"excerpt":{"rendered":"<p>\ud83d\udd25 <strong>Tre smaker, o\u00e4ndlig tillfredsst\u00e4llelse.<\/strong> Vopk Triple 60K \u00e4r utformad f\u00f6r vapers som vill ha nonstop variation och seri\u00f6s prestanda.<\/p>","protected":false},"featured_media":32148,"comment_status":"open","ping_status":"closed","template":"","meta":[],"product_brand":[236],"product_cat":[39,231,21,43,20,230,65],"product_tag":[],"class_list":{"0":"post-31949","1":"product","2":"type-product","3":"status-publish","4":"has-post-thumbnail","6":"product_brand-vopk","7":"product_cat-digital-box-vapes","8":"product_cat-60000-puffs-disposable-vape","9":"product_cat-big-puffs-vapes","10":"product_cat-crystal-vapes","11":"product_cat-disposable-vape-types","12":"product_cat-new","13":"product_cat-vopk","15":"first","16":"instock","17":"featured","18":"shipping-taxable","19":"purchasable","20":"product-type-variable","21":"has-default-attributes"},"jetpack_sharing_enabled":true,"tiered_pricing_type":"fixed","tiered_pricing_fixed_rules":{"30":7.839999999999999857891452847979962825775146484375,"50":7.6500000000000003552713678800500929355621337890625,"100":6.910000000000000142108547152020037174224853515625,"200":6.54000000000000003552713678800500929355621337890625,"400":5.9900000000000002131628207280300557613372802734375},"tiered_pricing_product_settings":{"layout":"default","base_unit_name":{"singular":null,"plural":null},"default_variation":null},"tiered_pricing_minimum_quantity":10,"tiered_pricing_roles_data":[],"tiered_pricing_percentage_rules":[],"tiered_pricing_maximum_quantity":null,"tiered_pricing_quantity_step":"10","_links":{"self":[{"href":"https:\/\/volovape.com\/sv\/wp-json\/wp\/v2\/product\/31949","targetHints":{"allow":["GET"]}}],"collection":[{"href":"https:\/\/volovape.com\/sv\/wp-json\/wp\/v2\/product"}],"about":[{"href":"https:\/\/volovape.com\/sv\/wp-json\/wp\/v2\/types\/product"}],"replies":[{"embeddable":true,"href":"https:\/\/volovape.com\/sv\/wp-json\/wp\/v2\/comments?post=31949"}],"wp:featuredmedia":[{"embeddable":true,"href":"https:\/\/volovape.com\/sv\/wp-json\/wp\/v2\/media\/32148"}],"wp:attachment":[{"href":"https:\/\/volovape.com\/sv\/wp-json\/wp\/v2\/media?parent=31949"}],"wp:term":[{"taxonomy":"product_brand","embeddable":true,"href":"https:\/\/volovape.com\/sv\/wp-json\/wp\/v2\/product_brand?post=31949"},{"taxonomy":"product_cat","embeddable":true,"href":"https:\/\/volovape.com\/sv\/wp-json\/wp\/v2\/product_cat?post=31949"},{"taxonomy":"product_tag","embeddable":true,"href":"https:\/\/volovape.com\/sv\/wp-json\/wp\/v2\/product_tag?post=31949"}],"curies":[{"name":"wp","href":"https:\/\/api.w.org\/{rel}","templated":true}]}}