{"id":31945,"date":"2025-07-02T03:28:55","date_gmt":"2025-07-02T03:28:55","guid":{"rendered":"https:\/\/volovape.com\/?post_type=product&#038;p=31945"},"modified":"2026-04-14T06:23:17","modified_gmt":"2026-04-14T06:23:17","slug":"okso-magisk-spegel-50000-puffar","status":"publish","type":"product","link":"https:\/\/volovape.com\/sv\/product\/okso-magic-mirror-50000-puffs\/","title":{"rendered":"OKSO Magic Mirror 50000 Puffs | RGB LED, dubbel mesh, LED-display, bulk eng\u00e5ngs vape"},"content":{"rendered":"<p>\ud83d\udd25 <strong>Upplev omdefinierad vaping med OKSO Magic Mirror 50K!<\/strong> \ud83d\udd25 Det h\u00e4r \u00e4r inte bara \u00e4nnu en eng\u00e5ngsvape; det \u00e4r en statement piece designad f\u00f6r ultimat tillfredsst\u00e4llelse. F\u00e5 en h\u00e4pnadsv\u00e4ckande <strong>50.000 puffar<\/strong>, en massiv <strong>40 ml kapacitet f\u00f6r e-v\u00e4tska<\/strong>och bekv\u00e4mligheten med en <strong>uppladdningsbart Type-C-batteri<\/strong>. Dess i\u00f6gonfallande spegelblanka finish och dynamiska <strong>RGB LED-gl\u00f6d<\/strong> g\u00f6r att du sticker ut, medan <strong>dubbla n\u00e4tspolar<\/strong> garanterar intensiv smak och massiva moln varje g\u00e5ng. Perfekt f\u00f6r smakentusiaster, molnj\u00e4gare och \u00e5terf\u00f6rs\u00e4ljare som vill ha premiumvapes f\u00f6r eng\u00e5ngsbruk.<\/p>\n<h3>\ud83d\udcca Specifikationer:<\/h3>\n<ul>\n<li>\ud83d\udca8 <strong>Puffar:<\/strong> Upp till 50 000<\/li>\n<li>\ud83d\udca7 <strong>E-v\u00e4tska:<\/strong> 40mL (f\u00f6rfylld)<\/li>\n<li>\u2728 <strong>Spole:<\/strong> Dual Mesh f\u00f6r \u00f6verl\u00e4gsen smak<\/li>\n<li>\ud83d\udd0b <strong>Batteri:<\/strong> 850 mAh uppladdningsbar (typ C)<\/li>\n<li>\ud83e\uddea <strong>Nikotin Styrkor:<\/strong> 0%, 2%, 3%, 5% (tillg\u00e4ngliga alternativ)<\/li>\n<li>\ud83d\udda5\ufe0f <strong>Display:<\/strong> LED-sk\u00e4rm f\u00f6r antal puffar och batteritid<\/li>\n<li>\ud83d\udd12 <strong>S\u00e4kerhet:<\/strong> Inbyggd funktion f\u00f6r barnl\u00e5s<\/li>\n<li>\ud83c\udf1f <strong>Design:<\/strong> Spegelblank yta med RGB LED-effekter<\/li>\n<\/ul>\n<h3>\ud83c\udf6d Tillg\u00e4ngliga smaker:<\/h3>\n<ul>\n<li>Bl\u00e5 Razz Ice \ud83e\uded0\u2744\ufe0f<\/li>\n<li>Lush Ice \ud83c\udf49\u2744\ufe0f<\/li>\n<li>Jordgubbsis \ud83c\udf53\u2744\ufe0f<\/li>\n<li>Grape Ice \ud83c\udf47\u2744\ufe0f<\/li>\n<li>LOVE 66 \u2764\ufe0f\u200d\ud83d\udd25<\/li>\n<li>Lady Killa \ud83d\udc51<\/li>\n<li>Mint Ice \ud83c\udf43\u2744\ufe0f<\/li>\n<li>Jordgubb vattenmelon \ud83c\udf53\ud83c\udf49<\/li>\n<li>Kiwi passionsfrukt \ud83e\udd5d\ud83e\udd6d<\/li>\n<li>Blandade b\u00e4r \ud83c\udf53\ud83e\uded0\ud83c\udf47<\/li>\n<\/ul>","protected":false},"excerpt":{"rendered":"<p>\u2728 G\u00f6r dig redo f\u00f6r en vape med stil med OKSO Magic Mirror 50K: 50 000 puffar, dubbla mesh-spolar, RGB LED och 40 ml e-juice - den snygga, kraftfulla eng\u00e5ngsvape f\u00f6r stork\u00f6pare.<\/p>","protected":false},"featured_media":32025,"comment_status":"open","ping_status":"closed","template":"","meta":[],"product_brand":[233],"product_cat":[74,230,229],"product_tag":[],"class_list":{"0":"post-31945","1":"product","2":"type-product","3":"status-publish","4":"has-post-thumbnail","6":"product_brand-okso","7":"product_cat-40000-puffs-disposable-vape","8":"product_cat-new","9":"product_cat-okso","11":"first","12":"instock","13":"shipping-taxable","14":"purchasable","15":"product-type-variable","16":"has-default-attributes"},"jetpack_sharing_enabled":true,"tiered_pricing_type":"fixed","tiered_pricing_fixed_rules":{"30":8.7400000000000002131628207280300557613372802734375,"60":8.699999999999999289457264239899814128875732421875,"100":8.300000000000000710542735760100185871124267578125,"200":7.9000000000000003552713678800500929355621337890625},"tiered_pricing_product_settings":{"layout":"default","base_unit_name":{"singular":null,"plural":null},"default_variation":null},"tiered_pricing_minimum_quantity":10,"tiered_pricing_roles_data":[],"tiered_pricing_percentage_rules":[],"tiered_pricing_maximum_quantity":null,"tiered_pricing_quantity_step":"10","_links":{"self":[{"href":"https:\/\/volovape.com\/sv\/wp-json\/wp\/v2\/product\/31945","targetHints":{"allow":["GET"]}}],"collection":[{"href":"https:\/\/volovape.com\/sv\/wp-json\/wp\/v2\/product"}],"about":[{"href":"https:\/\/volovape.com\/sv\/wp-json\/wp\/v2\/types\/product"}],"replies":[{"embeddable":true,"href":"https:\/\/volovape.com\/sv\/wp-json\/wp\/v2\/comments?post=31945"}],"wp:featuredmedia":[{"embeddable":true,"href":"https:\/\/volovape.com\/sv\/wp-json\/wp\/v2\/media\/32025"}],"wp:attachment":[{"href":"https:\/\/volovape.com\/sv\/wp-json\/wp\/v2\/media?parent=31945"}],"wp:term":[{"taxonomy":"product_brand","embeddable":true,"href":"https:\/\/volovape.com\/sv\/wp-json\/wp\/v2\/product_brand?post=31945"},{"taxonomy":"product_cat","embeddable":true,"href":"https:\/\/volovape.com\/sv\/wp-json\/wp\/v2\/product_cat?post=31945"},{"taxonomy":"product_tag","embeddable":true,"href":"https:\/\/volovape.com\/sv\/wp-json\/wp\/v2\/product_tag?post=31945"}],"curies":[{"name":"wp","href":"https:\/\/api.w.org\/{rel}","templated":true}]}}