{"id":31943,"date":"2025-07-02T03:28:53","date_gmt":"2025-07-02T03:28:53","guid":{"rendered":"https:\/\/volovape.com\/?post_type=product&#038;p=31943"},"modified":"2026-04-14T06:26:05","modified_gmt":"2026-04-14T06:26:05","slug":"okso-shisha-vattenpipa-mega-50000","status":"publish","type":"product","link":"https:\/\/volovape.com\/sv\/product\/okso-shisha-hookah-mega-50000\/","title":{"rendered":"OKSO Shisha Hookah Mega 50K | trippeln\u00e4t, LED bulk eng\u00e5ngs vape"},"content":{"rendered":"<p>\ud83d\udca8 Sk\u00e4m bort dig med en o\u00f6vertr\u00e4ffad vapingupplevelse med <strong>OKSO Shisha vattenpipa Mega 50K<\/strong>! Den h\u00e4r enheten \u00e4r utformad f\u00f6r b\u00e5de smakentusiaster och molnj\u00e4gare och omdefinierar eng\u00e5ngsvaping. G\u00f6r dig redo f\u00f6r en h\u00e4pnadsv\u00e4ckande <strong>50.000 puffar<\/strong>som f\u00f6rst\u00e4rks av ett toppmodernt <strong>spole med tredubbla maskor<\/strong> f\u00f6r rikare, mjukare tr\u00e4ffar. \ud83d\ude80<\/p>\n<p>Beh\u00e5ll kontrollen med den livfulla LED-displayen, som enkelt visar batteri- och e-v\u00e4tskeniv\u00e5er. Anpassa ditt drag med justerbart luftfl\u00f6de, s\u00e5 att varje inandning blir perfekt. Oavsett om du f\u00f6redrar en nikotinfri session eller en robust 5% throat hit, anpassar sig OKSO Mega 50K till dina preferenser. Dess massiva 40 ml e-v\u00e4tskekapacitet och uppladdningsbara 1100 mAh-batteri garanterar varaktig intensitet, vilket g\u00f6r den idealisk f\u00f6r kontinuerlig njutning eller som en topps\u00e4ljare f\u00f6r ditt f\u00f6retag. \u2728<\/p>\n<h3>\ud83c\udf1f Viktiga funktioner:<\/h3>\n<ul>\n<li><strong>50.000 puffar:<\/strong> L\u00e4ngre livsl\u00e4ngd, f\u00e4rre byten.<\/li>\n<li><strong>Spole med tredubbelt n\u00e4t:<\/strong> \u00d6verl\u00e4gsen smak- och \u00e5ngproduktion.<\/li>\n<li><strong>Typ C Uppladdningsbar:<\/strong> Bekv\u00e4m och milj\u00f6v\u00e4nlig kraft.<\/li>\n<li><strong>LED-display:<\/strong> \u00d6vervaka batteri och e-juice med en snabb \u00f6verblick.<\/li>\n<li><strong>Justerbart luftfl\u00f6de:<\/strong> Skr\u00e4ddarsy din perfekta dragning.<\/li>\n<\/ul>\n<h3>\ud83d\ude0b Smaklista:<\/h3>\n<ul>\n<li>Lush Ice<\/li>\n<li>Tv\u00e5 \u00e4pplen<\/li>\n<li>Jordgubb Vattenmelon Bubblegum<\/li>\n<li>Persika is<\/li>\n<li>Bl\u00e5b\u00e4r Hallon K\u00f6rsb\u00e4r<\/li>\n<li>K\u00e4rlek 66<\/li>\n<li>Mango is<\/li>\n<li>Jordgubb Kiwi<\/li>\n<li>Lady Killa<\/li>\n<li>Grape Ice<\/li>\n<\/ul>\n<p>F\u00f6rb\u00e4ttra din vapingresa med OKSO Shisha Hookah Mega 50K - det ultimata valet f\u00f6r bulkk\u00f6pare, smakfanatiker och tunga anv\u00e4ndare! \ud83c\udf2c\ufe0f<\/p>","protected":false},"excerpt":{"rendered":"<p>OKSO Magic Mirror 50K ger upp till 50 000 puffar med fantastiska RGB-lampor, en snygg spegelfinish, dubbla n\u00e4tspolar och 10 premiumsmaker - perfekt f\u00f6r dem som \u00e4lskar smak och prestanda.<\/p>","protected":false},"featured_media":31968,"comment_status":"open","ping_status":"closed","template":"","meta":[],"product_brand":[233],"product_cat":[74,230,229],"product_tag":[],"class_list":{"0":"post-31943","1":"product","2":"type-product","3":"status-publish","4":"has-post-thumbnail","6":"product_brand-okso","7":"product_cat-40000-puffs-disposable-vape","8":"product_cat-new","9":"product_cat-okso","11":"first","12":"instock","13":"shipping-taxable","14":"purchasable","15":"product-type-variable","16":"has-default-attributes"},"jetpack_sharing_enabled":true,"tiered_pricing_type":"fixed","tiered_pricing_fixed_rules":{"30":9.5,"50":8.9000000000000003552713678800500929355621337890625,"100":7.9000000000000003552713678800500929355621337890625,"200":7.20000000000000017763568394002504646778106689453125},"tiered_pricing_product_settings":{"layout":"default","base_unit_name":{"singular":null,"plural":null},"default_variation":null},"tiered_pricing_minimum_quantity":10,"tiered_pricing_roles_data":[],"tiered_pricing_percentage_rules":[],"tiered_pricing_maximum_quantity":null,"tiered_pricing_quantity_step":"10","_links":{"self":[{"href":"https:\/\/volovape.com\/sv\/wp-json\/wp\/v2\/product\/31943","targetHints":{"allow":["GET"]}}],"collection":[{"href":"https:\/\/volovape.com\/sv\/wp-json\/wp\/v2\/product"}],"about":[{"href":"https:\/\/volovape.com\/sv\/wp-json\/wp\/v2\/types\/product"}],"replies":[{"embeddable":true,"href":"https:\/\/volovape.com\/sv\/wp-json\/wp\/v2\/comments?post=31943"}],"wp:featuredmedia":[{"embeddable":true,"href":"https:\/\/volovape.com\/sv\/wp-json\/wp\/v2\/media\/31968"}],"wp:attachment":[{"href":"https:\/\/volovape.com\/sv\/wp-json\/wp\/v2\/media?parent=31943"}],"wp:term":[{"taxonomy":"product_brand","embeddable":true,"href":"https:\/\/volovape.com\/sv\/wp-json\/wp\/v2\/product_brand?post=31943"},{"taxonomy":"product_cat","embeddable":true,"href":"https:\/\/volovape.com\/sv\/wp-json\/wp\/v2\/product_cat?post=31943"},{"taxonomy":"product_tag","embeddable":true,"href":"https:\/\/volovape.com\/sv\/wp-json\/wp\/v2\/product_tag?post=31943"}],"curies":[{"name":"wp","href":"https:\/\/api.w.org\/{rel}","templated":true}]}}