{"id":31210,"date":"2025-08-16T11:41:05","date_gmt":"2025-08-16T11:41:05","guid":{"rendered":"https:\/\/volovape.com\/?post_type=product&#038;p=31210"},"modified":"2026-04-14T05:59:35","modified_gmt":"2026-04-14T05:59:35","slug":"fumot-leopard-40k","status":"publish","type":"product","link":"https:\/\/volovape.com\/sv\/product\/fumot-leopard-40k\/","title":{"rendered":"Fumot Leopard 40K | 40.000 Puffs, uppladdningsbar eng\u00e5ngs vape grossist"},"content":{"rendered":"<p><!-- SEO Description --><\/p>\n<p>Introduktion av <strong>Fumot Leopard 40K<\/strong> - den ultimata eng\u00e5ngsvapen som kombinerar bekv\u00e4mlighet, stil och prestanda. Med upp till 40 000 puffar ger denna eleganta vape en tillfredsst\u00e4llande upplevelse fr\u00e5n b\u00f6rjan till slut. Den <strong>16 oemotst\u00e5ndliga smaker<\/strong> \u00e4r perfekta f\u00f6r dig som gillar smaker, medan den uppladdningsbara USB-C-funktionen ser till att du aldrig f\u00e5r slut p\u00e5 str\u00f6m. Designad med ett 2% nikotinalternativ, \u00e4r den idealisk f\u00f6r dem som f\u00f6redrar en j\u00e4mn och kontrollerad tr\u00e4ff. Oavsett om du \u00e4r en tung vaper eller en distribut\u00f6r, uppfyller Fumot Leopard 40K dina behov.<\/p>\n<h3>Varf\u00f6r v\u00e4lja Fumot Leopard 40K?<\/h3>\n<ul>\n<li>40.000 puffar med j\u00e4mn, l\u00e5ngvarig tillfredsst\u00e4llelse.<\/li>\n<li>Laddningsbar via USB-C f\u00f6r ultimat bekv\u00e4mlighet.<\/li>\n<li>16 unika och sp\u00e4nnande smaker att v\u00e4lja mellan.<\/li>\n<li>2% nikotinstyrka idealisk f\u00f6r en kontrollerad, j\u00e4mn tr\u00e4ff.<\/li>\n<li>Perfekt f\u00f6r smakj\u00e4gare, tunga vapers och distribut\u00f6rer.<\/li>\n<\/ul>\n<p><!-- Conclusion --><\/p>\n<p>Oavsett om du \u00e4r en tung anv\u00e4ndare, en smakentusiast eller en vape-distribut\u00f6r, \u00e4r <strong>Fumot Leopard 40K<\/strong> \u00e4r det perfekta valet. Med sitt l\u00e5ngvariga antal puffar, praktiska USB-C-uppladdningsbarhet och breda utbud av smaker kommer den s\u00e4kert att tillfredsst\u00e4lla dina vapingbehov. Finns nu tillg\u00e4nglig f\u00f6r bulkbest\u00e4llningar - perfekt f\u00f6r vape-butiker och grossistdistribution.<\/p>\n<p><!-- Specifications Table --><\/p>\n<h3>Specifikationer:<\/h3>\n<table>\n<tbody>\n<tr>\n<th>Funktion<\/th>\n<th>Detaljer<\/th>\n<\/tr>\n<tr>\n<td>Puffkapacitet<\/td>\n<td>40.000 puffar<\/td>\n<\/tr>\n<tr>\n<td>Kapacitet f\u00f6r e-v\u00e4tska<\/td>\n<td>20 ml<\/td>\n<\/tr>\n<tr>\n<td>Nikotinstyrka<\/td>\n<td>2%<\/td>\n<\/tr>\n<tr>\n<td>Batteri<\/td>\n<td>Laddningsbar via USB-C<\/td>\n<\/tr>\n<tr>\n<td>Smak\u00e4mnen<\/td>\n<td>16 smaker<\/td>\n<\/tr>\n<tr>\n<td>Typ av spole<\/td>\n<td>Spole med premiumn\u00e4t<\/td>\n<\/tr>\n<tr>\n<td>Design<\/td>\n<td>Modern, elegant design<\/td>\n<\/tr>\n<\/tbody>\n<\/table>\n<p><!-- Flavor List --><\/p>\n<h3>Tillg\u00e4ngliga smaker:<\/h3>\n<ul>\n<li>Mango is<\/li>\n<li>Berry Blast<\/li>\n<li>Frys vattenmelon<\/li>\n<li>Jordgubbslimonad<\/li>\n<li>Persika Punch<\/li>\n<li>Mintaktig mentol<\/li>\n<li>Och mycket mer!<\/li>\n<\/ul>\n<p><!-- Why Choose Fumot Leopard 40K --><\/p>\n<p><!-- Meta Description --><\/p>\n<p><img data-recalc-dims=\"1\" loading=\"lazy\" decoding=\"async\" class=\"alignnone wp-image-31278 size-full\" src=\"https:\/\/i0.wp.com\/volovape.com\/wp-content\/uploads\/2025\/06\/%E7%BA%BF%E4%B8%8BA4%E6%B5%B7%E6%8A%A5-Leopard-40k.jpg?resize=1357%2C1920&#038;ssl=1\" alt=\"\" width=\"1357\" height=\"1920\" title=\"\" srcset=\"https:\/\/i0.wp.com\/volovape.com\/wp-content\/uploads\/2025\/06\/%E7%BA%BF%E4%B8%8BA4%E6%B5%B7%E6%8A%A5-Leopard-40k.jpg?w=1357&amp;ssl=1 1357w, https:\/\/i0.wp.com\/volovape.com\/wp-content\/uploads\/2025\/06\/%E7%BA%BF%E4%B8%8BA4%E6%B5%B7%E6%8A%A5-Leopard-40k.jpg?resize=212%2C300&amp;ssl=1 212w, https:\/\/i0.wp.com\/volovape.com\/wp-content\/uploads\/2025\/06\/%E7%BA%BF%E4%B8%8BA4%E6%B5%B7%E6%8A%A5-Leopard-40k.jpg?resize=724%2C1024&amp;ssl=1 724w, https:\/\/i0.wp.com\/volovape.com\/wp-content\/uploads\/2025\/06\/%E7%BA%BF%E4%B8%8BA4%E6%B5%B7%E6%8A%A5-Leopard-40k.jpg?resize=768%2C1087&amp;ssl=1 768w, https:\/\/i0.wp.com\/volovape.com\/wp-content\/uploads\/2025\/06\/%E7%BA%BF%E4%B8%8BA4%E6%B5%B7%E6%8A%A5-Leopard-40k.jpg?resize=1086%2C1536&amp;ssl=1 1086w, https:\/\/i0.wp.com\/volovape.com\/wp-content\/uploads\/2025\/06\/%E7%BA%BF%E4%B8%8BA4%E6%B5%B7%E6%8A%A5-Leopard-40k.jpg?resize=8%2C12&amp;ssl=1 8w, https:\/\/i0.wp.com\/volovape.com\/wp-content\/uploads\/2025\/06\/%E7%BA%BF%E4%B8%8BA4%E6%B5%B7%E6%8A%A5-Leopard-40k.jpg?resize=800%2C1132&amp;ssl=1 800w\" sizes=\"auto, (max-width: 1000px) 100vw, 1000px\" \/><\/p>\n<p><img data-recalc-dims=\"1\" loading=\"lazy\" decoding=\"async\" class=\"alignnone wp-image-31277 size-full\" src=\"https:\/\/i0.wp.com\/volovape.com\/wp-content\/uploads\/2025\/06\/%E5%B9%BF%E5%91%8A%E5%9B%BE-2.jpg?resize=1920%2C1231&#038;ssl=1\" alt=\"\" width=\"1920\" height=\"1231\" title=\"\" srcset=\"https:\/\/i0.wp.com\/volovape.com\/wp-content\/uploads\/2025\/06\/%E5%B9%BF%E5%91%8A%E5%9B%BE-2.jpg?w=1920&amp;ssl=1 1920w, https:\/\/i0.wp.com\/volovape.com\/wp-content\/uploads\/2025\/06\/%E5%B9%BF%E5%91%8A%E5%9B%BE-2.jpg?resize=300%2C192&amp;ssl=1 300w, https:\/\/i0.wp.com\/volovape.com\/wp-content\/uploads\/2025\/06\/%E5%B9%BF%E5%91%8A%E5%9B%BE-2.jpg?resize=1024%2C657&amp;ssl=1 1024w, https:\/\/i0.wp.com\/volovape.com\/wp-content\/uploads\/2025\/06\/%E5%B9%BF%E5%91%8A%E5%9B%BE-2.jpg?resize=768%2C492&amp;ssl=1 768w, https:\/\/i0.wp.com\/volovape.com\/wp-content\/uploads\/2025\/06\/%E5%B9%BF%E5%91%8A%E5%9B%BE-2.jpg?resize=1536%2C985&amp;ssl=1 1536w, https:\/\/i0.wp.com\/volovape.com\/wp-content\/uploads\/2025\/06\/%E5%B9%BF%E5%91%8A%E5%9B%BE-2.jpg?resize=18%2C12&amp;ssl=1 18w, https:\/\/i0.wp.com\/volovape.com\/wp-content\/uploads\/2025\/06\/%E5%B9%BF%E5%91%8A%E5%9B%BE-2.jpg?resize=800%2C513&amp;ssl=1 800w\" sizes=\"auto, (max-width: 1000px) 100vw, 1000px\" \/><\/p>\n<p><img data-recalc-dims=\"1\" loading=\"lazy\" decoding=\"async\" class=\"alignnone wp-image-31276 size-full\" src=\"https:\/\/i0.wp.com\/volovape.com\/wp-content\/uploads\/2025\/06\/%E5%B9%BF%E5%91%8A%E5%9B%BE-1.jpg?resize=1920%2C1231&#038;ssl=1\" alt=\"\" width=\"1920\" height=\"1231\" title=\"\" srcset=\"https:\/\/i0.wp.com\/volovape.com\/wp-content\/uploads\/2025\/06\/%E5%B9%BF%E5%91%8A%E5%9B%BE-1.jpg?w=1920&amp;ssl=1 1920w, https:\/\/i0.wp.com\/volovape.com\/wp-content\/uploads\/2025\/06\/%E5%B9%BF%E5%91%8A%E5%9B%BE-1.jpg?resize=300%2C192&amp;ssl=1 300w, https:\/\/i0.wp.com\/volovape.com\/wp-content\/uploads\/2025\/06\/%E5%B9%BF%E5%91%8A%E5%9B%BE-1.jpg?resize=1024%2C657&amp;ssl=1 1024w, https:\/\/i0.wp.com\/volovape.com\/wp-content\/uploads\/2025\/06\/%E5%B9%BF%E5%91%8A%E5%9B%BE-1.jpg?resize=768%2C492&amp;ssl=1 768w, https:\/\/i0.wp.com\/volovape.com\/wp-content\/uploads\/2025\/06\/%E5%B9%BF%E5%91%8A%E5%9B%BE-1.jpg?resize=1536%2C985&amp;ssl=1 1536w, https:\/\/i0.wp.com\/volovape.com\/wp-content\/uploads\/2025\/06\/%E5%B9%BF%E5%91%8A%E5%9B%BE-1.jpg?resize=18%2C12&amp;ssl=1 18w, https:\/\/i0.wp.com\/volovape.com\/wp-content\/uploads\/2025\/06\/%E5%B9%BF%E5%91%8A%E5%9B%BE-1.jpg?resize=800%2C513&amp;ssl=1 800w\" sizes=\"auto, (max-width: 1000px) 100vw, 1000px\" \/><\/p>","protected":false},"excerpt":{"rendered":"<p>Fumot Leopard 40K Disposable Vape - Upplev 40 000 puffar av premiumvaping med en uppladdningsbar USB-C-design och 16 sp\u00e4nnande smaker. Perfekt f\u00f6r tunga anv\u00e4ndare och grossistdistribution!<\/p>","protected":false},"featured_media":31275,"comment_status":"open","ping_status":"closed","template":"","meta":[],"product_brand":[],"product_cat":[52],"product_tag":[],"class_list":{"0":"post-31210","1":"product","2":"type-product","3":"status-publish","4":"has-post-thumbnail","6":"product_cat-randm","8":"first","9":"instock","10":"shipping-taxable","11":"purchasable","12":"product-type-variable","13":"has-default-attributes"},"jetpack_sharing_enabled":true,"tiered_pricing_type":"fixed","tiered_pricing_fixed_rules":{"30":9.2599999999999997868371792719699442386627197265625,"50":7.46999999999999975131004248396493494510650634765625,"100":6.8499999999999996447286321199499070644378662109375,"200":6.480000000000000426325641456060111522674560546875,"400":6.04999999999999982236431605997495353221893310546875},"tiered_pricing_product_settings":{"layout":"default","base_unit_name":{"singular":null,"plural":null},"default_variation":null},"tiered_pricing_minimum_quantity":10,"tiered_pricing_roles_data":[],"tiered_pricing_percentage_rules":[],"tiered_pricing_maximum_quantity":null,"tiered_pricing_quantity_step":"10","_links":{"self":[{"href":"https:\/\/volovape.com\/sv\/wp-json\/wp\/v2\/product\/31210","targetHints":{"allow":["GET"]}}],"collection":[{"href":"https:\/\/volovape.com\/sv\/wp-json\/wp\/v2\/product"}],"about":[{"href":"https:\/\/volovape.com\/sv\/wp-json\/wp\/v2\/types\/product"}],"replies":[{"embeddable":true,"href":"https:\/\/volovape.com\/sv\/wp-json\/wp\/v2\/comments?post=31210"}],"wp:featuredmedia":[{"embeddable":true,"href":"https:\/\/volovape.com\/sv\/wp-json\/wp\/v2\/media\/31275"}],"wp:attachment":[{"href":"https:\/\/volovape.com\/sv\/wp-json\/wp\/v2\/media?parent=31210"}],"wp:term":[{"taxonomy":"product_brand","embeddable":true,"href":"https:\/\/volovape.com\/sv\/wp-json\/wp\/v2\/product_brand?post=31210"},{"taxonomy":"product_cat","embeddable":true,"href":"https:\/\/volovape.com\/sv\/wp-json\/wp\/v2\/product_cat?post=31210"},{"taxonomy":"product_tag","embeddable":true,"href":"https:\/\/volovape.com\/sv\/wp-json\/wp\/v2\/product_tag?post=31210"}],"curies":[{"name":"wp","href":"https:\/\/api.w.org\/{rel}","templated":true}]}}