{"id":30895,"date":"2025-08-16T11:40:18","date_gmt":"2025-08-16T11:40:18","guid":{"rendered":"https:\/\/volovape.com\/?post_type=product&#038;p=30895"},"modified":"2026-03-16T08:50:06","modified_gmt":"2026-03-16T08:50:06","slug":"uwin-kristall-tvillingar-40k","status":"publish","type":"product","link":"https:\/\/volovape.com\/sv\/product\/uwin-crystal-twins-40k\/","title":{"rendered":"Uwin Crystal Twins 40K 40000 Puffs | dubbel smak eng\u00e5ngs vape whoelsale"},"content":{"rendered":"<h2><strong>Uwin Crystal Twins 40K - Eng\u00e5ngsvape med dubbla smaker \ud83c\udf1f<\/strong><\/h2>\n<p>Vi introducerar Uwin Crystal Twins 40K, en game-changer p\u00e5 marknaden f\u00f6r eng\u00e5ngsvape! Med upp till 40 000 puffar av rent vapingn\u00f6je har den h\u00e4r enheten en unik design med dubbla smaker, vilket ger en sp\u00e4nnande kombination av smaker i varje puff. Oavsett om du \u00e4r en smakj\u00e4gare eller en tung vaper, ger denna vape en smidig, tillfredsst\u00e4llande upplevelse, allt i en snygg, kristallklar kropp. S\u00e4g adj\u00f6 till p\u00e5fyllningar och njut av bekv\u00e4mlighet som aldrig f\u00f6rr. \ud83d\udd25\ud83d\udca8<\/p>\n<h4><strong>Specifikationer:<\/strong><\/h4>\n<table>\n<thead>\n<tr>\n<th><strong>Funktion<\/strong><\/th>\n<th><strong>Detaljer<\/strong><\/th>\n<\/tr>\n<\/thead>\n<tbody>\n<tr>\n<td><strong>Puffkapacitet<\/strong><\/td>\n<td>40.000 puffar<\/td>\n<\/tr>\n<tr>\n<td><strong>Kapacitet f\u00f6r e-v\u00e4tska<\/strong><\/td>\n<td>8mL (per kammare)<\/td>\n<\/tr>\n<tr>\n<td><strong>Batteri<\/strong><\/td>\n<td>850 mAh, typ C<\/td>\n<\/tr>\n<tr>\n<td><strong>Typ av spole<\/strong><\/td>\n<td>Spole med 0,6\u03a9 maskor<\/td>\n<\/tr>\n<tr>\n<td><strong>Alternativ f\u00f6r nikotin<\/strong><\/td>\n<td>0%, 2%, 3%, 5%<\/td>\n<\/tr>\n<tr>\n<td><strong>Display<\/strong><\/td>\n<td>Smart sk\u00e4rm<\/td>\n<\/tr>\n<tr>\n<td><strong>Design<\/strong><\/td>\n<td>Kristallklar kropp<\/td>\n<\/tr>\n<\/tbody>\n<\/table>\n<h4><strong>Smakkombinationer:<\/strong><\/h4>\n<table>\n<thead>\n<tr>\n<th><strong>Smak A<\/strong><\/th>\n<th><strong>Smak B<\/strong><\/th>\n<\/tr>\n<\/thead>\n<tbody>\n<tr>\n<td>Bl\u00e5b\u00e4r p\u00e5 is<\/td>\n<td>Sommarpersika-is<\/td>\n<\/tr>\n<tr>\n<td>Kiwi Passionsfrukt Guava<\/td>\n<td>Bl\u00e5b\u00e4r Hallon<\/td>\n<\/tr>\n<tr>\n<td>Jordgubb Kiwi<\/td>\n<td>Grape Ice<\/td>\n<\/tr>\n<tr>\n<td>Kiwi Passionsfrukt Guava<\/td>\n<td>Tv\u00e5 \u00e4pplen<\/td>\n<\/tr>\n<tr>\n<td>Jordgubbar Vattenmelon<\/td>\n<td>Citron Lime<\/td>\n<\/tr>\n<tr>\n<td>Bl\u00e5b\u00e4r Hallon<\/td>\n<td>K\u00f6rsb\u00e4rsis<\/td>\n<\/tr>\n<tr>\n<td>Jordgubbar Hallon K\u00f6rsb\u00e4r<\/td>\n<td>Herr Bl\u00e5<\/td>\n<\/tr>\n<tr>\n<td>Persika Mango Ananas<\/td>\n<td>Red Bull<\/td>\n<\/tr>\n<tr>\n<td>Vattenmelon-is<\/td>\n<td>Blandade b\u00e4r<\/td>\n<\/tr>\n<tr>\n<td>Jordgubbar Bananer<\/td>\n<td>Love 66 (passionsfrukt-melon-is)<\/td>\n<\/tr>\n<tr>\n<td>Drakfrukt Banan K\u00f6rsb\u00e4r<\/td>\n<td>Rosa lemonad<\/td>\n<\/tr>\n<tr>\n<td>Persika Mango<\/td>\n<td>Cherry Cola<\/td>\n<\/tr>\n<tr>\n<td>Jordgubbsis<\/td>\n<td>Mango p\u00e5 is<\/td>\n<\/tr>\n<tr>\n<td>Blue Razz Ice<\/td>\n<td>Drakfrukt-is<\/td>\n<\/tr>\n<tr>\n<td>Red Bull med jordgubbar<\/td>\n<td>K\u00f6rsb\u00e4rsis<\/td>\n<\/tr>\n<\/tbody>\n<\/table>\n<h4><strong>Varf\u00f6r v\u00e4lja Uwin Crystal Twins 40K?<\/strong><\/h4>\n<ul>\n<li><strong>Design med dubbla smaker:<\/strong> Njut av tv\u00e5 distinkta smaker i varje bloss f\u00f6r en dynamisk r\u00f6kupplevelse.<\/li>\n<li><strong>Massivt antal puffar:<\/strong> Upp till 40 000 puffar, vilket \u00e4r l\u00e4ngre \u00e4n de flesta eng\u00e5ngsvapor.<\/li>\n<li><strong>Alternativ med h\u00f6g nikotinhalt:<\/strong> Finns i 0%, 2%, 3% och 5% nikotin f\u00f6r individanpassad tillfredsst\u00e4llelse.<\/li>\n<li><strong>Premium n\u00e4tspole:<\/strong> Upplev en j\u00e4mn och konsekvent \u00e5ngproduktion vid varje bloss.<\/li>\n<li><strong>B\u00e4rbar och bekv\u00e4m:<\/strong> Kristallklar design garanterar b\u00e5de h\u00e5llbarhet och ett snyggt utseende.<\/li>\n<li><strong>Smart sk\u00e4rmvisning:<\/strong> L\u00e4ttl\u00e4st smart display h\u00e5ller reda p\u00e5 dina vape-sessioner.<\/li>\n<\/ul>\n<p>Uwin Crystal Twins 40K \u00e4r perfekt f\u00f6r b\u00e5de vardagsanv\u00e4ndare och bulkk\u00f6pare, som vape-butiker och distribut\u00f6rer. Med sin l\u00e5ngvariga prestanda, unika dubbla smakalternativ och snygga design \u00e4r det ett perfekt val f\u00f6r dem som vill h\u00f6ja sin vapingupplevelse. Oavsett om du \u00e4r en smakj\u00e4gare eller en grossistdistribut\u00f6r \u00e4r den h\u00e4r enheten den perfekta passformen f\u00f6r dina behov.<\/p>\n<p><img data-recalc-dims=\"1\" loading=\"lazy\" decoding=\"async\" class=\"alignnone wp-image-31448 size-full\" src=\"https:\/\/i0.wp.com\/volovape.com\/wp-content\/uploads\/2025\/06\/%E8%81%94%E5%90%8D%E6%B5%B7%E6%8A%A5-2.jpg?resize=1480%2C1810&#038;ssl=1\" alt=\"\" width=\"1480\" height=\"1810\" title=\"\" srcset=\"https:\/\/i0.wp.com\/volovape.com\/wp-content\/uploads\/2025\/06\/%E8%81%94%E5%90%8D%E6%B5%B7%E6%8A%A5-2.jpg?w=1480&amp;ssl=1 1480w, https:\/\/i0.wp.com\/volovape.com\/wp-content\/uploads\/2025\/06\/%E8%81%94%E5%90%8D%E6%B5%B7%E6%8A%A5-2.jpg?resize=245%2C300&amp;ssl=1 245w, https:\/\/i0.wp.com\/volovape.com\/wp-content\/uploads\/2025\/06\/%E8%81%94%E5%90%8D%E6%B5%B7%E6%8A%A5-2.jpg?resize=837%2C1024&amp;ssl=1 837w, https:\/\/i0.wp.com\/volovape.com\/wp-content\/uploads\/2025\/06\/%E8%81%94%E5%90%8D%E6%B5%B7%E6%8A%A5-2.jpg?resize=768%2C939&amp;ssl=1 768w, https:\/\/i0.wp.com\/volovape.com\/wp-content\/uploads\/2025\/06\/%E8%81%94%E5%90%8D%E6%B5%B7%E6%8A%A5-2.jpg?resize=1256%2C1536&amp;ssl=1 1256w, https:\/\/i0.wp.com\/volovape.com\/wp-content\/uploads\/2025\/06\/%E8%81%94%E5%90%8D%E6%B5%B7%E6%8A%A5-2.jpg?resize=10%2C12&amp;ssl=1 10w, https:\/\/i0.wp.com\/volovape.com\/wp-content\/uploads\/2025\/06\/%E8%81%94%E5%90%8D%E6%B5%B7%E6%8A%A5-2.jpg?resize=800%2C978&amp;ssl=1 800w\" sizes=\"auto, (max-width: 1000px) 100vw, 1000px\" \/><\/p>\n<p><img data-recalc-dims=\"1\" loading=\"lazy\" decoding=\"async\" class=\"alignnone wp-image-31447 size-large\" src=\"https:\/\/i0.wp.com\/volovape.com\/wp-content\/uploads\/2025\/06\/40k%E5%8F%A3%E5%91%B3%E6%B5%B7%E6%8A%A5.jpg?resize=905%2C1024&#038;ssl=1\" alt=\"\" width=\"905\" height=\"1024\" title=\"\" srcset=\"https:\/\/i0.wp.com\/volovape.com\/wp-content\/uploads\/2025\/06\/40k%E5%8F%A3%E5%91%B3%E6%B5%B7%E6%8A%A5.jpg?resize=905%2C1024&amp;ssl=1 905w, https:\/\/i0.wp.com\/volovape.com\/wp-content\/uploads\/2025\/06\/40k%E5%8F%A3%E5%91%B3%E6%B5%B7%E6%8A%A5.jpg?resize=265%2C300&amp;ssl=1 265w, https:\/\/i0.wp.com\/volovape.com\/wp-content\/uploads\/2025\/06\/40k%E5%8F%A3%E5%91%B3%E6%B5%B7%E6%8A%A5.jpg?resize=768%2C869&amp;ssl=1 768w, https:\/\/i0.wp.com\/volovape.com\/wp-content\/uploads\/2025\/06\/40k%E5%8F%A3%E5%91%B3%E6%B5%B7%E6%8A%A5.jpg?resize=1358%2C1536&amp;ssl=1 1358w, https:\/\/i0.wp.com\/volovape.com\/wp-content\/uploads\/2025\/06\/40k%E5%8F%A3%E5%91%B3%E6%B5%B7%E6%8A%A5.jpg?resize=11%2C12&amp;ssl=1 11w, https:\/\/i0.wp.com\/volovape.com\/wp-content\/uploads\/2025\/06\/40k%E5%8F%A3%E5%91%B3%E6%B5%B7%E6%8A%A5.jpg?resize=800%2C905&amp;ssl=1 800w, https:\/\/i0.wp.com\/volovape.com\/wp-content\/uploads\/2025\/06\/40k%E5%8F%A3%E5%91%B3%E6%B5%B7%E6%8A%A5.jpg?w=1697&amp;ssl=1 1697w\" sizes=\"auto, (max-width: 905px) 100vw, 905px\" \/><\/p>\n<p><img data-recalc-dims=\"1\" loading=\"lazy\" decoding=\"async\" class=\"alignnone wp-image-31449 size-full\" src=\"https:\/\/i0.wp.com\/volovape.com\/wp-content\/uploads\/2025\/06\/%E7%BD%91%E7%AB%99-Banner-2.jpg?resize=1920%2C656&#038;ssl=1\" alt=\"\" width=\"1920\" height=\"656\" title=\"\" srcset=\"https:\/\/i0.wp.com\/volovape.com\/wp-content\/uploads\/2025\/06\/%E7%BD%91%E7%AB%99-Banner-2.jpg?w=1920&amp;ssl=1 1920w, https:\/\/i0.wp.com\/volovape.com\/wp-content\/uploads\/2025\/06\/%E7%BD%91%E7%AB%99-Banner-2.jpg?resize=300%2C103&amp;ssl=1 300w, https:\/\/i0.wp.com\/volovape.com\/wp-content\/uploads\/2025\/06\/%E7%BD%91%E7%AB%99-Banner-2.jpg?resize=1024%2C350&amp;ssl=1 1024w, https:\/\/i0.wp.com\/volovape.com\/wp-content\/uploads\/2025\/06\/%E7%BD%91%E7%AB%99-Banner-2.jpg?resize=768%2C262&amp;ssl=1 768w, https:\/\/i0.wp.com\/volovape.com\/wp-content\/uploads\/2025\/06\/%E7%BD%91%E7%AB%99-Banner-2.jpg?resize=1536%2C525&amp;ssl=1 1536w, https:\/\/i0.wp.com\/volovape.com\/wp-content\/uploads\/2025\/06\/%E7%BD%91%E7%AB%99-Banner-2.jpg?resize=18%2C6&amp;ssl=1 18w, https:\/\/i0.wp.com\/volovape.com\/wp-content\/uploads\/2025\/06\/%E7%BD%91%E7%AB%99-Banner-2.jpg?resize=800%2C273&amp;ssl=1 800w\" sizes=\"auto, (max-width: 1000px) 100vw, 1000px\" \/><\/p>","protected":false},"excerpt":{"rendered":"<p>Upplev l\u00e5ngvarig tillfredsst\u00e4llelse med Uwin Crystal Twins 40K Disposable Vape! 40 000 puffar, alternativ med dubbla smaker och uppfriskande smaker.<\/p>","protected":false},"featured_media":30896,"comment_status":"open","ping_status":"closed","template":"","meta":[],"product_brand":[],"product_cat":[16,224],"product_tag":[],"class_list":{"0":"post-30895","1":"product","2":"type-product","3":"status-publish","4":"has-post-thumbnail","6":"product_cat-volo-vape","7":"product_cat-uwin","9":"first","10":"instock","11":"shipping-taxable","12":"purchasable","13":"product-type-variable","14":"has-default-attributes"},"jetpack_sharing_enabled":true,"tiered_pricing_type":"fixed","tiered_pricing_fixed_rules":{"30":7.589999999999999857891452847979962825775146484375,"50":6.20999999999999996447286321199499070644378662109375,"100":5.88999999999999968025576890795491635799407958984375,"200":5.4900000000000002131628207280300557613372802734375,"400":5.04000000000000003552713678800500929355621337890625},"tiered_pricing_product_settings":{"layout":"default","base_unit_name":{"singular":null,"plural":null},"default_variation":null},"tiered_pricing_minimum_quantity":10,"tiered_pricing_roles_data":[],"tiered_pricing_percentage_rules":[],"tiered_pricing_maximum_quantity":null,"tiered_pricing_quantity_step":"10","_links":{"self":[{"href":"https:\/\/volovape.com\/sv\/wp-json\/wp\/v2\/product\/30895","targetHints":{"allow":["GET"]}}],"collection":[{"href":"https:\/\/volovape.com\/sv\/wp-json\/wp\/v2\/product"}],"about":[{"href":"https:\/\/volovape.com\/sv\/wp-json\/wp\/v2\/types\/product"}],"replies":[{"embeddable":true,"href":"https:\/\/volovape.com\/sv\/wp-json\/wp\/v2\/comments?post=30895"}],"wp:featuredmedia":[{"embeddable":true,"href":"https:\/\/volovape.com\/sv\/wp-json\/wp\/v2\/media\/30896"}],"wp:attachment":[{"href":"https:\/\/volovape.com\/sv\/wp-json\/wp\/v2\/media?parent=30895"}],"wp:term":[{"taxonomy":"product_brand","embeddable":true,"href":"https:\/\/volovape.com\/sv\/wp-json\/wp\/v2\/product_brand?post=30895"},{"taxonomy":"product_cat","embeddable":true,"href":"https:\/\/volovape.com\/sv\/wp-json\/wp\/v2\/product_cat?post=30895"},{"taxonomy":"product_tag","embeddable":true,"href":"https:\/\/volovape.com\/sv\/wp-json\/wp\/v2\/product_tag?post=30895"}],"curies":[{"name":"wp","href":"https:\/\/api.w.org\/{rel}","templated":true}]}}