{"id":30869,"date":"2025-08-16T11:39:59","date_gmt":"2025-08-16T11:39:59","guid":{"rendered":"https:\/\/volovape.com\/?post_type=product&#038;p=30869"},"modified":"2025-10-28T04:51:04","modified_gmt":"2025-10-28T04:51:04","slug":"uwin-randm-tornado-slog-35k","status":"publish","type":"product","link":"https:\/\/volovape.com\/sv\/product\/uwin-randm-tornado-beat-35k\/","title":{"rendered":"Uwin RandM tornado beat 35K: l\u00e5ngvarig eng\u00e5ngs vape grossist"},"content":{"rendered":"<h2>Uwin RandM Tornado Beat 35K \u00d6versikt och funktioner<\/h2>\n<p>Uwin RandM Tornado Beat 35K \u00e4r en toppklassig eng\u00e5ngs vape gjord f\u00f6r b\u00e5de smakentusiaster och tunga anv\u00e4ndare. Med en anm\u00e4rkningsv\u00e4rd kapacitet p\u00e5 35 000 puffar ger den en o\u00f6vertr\u00e4ffad upplevelse till varje vape-session. Denna enhet parar h\u00f6gpresterande funktioner med ett urval av l\u00e4ckra smaker, oavsett om du \u00e4r ett fan av fruktiga blandningar eller uppfriskande isiga blandningar. Perfekt f\u00f6r dig som l\u00e4ngtar efter l\u00e5ngvarig tillfredsst\u00e4llelse och mjuka tr\u00e4ffar.<\/p>\n<p>Specifikationer:<\/p>\n<p>Puffkapacitet: 35.000 puffar<\/p>\n<p>Kapacitet f\u00f6r e-v\u00e4tska: 12mL<\/p>\n<p>Batteri: 800 mAh, typ C<\/p>\n<p>Typ av spole: 0,8\u03a9 n\u00e4tspole<\/p>\n<p>Alternativ f\u00f6r nikotin: 0%, 2%, 3%, 5%<\/p>\n<p>Display: Smart sk\u00e4rm<\/p>\n<p>Design: Kompakt och ergonomisk<\/p>\n<h2>Uwin RandM Tornado Beat 35K Flavors i lager:<\/h2>\n<p>Bl\u00e5b\u00e4r hallon, jordgubb vattenmelon, bl\u00e5b\u00e4r p\u00e5 is, vattenmelon p\u00e5 is, sommarpersika p\u00e5 is, k\u00f6rsb\u00e4rsis, jordgubb hallon k\u00f6rsb\u00e4rsis, kiwi passionsfrukt guava, jordgubbsis, k\u00f6rsb\u00e4rscola, blandade b\u00e4r, Mr Blue<\/p>\n<p>Varf\u00f6r v\u00e4lja Uwin RandM Tornado Beat 35K?<\/p>\n<p>O\u00f6vertr\u00e4ffat antal puffar: Njut av upp till 35 000 puffar, vilket r\u00e4cker mycket l\u00e4ngre \u00e4n vanliga eng\u00e5ngsprodukter.<\/p>\n<p>Alternativ med dubbla smaker: Tv\u00e5 unika smaker i en och samma enhet ger en verkligt anpassningsbar upplevelse.<\/p>\n<p>Alternativ med h\u00f6g nikotinhalt: V\u00e4lj mellan nikotinniv\u00e5erna 0%, 2%, 3% och 5% f\u00f6r att matcha dina preferenser.<\/p>\n<p>Snygg och kompakt design: L\u00e4tt att b\u00e4ra med sig och snygg f\u00f6r vaping p\u00e5 spr\u00e5ng.<\/p>\n<p>Avancerade funktioner: Smart sk\u00e4rmvisning och typ C-laddning f\u00f6r maximal bekv\u00e4mlighet.<\/p>\n<p>Brett urval av smaker: \u00d6ver 12 livfulla, l\u00e4ckra smaker att v\u00e4lja mellan.<\/p>\n<h2>Varf\u00f6r Uwin RandM Tornado Beat 35K \u00e4r perfekt f\u00f6r dig:<\/h2>\n<p>Uwin RandM Tornado Beat 35K \u00e4r en perfekt match f\u00f6r b\u00e5de avslappnade vapers och tunga anv\u00e4ndare. De l\u00e5ngvariga bl\u00e5sningarna, de m\u00e5ngsidiga nikotinstyrkorna och det imponerande smakutbudet g\u00f6r den idealisk f\u00f6r vape-butiker, distribut\u00f6rer och grossister. Njut av f\u00f6rstklassig prestanda och rik smak i varje bloss.<\/p>","protected":false},"excerpt":{"rendered":"<p>Uwin RandM Tornado Beat 35K eng\u00e5ngsvape levererar upp till 35 000 puffar av otrolig smak med en snygg design. Njut av premiumsmaker som Blueberry Raspberry, Watermelon Ice och mycket mer!<\/p>","protected":false},"featured_media":30870,"comment_status":"open","ping_status":"closed","template":"","meta":[],"product_brand":[],"product_cat":[16,224],"product_tag":[],"class_list":{"0":"post-30869","1":"product","2":"type-product","3":"status-publish","4":"has-post-thumbnail","6":"product_cat-volo-vape","7":"product_cat-uwin","9":"first","10":"instock","11":"shipping-taxable","12":"purchasable","13":"product-type-variable","14":"has-default-attributes"},"jetpack_sharing_enabled":true,"tiered_pricing_type":"fixed","tiered_pricing_fixed_rules":{"30":8.21000000000000085265128291212022304534912109375,"50":6.36000000000000031974423109204508364200592041015625,"100":5.7400000000000002131628207280300557613372802734375,"200":5.37000000000000010658141036401502788066864013671875,"400":4.94000000000000039079850466805510222911834716796875},"tiered_pricing_product_settings":{"layout":"default","base_unit_name":{"singular":null,"plural":null},"default_variation":null},"tiered_pricing_minimum_quantity":10,"tiered_pricing_roles_data":[],"tiered_pricing_percentage_rules":[],"tiered_pricing_maximum_quantity":null,"tiered_pricing_quantity_step":"10","_links":{"self":[{"href":"https:\/\/volovape.com\/sv\/wp-json\/wp\/v2\/product\/30869","targetHints":{"allow":["GET"]}}],"collection":[{"href":"https:\/\/volovape.com\/sv\/wp-json\/wp\/v2\/product"}],"about":[{"href":"https:\/\/volovape.com\/sv\/wp-json\/wp\/v2\/types\/product"}],"replies":[{"embeddable":true,"href":"https:\/\/volovape.com\/sv\/wp-json\/wp\/v2\/comments?post=30869"}],"wp:featuredmedia":[{"embeddable":true,"href":"https:\/\/volovape.com\/sv\/wp-json\/wp\/v2\/media\/30870"}],"wp:attachment":[{"href":"https:\/\/volovape.com\/sv\/wp-json\/wp\/v2\/media?parent=30869"}],"wp:term":[{"taxonomy":"product_brand","embeddable":true,"href":"https:\/\/volovape.com\/sv\/wp-json\/wp\/v2\/product_brand?post=30869"},{"taxonomy":"product_cat","embeddable":true,"href":"https:\/\/volovape.com\/sv\/wp-json\/wp\/v2\/product_cat?post=30869"},{"taxonomy":"product_tag","embeddable":true,"href":"https:\/\/volovape.com\/sv\/wp-json\/wp\/v2\/product_tag?post=30869"}],"curies":[{"name":"wp","href":"https:\/\/api.w.org\/{rel}","templated":true}]}}