{"id":29669,"date":"2025-04-24T06:39:08","date_gmt":"2025-04-24T06:39:08","guid":{"rendered":"https:\/\/volovape.com\/?post_type=product&#038;p=29669"},"modified":"2026-04-14T06:31:09","modified_gmt":"2026-04-14T06:31:09","slug":"mrvi-df-40000-puffar","status":"publish","type":"product","link":"https:\/\/volovape.com\/sv\/product\/mrvi-df-40000-puffs\/","title":{"rendered":"MRVI DF 40000 puff dubbel smak eng\u00e5ngs vape | 2-i-1 smak system, 40mL massiv ejuice kapacitet"},"content":{"rendered":"<p><strong>MRVI DF 40000 Eng\u00e5ngsvape med dubbel smak<\/strong> - Dubbelt n\u00e4t, dubbel smak, maximal njutning.<\/p>\n<p>Introduktion av <strong>MRVI DF 40000<\/strong>\u00e4r en banbrytande eng\u00e5ngsvape utformad f\u00f6r dem som l\u00e4ngtar efter smak och l\u00e5ng livsl\u00e4ngd. Denna innovativa vape-enhet levererar upp till <strong>40.000 puffar<\/strong> och kombinerar <em>dubbel smakv\u00e4xling<\/em> med <strong>spole med dubbla n\u00e4t<\/strong> teknik, vilket garanterar mjuka drag och dj\u00e4rv smak vid varje bloss. Utrustad med en <strong>uppladdningsbart 850mAh batteri<\/strong> och en imponerande <strong>40 ml kapacitet f\u00f6r e-v\u00e4tska<\/strong>\u00e4r den byggd f\u00f6r att h\u00e5lla distansen.<\/p>\n<p>Med alternativ f\u00f6r <strong>5% eller 2% nikotinstyrka<\/strong>, a <strong>Typ C-laddningsport<\/strong>, och <strong>10 rika smakval<\/strong>MRVI DF 40000 \u00e4r perfekt f\u00f6r vuxna anv\u00e4ndare och vape-grossister som letar efter p\u00e5litliga, h\u00f6gpresterande produkter. Oavsett om du vaping solo eller lagrar f\u00f6r \u00e5terf\u00f6rs\u00e4ljning, levererar den h\u00e4r enheten b\u00e5de kvalitet och kvantitet i en snygg, kompakt design.<\/p>\n<h3><strong>MRVI DF 40000 Funktioner:<\/strong><\/h3>\n<ul>\n<li>Puffar: Upp till 40.000<\/li>\n<li>E-v\u00e4tskekapacitet: 40mL<\/li>\n<li>Batteri: 850 mAh (uppladdningsbart)<\/li>\n<li>Laddning: Typ-C (full laddning p\u00e5 2 timmar)<\/li>\n<li>Spole: Dual Mesh Coil f\u00f6r j\u00e4mn och riklig \u00e5nga<\/li>\n<li>Styrkor hos nikotin: 5%, 2% (tobaksfritt nikotin)<\/li>\n<li>Smakalternativ: 10 dynamiska kombinationer med dubbla smaker<\/li>\n<li>Anv\u00e4ndning: Andas in f\u00f6r att aktivera (ingen knapp beh\u00f6vs)<\/li>\n<li>F\u00f6rpackning: 10 st per displayl\u00e5da<\/li>\n<li>Storlek: 92*41*19mm - Fickv\u00e4nlig och ergonomisk<\/li>\n<\/ul>","protected":false},"excerpt":{"rendered":"<p>F\u00f6rh\u00f6j din vapingupplevelse med MRVI DF 40000! Dubbel smakkraft, 40 000 puffar och dual mesh coil-teknik. Perfekt f\u00f6r personligt bruk eller bulkbest\u00e4llningar.<\/p>","protected":false},"featured_media":29675,"comment_status":"open","ping_status":"closed","template":"","meta":[],"product_brand":[],"product_cat":[55,74,64,44],"product_tag":[],"class_list":{"0":"post-29669","1":"product","2":"type-product","3":"status-publish","4":"has-post-thumbnail","6":"product_cat-mrvi","7":"product_cat-40000-puffs-disposable-vape","8":"product_cat-dual-flavor-vapes","9":"product_cat-dual-mesh-vapes","11":"first","12":"instock","13":"shipping-taxable","14":"purchasable","15":"product-type-variable","16":"has-default-attributes"},"jetpack_sharing_enabled":true,"tiered_pricing_type":"fixed","tiered_pricing_fixed_rules":{"100":6.730000000000000426325641456060111522674560546875,"200":6.11000000000000031974423109204508364200592041015625,"400":5.79999999999999982236431605997495353221893310546875},"tiered_pricing_product_settings":{"layout":"default","base_unit_name":{"singular":null,"plural":null},"default_variation":null},"tiered_pricing_minimum_quantity":50,"tiered_pricing_roles_data":[],"tiered_pricing_percentage_rules":[],"tiered_pricing_maximum_quantity":null,"tiered_pricing_quantity_step":"10","_links":{"self":[{"href":"https:\/\/volovape.com\/sv\/wp-json\/wp\/v2\/product\/29669","targetHints":{"allow":["GET"]}}],"collection":[{"href":"https:\/\/volovape.com\/sv\/wp-json\/wp\/v2\/product"}],"about":[{"href":"https:\/\/volovape.com\/sv\/wp-json\/wp\/v2\/types\/product"}],"replies":[{"embeddable":true,"href":"https:\/\/volovape.com\/sv\/wp-json\/wp\/v2\/comments?post=29669"}],"wp:featuredmedia":[{"embeddable":true,"href":"https:\/\/volovape.com\/sv\/wp-json\/wp\/v2\/media\/29675"}],"wp:attachment":[{"href":"https:\/\/volovape.com\/sv\/wp-json\/wp\/v2\/media?parent=29669"}],"wp:term":[{"taxonomy":"product_brand","embeddable":true,"href":"https:\/\/volovape.com\/sv\/wp-json\/wp\/v2\/product_brand?post=29669"},{"taxonomy":"product_cat","embeddable":true,"href":"https:\/\/volovape.com\/sv\/wp-json\/wp\/v2\/product_cat?post=29669"},{"taxonomy":"product_tag","embeddable":true,"href":"https:\/\/volovape.com\/sv\/wp-json\/wp\/v2\/product_tag?post=29669"}],"curies":[{"name":"wp","href":"https:\/\/api.w.org\/{rel}","templated":true}]}}