{"id":28648,"date":"2025-03-21T06:47:18","date_gmt":"2025-03-21T06:47:18","guid":{"rendered":"https:\/\/volovape.com\/?post_type=product&#038;p=28648"},"modified":"2026-04-29T02:09:28","modified_gmt":"2026-04-29T02:09:28","slug":"waspe-60000-puffar-3-i-1-engangs-vape","status":"publish","type":"product","link":"https:\/\/volovape.com\/sv\/product\/waspe-60000-puffs-3-in-1-disposable-vape\/","title":{"rendered":"WASPE 60K 3-i-1 eng\u00e5ngsvape | tredubbla smaker, 60 000 puffar, bulk grossist"},"content":{"rendered":"<p><strong>WASPE 60K 3-i-1 eng\u00e5ngsvape<\/strong> - Tredubbel smak, tredubbel gl\u00e4dje med o\u00f6vertr\u00e4ffade 60 000 puffar. Denna revolutionerande eng\u00e5ngsvape levererar en h\u00e4pnadsv\u00e4ckande <strong>60.000 puffar<\/strong>, kombination <strong>tre distinkta smaker<\/strong> i en elegant enhet. Inspirerad av den popul\u00e4ra WASPE Crystal, erbjuder denna vape <strong>12 unika smaksammans\u00e4ttningar<\/strong>och tillgodoser alla smakl\u00f6kar. Den h\u00e4r enheten \u00e4r perfekt f\u00f6r bulkgrossister och garanterar att dina kunder kan njuta av ut\u00f6kad vapinggl\u00e4dje och olika smakupplevelser. Dess b\u00e4rbara design och h\u00f6ga kapacitet g\u00f6r den till ett utm\u00e4rkt val f\u00f6r b\u00e5de personligt bruk och grossistf\u00f6rs\u00e4ljning.<\/p>\n<h3><strong>WASPE 60K 3-in-1 Funktioner:<\/strong><\/h3>\n<ul>\n<li>Puffs: 60 000 Puffs (54 ml e-juice)<\/li>\n<li>Smaker: 3-in-1 Triple Flavor Design<\/li>\n<li>Smakalternativ: 12 unika smaksammans\u00e4ttningar<\/li>\n<li>Design: Snygg och b\u00e4rbar<\/li>\n<li>Idealisk f\u00f6r: Bulkpartihandel<\/li>\n<\/ul>\n<h4>VANLIGA FR\u00c5GOR<\/h4>\n<h5>Hur fungerar 3-i-1-smakv\u00e4xlingsmekanismen?<\/h5>\n<p>WASPE 60K 3-i-1 har en innovativ mekanism som g\u00f6r det m\u00f6jligt f\u00f6r anv\u00e4ndare att s\u00f6ml\u00f6st v\u00e4xla mellan de tre medf\u00f6ljande smakerna. En enkel justering p\u00e5 enheten aktiverar olika smakkammare, vilket ger en varierad och njutbar vapingupplevelse utan att beh\u00f6va flera enheter.<\/p>\n<h5>Finns det n\u00e5gon f\u00f6rdel med att s\u00e4lja WASPE 60K 3-i-1 i bulk?<\/h5>\n<p>Grossistf\u00f6rs\u00e4ljning i bulk s\u00e4krar prioriterad tillg\u00e5ng till denna efterfr\u00e5gade produkt, vilket s\u00e4kerst\u00e4ller att du \u00e4r bland de f\u00f6rsta som erbjuder den till dina kunder. Det g\u00f6r det ocks\u00e5 m\u00f6jligt f\u00f6r dig att dra nytta av kostnadseffektiva bulkpriser, vilket maximerar din l\u00f6nsamhet. Detta s\u00e4kerst\u00e4ller att du kan m\u00f6ta den initiala h\u00f6ga efterfr\u00e5gan och uppr\u00e4tth\u00e5lla en konsekvent inventering.<\/p>\n<h5>Hur garanterar ni kvalitet och s\u00e4kerhet f\u00f6r en enhet med s\u00e5 h\u00f6g kapacitet?<\/h5>\n<p>Vi bygger vidare p\u00e5 WASPE-kristallens etablerade rykte och ser till att WASPE 60K 3-i-1 uppfyller str\u00e4nga kvalitets- och s\u00e4kerhetsstandarder. Varje enhet genomg\u00e5r noggranna tester f\u00f6r att s\u00e4kerst\u00e4lla konsekvent prestanda och anv\u00e4ndars\u00e4kerhet. Vi st\u00f6der ocks\u00e5 PayPal-betalning och k\u00f6parskyddstj\u00e4nst. Du kan ocks\u00e5 kolla v\u00e5ra recensioner p\u00e5 <a href=\"https:\/\/www.trustpilot.com\/review\/volovape.com?utm_medium=trustbox&amp;utm_source=TrustBoxReviewCollector\">TrustPilot<\/a>.<\/p>","protected":false},"excerpt":{"rendered":"<p>Sl\u00e4pp loss trippel smakgl\u00e4dje med WASPE 60K 3-i-1 eng\u00e5ngs Vape! Njut av 60 000 puffar och 3 unika smaker i en elegant enhet.<\/p>\n<p><strong>Partihandel<\/strong>\u00a0i bulk nu och fyll p\u00e5 med denna uppgraderade <a href=\"https:\/\/volovape.com\/sv\/product\/waspe-40k-dubbel-smak-tvillingar-40000-puffar\/\">WASPE 40k<\/a> inspirerad vape med 12 smaker att v\u00e4lja mellan.<\/p>","protected":false},"featured_media":37388,"comment_status":"open","ping_status":"closed","template":"","meta":[],"product_brand":[],"product_cat":[17],"product_tag":[],"class_list":{"0":"post-28648","1":"product","2":"type-product","3":"status-publish","4":"has-post-thumbnail","6":"product_cat-waspe","8":"first","9":"instock","10":"shipping-taxable","11":"purchasable","12":"product-type-variable","13":"has-default-attributes"},"jetpack_sharing_enabled":true,"tiered_pricing_type":"fixed","tiered_pricing_fixed_rules":{"30":8.17999999999999971578290569595992565155029296875,"50":7.78000000000000024868995751603506505489349365234375,"100":7.28000000000000024868995751603506505489349365234375,"200":6.6699999999999999289457264239899814128875732421875,"400":6.36000000000000031974423109204508364200592041015625},"tiered_pricing_product_settings":{"layout":"default","base_unit_name":{"singular":null,"plural":null},"default_variation":null},"tiered_pricing_minimum_quantity":10,"tiered_pricing_roles_data":[],"tiered_pricing_percentage_rules":[],"tiered_pricing_maximum_quantity":null,"tiered_pricing_quantity_step":"10","_links":{"self":[{"href":"https:\/\/volovape.com\/sv\/wp-json\/wp\/v2\/product\/28648","targetHints":{"allow":["GET"]}}],"collection":[{"href":"https:\/\/volovape.com\/sv\/wp-json\/wp\/v2\/product"}],"about":[{"href":"https:\/\/volovape.com\/sv\/wp-json\/wp\/v2\/types\/product"}],"replies":[{"embeddable":true,"href":"https:\/\/volovape.com\/sv\/wp-json\/wp\/v2\/comments?post=28648"}],"wp:featuredmedia":[{"embeddable":true,"href":"https:\/\/volovape.com\/sv\/wp-json\/wp\/v2\/media\/37388"}],"wp:attachment":[{"href":"https:\/\/volovape.com\/sv\/wp-json\/wp\/v2\/media?parent=28648"}],"wp:term":[{"taxonomy":"product_brand","embeddable":true,"href":"https:\/\/volovape.com\/sv\/wp-json\/wp\/v2\/product_brand?post=28648"},{"taxonomy":"product_cat","embeddable":true,"href":"https:\/\/volovape.com\/sv\/wp-json\/wp\/v2\/product_cat?post=28648"},{"taxonomy":"product_tag","embeddable":true,"href":"https:\/\/volovape.com\/sv\/wp-json\/wp\/v2\/product_tag?post=28648"}],"curies":[{"name":"wp","href":"https:\/\/api.w.org\/{rel}","templated":true}]}}