{"id":28647,"date":"2025-03-21T06:47:18","date_gmt":"2025-03-21T06:47:18","guid":{"rendered":"https:\/\/volovape.com\/?post_type=product&#038;p=28647"},"modified":"2026-04-14T06:54:42","modified_gmt":"2026-04-14T06:54:42","slug":"gazzbar-rocket-20000-puffar-engangs-vape","status":"publish","type":"product","link":"https:\/\/volovape.com\/sv\/product\/gazzbar-rocket-20000-puffs-disposable-vape\/","title":{"rendered":"Gazzbar Rocket 20000 Puffs eng\u00e5ngsvape | 14 smaker, 0-5% nikotin, bulk grossist"},"content":{"rendered":"<p><strong>Gazzbar Rocket 20000 puffar eng\u00e5ngsvape<\/strong> - Ta din vapingupplevelse till omloppsbana med o\u00f6vertr\u00e4ffad puffkapacitet. Denna eng\u00e5ngsvape med h\u00f6g kapacitet levererar en otrolig <strong>20.000 puffar<\/strong>vilket garanterar en l\u00e5ngvarig njutning. Med <strong>14 olika smaker<\/strong> och nikotinalternativ som str\u00e4cker sig fr\u00e5n <strong>0% till 5%<\/strong>Gazzbar Rocket tillgodoser olika preferenser. Den <strong>uppladdningsbar USB-design<\/strong> ger extra bekv\u00e4mlighet, vilket g\u00f6r den perfekt f\u00f6r b\u00e5de personligt bruk och eng\u00e5ngsf\u00f6rs\u00e4ljning av vape. Varje puff ger en j\u00e4mn smak och p\u00e5litlig prestanda, perfekt f\u00f6r bulkbest\u00e4llningar med 5 enheter per l\u00e5da och 200 enheter per kartong.<\/p>\n<h3><strong>Gazzbar Rocket 20000 Funktioner:<\/strong><\/h3>\n<ul>\n<li>Puffar: 20.000 puffar<\/li>\n<li>Nikotin: 0%\/2%\/3%\/5%<\/li>\n<li>Laddning: USB-uppladdningsbar<\/li>\n<li>Smaker: 14 unika smaker<\/li>\n<li>F\u00f6rpackning: 5 enheter\/l\u00e5da, 200 enheter\/kartong<\/li>\n<\/ul>\n<h4>VANLIGA FR\u00c5GOR<\/h4>\n<h5>Hur s\u00e4kerst\u00e4ller du att smakerna f\u00f6rblir konsekventa under de 20.000 puffarna?<\/h5>\n<p>Vi anv\u00e4nder avancerad teknik och h\u00f6gkvalitativa material f\u00f6r att bibeh\u00e5lla smakens konsistens fr\u00e5n f\u00f6rsta till sista blosset. V\u00e5r rigor\u00f6sa kvalitetskontroll s\u00e4kerst\u00e4ller att varje Gazzbar Rocket ger en tillfredsst\u00e4llande och enhetlig vapingupplevelse, oavsett hur m\u00e5nga bloss du har tagit.<\/p>\n<h5>Vad \u00e4r f\u00f6rdelen med USB-laddningsbara eng\u00e5ngsvapor som Gazzbar Rocket?<\/h5>\n<p>USB-laddningsbara eng\u00e5ngsvapor ger f\u00f6rdelen med ut\u00f6kad anv\u00e4ndning utan att offra kraft. Den h\u00e4r funktionen g\u00f6r att du kan utnyttja de 20 000 puffarna fullt ut, s\u00e5 att du kan njuta av varje droppe e-juice. Det minskar ocks\u00e5 avfallet och ger ett mer h\u00e5llbart vapingalternativ j\u00e4mf\u00f6rt med icke-uppladdningsbara eng\u00e5ngsapparater.<\/p>\n<h5>Hur vet jag att min bulkbest\u00e4llning kommer fram utan skador?<\/h5>\n<p>Vi prioriterar en s\u00e4ker leverans av din bulkbest\u00e4llning. Varje kartong med 200 enheter \u00e4r noggrant f\u00f6rpackad f\u00f6r att klara transporten och minimera risken f\u00f6r skador. Vi arbetar med p\u00e5litliga fraktpartners som UPS, DHL, FedEx och DPD och v\u00e4ljer det b\u00e4sta alternativet baserat p\u00e5 din plats f\u00f6r att s\u00e4kerst\u00e4lla att din best\u00e4llning anl\u00e4nder i perfekt skick. Vi st\u00f6der ocks\u00e5 PayPal-betalning och k\u00f6parskyddstj\u00e4nst. Du kan ocks\u00e5 kolla v\u00e5ra recensioner p\u00e5 <a href=\"https:\/\/www.trustpilot.com\/review\/volovape.com?utm_medium=trustbox&amp;utm_source=TrustBoxReviewCollector\">TrustPilot<\/a>.<\/p>","protected":false},"excerpt":{"rendered":"<p>Upplev Gazzbar Rocket 20000 Disposable Vape med 20 000 puffar, 14 unika smaker och 0-5% nikotinalternativ. Denna bulkf\u00e4rdiga vape \u00e4r uppladdningsbar via USB och erbjuder o\u00f6vertr\u00e4ffad livsl\u00e4ngd och variation. Best\u00e4ll i grossistledet nu f\u00f6r premium vaping-tillfredsst\u00e4llelse!<\/p>","protected":false},"featured_media":28711,"comment_status":"open","ping_status":"closed","template":"","meta":[],"product_brand":[],"product_cat":[225],"product_tag":[],"class_list":{"0":"post-28647","1":"product","2":"type-product","3":"status-publish","4":"has-post-thumbnail","6":"product_cat-gazzbar","8":"first","9":"instock","10":"shipping-taxable","11":"purchasable","12":"product-type-variable","13":"has-default-attributes"},"jetpack_sharing_enabled":true,"tiered_pricing_type":"fixed","tiered_pricing_fixed_rules":{"30":7.269999999999999573674358543939888477325439453125,"60":6.9000000000000003552713678800500929355621337890625,"100":6.5,"200":5.9000000000000003552713678800500929355621337890625},"tiered_pricing_product_settings":{"layout":"default","base_unit_name":{"singular":null,"plural":null},"default_variation":null},"tiered_pricing_minimum_quantity":10,"tiered_pricing_roles_data":[],"tiered_pricing_percentage_rules":[],"tiered_pricing_maximum_quantity":null,"tiered_pricing_quantity_step":"10","_links":{"self":[{"href":"https:\/\/volovape.com\/sv\/wp-json\/wp\/v2\/product\/28647","targetHints":{"allow":["GET"]}}],"collection":[{"href":"https:\/\/volovape.com\/sv\/wp-json\/wp\/v2\/product"}],"about":[{"href":"https:\/\/volovape.com\/sv\/wp-json\/wp\/v2\/types\/product"}],"replies":[{"embeddable":true,"href":"https:\/\/volovape.com\/sv\/wp-json\/wp\/v2\/comments?post=28647"}],"wp:featuredmedia":[{"embeddable":true,"href":"https:\/\/volovape.com\/sv\/wp-json\/wp\/v2\/media\/28711"}],"wp:attachment":[{"href":"https:\/\/volovape.com\/sv\/wp-json\/wp\/v2\/media?parent=28647"}],"wp:term":[{"taxonomy":"product_brand","embeddable":true,"href":"https:\/\/volovape.com\/sv\/wp-json\/wp\/v2\/product_brand?post=28647"},{"taxonomy":"product_cat","embeddable":true,"href":"https:\/\/volovape.com\/sv\/wp-json\/wp\/v2\/product_cat?post=28647"},{"taxonomy":"product_tag","embeddable":true,"href":"https:\/\/volovape.com\/sv\/wp-json\/wp\/v2\/product_tag?post=28647"}],"curies":[{"name":"wp","href":"https:\/\/api.w.org\/{rel}","templated":true}]}}