{"id":28646,"date":"2025-03-21T06:47:18","date_gmt":"2025-03-21T06:47:18","guid":{"rendered":"https:\/\/volovape.com\/?post_type=product&#038;p=28646"},"modified":"2026-04-29T02:09:45","modified_gmt":"2026-04-29T02:09:45","slug":"uwin-crystal-10000-puffs-engangsvape","status":"publish","type":"product","link":"https:\/\/volovape.com\/sv\/product\/uwin-crystal-10000-puffs-disposable-vape\/","title":{"rendered":"Uwin Crystal 10000 Puffs uppladdningsbar eng\u00e5ngs vape | 15 smaker, 0-5% nikotin, bulk grossist"},"content":{"rendered":"<p><iframe title=\"VideoPress Videospelare\" aria-label='VideoPress Videospelare' width='421' height='750' src='https:\/\/videopress.com\/embed\/TT81Wr9Y?hd=0&amp;cover=1' frameborder='0' allowfullscreen allow='clipboard-write'><\/iframe><script src='https:\/\/v0.wordpress.com\/js\/next\/videopress-iframe.js?m=1739540970'><\/script><\/p>\n<p><strong>Uwin Crystal 10000 Puffs Uppladdningsbar eng\u00e5ngsvape<\/strong> - Upplev o\u00f6vertr\u00e4ffad smak och livsl\u00e4ngd. Fyll p\u00e5 denna eng\u00e5ngsvape med h\u00f6g kapacitet f\u00f6r b\u00e5de personligt bruk och lukrativa grossistm\u00f6jligheter f\u00f6r eng\u00e5ngsvape. Med en massiv <strong>10.000 puffars kapacitet<\/strong> och <strong>18 ml premium e-v\u00e4tska<\/strong>Med Uwin Crystal f\u00e5r du l\u00e5ngvarig njutning av att vampa. V\u00e4lj fr\u00e5n <strong>30 olika smaker<\/strong> och nikotinstyrkor p\u00e5 <strong>0%, 2%, 3% eller 5%<\/strong> f\u00f6r att tillfredsst\u00e4lla alla \u00f6nskem\u00e5l. Utrustad med en <strong>650mAh uppladdningsbart batteri<\/strong> och <strong>Typ C-laddning<\/strong>garanterar denna enhet l\u00e5ngvarig prestanda. Den <strong>0,8\u03a9 n\u00e4tspole<\/strong> f\u00f6rb\u00e4ttrar smak- och \u00e5ngproduktionen, medan den livfulla <strong>RGB-lampor<\/strong> ger en elegant touch. Perfekt f\u00f6r bulkbest\u00e4llningar, varje l\u00e5da inneh\u00e5ller 10 enheter och varje kartong inneh\u00e5ller 200 enheter.<\/p>\n<h3><strong>Uwin Crystal 10000 Puffs Funktioner:<\/strong><\/h3>\n<ul>\n<li>Puffar: 10.000 puffar<\/li>\n<li>Kapacitet f\u00f6r e-v\u00e4tska: 18 ml<\/li>\n<li>Nikotinstyrka: 0%\/2%\/3%\/5%<\/li>\n<li>Batteri: 650mAh uppladdningsbart<\/li>\n<li>Laddning: Typ-C snabbladdning<\/li>\n<li>Spole: 0,8\u03a9 Mesh-spole<\/li>\n<li>Lampor: RGB-lampor<\/li>\n<li>Smaker: 30 unika smaker<\/li>\n<\/ul>\n<h4>VANLIGA FR\u00c5GOR<\/h4>\n<h5>Hur snabbt kan jag f\u00e5 min bulkbest\u00e4llning?<\/h5>\n<p>Vi prioriterar effektiv frakt och levererar normalt inom 7-15 arbetsdagar. Under h\u00f6gs\u00e4song eller p\u00e5 grund av of\u00f6rutsedda omst\u00e4ndigheter som helgdagar eller h\u00e5rt v\u00e4der kan dock leveranstiden f\u00f6rl\u00e4ngas upp till 20 arbetsdagar. Vi anv\u00e4nder oss av v\u00e4lrenommerade transport\u00f6rer som UPS, DHL, FEDEX och DPD och v\u00e4ljer det b\u00e4sta alternativet baserat p\u00e5 din leveransplats f\u00f6r optimal hastighet och tillf\u00f6rlitlighet.<\/p>\n<h5>Kommer min best\u00e4llning att drabbas av tullproblem eller extra avgifter?<\/h5>\n<p>Vi hanterar alla tullklareringsprocesser, vilket s\u00e4kerst\u00e4ller en problemfri upplevelse f\u00f6r dig. Vi garanterar att 100% av v\u00e5ra produkter kommer att klara tullen, och du kommer inte att drabbas av n\u00e5gra ov\u00e4ntade skatter eller extra avgifter. Din best\u00e4llning kommer att anl\u00e4nda smidigt och direkt till din angivna destination.<\/p>\n<h5>\u00c4r de angivna smakerna och antalet puffar korrekt \u00e5tergivna?<\/h5>\n<p>Ja, all information om smaker och antal puffar \u00e4r garanterat korrekt. Vi v\u00e4ljer noggrant ut och testar varje produkt f\u00f6r att s\u00e4kerst\u00e4lla att den uppfyller v\u00e5ra str\u00e4nga standarder och levererar exakt vad som annonseras. Med 30 unika smaker och en bekr\u00e4ftad kapacitet p\u00e5 10 000 puffar f\u00e5r du en h\u00f6gkvalitativ produkt varje g\u00e5ng. Vi st\u00e5r ocks\u00e5 bakom v\u00e5r produktkvalitet genom att l\u00e5ta dig g\u00f6ra s\u00e4kra k\u00f6p med betalning via Paypal och genom att ha recensioner tillg\u00e4ngliga p\u00e5 <a href=\"https:\/\/www.trustpilot.com\/review\/volovape.com?utm_medium=trustbox&amp;utm_source=TrustBoxReviewCollector\">TrustPilot<\/a>.<\/p>","protected":false},"excerpt":{"rendered":"<p>M\u00f6t Uwin Crystal 10000 Puffs Rechargeable Disposable Vape - upp till 10 000 puffar, 15 dj\u00e4rva smaker och 0-5% nikotinalternativ. Med ett 650mAh-batteri, Type-C-laddning och RGB-lampor \u00e4r den perfekt f\u00f6r bulkbest\u00e4llningar hos VoloVape. Fyll p\u00e5 lagret nu!<\/p>","protected":false},"featured_media":28694,"comment_status":"open","ping_status":"closed","template":"","meta":[],"product_brand":[],"product_cat":[57,224],"product_tag":[],"class_list":{"0":"post-28646","1":"product","2":"type-product","3":"status-publish","4":"has-post-thumbnail","6":"product_cat-10000-puffs-disposable-vape","7":"product_cat-uwin","9":"first","10":"instock","11":"shipping-taxable","12":"purchasable","13":"product-type-variable","14":"has-default-attributes"},"jetpack_sharing_enabled":true,"tiered_pricing_type":"fixed","tiered_pricing_fixed_rules":{"30":5.28000000000000024868995751603506505489349365234375,"50":4.75,"100":4.160000000000000142108547152020037174224853515625,"200":3.979999999999999982236431605997495353221893310546875,"400":3.5800000000000000710542735760100185871124267578125},"tiered_pricing_product_settings":{"layout":"default","base_unit_name":{"singular":null,"plural":null},"default_variation":null},"tiered_pricing_minimum_quantity":10,"tiered_pricing_roles_data":[],"tiered_pricing_percentage_rules":[],"tiered_pricing_maximum_quantity":null,"tiered_pricing_quantity_step":"10","_links":{"self":[{"href":"https:\/\/volovape.com\/sv\/wp-json\/wp\/v2\/product\/28646","targetHints":{"allow":["GET"]}}],"collection":[{"href":"https:\/\/volovape.com\/sv\/wp-json\/wp\/v2\/product"}],"about":[{"href":"https:\/\/volovape.com\/sv\/wp-json\/wp\/v2\/types\/product"}],"replies":[{"embeddable":true,"href":"https:\/\/volovape.com\/sv\/wp-json\/wp\/v2\/comments?post=28646"}],"wp:featuredmedia":[{"embeddable":true,"href":"https:\/\/volovape.com\/sv\/wp-json\/wp\/v2\/media\/28694"}],"wp:attachment":[{"href":"https:\/\/volovape.com\/sv\/wp-json\/wp\/v2\/media?parent=28646"}],"wp:term":[{"taxonomy":"product_brand","embeddable":true,"href":"https:\/\/volovape.com\/sv\/wp-json\/wp\/v2\/product_brand?post=28646"},{"taxonomy":"product_cat","embeddable":true,"href":"https:\/\/volovape.com\/sv\/wp-json\/wp\/v2\/product_cat?post=28646"},{"taxonomy":"product_tag","embeddable":true,"href":"https:\/\/volovape.com\/sv\/wp-json\/wp\/v2\/product_tag?post=28646"}],"curies":[{"name":"wp","href":"https:\/\/api.w.org\/{rel}","templated":true}]}}