{"id":27742,"date":"2025-01-21T03:31:17","date_gmt":"2025-01-21T03:31:17","guid":{"rendered":"https:\/\/volovape.com\/?post_type=product&#038;p=27742"},"modified":"2026-04-29T02:13:28","modified_gmt":"2026-04-29T02:13:28","slug":"waspe-kristall-40k-dubbel-smak-40000-puffar","status":"publish","type":"product","link":"https:\/\/volovape.com\/sv\/product\/waspe-crystal-40k-double-flavor-40000-puffs\/","title":{"rendered":"WASPE Crystal 40K: dubbel smak 40000 puff eng\u00e5ngs vape (dubbel smak) - bulk grossist"},"content":{"rendered":"<p><iframe title=\"VideoPress Videospelare\" aria-label='VideoPress Videospelare' width='421' height='750' src='https:\/\/videopress.com\/embed\/xUagakYO?hd=0&amp;cover=1' frameborder='0' allowfullscreen allow='clipboard-write'><\/iframe><script src='https:\/\/v0.wordpress.com\/js\/next\/videopress-iframe.js?m=1739540970'><\/script><\/p>\n<p><strong>WASPE Crystal 40K eng\u00e5ngsvape<\/strong> - Upplev o\u00f6vertr\u00e4ffad livsl\u00e4ngd och smak.<\/p>\n<p>Den <strong>WASPE Kristall 40K<\/strong> \u00e4r konstruerad f\u00f6r vapers som s\u00f6ker en ut\u00f6kad, smakrik upplevelse. Med en massiv <strong>40.000 puffar<\/strong> kapacitet och en betydande <strong>32 ml f\u00f6rfylld e-juice<\/strong> reservoar minimerar den h\u00e4r enheten behovet av p\u00e5fyllning. Drivs av en robust <strong>850mAh uppladdningsbart batteri<\/strong> med <strong>Typ-C snabbladdning<\/strong>garanterar den l\u00e5ngvarig prestanda. Den avancerade <strong>spolteknik med dubbla n\u00e4t<\/strong> (0,9ohm + 0,9ohm) ger en j\u00e4mn och riklig \u00e5nga. Tillg\u00e4nglig i <strong>0%, 2% och 5% nikotinstyrka<\/strong> och med sp\u00e4nnande <strong>dubbla smakkombinationer<\/strong>WASPE Crystal 40K tillgodoser m\u00e5nga olika \u00f6nskem\u00e5l. Idealisk f\u00f6r b\u00e5de personlig njutning och <strong>eng\u00e5ngs vape grossist<\/strong>, utforska v\u00e5ra alternativ f\u00f6r <strong>bulkbest\u00e4llning<\/strong> besparingar.<\/p>\n<h3><strong>WASPE Crystal 40K Funktioner:<\/strong><\/h3>\n<ul>\n<li>Puffar: Upp till 40.000<\/li>\n<li>Kapacitet f\u00f6r e-v\u00e4tska: 32 ml<\/li>\n<li>Batteri: 850 mAh (uppladdningsbart)<\/li>\n<li>Typ av spole: Dual Mesh (0,9ohm + 0,9ohm)<\/li>\n<li>Styrkor hos nikotin: 0%, 2%, 5%<\/li>\n<li>Laddning: Typ C<\/li>\n<li>Dubbla smakkombinationer<\/li>\n<\/ul>\n<h4>VANLIGA FR\u00c5GOR<\/h4>\n<h5>Hur f\u00f6rb\u00e4ttrar spolen med dubbla n\u00e4t smak och \u00e5ngproduktion?<\/h5>\n<p>WASPE Crystal 40K:s spoldesign med dubbla n\u00e4t s\u00e4kerst\u00e4ller j\u00e4mn uppv\u00e4rmning och maximerar spolens yta i kontakt med e-juice. Detta resulterar i f\u00f6rb\u00e4ttrad smakintensitet, t\u00e4tare \u00e5ngproduktion och en konsekvent j\u00e4mn dragning under hela enhetens livsl\u00e4ngd.<\/p>\n<h5>Vilka \u00e4r de tillg\u00e4ngliga dubbla smakkombinationerna?<\/h5>\n<p>WASPE Crystal 40K erbjuder en rad unika dubbla smakparningar, inklusive Watermelon Ice &amp; Lemon Lime, Red Bull Ice &amp; Strawberry Mango, Blueberry Candy &amp; Strawberry Watermelon, Peach Ice &amp; Watermelon Mango Peach och Grape Ice &amp; Black Dragon Ice. Varje kombination \u00e4r noggrant utformad f\u00f6r att ge en sp\u00e4nnande och tillfredsst\u00e4llande vapingupplevelse.<\/p>\n<h5>Hur vet jag vilken nikotinstyrka som \u00e4r r\u00e4tt f\u00f6r mig?<\/h5>\n<p>WASPE Crystal 40K finns tillg\u00e4nglig i nikotinstyrkorna 0%, 2% och 5%. 0% \u00e4r nikotinfri och passar dem som gillar att vapinga utan nikotin. 2% ger en mild nikotinkick, perfekt f\u00f6r l\u00e4ttr\u00f6kare eller f\u00f6r dem som g\u00e5r \u00f6ver fr\u00e5n h\u00f6gre styrkor. 5% ger en starkare nikotinupplevelse, l\u00e4mplig f\u00f6r storr\u00f6kare eller de som f\u00f6redrar en mer uttalad nikotineffekt.<\/p>\n<h5>Hur kan jag k\u00f6pa WASPE Crystal 40K i bulk?<\/h5>\n<p>WASPE Crystal 40K finns tillg\u00e4nglig f\u00f6r grossistk\u00f6p i bulk. Kontakta oss f\u00f6r mer information om priss\u00e4ttning och alternativ f\u00f6r bulkbest\u00e4llningar, s\u00e5 att du f\u00e5r det b\u00e4sta v\u00e4rdet f\u00f6r dina behov.<\/p>","protected":false},"excerpt":{"rendered":"<p>Upplev o\u00f6vertr\u00e4ffad vaping med WASPE Crystal 40K, en revolutionerande eng\u00e5ngsvape som erbjuder otroliga 40 000 puffar och innovativa dubbla smakkombinationer. Perfekt f\u00f6r grossist- och bulkk\u00f6pare.<\/p>","protected":false},"featured_media":27772,"comment_status":"open","ping_status":"closed","template":"","meta":[],"product_brand":[],"product_cat":[17,74,21,43,18,39,20,23,24,22,25,26,27,28,29,30,31,32,33,34,35,64,36,40],"product_tag":[],"class_list":{"0":"post-27742","1":"product","2":"type-product","3":"status-publish","4":"has-post-thumbnail","6":"product_cat-waspe","7":"product_cat-40000-puffs-disposable-vape","8":"product_cat-big-puffs-vapes","9":"product_cat-crystal-vapes","10":"product_cat-different-puffs-of-disposable-vapes","11":"product_cat-digital-box-vapes","12":"product_cat-disposable-vape-types","13":"product_cat-disposable-vapes-in-austria","14":"product_cat-disposable-vapes-in-belgium","15":"product_cat-disposable-vapes-in-europe","16":"product_cat-disposable-vapes-in-france","17":"product_cat-disposable-vapes-in-germany","18":"product_cat-disposable-vapes-in-hungary","19":"product_cat-disposable-vapes-in-ltaly","20":"product_cat-disposable-vapes-in-netherlands","21":"product_cat-disposable-vapes-in-norway","22":"product_cat-disposable-vapes-in-poland","23":"product_cat-disposable-vapes-in-portugal","24":"product_cat-disposable-vapes-in-spain","25":"product_cat-disposable-vapes-in-sweden","26":"product_cat-disposable-vapes-in-switzerland","27":"product_cat-dual-flavor-vapes","28":"product_cat-rechargeable-vapes","29":"product_cat-smart-screen-vapes","31":"first","32":"instock","33":"shipping-taxable","34":"purchasable","35":"product-type-variable","36":"has-default-attributes"},"jetpack_sharing_enabled":true,"tiered_pricing_type":"fixed","tiered_pricing_fixed_rules":{"30":6.980000000000000426325641456060111522674560546875,"50":6.20999999999999996447286321199499070644378662109375,"100":5.95999999999999996447286321199499070644378662109375,"200":5.589999999999999857891452847979962825775146484375,"400":5.04000000000000003552713678800500929355621337890625},"tiered_pricing_product_settings":{"layout":"default","base_unit_name":{"singular":null,"plural":null},"default_variation":null},"tiered_pricing_minimum_quantity":10,"tiered_pricing_roles_data":[],"tiered_pricing_percentage_rules":[],"tiered_pricing_maximum_quantity":null,"tiered_pricing_quantity_step":"10","_links":{"self":[{"href":"https:\/\/volovape.com\/sv\/wp-json\/wp\/v2\/product\/27742","targetHints":{"allow":["GET"]}}],"collection":[{"href":"https:\/\/volovape.com\/sv\/wp-json\/wp\/v2\/product"}],"about":[{"href":"https:\/\/volovape.com\/sv\/wp-json\/wp\/v2\/types\/product"}],"replies":[{"embeddable":true,"href":"https:\/\/volovape.com\/sv\/wp-json\/wp\/v2\/comments?post=27742"}],"wp:featuredmedia":[{"embeddable":true,"href":"https:\/\/volovape.com\/sv\/wp-json\/wp\/v2\/media\/27772"}],"wp:attachment":[{"href":"https:\/\/volovape.com\/sv\/wp-json\/wp\/v2\/media?parent=27742"}],"wp:term":[{"taxonomy":"product_brand","embeddable":true,"href":"https:\/\/volovape.com\/sv\/wp-json\/wp\/v2\/product_brand?post=27742"},{"taxonomy":"product_cat","embeddable":true,"href":"https:\/\/volovape.com\/sv\/wp-json\/wp\/v2\/product_cat?post=27742"},{"taxonomy":"product_tag","embeddable":true,"href":"https:\/\/volovape.com\/sv\/wp-json\/wp\/v2\/product_tag?post=27742"}],"curies":[{"name":"wp","href":"https:\/\/api.w.org\/{rel}","templated":true}]}}