{"id":1269,"date":"2024-11-21T03:39:32","date_gmt":"2024-11-21T03:39:32","guid":{"rendered":"https:\/\/volovape.com\/?post_type=product&#038;p=1269"},"modified":"2025-09-08T03:35:43","modified_gmt":"2025-09-08T03:35:43","slug":"waspe-30000-puffar-engangs-vape-grossist","status":"publish","type":"product","link":"https:\/\/volovape.com\/sv\/product\/waspe-30000-puffs-disposable-vape-wholesale\/","title":{"rendered":"WASPE 30000 puffar dubbel mesh eng\u00e5ngsvape med uppladdningsbart 850mah-batteri"},"content":{"rendered":"<p>WASPE 30000 Puffs Dual Mesh eng\u00e5ngsvape - 30 000 puffar, uppladdningsbar<br \/>\n<strong>WASPE 30000 Puffs Dual Mesh eng\u00e5ngsvape<\/strong> - Upplev o\u00f6vertr\u00e4ffad livsl\u00e4ngd och smak.<\/p>\n<p>F\u00f6rb\u00e4ttra din vapingupplevelse med <strong>WASPE 30000<\/strong>\u00e4r en revolutionerande eng\u00e5ngsvape som \u00e4r utformad f\u00f6r maximal prestanda. Med h\u00e4pnadsv\u00e4ckande 30 000 puffar, en gener\u00f6s 28 ml e-juice-kapacitet och ett 850 mAh uppladdningsbart batteri med Type-C-laddning, garanterar denna enhet ut\u00f6kade vaping-sessioner utan kompromisser. Den avancerade dual mesh coil-tekniken levererar konsekvent rik och smakfull \u00e5nga, vilket g\u00f6r den perfekt f\u00f6r b\u00e5de personlig njutning och bulk eng\u00e5ngs vape grossistbest\u00e4llningar. Utforska 16 unika smakalternativ, var och en utformad till perfektion, och njut av bekv\u00e4mligheten med en f\u00e4rdig att anv\u00e4nda enhet med h\u00f6g kapacitet.<\/p>\n<h3><strong>WASPE 30000 Funktioner\uff1a.<\/strong><\/h3>\n<ul>\n<li>Puffar: Upp till 30.000 puffar<\/li>\n<li>Kapacitet f\u00f6r e-v\u00e4tska: 28 ml<\/li>\n<li>Batteri: 850 mAh (uppladdningsbart)<\/li>\n<li>Laddning: Typ C<\/li>\n<li>Spole: Spole med dubbelt n\u00e4t<\/li>\n<li>16 unika smaker<\/li>\n<li>Enhet f\u00f6r eng\u00e5ngsbruk<\/li>\n<\/ul>\n<h4>VANLIGA FR\u00c5GOR<\/h4>\n<h5>Vilka leveransmetoder anv\u00e4nds?<\/h5>\n<p>Vi samarbetar med UPS\/DHL\/FEDEX\/DPD, etc. Vi v\u00e4ljer l\u00e4mpligt fraktalternativ beroende p\u00e5 leveransland f\u00f6r att se till att du f\u00e5r dina produkter s\u00e5 snabbt som m\u00f6jligt.<\/p>\n<h5>Hur l\u00e5ng tid tar det att komma fram?<\/h5>\n<p>Detta tar vanligtvis 7-15 arbetsdagar, men kan ta upp till 20 arbetsdagar p\u00e5 helgdagar eller vid d\u00e5liga v\u00e4derf\u00f6rh\u00e5llanden.<\/p>\n<h5>Kan den passera genom tullen och kommer den att orsaka mig n\u00e5gra problem?<\/h5>\n<p>Vi garanterar att du inte kommer att ha n\u00e5gra problem eftersom vi tar hand om tullklareringen och det kommer inte att finnas n\u00e5gra skatter eller avgifter. Vi garanterar att 100% av v\u00e5ra produkter kommer att tullklareras.<\/p>\n<h5>Vad \u00e4r det som g\u00f6r dual mesh coil-tekniken s\u00e5 speciell?<\/h5>\n<p>Dual mesh-spolen i WASPE 30000 f\u00f6rb\u00e4ttrar smaktillf\u00f6rseln och \u00e5ngproduktionen, vilket ger en j\u00e4mn och tillfredsst\u00e4llande r\u00f6kupplevelse med varje bloss och maximerar potentialen f\u00f6r varje smak.<\/p>\n<h5>Kan jag lita p\u00e5 det?<\/h5>\n<p>Vi st\u00f6der PayPal-betalning och k\u00f6parskyddstj\u00e4nst.<br \/>\nDu kan ocks\u00e5 l\u00e4sa v\u00e5ra recensioner p\u00e5 <a href=\"https:\/\/www.trustpilot.com\/review\/volovape.com?utm_medium=trustbox&amp;utm_source=TrustBoxReviewCollector\">TrustPilot<\/a><\/p>","protected":false},"excerpt":{"rendered":"<p>Sl\u00e4pp loss vapinguth\u00e5lligheten med WASPE 30000 Puffs Disposable Vape. Har 28 ml e-juice, 850 mAh batteri, dubbla n\u00e4tspolar och 16 smaker. Bulk grossist tillg\u00e4nglig, Typ-C laddning.<\/p>","protected":false},"featured_media":1491,"comment_status":"open","ping_status":"closed","template":"","meta":[],"product_brand":[],"product_cat":[46,63,21,18,39,20,23,24,22,25,26,27,28,29,30,31,32,33,34,35,44,36,40,17],"product_tag":[],"class_list":{"0":"post-1269","1":"product","2":"type-product","3":"status-publish","4":"has-post-thumbnail","6":"product_cat-fihp","7":"product_cat-30000-puffs-disposable-vape","8":"product_cat-big-puffs-vapes","9":"product_cat-different-puffs-of-disposable-vapes","10":"product_cat-digital-box-vapes","11":"product_cat-disposable-vape-types","12":"product_cat-disposable-vapes-in-austria","13":"product_cat-disposable-vapes-in-belgium","14":"product_cat-disposable-vapes-in-europe","15":"product_cat-disposable-vapes-in-france","16":"product_cat-disposable-vapes-in-germany","17":"product_cat-disposable-vapes-in-hungary","18":"product_cat-disposable-vapes-in-ltaly","19":"product_cat-disposable-vapes-in-netherlands","20":"product_cat-disposable-vapes-in-norway","21":"product_cat-disposable-vapes-in-poland","22":"product_cat-disposable-vapes-in-portugal","23":"product_cat-disposable-vapes-in-spain","24":"product_cat-disposable-vapes-in-sweden","25":"product_cat-disposable-vapes-in-switzerland","26":"product_cat-dual-mesh-vapes","27":"product_cat-rechargeable-vapes","28":"product_cat-smart-screen-vapes","29":"product_cat-waspe","31":"first","32":"instock","33":"shipping-taxable","34":"purchasable","35":"product-type-variable","36":"has-default-attributes"},"jetpack_sharing_enabled":true,"tiered_pricing_type":"fixed","tiered_pricing_fixed_rules":{"2000":5.5},"tiered_pricing_product_settings":{"layout":"default","base_unit_name":{"singular":null,"plural":null},"default_variation":null},"tiered_pricing_minimum_quantity":1000,"tiered_pricing_roles_data":[],"tiered_pricing_percentage_rules":[],"tiered_pricing_maximum_quantity":null,"tiered_pricing_quantity_step":"10","_links":{"self":[{"href":"https:\/\/volovape.com\/sv\/wp-json\/wp\/v2\/product\/1269","targetHints":{"allow":["GET"]}}],"collection":[{"href":"https:\/\/volovape.com\/sv\/wp-json\/wp\/v2\/product"}],"about":[{"href":"https:\/\/volovape.com\/sv\/wp-json\/wp\/v2\/types\/product"}],"replies":[{"embeddable":true,"href":"https:\/\/volovape.com\/sv\/wp-json\/wp\/v2\/comments?post=1269"}],"wp:featuredmedia":[{"embeddable":true,"href":"https:\/\/volovape.com\/sv\/wp-json\/wp\/v2\/media\/1491"}],"wp:attachment":[{"href":"https:\/\/volovape.com\/sv\/wp-json\/wp\/v2\/media?parent=1269"}],"wp:term":[{"taxonomy":"product_brand","embeddable":true,"href":"https:\/\/volovape.com\/sv\/wp-json\/wp\/v2\/product_brand?post=1269"},{"taxonomy":"product_cat","embeddable":true,"href":"https:\/\/volovape.com\/sv\/wp-json\/wp\/v2\/product_cat?post=1269"},{"taxonomy":"product_tag","embeddable":true,"href":"https:\/\/volovape.com\/sv\/wp-json\/wp\/v2\/product_tag?post=1269"}],"curies":[{"name":"wp","href":"https:\/\/api.w.org\/{rel}","templated":true}]}}