{"id":1240,"date":"2024-11-21T03:39:04","date_gmt":"2024-11-21T03:39:04","guid":{"rendered":"https:\/\/volovape.com\/?post_type=product&#038;p=1240"},"modified":"2025-08-07T08:19:48","modified_gmt":"2025-08-07T08:19:48","slug":"forlorad-mary-mo10000","status":"publish","type":"product","link":"https:\/\/volovape.com\/sv\/product\/lost-mary-mo10000\/","title":{"rendered":"Lost Mary MO10000 Eng\u00e5ngsvape - 10 000 puffar, n\u00e4tspole, f\u00f6rhindrar torra tr\u00e4ffar"},"content":{"rendered":"<p><strong>Lost Mary MO10000 Eng\u00e5ngsvape<\/strong> - Upplev 10 000 puffar av ren smak med avancerat skydd mot torrslag.<\/p>\n<p>Dyk in i en l\u00e4ngre vapingresa med Lost Mary MO10000, som levererar upp till 10 000 puffar fr\u00e5n en gener\u00f6s 18 ml e-v\u00e4tskekapacitet. Denna eng\u00e5ngsvape med h\u00f6g kapacitet drivs av ett 600mAh uppladdningsbart batteri, vilket s\u00e4kerst\u00e4ller att du h\u00e5ller dig ig\u00e5ng hela dagen. Njut av rik, j\u00e4mn smak tack vare den raffinerade mesh-spoltekniken, och oroa dig aldrig f\u00f6r br\u00e4nda tr\u00e4ffar med den innovativa funktionen Dry Hit Prevention. Finns i ett varierat utbud av 15 unika smaker, fr\u00e5n Blue Dragon Fruit Peach till Strawberry Grapefruit, den h\u00e4r enheten tillgodoser alla smaker. Lost Mary MO10000 \u00e4r perfekt f\u00f6r personligt bruk eller bulkbest\u00e4llningar och kombinerar bekv\u00e4mlighet med \u00f6verl\u00e4gsen prestanda. Dess eleganta skimrande ripple-design ger en touch av elegans till din vapingupplevelse. Idealisk f\u00f6r dem som s\u00f6ker en premium eng\u00e5ngsvape med l\u00e5ngvarig prestanda.<\/p>\n<h3><strong>Lost Mary MO10000 Funktioner:<\/strong><\/h3>\n<ul>\n<li>Puffar: Upp till 10.000<\/li>\n<li>Kapacitet f\u00f6r e-v\u00e4tska: 18 ml<\/li>\n<li>Batteri: 600 mAh (uppladdningsbart)<\/li>\n<li>Laddning: Typ C<\/li>\n<li>Spole: Coil av raffinerat n\u00e4t<\/li>\n<li>Nikotinstyrka: 5% (20mg\/ml)<\/li>\n<li>Design: Skimrande krusning<\/li>\n<li>F\u00f6rebyggande av smarta torrslag<\/li>\n<\/ul>\n<h4>VANLIGA FR\u00c5GOR<\/h4>\n<h5>Hur fungerar dry hit prevention?<\/h5>\n<p>Lost Mary MO10000 \u00e4r konstruerad med smart teknik som \u00f6vervakar coil- och e-v\u00e4tskeniv\u00e5erna. Detta system justerar automatiskt str\u00f6mf\u00f6rs\u00f6rjningen f\u00f6r att f\u00f6rhindra att spolen \u00f6verhettas, vilket s\u00e4kerst\u00e4ller en j\u00e4mn smak och f\u00f6rhindrar br\u00e4nda smaker, vilket ger en j\u00e4mn och njutbar vape varje g\u00e5ng.<\/p>\n<h5>Vilka leveransmetoder anv\u00e4nds?<\/h5>\n<p>Vi samarbetar med UPS\/DHL\/FEDEX\/DPD, etc. Vi v\u00e4ljer l\u00e4mpligt fraktalternativ beroende p\u00e5 leveransland f\u00f6r att se till att du f\u00e5r dina produkter s\u00e5 snabbt som m\u00f6jligt.<\/p>\n<h5>Hur l\u00e5ng tid tar det att komma fram?<\/h5>\n<p>Detta tar vanligtvis 7-15 arbetsdagar, men kan ta upp till 20 arbetsdagar p\u00e5 helgdagar eller vid d\u00e5liga v\u00e4derf\u00f6rh\u00e5llanden.<\/p>\n<h5>Kan den passera genom tullen och kommer den att orsaka mig n\u00e5gra problem?<\/h5>\n<p>Vi garanterar att du inte kommer att ha n\u00e5gra problem eftersom vi tar hand om tullklareringen och det kommer inte att finnas n\u00e5gra skatter eller avgifter. Vi garanterar att 100% av v\u00e5ra produkter kommer att tullklareras.<\/p>\n<h5>Kan jag lita p\u00e5 det?<\/h5>\n<p>Vi st\u00f6der PayPal-betalning och k\u00f6parskyddstj\u00e4nst. Du kan ocks\u00e5 kolla v\u00e5ra recensioner p\u00e5 <a href=\"https:\/\/www.trustpilot.com\/review\/volovape.com?utm_medium=trustbox&amp;utm_source=TrustBoxReviewCollector\">TrustPilot<\/a>.<\/p>","protected":false},"excerpt":{"rendered":"<p>F\u00f6rh\u00f6j din vaping med Lost Mary MO10000 Disposable Vape. Erbjuder 18ml e-juice, 600mAh batteri, mesh coil, dry hit prevention, 5% nikotin. Bulk grossist, flera smaker, Typ-C laddning.<\/p>","protected":false},"featured_media":1437,"comment_status":"open","ping_status":"closed","template":"","meta":[],"product_brand":[],"product_cat":[73,57,21,18,20,23,24,22,25,26,27,28,29,30,31,32,33,34,35,36],"product_tag":[],"class_list":{"0":"post-1240","1":"product","2":"type-product","3":"status-publish","4":"has-post-thumbnail","6":"product_cat-lost-mary","7":"product_cat-10000-puffs-disposable-vape","8":"product_cat-big-puffs-vapes","9":"product_cat-different-puffs-of-disposable-vapes","10":"product_cat-disposable-vape-types","11":"product_cat-disposable-vapes-in-austria","12":"product_cat-disposable-vapes-in-belgium","13":"product_cat-disposable-vapes-in-europe","14":"product_cat-disposable-vapes-in-france","15":"product_cat-disposable-vapes-in-germany","16":"product_cat-disposable-vapes-in-hungary","17":"product_cat-disposable-vapes-in-ltaly","18":"product_cat-disposable-vapes-in-netherlands","19":"product_cat-disposable-vapes-in-norway","20":"product_cat-disposable-vapes-in-poland","21":"product_cat-disposable-vapes-in-portugal","22":"product_cat-disposable-vapes-in-spain","23":"product_cat-disposable-vapes-in-sweden","24":"product_cat-disposable-vapes-in-switzerland","25":"product_cat-rechargeable-vapes","27":"first","28":"instock","29":"shipping-taxable","30":"purchasable","31":"product-type-variable","32":"has-default-attributes"},"jetpack_sharing_enabled":true,"tiered_pricing_type":"fixed","tiered_pricing_fixed_rules":{"2000":6.5},"tiered_pricing_product_settings":{"layout":"default","base_unit_name":{"singular":null,"plural":null},"default_variation":null},"tiered_pricing_minimum_quantity":1000,"tiered_pricing_roles_data":[],"tiered_pricing_percentage_rules":[],"tiered_pricing_maximum_quantity":null,"tiered_pricing_quantity_step":"100","_links":{"self":[{"href":"https:\/\/volovape.com\/sv\/wp-json\/wp\/v2\/product\/1240","targetHints":{"allow":["GET"]}}],"collection":[{"href":"https:\/\/volovape.com\/sv\/wp-json\/wp\/v2\/product"}],"about":[{"href":"https:\/\/volovape.com\/sv\/wp-json\/wp\/v2\/types\/product"}],"replies":[{"embeddable":true,"href":"https:\/\/volovape.com\/sv\/wp-json\/wp\/v2\/comments?post=1240"}],"wp:featuredmedia":[{"embeddable":true,"href":"https:\/\/volovape.com\/sv\/wp-json\/wp\/v2\/media\/1437"}],"wp:attachment":[{"href":"https:\/\/volovape.com\/sv\/wp-json\/wp\/v2\/media?parent=1240"}],"wp:term":[{"taxonomy":"product_brand","embeddable":true,"href":"https:\/\/volovape.com\/sv\/wp-json\/wp\/v2\/product_brand?post=1240"},{"taxonomy":"product_cat","embeddable":true,"href":"https:\/\/volovape.com\/sv\/wp-json\/wp\/v2\/product_cat?post=1240"},{"taxonomy":"product_tag","embeddable":true,"href":"https:\/\/volovape.com\/sv\/wp-json\/wp\/v2\/product_tag?post=1240"}],"curies":[{"name":"wp","href":"https:\/\/api.w.org\/{rel}","templated":true}]}}