{"id":1168,"date":"2024-11-21T03:37:57","date_gmt":"2024-11-21T03:37:57","guid":{"rendered":"https:\/\/volovape.com\/?post_type=product&#038;p=1168"},"modified":"2025-07-13T13:49:52","modified_gmt":"2025-07-13T13:49:52","slug":"vapsolo-tornado-pro-12000-puffar","status":"publish","type":"product","link":"https:\/\/volovape.com\/sv\/product\/vapsolo-tornado-pro-12000-puffs\/","title":{"rendered":"Vapsolo Tornado Pro 12000 Puffs eng\u00e5ngsvape - RGB, justerbart luftfl\u00f6de, n\u00e4tspole"},"content":{"rendered":"<p><iframe title=\"VideoPress Videospelare\" aria-label='VideoPress Videospelare' width='421' height='750' src='https:\/\/videopress.com\/embed\/IQNVFUQ9?hd=0&amp;cover=1' frameborder='0' allowfullscreen allow='clipboard-write'><\/iframe><script src='https:\/\/v0.wordpress.com\/js\/next\/videopress-iframe.js?m=1739540970'><\/script><\/p>\n<p><strong>Vapsolo Tornado Pro 12000 Puffs Eng\u00e5ngs Vape<\/strong> - Anpassningsbar vaping med RGB-belysning och justerbart luftfl\u00f6de.<\/p>\n<p>Den <strong>Vapsolo Tornado Pro 12000 Puffs<\/strong> eng\u00e5ngsvape ger en personlig vapingupplevelse med sin <strong>Justerbart luftfl\u00f6de i 4 niv\u00e5er<\/strong> och livfull <strong>RGB-belysning<\/strong>. Med upp till <strong>12.000 puffar<\/strong>, a <strong>20 ml beh\u00e5llare f\u00f6r e-v\u00e4tska<\/strong>och en <strong>650mAh uppladdningsbart batteri<\/strong>erbjuder denna enhet exceptionell livsl\u00e4ngd. Den <strong>Spole med 0,9\u03a9 maskor<\/strong> ger en j\u00e4mn och smakrik \u00e5nga, och den omfattande displayen h\u00e5ller dig informerad om batteri- och e-v\u00e4tskeniv\u00e5erna. Obs: \u00c4ven om den fr\u00e4mst \u00e4r avsedd f\u00f6r eng\u00e5ngsbruk kan den stora kapaciteten m\u00f6jligg\u00f6ra 1-2 p\u00e5fyllningar efter f\u00f6rsta anv\u00e4ndningen, men optimal prestanda uppn\u00e5s med den f\u00f6rfyllda e-v\u00e4tskan. Vapsolo Tornado Pro \u00e4r idealisk f\u00f6r vapers som s\u00f6ker anpassning och stil, och \u00e4r perfekt f\u00f6r personligt bruk och <strong>eng\u00e5ngs vape grossist<\/strong>. <strong>Bulkbest\u00e4llning<\/strong> alternativ finns tillg\u00e4ngliga f\u00f6r \u00e5terf\u00f6rs\u00e4ljare.<\/p>\n<h3><strong>Vapsolo Tornado Pro 12000 Puffs Funktioner:<\/strong><\/h3>\n<ul>\n<li>Puffar: Upp till 12.000<\/li>\n<li>Kapacitet f\u00f6r e-v\u00e4tska: 20 ml<\/li>\n<li>Batteri: 650 mAh (uppladdningsbart)<\/li>\n<li>Laddning: Typ C<\/li>\n<li>Spole: 0,9\u03a9 Mesh-spole<\/li>\n<li>Luftfl\u00f6de: Justerbart i 4 niv\u00e5er<\/li>\n<li>Belysning: RGB<\/li>\n<li>Display: Omfattande (batteri- och e-v\u00e4tskeniv\u00e5er)<\/li>\n<li>Tillg\u00e4ngliga smaker: Vattenmelon Ice, Strawberry Kiwi, Blue Razz, Fizzy Cherry, Blueberry Ice, Strawberry Raspberry Cherry Ice, Peach Mango Pineapple, Grape Ice, Raspberry Watermelon, Strawberry Banana.<\/li>\n<\/ul>\n<h4>VANLIGA FR\u00c5GOR<\/h4>\n<h5>Hur f\u00f6rb\u00e4ttrar det justerbara luftfl\u00f6det i 4 niv\u00e5er vapingupplevelsen?<\/h5>\n<p>Det justerbara luftfl\u00f6det i 4 niv\u00e5er g\u00f6r att anv\u00e4ndaren kan finjustera sitt drag och v\u00e4xla mellan en tight MTL-stil (mun-till-lunga) f\u00f6r en mer koncentrerad smak och en l\u00f6sare DTL-stil (direkt-till-lunga) f\u00f6r st\u00f6rre \u00e5ngmoln. Denna m\u00e5ngsidighet tillgodoser individuella preferenser och ger en personlig och tillfredsst\u00e4llande vapingupplevelse.<\/p>\n<h5>Vilka \u00e4r f\u00f6rdelarna med RGB-belysning och helt\u00e4ckande display?<\/h5>\n<p>Den livfulla RGB-belysningen ger ett snyggt och anpassningsbart visuellt element som f\u00f6rh\u00f6jer den totala vapingupplevelsen. Den omfattande displayen ger information i realtid om batteri- och e-v\u00e4tskeniv\u00e5er, s\u00e5 att du alltid \u00e4r informerad om enhetens status.<\/p>\n<h5>Vilken betydelse har spolen med 0,9\u03a9 maskvidd?<\/h5>\n<p>Mesh-spolen p\u00e5 0,9\u03a9 \u00e4r utformad f\u00f6r att ge en konsekvent och j\u00e4mn uppv\u00e4rmning, vilket resulterar i en j\u00e4mn, rik och smakrik \u00e5ngproduktion. Denna spole s\u00e4kerst\u00e4ller att varje bloss \u00e4r tillfredsst\u00e4llande och maximerar smakleveransen fr\u00e5n e-juice.<\/p>\n<h5>Vilka leveransmetoder anv\u00e4nds?<\/h5>\n<p>Vi samarbetar med p\u00e5litliga transport\u00f6rer som UPS, DHL, FedEx och DPD f\u00f6r att s\u00e4kerst\u00e4lla en effektiv och s\u00e4ker leverans. Vi v\u00e4ljer den l\u00e4mpligaste leveransmetoden baserat p\u00e5 din plats f\u00f6r att f\u00e5 din best\u00e4llning till dig s\u00e5 snabbt som m\u00f6jligt.<\/p>\n<h5>Kan jag lita p\u00e5 mitt k\u00f6p?<\/h5>\n<p>Vi prioriterar kundn\u00f6jdhet och erbjuder s\u00e4kra betalningsalternativ, inklusive PayPal med k\u00f6parskydd. Du kan ocks\u00e5 se kundrecensioner p\u00e5 TrustPilot: <a href=\"https:\/\/www.trustpilot.com\/review\/volovape.com?utm_medium=trustbox&amp;utm_source=TrustBoxReviewCollector\">TrustPilot<\/a>.<\/p>","protected":false},"excerpt":{"rendered":"<p>\u00d6ka din vape-f\u00f6rs\u00e4ljning med Vapsolo Tornado Pro 12000 Puffs grossist! Justerbart luftfl\u00f6de, RGB-lampor, 0,9\u03a9 mesh-spole, 20 ml, uppladdningsbar. Lager levande, anpassningsbara vapes.<\/p>","protected":false},"featured_media":1407,"comment_status":"open","ping_status":"closed","template":"","meta":[],"product_brand":[],"product_cat":[72,38,21,18,39,20,23,24,22,25,26,27,28,29,30,31,32,33,34,35,36,40],"product_tag":[],"class_list":{"0":"post-1168","1":"product","2":"type-product","3":"status-publish","4":"has-post-thumbnail","6":"product_cat-vapsolo","7":"product_cat-12000-puffs-disposable-vape","8":"product_cat-big-puffs-vapes","9":"product_cat-different-puffs-of-disposable-vapes","10":"product_cat-digital-box-vapes","11":"product_cat-disposable-vape-types","12":"product_cat-disposable-vapes-in-austria","13":"product_cat-disposable-vapes-in-belgium","14":"product_cat-disposable-vapes-in-europe","15":"product_cat-disposable-vapes-in-france","16":"product_cat-disposable-vapes-in-germany","17":"product_cat-disposable-vapes-in-hungary","18":"product_cat-disposable-vapes-in-ltaly","19":"product_cat-disposable-vapes-in-netherlands","20":"product_cat-disposable-vapes-in-norway","21":"product_cat-disposable-vapes-in-poland","22":"product_cat-disposable-vapes-in-portugal","23":"product_cat-disposable-vapes-in-spain","24":"product_cat-disposable-vapes-in-sweden","25":"product_cat-disposable-vapes-in-switzerland","26":"product_cat-rechargeable-vapes","27":"product_cat-smart-screen-vapes","29":"first","30":"instock","31":"shipping-taxable","32":"purchasable","33":"product-type-variable","34":"has-default-attributes"},"jetpack_sharing_enabled":true,"tiered_pricing_type":"fixed","tiered_pricing_fixed_rules":{"2000":6.4900000000000002131628207280300557613372802734375},"tiered_pricing_product_settings":{"layout":"default","base_unit_name":{"singular":null,"plural":null},"default_variation":null},"tiered_pricing_minimum_quantity":1000,"tiered_pricing_roles_data":[],"tiered_pricing_percentage_rules":[],"tiered_pricing_maximum_quantity":null,"tiered_pricing_quantity_step":"10","_links":{"self":[{"href":"https:\/\/volovape.com\/sv\/wp-json\/wp\/v2\/product\/1168","targetHints":{"allow":["GET"]}}],"collection":[{"href":"https:\/\/volovape.com\/sv\/wp-json\/wp\/v2\/product"}],"about":[{"href":"https:\/\/volovape.com\/sv\/wp-json\/wp\/v2\/types\/product"}],"replies":[{"embeddable":true,"href":"https:\/\/volovape.com\/sv\/wp-json\/wp\/v2\/comments?post=1168"}],"wp:featuredmedia":[{"embeddable":true,"href":"https:\/\/volovape.com\/sv\/wp-json\/wp\/v2\/media\/1407"}],"wp:attachment":[{"href":"https:\/\/volovape.com\/sv\/wp-json\/wp\/v2\/media?parent=1168"}],"wp:term":[{"taxonomy":"product_brand","embeddable":true,"href":"https:\/\/volovape.com\/sv\/wp-json\/wp\/v2\/product_brand?post=1168"},{"taxonomy":"product_cat","embeddable":true,"href":"https:\/\/volovape.com\/sv\/wp-json\/wp\/v2\/product_cat?post=1168"},{"taxonomy":"product_tag","embeddable":true,"href":"https:\/\/volovape.com\/sv\/wp-json\/wp\/v2\/product_tag?post=1168"}],"curies":[{"name":"wp","href":"https:\/\/api.w.org\/{rel}","templated":true}]}}