{"id":1167,"date":"2024-11-21T03:37:57","date_gmt":"2024-11-21T03:37:57","guid":{"rendered":"https:\/\/volovape.com\/?post_type=product&#038;p=1167"},"modified":"2025-07-13T13:48:06","modified_gmt":"2025-07-13T13:48:06","slug":"vapsolo-dg18000-puffar","status":"publish","type":"product","link":"https:\/\/volovape.com\/sv\/product\/vapsolo-dg18000-puffs\/","title":{"rendered":"Vapsolo DG18000 Puffs eng\u00e5ngsvape - 28 ml kapacitet, 0,9\u03a9 resistans"},"content":{"rendered":"<p><iframe title=\"VideoPress Videospelare\" aria-label='VideoPress Videospelare' width='500' height='281' src='https:\/\/videopress.com\/embed\/ss3cmXiS?hd=0&amp;cover=1' frameborder='0' allowfullscreen allow='clipboard-write'><\/iframe><script src='https:\/\/v0.wordpress.com\/js\/next\/videopress-iframe.js?m=1739540970'><\/script><\/p>\n<p><strong>Vapsolo DG18000 Puffs eng\u00e5ngsvape<\/strong> - O\u00f6vertr\u00e4ffad livsl\u00e4ngd och j\u00e4mn \u00e5nga i en enhet med h\u00f6g kapacitet.<\/p>\n<p>Den <strong>Vapsolo DG18000 Puffar<\/strong> eng\u00e5ngsvape \u00e4r konstruerad f\u00f6r vapers som kr\u00e4ver l\u00e5ngvarig anv\u00e4ndning och \u00f6verl\u00e4gsen prestanda. Med en imponerande <strong>18.000 puffar<\/strong> kapacitet, en massiv <strong>28 ml beh\u00e5llare f\u00f6r e-v\u00e4tska<\/strong>och en <strong>650mAh uppladdningsbart batteri<\/strong>erbjuder denna enhet o\u00f6vertr\u00e4ffad livsl\u00e4ngd och bekv\u00e4mlighet. Den optimerade <strong>0,9\u03a9 motst\u00e5nd<\/strong> ger en j\u00e4mn och smakrik \u00e5ngproduktion. V\u00e4lj mellan <strong>Nikotinstyrkorna 2% och 5%<\/strong>. Vapsolo DG18000 \u00e4r idealisk f\u00f6r vapers som vill ha l\u00e5ngvarig njutning och \u00e4r perfekt f\u00f6r personligt bruk och <strong>eng\u00e5ngs vape grossist<\/strong>. <strong>Bulkbest\u00e4llning<\/strong> alternativ finns tillg\u00e4ngliga f\u00f6r \u00e5terf\u00f6rs\u00e4ljare.<\/p>\n<h3><strong>Vapsolo DG18000 Puffs Funktioner:<\/strong><\/h3>\n<ul>\n<li>Puffar: Upp till 18.000<\/li>\n<li>Kapacitet f\u00f6r e-v\u00e4tska: 28 ml<\/li>\n<li>Batteri: 650 mAh (uppladdningsbart)<\/li>\n<li>Laddning: Typ C<\/li>\n<li>Motst\u00e5nd: 0.9\u03a9<\/li>\n<li>Styrkor hos nikotin: 2%, 5%<\/li>\n<li>Tillg\u00e4ngliga smaker: Persika Mango Ananas, Passion Fruit Kiwi Ice, Blueberry Cherry Cranberry, Watermelon Ice, Strawberry Kiwi, Lemon Lime, Strawberry Banana, Red Bull, Mixed Berries, Prime Strawberry Watermelon.<\/li>\n<\/ul>\n<h4>VANLIGA FR\u00c5GOR<\/h4>\n<h5>Hur f\u00f6rb\u00e4ttrar 0,9\u03a9-motst\u00e5ndet vapingupplevelsen?<\/h5>\n<p>Motst\u00e5ndet p\u00e5 0,9\u03a9 \u00e4r s\u00e4rskilt utformat f\u00f6r att ge en balans mellan smak och \u00e5ngproduktion. Motst\u00e5ndet s\u00e4kerst\u00e4ller en j\u00e4mn och smidig \u00e5nga som ger rika och tillfredsst\u00e4llande smaker vid varje bloss. Den \u00e4r optimerad f\u00f6r en bekv\u00e4m och njutbar vapingupplevelse.<\/p>\n<h5>Vilka \u00e4r f\u00f6rdelarna med en kapacitet p\u00e5 18 000 puffar och en 28 ml reservoar f\u00f6r e-v\u00e4tska?<\/h5>\n<p>Kapaciteten p\u00e5 18 000 puffar och 28 ml e-v\u00e4tskebeh\u00e5llare ger ut\u00f6kad anv\u00e4ndning, vilket minimerar behovet av frekventa byten. Detta g\u00f6r Vapsolo DG18000 idealisk f\u00f6r anv\u00e4ndare som vill ha en l\u00e5ngvarig och bekv\u00e4m vapingl\u00f6sning, perfekt f\u00f6r resor eller daglig anv\u00e4ndning.<\/p>\n<h5>Hur snabbt laddas batteriet p\u00e5 650 mAh?<\/h5>\n<p>Batteriet p\u00e5 650 mAh st\u00f6der l\u00e5nga vaping-sessioner och laddas snabbt via Type-C-laddning. Detta s\u00e4kerst\u00e4ller minimal stillest\u00e5ndstid, s\u00e5 att du kan njuta av din enhet utan l\u00e5nga v\u00e4ntetider.<\/p>\n<h5>Vilka leveransmetoder anv\u00e4nds?<\/h5>\n<p>Vi samarbetar med p\u00e5litliga transport\u00f6rer som UPS, DHL, FedEx och DPD f\u00f6r att s\u00e4kerst\u00e4lla en effektiv och s\u00e4ker leverans. Vi v\u00e4ljer den l\u00e4mpligaste leveransmetoden baserat p\u00e5 din plats f\u00f6r att f\u00e5 din best\u00e4llning till dig s\u00e5 snabbt som m\u00f6jligt.<\/p>\n<h5>Kan jag lita p\u00e5 mitt k\u00f6p?<\/h5>\n<p>Vi prioriterar kundn\u00f6jdhet och erbjuder s\u00e4kra betalningsalternativ, inklusive PayPal med k\u00f6parskydd. Du kan ocks\u00e5 se kundrecensioner p\u00e5 TrustPilot: <a href=\"https:\/\/www.trustpilot.com\/review\/volovape.com?utm_medium=trustbox&amp;utm_source=TrustBoxReviewCollector\">TrustPilot<\/a>.<\/p>","protected":false},"excerpt":{"rendered":"<p>Fyll p\u00e5 ditt lager av Vapsolo DG18000 Puffs eng\u00e5ngsvape i bulk. Med 28 ml e-juice, 2% &amp; 5% nikotinalternativ och j\u00e4mn \u00e5nga \u00e4r den perfekt f\u00f6r grossister och \u00e5terf\u00f6rs\u00e4ljare av vapeprodukter.<\/p>","protected":false},"featured_media":1388,"comment_status":"open","ping_status":"closed","template":"","meta":[],"product_brand":[],"product_cat":[72,50,21,18,39,20,23,24,22,25,26,27,28,29,30,31,32,33,34,35,36,40],"product_tag":[],"class_list":{"0":"post-1167","1":"product","2":"type-product","3":"status-publish","4":"has-post-thumbnail","6":"product_cat-vapsolo","7":"product_cat-18000-puffs-disposable-vape","8":"product_cat-big-puffs-vapes","9":"product_cat-different-puffs-of-disposable-vapes","10":"product_cat-digital-box-vapes","11":"product_cat-disposable-vape-types","12":"product_cat-disposable-vapes-in-austria","13":"product_cat-disposable-vapes-in-belgium","14":"product_cat-disposable-vapes-in-europe","15":"product_cat-disposable-vapes-in-france","16":"product_cat-disposable-vapes-in-germany","17":"product_cat-disposable-vapes-in-hungary","18":"product_cat-disposable-vapes-in-ltaly","19":"product_cat-disposable-vapes-in-netherlands","20":"product_cat-disposable-vapes-in-norway","21":"product_cat-disposable-vapes-in-poland","22":"product_cat-disposable-vapes-in-portugal","23":"product_cat-disposable-vapes-in-spain","24":"product_cat-disposable-vapes-in-sweden","25":"product_cat-disposable-vapes-in-switzerland","26":"product_cat-rechargeable-vapes","27":"product_cat-smart-screen-vapes","29":"first","30":"instock","31":"shipping-taxable","32":"purchasable","33":"product-type-variable","34":"has-default-attributes"},"jetpack_sharing_enabled":true,"tiered_pricing_type":"fixed","tiered_pricing_fixed_rules":{"2000":6.9900000000000002131628207280300557613372802734375},"tiered_pricing_product_settings":{"layout":"default","base_unit_name":{"singular":null,"plural":null},"default_variation":null},"tiered_pricing_minimum_quantity":1000,"tiered_pricing_roles_data":[],"tiered_pricing_percentage_rules":[],"tiered_pricing_maximum_quantity":null,"tiered_pricing_quantity_step":"10","_links":{"self":[{"href":"https:\/\/volovape.com\/sv\/wp-json\/wp\/v2\/product\/1167","targetHints":{"allow":["GET"]}}],"collection":[{"href":"https:\/\/volovape.com\/sv\/wp-json\/wp\/v2\/product"}],"about":[{"href":"https:\/\/volovape.com\/sv\/wp-json\/wp\/v2\/types\/product"}],"replies":[{"embeddable":true,"href":"https:\/\/volovape.com\/sv\/wp-json\/wp\/v2\/comments?post=1167"}],"wp:featuredmedia":[{"embeddable":true,"href":"https:\/\/volovape.com\/sv\/wp-json\/wp\/v2\/media\/1388"}],"wp:attachment":[{"href":"https:\/\/volovape.com\/sv\/wp-json\/wp\/v2\/media?parent=1167"}],"wp:term":[{"taxonomy":"product_brand","embeddable":true,"href":"https:\/\/volovape.com\/sv\/wp-json\/wp\/v2\/product_brand?post=1167"},{"taxonomy":"product_cat","embeddable":true,"href":"https:\/\/volovape.com\/sv\/wp-json\/wp\/v2\/product_cat?post=1167"},{"taxonomy":"product_tag","embeddable":true,"href":"https:\/\/volovape.com\/sv\/wp-json\/wp\/v2\/product_tag?post=1167"}],"curies":[{"name":"wp","href":"https:\/\/api.w.org\/{rel}","templated":true}]}}