{"id":1166,"date":"2024-11-21T03:37:57","date_gmt":"2024-11-21T03:37:57","guid":{"rendered":"https:\/\/volovape.com\/?post_type=product&#038;p=1166"},"modified":"2025-08-07T08:19:46","modified_gmt":"2025-08-07T08:19:46","slug":"vapsolo-viking-12000-puffar","status":"publish","type":"product","link":"https:\/\/volovape.com\/sv\/product\/vapsolo-viking-12000-puffs\/","title":{"rendered":"VapSolo Viking 12000 Puffs Eng\u00e5ngsvape - justerbart luftfl\u00f6de, mesh-spole, LCD"},"content":{"rendered":"<p><iframe title=\"VideoPress Videospelare\" aria-label='VideoPress Videospelare' width='500' height='281' src='https:\/\/videopress.com\/embed\/ngfVq1VJ?hd=0&amp;cover=1' frameborder='0' allowfullscreen allow='clipboard-write'><\/iframe><script src='https:\/\/v0.wordpress.com\/js\/next\/videopress-iframe.js?m=1739540970'><\/script><\/p>\n<p><strong>VapSolo Viking 12000 puffar eng\u00e5ngsvape<\/strong> - Personligt anpassad vaping med justerbart luftfl\u00f6de och LCD-display.<\/p>\n<p>Den <strong>VapSolo Viking 12000 Puffar<\/strong> eng\u00e5ngsvape ger en anpassningsbar vapingupplevelse med sin <strong>Justerbart luftfl\u00f6de i 4 niv\u00e5er<\/strong>vilket g\u00f6r att du kan v\u00e4xla mellan MTL- och DTL-stilar. Med upp till <strong>12.000 puffar<\/strong>, en gener\u00f6s <strong>22 ml beh\u00e5llare f\u00f6r e-v\u00e4tska<\/strong>och en <strong>650mAh uppladdningsbart batteri<\/strong>erbjuder denna enhet exceptionellt v\u00e4rde och l\u00e5ng livsl\u00e4ngd. Den <strong>1,0\u03a9 n\u00e4tspole<\/strong> garanterar en j\u00e4mn och smakrik \u00e5nga, medan <strong>LCD-display<\/strong> ger realtids\u00f6vervakning av batteritid och vape-status. VapSolo Viking \u00e4r idealisk f\u00f6r vapnare som vill ha personlig kontroll och \u00e4r perfekt f\u00f6r personligt bruk och <strong>eng\u00e5ngs vape grossist<\/strong>. <strong>Bulkbest\u00e4llning<\/strong> alternativ finns tillg\u00e4ngliga f\u00f6r \u00e5terf\u00f6rs\u00e4ljare.<\/p>\n<h3><strong>VapSolo Viking 12000 Puffs Funktioner:<\/strong><\/h3>\n<ul>\n<li>Puffar: Upp till 12.000<\/li>\n<li>Kapacitet f\u00f6r e-v\u00e4tska: 22 ml<\/li>\n<li>Batteri: 650 mAh (uppladdningsbart)<\/li>\n<li>Laddning: Typ C<\/li>\n<li>Spole: 1.0\u03a9 Mesh-spole<\/li>\n<li>Luftfl\u00f6de: Justerbart i 4 niv\u00e5er<\/li>\n<li>Display: LCD (batteri- och vaporstatus)<\/li>\n<li>Tillg\u00e4ngliga smaker: Blueberry Raspberry, Blueberry, Cherry, Watermelon Ice, Strawberry Kiwi, Strawberry Watermelon, Blueberry Cherry Cranberry, Lemon Lime, Gummy Bear, Strawberry Banana, Fresh Mint, Strawberry Raspberry Ice, Lemon Peach, Red Apple Ice.<\/li>\n<\/ul>\n<h4>VANLIGA FR\u00c5GOR<\/h4>\n<h5>Hur f\u00f6rb\u00e4ttrar det justerbara luftfl\u00f6det i 4 niv\u00e5er vapingupplevelsen?<\/h5>\n<p>Det justerbara luftfl\u00f6det i 4 niv\u00e5er g\u00f6r att anv\u00e4ndaren kan finjustera sitt drag och v\u00e4xla mellan en tight MTL-stil (mun-till-lunga) f\u00f6r en mer koncentrerad smak och en l\u00f6sare DTL-stil (direkt-till-lunga) f\u00f6r st\u00f6rre \u00e5ngmoln. Denna m\u00e5ngsidighet tillgodoser individuella preferenser och ger en personlig och tillfredsst\u00e4llande vapingupplevelse.<\/p>\n<h5>Vilka \u00e4r f\u00f6rdelarna med LCD-displayen?<\/h5>\n<p>LCD-displayen ger information i realtid om batteritid och vape-status, s\u00e5 att anv\u00e4ndarna enkelt kan \u00f6vervaka enhetens tillst\u00e5nd. Den h\u00e4r funktionen s\u00e4kerst\u00e4ller att du alltid \u00e4r informerad och kan planera dina vaping-sessioner d\u00e4refter, vilket \u00f6kar bekv\u00e4mligheten och f\u00f6rhindrar ov\u00e4ntade avbrott.<\/p>\n<h5>Hur bidrar 1,0\u03a9 mesh-spolen till smak- och \u00e5ngproduktion?<\/h5>\n<p>Mesh-spolen p\u00e5 1,0\u03a9 \u00e4r utformad f\u00f6r att ge en konsekvent och j\u00e4mn uppv\u00e4rmning, vilket resulterar i en j\u00e4mn, rik och smakrik \u00e5ngproduktion. Denna spole s\u00e4kerst\u00e4ller att varje bloss \u00e4r tillfredsst\u00e4llande och maximerar smakleveransen fr\u00e5n e-liquid.<\/p>\n<h5>Vilka leveransmetoder anv\u00e4nds?<\/h5>\n<p>Vi samarbetar med p\u00e5litliga transport\u00f6rer som UPS, DHL, FedEx och DPD f\u00f6r att s\u00e4kerst\u00e4lla en effektiv och s\u00e4ker leverans. Vi v\u00e4ljer den l\u00e4mpligaste leveransmetoden baserat p\u00e5 din plats f\u00f6r att f\u00e5 din best\u00e4llning till dig s\u00e5 snabbt som m\u00f6jligt.<\/p>\n<h5>Kan jag lita p\u00e5 mitt k\u00f6p?<\/h5>\n<p>Vi prioriterar kundn\u00f6jdhet och erbjuder s\u00e4kra betalningsalternativ, inklusive PayPal med k\u00f6parskydd. Du kan ocks\u00e5 se kundrecensioner p\u00e5 TrustPilot: <a href=\"https:\/\/www.trustpilot.com\/review\/volovape.com?utm_medium=trustbox&amp;utm_source=TrustBoxReviewCollector\">TrustPilot<\/a>.<\/p>","protected":false},"excerpt":{"rendered":"<p>Best\u00e4ll VapSolo Viking 12000 Puffs Eng\u00e5ngs Vape i bulk. Justerbart luftfl\u00f6de, LCD-sk\u00e4rm och j\u00e4mn smak g\u00f6r den perfekt f\u00f6r k\u00f6pare och \u00e5terf\u00f6rs\u00e4ljare av vape i grossistledet som s\u00f6ker h\u00f6gpresterande alternativ.<\/p>","protected":false},"featured_media":1373,"comment_status":"open","ping_status":"closed","template":"","meta":[],"product_brand":[],"product_cat":[72,38,21,18,39,20,23,24,22,25,26,27,28,29,30,31,32,33,34,35,36,40],"product_tag":[],"class_list":{"0":"post-1166","1":"product","2":"type-product","3":"status-publish","4":"has-post-thumbnail","6":"product_cat-vapsolo","7":"product_cat-12000-puffs-disposable-vape","8":"product_cat-big-puffs-vapes","9":"product_cat-different-puffs-of-disposable-vapes","10":"product_cat-digital-box-vapes","11":"product_cat-disposable-vape-types","12":"product_cat-disposable-vapes-in-austria","13":"product_cat-disposable-vapes-in-belgium","14":"product_cat-disposable-vapes-in-europe","15":"product_cat-disposable-vapes-in-france","16":"product_cat-disposable-vapes-in-germany","17":"product_cat-disposable-vapes-in-hungary","18":"product_cat-disposable-vapes-in-ltaly","19":"product_cat-disposable-vapes-in-netherlands","20":"product_cat-disposable-vapes-in-norway","21":"product_cat-disposable-vapes-in-poland","22":"product_cat-disposable-vapes-in-portugal","23":"product_cat-disposable-vapes-in-spain","24":"product_cat-disposable-vapes-in-sweden","25":"product_cat-disposable-vapes-in-switzerland","26":"product_cat-rechargeable-vapes","27":"product_cat-smart-screen-vapes","29":"first","30":"instock","31":"shipping-taxable","32":"purchasable","33":"product-type-variable","34":"has-default-attributes"},"jetpack_sharing_enabled":true,"tiered_pricing_type":"fixed","tiered_pricing_fixed_rules":{"2000":5.6500000000000003552713678800500929355621337890625},"tiered_pricing_product_settings":{"layout":"default","base_unit_name":{"singular":null,"plural":null},"default_variation":null},"tiered_pricing_minimum_quantity":1000,"tiered_pricing_roles_data":[],"tiered_pricing_percentage_rules":[],"tiered_pricing_maximum_quantity":null,"tiered_pricing_quantity_step":"10","_links":{"self":[{"href":"https:\/\/volovape.com\/sv\/wp-json\/wp\/v2\/product\/1166","targetHints":{"allow":["GET"]}}],"collection":[{"href":"https:\/\/volovape.com\/sv\/wp-json\/wp\/v2\/product"}],"about":[{"href":"https:\/\/volovape.com\/sv\/wp-json\/wp\/v2\/types\/product"}],"replies":[{"embeddable":true,"href":"https:\/\/volovape.com\/sv\/wp-json\/wp\/v2\/comments?post=1166"}],"wp:featuredmedia":[{"embeddable":true,"href":"https:\/\/volovape.com\/sv\/wp-json\/wp\/v2\/media\/1373"}],"wp:attachment":[{"href":"https:\/\/volovape.com\/sv\/wp-json\/wp\/v2\/media?parent=1166"}],"wp:term":[{"taxonomy":"product_brand","embeddable":true,"href":"https:\/\/volovape.com\/sv\/wp-json\/wp\/v2\/product_brand?post=1166"},{"taxonomy":"product_cat","embeddable":true,"href":"https:\/\/volovape.com\/sv\/wp-json\/wp\/v2\/product_cat?post=1166"},{"taxonomy":"product_tag","embeddable":true,"href":"https:\/\/volovape.com\/sv\/wp-json\/wp\/v2\/product_tag?post=1166"}],"curies":[{"name":"wp","href":"https:\/\/api.w.org\/{rel}","templated":true}]}}