{"id":1121,"date":"2024-11-21T03:37:34","date_gmt":"2024-11-21T03:37:34","guid":{"rendered":"https:\/\/volovape.com\/?post_type=product&#038;p=1121"},"modified":"2025-07-24T07:11:26","modified_gmt":"2025-07-24T07:11:26","slug":"vapsolo-super-15000-puffar","status":"publish","type":"product","link":"https:\/\/volovape.com\/sv\/product\/vapsolo-super-15000-puffs\/","title":{"rendered":"Vapsolo Super 15000 puffar 4-stegs justerbart luftfl\u00f6de eng\u00e5ngsvape - uppladdningsbar med typ-c (2%\/5% nikotin)"},"content":{"rendered":"<p><iframe title=\"VideoPress Videospelare\" aria-label='VideoPress Videospelare' width='421' height='750' src='https:\/\/videopress.com\/embed\/pTqryXkY?hd=0&amp;cover=1' frameborder='0' allowfullscreen allow='clipboard-write'><\/iframe><script src='https:\/\/v0.wordpress.com\/js\/next\/videopress-iframe.js?m=1739540970'><\/script><\/p>\n<p><strong>Vapsolo Super 15000 Puffs Eng\u00e5ngsvape<\/strong> - Personligt anpassad vaping med justerbart luftfl\u00f6de p\u00e5 4 niv\u00e5er.<\/p>\n<p>Den <strong>Vapsolo Super 15000 Puffs<\/strong> eng\u00e5ngsvape erbjuder en anpassningsbar vapingupplevelse med sin <strong>Justerbart luftfl\u00f6de i 4 niv\u00e5er<\/strong>vilket g\u00f6r att du kan v\u00e4xla mellan MTL- och DTL-stilar. Med upp till <strong>15.000 puffar<\/strong>, en gener\u00f6s <strong>25 ml beh\u00e5llare f\u00f6r e-v\u00e4tska<\/strong>och en <strong>650mAh uppladdningsbart batteri<\/strong>ger denna enhet exceptionell livsl\u00e4ngd och bekv\u00e4mlighet. Den <strong>1,0\u03a9 n\u00e4tspole<\/strong> ger en j\u00e4mn och smakrik \u00e5nga. V\u00e4lj mellan <strong>Nikotinstyrkorna 2% och 5%<\/strong>. Vapsolo Super \u00e4r idealisk f\u00f6r vapers som gillar personlig vaping och \u00e4r perfekt f\u00f6r personligt bruk och <strong>eng\u00e5ngs vape grossist<\/strong>. <strong>Bulkbest\u00e4llning<\/strong> alternativ finns tillg\u00e4ngliga f\u00f6r \u00e5terf\u00f6rs\u00e4ljare.<\/p>\n<h3><strong>Vapsolo Super 15000 Puffs Funktioner:<\/strong><\/h3>\n<ul>\n<li>Puffar: Upp till 15 000<\/li>\n<li>Kapacitet f\u00f6r e-v\u00e4tska: 25 ml<\/li>\n<li>Batteri: 650 mAh (uppladdningsbart)<\/li>\n<li>Laddning: Typ C<\/li>\n<li>Spole: 1.0\u03a9 Mesh-spole<\/li>\n<li>Luftfl\u00f6de: Justerbart i 4 niv\u00e5er<\/li>\n<li>Styrkor hos nikotin: 2%, 5%<\/li>\n<li>Tillg\u00e4ngliga smaker: Blue Razz, Blueberry Ice, Double Apple, Watermelon Ice, Strawberry Kiwi, Mixed Berry, Red Bull, Blueberry Cherry Cranberry, Lemon Lime, Skittles, Strawberry Banana, Raspberry Watermelon, Blueberry Cherry Cola, Black Ice Dragonfruit Strawberry.<\/li>\n<\/ul>\n<h4>VANLIGA FR\u00c5GOR<\/h4>\n<h5>Hur f\u00f6rb\u00e4ttrar det justerbara luftfl\u00f6det i 4 niv\u00e5er vapingupplevelsen?<\/h5>\n<p>Det justerbara luftfl\u00f6det i 4 niv\u00e5er g\u00f6r att anv\u00e4ndaren kan anpassa sitt bloss och v\u00e4xla mellan ett tight MTL-blossande (mun-till-lunga) f\u00f6r en mer koncentrerad smak och ett l\u00f6sare DTL-blossande (direkt-till-lunga) f\u00f6r st\u00f6rre \u00e5ngmoln. Denna m\u00e5ngsidighet tillgodoser individuella preferenser och ger en personlig och tillfredsst\u00e4llande vapingupplevelse.<\/p>\n<h5>Vilka \u00e4r f\u00f6rdelarna med 1,0\u03a9 mesh-spolen?<\/h5>\n<p>Mesh-spolen p\u00e5 1,0\u03a9 \u00e4r utformad f\u00f6r att ge en konsekvent och j\u00e4mn uppv\u00e4rmning, vilket resulterar i en j\u00e4mn, rik och smakrik \u00e5ngproduktion. Denna spole s\u00e4kerst\u00e4ller att varje bloss \u00e4r tillfredsst\u00e4llande och maximerar smakleveransen fr\u00e5n e-liquid.<\/p>\n<h5>Hur l\u00e4nge r\u00e4cker batteriet och hur snabbt laddas det upp?<\/h5>\n<p>Det uppladdningsbara batteriet p\u00e5 650 mAh \u00e4r utformat f\u00f6r l\u00e5ngvarig prestanda och klarar upp till 15 000 puffar. Med Type-C-laddning laddas enheten snabbt, vilket minimerar stillest\u00e5ndstiden och s\u00e4kerst\u00e4ller att du kan njuta av din vape utan l\u00e5nga v\u00e4ntetider.<\/p>\n<h5>Vilka leveransmetoder anv\u00e4nds?<\/h5>\n<p>Vi samarbetar med p\u00e5litliga transport\u00f6rer som UPS, DHL, FedEx och DPD f\u00f6r att s\u00e4kerst\u00e4lla en effektiv och s\u00e4ker leverans. Vi v\u00e4ljer den l\u00e4mpligaste leveransmetoden baserat p\u00e5 din plats f\u00f6r att f\u00e5 din best\u00e4llning till dig s\u00e5 snabbt som m\u00f6jligt.<\/p>\n<h5>Kan jag lita p\u00e5 mitt k\u00f6p?<\/h5>\n<p>Vi prioriterar kundn\u00f6jdhet och erbjuder s\u00e4kra betalningsalternativ, inklusive PayPal med k\u00f6parskydd. Du kan ocks\u00e5 se kundrecensioner p\u00e5 TrustPilot: <a href=\"https:\/\/www.trustpilot.com\/review\/volovape.com?utm_medium=trustbox&amp;utm_source=TrustBoxReviewCollector\">TrustPilot<\/a>.<\/p>","protected":false},"excerpt":{"rendered":"<p>Njut av personlig vaping med Vapsolo Super 15000 Puffs Disposable Vape. 15 000 puffar, 25ml, justerbart luftfl\u00f6de, 1.0\u03a9 mesh coil. 2% &amp; 5% nikotin. 15 smaker.<\/p>","protected":false},"featured_media":1364,"comment_status":"open","ping_status":"closed","template":"","meta":[],"product_brand":[],"product_cat":[72,41,21,18,20,23,24,22,25,26,27,28,29,30,31,32,33,34,35,36],"product_tag":[],"class_list":{"0":"post-1121","1":"product","2":"type-product","3":"status-publish","4":"has-post-thumbnail","6":"product_cat-vapsolo","7":"product_cat-15000-puffs-disposable-vape","8":"product_cat-big-puffs-vapes","9":"product_cat-different-puffs-of-disposable-vapes","10":"product_cat-disposable-vape-types","11":"product_cat-disposable-vapes-in-austria","12":"product_cat-disposable-vapes-in-belgium","13":"product_cat-disposable-vapes-in-europe","14":"product_cat-disposable-vapes-in-france","15":"product_cat-disposable-vapes-in-germany","16":"product_cat-disposable-vapes-in-hungary","17":"product_cat-disposable-vapes-in-ltaly","18":"product_cat-disposable-vapes-in-netherlands","19":"product_cat-disposable-vapes-in-norway","20":"product_cat-disposable-vapes-in-poland","21":"product_cat-disposable-vapes-in-portugal","22":"product_cat-disposable-vapes-in-spain","23":"product_cat-disposable-vapes-in-sweden","24":"product_cat-disposable-vapes-in-switzerland","25":"product_cat-rechargeable-vapes","27":"first","28":"instock","29":"shipping-taxable","30":"purchasable","31":"product-type-variable","32":"has-default-attributes"},"jetpack_sharing_enabled":true,"tiered_pricing_type":"fixed","tiered_pricing_fixed_rules":{"2000":5.9900000000000002131628207280300557613372802734375},"tiered_pricing_product_settings":{"layout":"default","base_unit_name":{"singular":null,"plural":null},"default_variation":null},"tiered_pricing_minimum_quantity":1000,"tiered_pricing_roles_data":[],"tiered_pricing_percentage_rules":[],"tiered_pricing_maximum_quantity":null,"tiered_pricing_quantity_step":"10","_links":{"self":[{"href":"https:\/\/volovape.com\/sv\/wp-json\/wp\/v2\/product\/1121","targetHints":{"allow":["GET"]}}],"collection":[{"href":"https:\/\/volovape.com\/sv\/wp-json\/wp\/v2\/product"}],"about":[{"href":"https:\/\/volovape.com\/sv\/wp-json\/wp\/v2\/types\/product"}],"replies":[{"embeddable":true,"href":"https:\/\/volovape.com\/sv\/wp-json\/wp\/v2\/comments?post=1121"}],"wp:featuredmedia":[{"embeddable":true,"href":"https:\/\/volovape.com\/sv\/wp-json\/wp\/v2\/media\/1364"}],"wp:attachment":[{"href":"https:\/\/volovape.com\/sv\/wp-json\/wp\/v2\/media?parent=1121"}],"wp:term":[{"taxonomy":"product_brand","embeddable":true,"href":"https:\/\/volovape.com\/sv\/wp-json\/wp\/v2\/product_brand?post=1121"},{"taxonomy":"product_cat","embeddable":true,"href":"https:\/\/volovape.com\/sv\/wp-json\/wp\/v2\/product_cat?post=1121"},{"taxonomy":"product_tag","embeddable":true,"href":"https:\/\/volovape.com\/sv\/wp-json\/wp\/v2\/product_tag?post=1121"}],"curies":[{"name":"wp","href":"https:\/\/api.w.org\/{rel}","templated":true}]}}