{"id":1120,"date":"2024-11-21T03:37:34","date_gmt":"2024-11-21T03:37:34","guid":{"rendered":"https:\/\/volovape.com\/?post_type=product&#038;p=1120"},"modified":"2025-09-08T03:35:10","modified_gmt":"2025-09-08T03:35:10","slug":"vapsolo-tvillingar-20000-puffar-dubbel-smak-engangs-grossist","status":"publish","type":"product","link":"https:\/\/volovape.com\/sv\/product\/vapsolo-twins-20000-puffs-dual-flavor-disposable-wholesale\/","title":{"rendered":"VapSolo Twins 20000 puffar dual-flavor eng\u00e5ngsvape - dubbel smak uppladdningsbar med display"},"content":{"rendered":"<p><iframe title=\"VideoPress Videospelare\" aria-label='VideoPress Videospelare' width='421' height='750' src='https:\/\/videopress.com\/embed\/q9MmvkxP?hd=0&amp;cover=1' frameborder='0' allowfullscreen allow='clipboard-write'><\/iframe><script src='https:\/\/v0.wordpress.com\/js\/next\/videopress-iframe.js?m=1739540970'><\/script><\/p>\n<p><strong>VapSolo Twins 20000 Puffs Dual Flavor Eng\u00e5ngs Vape<\/strong> - Upplev dubbel smak, dubbel tillfredsst\u00e4llelse.<\/p>\n<p>Den <strong>VapSolo Twins 20000 puffar<\/strong> eng\u00e5ngsvape introducerar en revolutionerande dual-flavor-design, s\u00e5 att du kan v\u00e4xla mellan tv\u00e5 olika smaker i en bekv\u00e4m, uppladdningsbar enhet. Med upp till <strong>20.000 puffar<\/strong>, en gener\u00f6s <strong>25 ml kapacitet f\u00f6r e-v\u00e4tska<\/strong>och en <strong>650mAh uppladdningsbart batteri<\/strong>erbjuder denna enhet exceptionell livsl\u00e4ngd och variation. Den integrerade displayen ger realtids\u00f6vervakning av e-v\u00e4tska och batteriniv\u00e5er, medan <strong>Spole med 1\u03a9 maskor<\/strong> garanterar j\u00e4mn, smakrik \u00e5nga. V\u00e4lj mellan <strong>Nikotinstyrkorna 2% och 5%<\/strong>. VapSolo Twins \u00e4r idealisk f\u00f6r vapnare som s\u00f6ker variation och l\u00e5ngvarig prestanda och \u00e4r perfekt f\u00f6r personligt bruk och <strong>eng\u00e5ngs vape grossist<\/strong>. <strong>Bulkbest\u00e4llning<\/strong> alternativ finns tillg\u00e4ngliga f\u00f6r \u00e5terf\u00f6rs\u00e4ljare.<\/p>\n<h3><strong>VapSolo Twins 20000 Puffs Funktioner:<\/strong><\/h3>\n<ul>\n<li>Puffar: Upp till 20.000<\/li>\n<li>Kapacitet f\u00f6r e-v\u00e4tska: 25 ml<\/li>\n<li>Batteri: 650 mAh (uppladdningsbart)<\/li>\n<li>Laddning: Typ C<\/li>\n<li>Spole: N\u00e4tspole (1\u03a9)<\/li>\n<li>Styrkor hos nikotin: 2%, 5%<\/li>\n<li>Display: E-v\u00e4tska och batteriniv\u00e5<\/li>\n<li>Smak typ: Dubbel smak<\/li>\n<li>Tillg\u00e4ngliga smakkombinationer: Lemon Lime &amp; Watermelon Ice, Grape Ice &amp; Strawberry Kiwi, Pineapple Coconut &amp; Strawberry Banana, Orange Mango Watermelon &amp; Red Bull, Blueberry Ice &amp; Fizzy Cherry, Watermelon Ice &amp; Mixed Berry, Strawberry Banana &amp; Fizzy Cherry, Strawberry Raspberry Cherry Ice &amp; Grape Ice, Blue Razz Lemonade &amp; Lemon Lime, Watermelon Ice &amp; Strawberry Mango.<\/li>\n<\/ul>\n<h4>VANLIGA FR\u00c5GOR<\/h4>\n<h5>Hur f\u00f6rb\u00e4ttrar designen med dubbla smaker vapingupplevelsen?<\/h5>\n<p>Den dubbla smakdesignen hos VapSolo Twins g\u00f6r att anv\u00e4ndarna kan v\u00e4xla mellan tv\u00e5 olika smaker utan att beh\u00f6va flera enheter. Detta ger variation och f\u00f6rhindrar smakutmattning, vilket g\u00f6r den perfekt f\u00f6r vapnare som tycker om att utforska olika smaker.<\/p>\n<h5>Vilka \u00e4r f\u00f6rdelarna med den integrerade displayen?<\/h5>\n<p>Den integrerade displayen ger realtids\u00f6vervakning av e-juice och batteriniv\u00e5er, s\u00e5 att du alltid \u00e4r informerad om enhetens status. Den h\u00e4r funktionen \u00f6kar bekv\u00e4mligheten och f\u00f6rhindrar ov\u00e4ntade avbrott, vilket ger en s\u00f6ml\u00f6s vapingupplevelse.<\/p>\n<h5>Hur bidrar 1\u03a9 mesh-spolen till smak- och \u00e5ngproduktion?<\/h5>\n<p>1\u03a9 mesh-spolen \u00e4r utformad f\u00f6r att leverera j\u00e4mn, konsekvent och smakrik \u00e5nga. Den optimerar v\u00e4rmef\u00f6rdelningen och f\u00f6r\u00e5ngningen av e-juice, vilket g\u00f6r att varje bloss blir fylligt och tillfredsst\u00e4llande.<\/p>\n<h5>Vilka leveransmetoder anv\u00e4nds?<\/h5>\n<p>Vi samarbetar med p\u00e5litliga transport\u00f6rer som UPS, DHL, FedEx och DPD f\u00f6r att s\u00e4kerst\u00e4lla en effektiv och s\u00e4ker leverans. Vi v\u00e4ljer den l\u00e4mpligaste leveransmetoden baserat p\u00e5 din plats f\u00f6r att f\u00e5 din best\u00e4llning till dig s\u00e5 snabbt som m\u00f6jligt.<\/p>\n<h5>Kan jag lita p\u00e5 mitt k\u00f6p?<\/h5>\n<p>Vi prioriterar kundn\u00f6jdhet och erbjuder s\u00e4kra betalningsalternativ, inklusive PayPal med k\u00f6parskydd. Du kan ocks\u00e5 se kundrecensioner p\u00e5 TrustPilot: <a href=\"https:\/\/www.trustpilot.com\/review\/volovape.com?utm_medium=trustbox&amp;utm_source=TrustBoxReviewCollector\">TrustPilot<\/a>.<\/p>","protected":false},"excerpt":{"rendered":"<p>Maximera din vape-f\u00f6rs\u00e4ljning med VapSolo Twins 20000 Puffs grossist! Dubbla smaker, 25 ml, display, 1\u03a9 mesh coil. Fyll p\u00e5 denna unika, uppladdningsbara eng\u00e5ngsartikel idag.<\/p>","protected":false},"featured_media":1330,"comment_status":"open","ping_status":"closed","template":"","meta":[],"product_brand":[],"product_cat":[72,42,21,18,39,20,23,24,22,25,26,27,28,29,30,31,32,33,34,35,64,36,40],"product_tag":[],"class_list":{"0":"post-1120","1":"product","2":"type-product","3":"status-publish","4":"has-post-thumbnail","6":"product_cat-vapsolo","7":"product_cat-20000-puffs-disposable-vape","8":"product_cat-big-puffs-vapes","9":"product_cat-different-puffs-of-disposable-vapes","10":"product_cat-digital-box-vapes","11":"product_cat-disposable-vape-types","12":"product_cat-disposable-vapes-in-austria","13":"product_cat-disposable-vapes-in-belgium","14":"product_cat-disposable-vapes-in-europe","15":"product_cat-disposable-vapes-in-france","16":"product_cat-disposable-vapes-in-germany","17":"product_cat-disposable-vapes-in-hungary","18":"product_cat-disposable-vapes-in-ltaly","19":"product_cat-disposable-vapes-in-netherlands","20":"product_cat-disposable-vapes-in-norway","21":"product_cat-disposable-vapes-in-poland","22":"product_cat-disposable-vapes-in-portugal","23":"product_cat-disposable-vapes-in-spain","24":"product_cat-disposable-vapes-in-sweden","25":"product_cat-disposable-vapes-in-switzerland","26":"product_cat-dual-flavor-vapes","27":"product_cat-rechargeable-vapes","28":"product_cat-smart-screen-vapes","30":"first","31":"instock","32":"shipping-taxable","33":"purchasable","34":"product-type-variable","35":"has-default-attributes"},"jetpack_sharing_enabled":true,"tiered_pricing_type":"fixed","tiered_pricing_fixed_rules":{"2000":7.20000000000000017763568394002504646778106689453125},"tiered_pricing_product_settings":{"layout":"default","base_unit_name":{"singular":null,"plural":null},"default_variation":null},"tiered_pricing_minimum_quantity":1000,"tiered_pricing_roles_data":[],"tiered_pricing_percentage_rules":[],"tiered_pricing_maximum_quantity":null,"tiered_pricing_quantity_step":"10","_links":{"self":[{"href":"https:\/\/volovape.com\/sv\/wp-json\/wp\/v2\/product\/1120","targetHints":{"allow":["GET"]}}],"collection":[{"href":"https:\/\/volovape.com\/sv\/wp-json\/wp\/v2\/product"}],"about":[{"href":"https:\/\/volovape.com\/sv\/wp-json\/wp\/v2\/types\/product"}],"replies":[{"embeddable":true,"href":"https:\/\/volovape.com\/sv\/wp-json\/wp\/v2\/comments?post=1120"}],"wp:featuredmedia":[{"embeddable":true,"href":"https:\/\/volovape.com\/sv\/wp-json\/wp\/v2\/media\/1330"}],"wp:attachment":[{"href":"https:\/\/volovape.com\/sv\/wp-json\/wp\/v2\/media?parent=1120"}],"wp:term":[{"taxonomy":"product_brand","embeddable":true,"href":"https:\/\/volovape.com\/sv\/wp-json\/wp\/v2\/product_brand?post=1120"},{"taxonomy":"product_cat","embeddable":true,"href":"https:\/\/volovape.com\/sv\/wp-json\/wp\/v2\/product_cat?post=1120"},{"taxonomy":"product_tag","embeddable":true,"href":"https:\/\/volovape.com\/sv\/wp-json\/wp\/v2\/product_tag?post=1120"}],"curies":[{"name":"wp","href":"https:\/\/api.w.org\/{rel}","templated":true}]}}