{"id":5962,"date":"2024-11-28T05:15:59","date_gmt":"2024-11-28T05:15:59","guid":{"rendered":"https:\/\/volovape.com\/?page_id=5962"},"modified":"2025-08-10T19:24:03","modified_gmt":"2025-08-10T19:24:03","slug":"vad-vara-kunder-sager","status":"publish","type":"page","link":"https:\/\/volovape.com\/sv\/what-our-customers-say\/","title":{"rendered":"Vad s\u00e4ger v\u00e5ra kunder?"},"content":{"rendered":"<h3>Varf\u00f6r m\u00e4nniskor \u00e4lskar VOLO Vape: H\u00e4r \u00e4r scoopet<\/h3>\n<p>Okej, s\u00e5 jag har h\u00f6rt en hel del surr om <strong>VOLO Vape<\/strong> p\u00e5 sistone, och efter att ha kollat in n\u00e5gra kundrecensioner m\u00e5ste jag s\u00e4ga att folk verkligen \u00e4r f\u00f6rtjusta i dem. Allvarligt talat \u00e4r det sv\u00e5rt att ignorera den k\u00e4rlek de f\u00e5r. S\u00e5 om du gillar att vaping (eller om du bara \u00e4r nyfiken), h\u00e4r \u00e4r varf\u00f6r <strong>VOLO Vape<\/strong> f\u00e5r all denna uppm\u00e4rksamhet.<\/p>\n<p><strong>1. Kvalitet som inte ger upp<\/strong><br \/>\nF\u00f6r det f\u00f6rsta kan folk inte sluta prata om hur solid <strong>VOLO Vape<\/strong> enheter \u00e4r. Som om vi pratar om h\u00e5llbara, h\u00f6gkvalitativa saker h\u00e4r. Recensenter forts\u00e4tter att s\u00e4ga att deras vapes h\u00e5ller l\u00e4ngre och fungerar b\u00e4ttre \u00e4n m\u00e5nga av de andra p\u00e5 marknaden. Jag vet hur frustrerande det kan vara n\u00e4r du sl\u00e4pper lite pengar p\u00e5 en vape och den d\u00f6r p\u00e5 dig efter ett par m\u00e5nader, men med <a href=\"https:\/\/volovape.com\/sv\/\"><strong>VOLO Vape<\/strong><\/a>Men det verkar inte vara n\u00e5got problem. Kunderna \u00e4r imponerade av hur p\u00e5litliga deras enheter \u00e4r, vilket \u00e4r en stor sak om du letar efter n\u00e5got som kommer att h\u00e5lla.<\/p>\n<p><strong>2. Smidiga hits, varje g\u00e5ng<\/strong><br \/>\nEn annan stor sak som folk \u00e4lskar? Hur smidig vapingupplevelsen \u00e4r. Du vet att den h\u00e5rda halsen tr\u00e4ffade n\u00e5gra vapes ger dig? <strong>VOLO Vape<\/strong> verkar ha spikat den balansen. Recensenter s\u00e4ger att \u00e5ngan \u00e4r supermjuk och smaken \u00e4r p\u00e5 punkt. Oavsett om du \u00e4r ny p\u00e5 vaping eller en erfaren proffs, l\u00e5ter det som <strong>VOLO Vape<\/strong> ger dig den perfekta, tillfredsst\u00e4llande tr\u00e4ffen varje g\u00e5ng.<\/p>\n<p><strong>3. Alternativ f\u00f6r alla typer av r\u00f6kare<\/strong><br \/>\nH\u00e4r \u00e4r n\u00e5got som stack ut: <strong>VOLO Vape<\/strong> har massor av olika produkter. Oavsett om du \u00e4r n\u00e5gon som bara vill ha en kompakt, l\u00e4tt att b\u00e4ra vape eller om du letar efter en kraftig, l\u00e5ngvarig enhet, <strong>VOLO Vape<\/strong> har n\u00e5got f\u00f6r dig. Och m\u00e4nniskor \u00e4lskar flexibiliteten - att kunna v\u00e4lja r\u00e4tt enhet f\u00f6r sin stil och sina behov \u00e4r ett stort plus.<\/p>\n<p><strong>4. Kundservice som faktiskt bryr sig<\/strong><br \/>\nJag har sett m\u00e5nga recensioner d\u00e4r m\u00e4nniskor ropar ut kundtj\u00e4nsten. Och \u00e4rligt talat \u00e4r det n\u00e5got du inte alltid h\u00f6r talas om. M\u00e5nga f\u00f6retag kan vara tr\u00e4ffade eller missa n\u00e4r det g\u00e4ller support, men <strong>VOLO Vape<\/strong> har f\u00e5tt rekvisita f\u00f6r att vara super lyh\u00f6rd. Om det n\u00e5gonsin uppst\u00e5r problem med en best\u00e4llning eller en produkt \u00e4r de snabba med att fixa det. Det \u00e4r som om de verkligen \u00e4r engagerade i att se till att du tas om hand, och det r\u00e4knas mycket.<\/p>\n<p><strong>5. Prisv\u00e4rd men \u00e4nd\u00e5 i toppklass<\/strong><br \/>\nDu vet hur det \u00e4r - ibland vill du ha de b\u00e4sta grejerna, men din pl\u00e5nbok h\u00e5ller inte alltid med. H\u00e4r \u00e4r den coola delen: m\u00e4nniskor s\u00e4ger att <strong>VOLO Vape<\/strong> erbjuder fantastiska produkter utan en galet h\u00f6g prislapp. Det \u00e4r ett av de varum\u00e4rken som ger dig valuta f\u00f6r pengarna, vilket \u00e4r anledningen till att s\u00e5 m\u00e5nga kunder kommer tillbaka f\u00f6r mer. Du f\u00e5r premiumkvalitet utan att k\u00e4nna att du g\u00f6r slut p\u00e5 pengarna.<\/p>\n<p><strong>6. Snabb leverans som inte l\u00e5ter dig v\u00e4nta<\/strong><br \/>\nOm du \u00e4r som jag s\u00e5 hatar du att v\u00e4nta p\u00e5 att paket ska komma. Det \u00e4r n\u00e4stan som att leka \"kommer det att dyka upp idag?\" Men med <strong>VOLO Vape<\/strong>Folk s\u00e4ger att de \u00e4r snabba med leveranserna och att de ibland till och med f\u00e5r sina best\u00e4llningar tidigare \u00e4n v\u00e4ntat. S\u00e5 om du \u00e4r p\u00e5 hum\u00f6r att prova n\u00e5got nytt verkar det som om <strong>VOLO Vape<\/strong> inte l\u00e4mnar dig h\u00e4ngande f\u00f6r l\u00e4nge.<\/p>\n<p><strong>7. Folk forts\u00e4tter att komma tillbaka f\u00f6r mer<\/strong><br \/>\nEn av de st\u00f6rsta l\u00e4rdomarna fr\u00e5n dessa recensioner? M\u00e4nniskor \u00e4r lojala. N\u00e4r de v\u00e4l har provat <strong>VOLO Vape<\/strong>de h\u00e5ller fast vid det. M\u00e5nga anv\u00e4ndare har sagt att de bytte fr\u00e5n andra m\u00e4rken och inte har tittat tillbaka. Det \u00e4r n\u00e5got med deras produkter - kanske \u00e4r det kvaliteten, kanske \u00e4r det konsekvensen - som g\u00f6r att folk kommer tillbaka f\u00f6r att f\u00e5 mer. Och \u00e4rligt talat, n\u00e4r ett varum\u00e4rke f\u00f6rtj\u00e4nar den typen av lojalitet s\u00e4ger det en hel del.<\/p>\n<hr \/>\n<p><strong>Slutsats:<\/strong><br \/>\nS\u00e5 ja, det ser ut som <strong>VOLO Vape<\/strong> g\u00f6r verkligen n\u00e5got r\u00e4tt. Deras produkter, kundservice, priss\u00e4ttning och frakt f\u00e5r alla stor k\u00e4rlek fr\u00e5n anv\u00e4ndarna. Om du har letat efter en solid vape kan det vara v\u00e4rt att kolla in dem. Feedbacken talar f\u00f6r sig sj\u00e4lv, och jag antar att du kommer att se varf\u00f6r s\u00e5 m\u00e5nga m\u00e4nniskor \u00e4r fans.<\/p>","protected":false},"excerpt":{"rendered":"<p>Why People Are Loving VOLO Vape: Here&#8217;s the Scoop Okay, so I\u2019ve been hearing a lot of buzz about VOLO Vape lately, and after checking out some customer reviews, I gotta say, people are really raving about them. Seriously, it\u2019s hard to ignore the love they\u2019re getting. So, if you\u2019re into vaping (or even if [&hellip;]<\/p>\n","protected":false},"author":1,"featured_media":0,"parent":0,"menu_order":0,"comment_status":"closed","ping_status":"closed","template":"","meta":{"footnotes":""},"class_list":["post-5962","page","type-page","status-publish","hentry"],"jetpack_sharing_enabled":true,"_links":{"self":[{"href":"https:\/\/volovape.com\/sv\/wp-json\/wp\/v2\/pages\/5962","targetHints":{"allow":["GET"]}}],"collection":[{"href":"https:\/\/volovape.com\/sv\/wp-json\/wp\/v2\/pages"}],"about":[{"href":"https:\/\/volovape.com\/sv\/wp-json\/wp\/v2\/types\/page"}],"author":[{"embeddable":true,"href":"https:\/\/volovape.com\/sv\/wp-json\/wp\/v2\/users\/1"}],"replies":[{"embeddable":true,"href":"https:\/\/volovape.com\/sv\/wp-json\/wp\/v2\/comments?post=5962"}],"version-history":[{"count":3,"href":"https:\/\/volovape.com\/sv\/wp-json\/wp\/v2\/pages\/5962\/revisions"}],"predecessor-version":[{"id":35706,"href":"https:\/\/volovape.com\/sv\/wp-json\/wp\/v2\/pages\/5962\/revisions\/35706"}],"wp:attachment":[{"href":"https:\/\/volovape.com\/sv\/wp-json\/wp\/v2\/media?parent=5962"}],"curies":[{"name":"wp","href":"https:\/\/api.w.org\/{rel}","templated":true}]}}