{"id":91,"date":"2024-11-21T03:26:52","date_gmt":"2024-11-21T03:26:52","guid":{"rendered":"https:\/\/volovape.com\/?post_type=product&#038;p=91"},"modified":"2025-06-30T01:33:10","modified_gmt":"2025-06-30T01:33:10","slug":"pulz-skatle-elf-x-25000-puffov","status":"publish","type":"product","link":"https:\/\/volovape.com\/sl\/product\/elf-box-pulse-x-25000-puffs\/","title":{"rendered":"ELF BOX PULSE X 25000 Puffs Vape za enkratno uporabo - AI Power, Dual Mesh, 3D zaslon"},"content":{"rendered":"<p><strong>ELF BOX PULSE X 25000 Puffs Vape za enkratno uporabo<\/strong> - Vaping z umetno inteligenco in revolucionarnim 3D zaslonom.<\/p>\n<p>Spletna stran <strong>ELF BOX PULZ X 25000<\/strong> s tehnologijo, ki jo poganja umetna inteligenca, in osupljivim 3D ukrivljenim zaslonom uvaja novo obdobje vapinga za enkratno uporabo. U\u017eivajte v do <strong>25.000 vdihov v obi\u010dajnem na\u010dinu<\/strong> ali <strong>15.000 vpihov v pulznem na\u010dinu<\/strong>, ki omogo\u010da prilagodljivo izku\u0161njo vapinga. Naprava ima <strong>18 ml e-teko\u010dine<\/strong> in mo\u010dan <strong>13.500 mAh akumulatorska baterija<\/strong> za dalj\u0161o uporabo. <strong>Dvojne 0,8\u03a9 mre\u017easte tuljave<\/strong> v paru z <strong>Tehnologija VPU<\/strong> zagotavljajo izjemen okus in proizvodnjo pare. . <strong>3D ukrivljen zaslon<\/strong> v realnem \u010dasu prikazuje informacije o \u017eivljenjski dobi baterije, ravni e-teko\u010dine, \u0161tevilu izpuhov in na\u010dinu, kar pove\u010duje nadzor uporabnika. Z naprednimi funkcijami, kot so <strong>Prilagoditev mo\u010di AI<\/strong>, <strong>Mo\u010d impulzov<\/strong>in <strong>Super Boost<\/strong>, ta naprava ponuja resni\u010dno inovativno izku\u0161njo vapinga. Na voljo v <strong>10 razli\u010dnih okusov<\/strong>ELF BOX PULSE X 25000 je kot nala\u0161\u010d za <strong>vape za enkratno uporabo na debelo<\/strong>, <strong>velika naro\u010dila<\/strong>ali <strong>osebna uporaba<\/strong>.<\/p>\n<h3><strong>ELF BOX PULSE X 25000 Lastnosti:<\/strong><\/h3>\n<ul>\n<li>Puffs: Do 25.000 (obi\u010dajni na\u010din) \/ 15.000 (pulzni na\u010din)<\/li>\n<li>Kapaciteta e-teko\u010dine: 18ml<\/li>\n<li>Baterija: 13.500 mAh (za ponovno polnjenje)<\/li>\n<li>Polnjenje: Type-C<\/li>\n<li>Navijalka: Dvojne tuljave 0,8\u03a9 Mesh<\/li>\n<li>Zaslon: 3D ukrivljen zaslon<\/li>\n<li>Na\u010dini: Navaden na\u010din, pulzni na\u010din<\/li>\n<li>Lastnosti: Prilagoditev mo\u010di AI, pulzna mo\u010d, super pove\u010danje, tehnologija VPU<\/li>\n<li>Okusi: 10 edinstvenih mo\u017enosti<\/li>\n<li>Naprava za enkratno uporabo<\/li>\n<\/ul>\n<h4>POGOSTA VPRA\u0160ANJA<\/h4>\n<h5>Kako prilagoditev mo\u010di AI izbolj\u0161a izku\u0161njo vapinga?<\/h5>\n<p>Prilagoditev mo\u010di AI inteligentno analizira va\u0161e navade vapiranja in samodejno optimizira izhodno mo\u010d, da zagotovi enakomeren okus in proizvodnjo pare. Ta funkcija se prilagaja va\u0161i uporabi in zagotavlja prilagojeno in prijetno izku\u0161njo vapljanja z vsakim vdihom.<\/p>\n<h5>Katere na\u010dine po\u0161iljanja uporabljate?<\/h5>\n<p>Sodelujemo s priznanimi prevozniki, kot so UPS, DHL, FedEx in DPD, ki va\u0161a naro\u010dila dostavijo hitro in varno. Naju\u010dinkovitej\u0161i na\u010din po\u0161iljanja izberemo glede na va\u0161o lokacijo, da zagotovimo pravo\u010dasno dostavo.<\/p>\n<h5>Kako dolgo traja, da pride moje naro\u010dilo?<\/h5>\n<p>Naro\u010dila obi\u010dajno prispejo v 7-15 delovnih dneh. Med prazniki ali slabimi vremenskimi razmerami, ki lahko povzro\u010dijo manj\u0161e zamude pri prevozu, pa upo\u0161tevajte do 20 delovnih dni.<\/p>\n<h5>Ali bom naletel na carinske te\u017eave ali dodatne stro\u0161ke?<\/h5>\n<p>Opravljamo vse postopke carinjenja in tako zagotavljamo nemoteno in brezskrbno izku\u0161njo. Ne boste imeli nobenih dodatnih davkov ali pristojbin. Zagotavljamo, da je 100% na\u0161ih izdelkov uspe\u0161no carinjenih.<\/p>\n<h5>Ali je nakup na va\u0161em spletnem mestu varen in zanesljiv?<\/h5>\n<p>Da, ponujamo varne transakcije PayPal z za\u0161\u010dito kupca. Na\u0161o zanesljivost lahko preverite tudi tako, da preverite na\u0161e ocene strank na <a href=\"https:\/\/www.trustpilot.com\/review\/volovape.com?utm_medium=trustbox&amp;utm_source=TrustBoxReviewCollector\">TrustPilot<\/a>, kjer boste na\u0161li pri\u010devanja zadovoljnih strank.<\/p>","protected":false},"excerpt":{"rendered":"<p>Z ELF BOX PULSE X 25000 Puffs stopite v prihodnost. Mo\u010d umetne inteligence, dvojna mre\u017ea, zaslon 3D, baterija 13.500 mAh. Idealen za osebno ali veleprodajo, saj ponuja vrhunsko vaping.<\/p>","protected":false},"featured_media":360,"comment_status":"open","ping_status":"closed","template":"","meta":[],"product_brand":[],"product_cat":[54,45,21,18,39,20,23,24,22,25,26,27,28,29,30,31,32,33,34,35,44,36,40],"product_tag":[],"class_list":{"0":"post-91","1":"product","2":"type-product","3":"status-publish","4":"has-post-thumbnail","6":"product_cat-elf-box","7":"product_cat-25000-puffs-disposable-vape","8":"product_cat-big-puffs-vapes","9":"product_cat-different-puffs-of-disposable-vapes","10":"product_cat-digital-box-vapes","11":"product_cat-disposable-vape-types","12":"product_cat-disposable-vapes-in-austria","13":"product_cat-disposable-vapes-in-belgium","14":"product_cat-disposable-vapes-in-europe","15":"product_cat-disposable-vapes-in-france","16":"product_cat-disposable-vapes-in-germany","17":"product_cat-disposable-vapes-in-hungary","18":"product_cat-disposable-vapes-in-ltaly","19":"product_cat-disposable-vapes-in-netherlands","20":"product_cat-disposable-vapes-in-norway","21":"product_cat-disposable-vapes-in-poland","22":"product_cat-disposable-vapes-in-portugal","23":"product_cat-disposable-vapes-in-spain","24":"product_cat-disposable-vapes-in-sweden","25":"product_cat-disposable-vapes-in-switzerland","26":"product_cat-dual-mesh-vapes","27":"product_cat-rechargeable-vapes","28":"product_cat-smart-screen-vapes","30":"first","31":"instock","32":"featured","33":"shipping-taxable","34":"purchasable","35":"product-type-variable","36":"has-default-attributes"},"jetpack_sharing_enabled":true,"tiered_pricing_type":"fixed","tiered_pricing_fixed_rules":{"2000":7.4900000000000002131628207280300557613372802734375},"tiered_pricing_product_settings":{"layout":"default","base_unit_name":{"singular":null,"plural":null},"default_variation":null},"tiered_pricing_minimum_quantity":1000,"tiered_pricing_roles_data":[],"tiered_pricing_percentage_rules":[],"tiered_pricing_maximum_quantity":null,"tiered_pricing_quantity_step":"10","_links":{"self":[{"href":"https:\/\/volovape.com\/sl\/wp-json\/wp\/v2\/product\/91","targetHints":{"allow":["GET"]}}],"collection":[{"href":"https:\/\/volovape.com\/sl\/wp-json\/wp\/v2\/product"}],"about":[{"href":"https:\/\/volovape.com\/sl\/wp-json\/wp\/v2\/types\/product"}],"replies":[{"embeddable":true,"href":"https:\/\/volovape.com\/sl\/wp-json\/wp\/v2\/comments?post=91"}],"wp:featuredmedia":[{"embeddable":true,"href":"https:\/\/volovape.com\/sl\/wp-json\/wp\/v2\/media\/360"}],"wp:attachment":[{"href":"https:\/\/volovape.com\/sl\/wp-json\/wp\/v2\/media?parent=91"}],"wp:term":[{"taxonomy":"product_brand","embeddable":true,"href":"https:\/\/volovape.com\/sl\/wp-json\/wp\/v2\/product_brand?post=91"},{"taxonomy":"product_cat","embeddable":true,"href":"https:\/\/volovape.com\/sl\/wp-json\/wp\/v2\/product_cat?post=91"},{"taxonomy":"product_tag","embeddable":true,"href":"https:\/\/volovape.com\/sl\/wp-json\/wp\/v2\/product_tag?post=91"}],"curies":[{"name":"wp","href":"https:\/\/api.w.org\/{rel}","templated":true}]}}