{"id":90,"date":"2024-11-21T03:26:52","date_gmt":"2024-11-21T03:26:52","guid":{"rendered":"https:\/\/volovape.com\/?post_type=product&#038;p=90"},"modified":"2025-08-07T08:19:55","modified_gmt":"2025-08-07T08:19:55","slug":"sora-25k-dvojna-mreza","status":"publish","type":"product","link":"https:\/\/volovape.com\/sl\/product\/sora-25k-dual-mesh\/","title":{"rendered":"SORA 25K vape za enkratno uporabo na debelo - dvojna mre\u017ea, LCD zaslon, 25.000 puffov"},"content":{"rendered":"<p><strong>SORA 25K Vape za enkratno uporabo<\/strong> - Neprimerljiva zmogljivost puhanja z dvojno mre\u017eo in pametnim zaslonom.<\/p>\n<p>Spletna stran <strong>SORA 25K<\/strong> na novo opredeljuje vaping za enkratno uporabo z osupljivo <strong>25.000 vpihov<\/strong>, precej\u0161en dele\u017e <strong>20 ml e-teko\u010dine<\/strong>in robusten <strong>900 mAh akumulatorska baterija<\/strong>. Izkusite vrhunsko proizvodnjo pare in intenzivnost okusa z <strong>napredna tehnologija dvojne mre\u017easte tuljave<\/strong>. Integrirani <strong>Zaslon LCD<\/strong> zagotavlja takoj\u0161nje povratne informacije o \u017eivljenjski dobi baterije in \u0161tevilu izpuhov, kar izbolj\u0161uje nadzor uporabnika. Z <strong>5% mo\u010d nikotina<\/strong> in raznoliko paleto <strong>9 edinstvenih okusov<\/strong>, vklju\u010dno z eksoti\u010dnimi me\u0161anicami in klasi\u010dnimi priljubljenimi, je ta naprava namenjena zahtevnim vaperjem. Idealna za <strong>vape za enkratno uporabo na debelo<\/strong>, <strong>nakup v razsutem stanju<\/strong>ali <strong>osebna uporaba<\/strong>SORA 25K zdru\u017euje visoko zmogljivost in izjemno priro\u010dnost.<\/p>\n<h3><strong>SORA 25K Lastnosti:<\/strong><\/h3>\n<ul>\n<li>Puffs: Do 25.000 Puffs<\/li>\n<li>Kapaciteta e-teko\u010dine: 20ml<\/li>\n<li>Baterija: 900 mAh (za ponovno polnjenje)<\/li>\n<li>Polnjenje: Type-C<\/li>\n<li>Navijalka: Dvojne mre\u017easte tuljave<\/li>\n<li>Zaslon: LCD (baterija in \u0161tevilo puhov)<\/li>\n<li>Mo\u010d nikotina: 5%<\/li>\n<li>Okusi: 9 edinstvenih mo\u017enosti<\/li>\n<li>Naprava za enkratno uporabo<\/li>\n<\/ul>\n<h4>POGOSTA VPRA\u0160ANJA<\/h4>\n<h5>Kako tehnologija dvojne mre\u017easte tuljave izbolj\u0161a okus in proizvodnjo pare?<\/h5>\n<p>Zasnova z dvojno mre\u017easto tuljavo pove\u010da povr\u0161ino grelne povr\u0161ine, kar zagotavlja enakomerno porazdelitev toplote in maksimalno izhlapevanje e-teko\u010dine. To omogo\u010da bogatej\u0161e, intenzivnej\u0161e okuse in gostej\u0161e oblake pare, kar v primerjavi z napravami z eno tuljavo zagotavlja bolj\u0161o izku\u0161njo uparjanja.<\/p>\n<h5>Katere na\u010dine po\u0161iljanja uporabljate?<\/h5>\n<p>Sodelujemo z zanesljivimi prevozniki, kot so UPS, DHL, FedEx in DPD, da zagotovimo hitro dostavo va\u0161ega naro\u010dila. Naju\u010dinkovitej\u0161i na\u010din po\u0161iljanja izberemo glede na va\u0161o lokacijo, da bi optimizirali hitrost dostave.<\/p>\n<h5>Kako dolgo traja, da pride moje naro\u010dilo?<\/h5>\n<p>Dostava obi\u010dajno traja 7-15 delovnih dni. Med prazniki ali slabimi vremenskimi razmerami, ki lahko povzro\u010dijo manj\u0161e zamude pri prevozu, pa upo\u0161tevajte do 20 delovnih dni.<\/p>\n<h5>Ali bom naletel na carinske te\u017eave ali dodatne stro\u0161ke?<\/h5>\n<p>Opravljamo vse postopke carinjenja in zagotavljamo nemoteno in brezskrbno izku\u0161njo. Ne boste imeli nobenih dodatnih davkov ali pristojbin. Zagotavljamo, da 100% na\u0161ih izdelkov uspe\u0161no opravi carinski postopek.<\/p>\n<h5>Ali je nakup na va\u0161em spletnem mestu varen in zanesljiv?<\/h5>\n<p>Da, ponujamo varne transakcije PayPal z za\u0161\u010dito kupca. Na\u0161o zanesljivost lahko preverite tudi tako, da preverite na\u0161e ocene strank na <a href=\"https:\/\/www.trustpilot.com\/review\/volovape.com?utm_medium=trustbox&amp;utm_source=TrustBoxReviewCollector\">TrustPilot<\/a>, kjer boste na\u0161li pri\u010devanja zadovoljnih strank.<\/p>","protected":false},"excerpt":{"rendered":"<p>Izbolj\u0161ajte svojo izku\u0161njo vape z SORA 25K za enkratno uporabo. Dvojne mre\u017easte tuljave, LCD zaslon, 20 ml, 900 mAh za polnjenje. Odli\u010den za osebno ali veleprodajo, saj zagotavlja dolgotrajne in aromati\u010dne pufe.<\/p>","protected":false},"featured_media":348,"comment_status":"open","ping_status":"closed","template":"","meta":[],"product_brand":[],"product_cat":[53,45,21,18,39,20,23,24,22,25,26,27,28,29,30,31,32,33,34,35,44,36,40],"product_tag":[],"class_list":{"0":"post-90","1":"product","2":"type-product","3":"status-publish","4":"has-post-thumbnail","6":"product_cat-sora","7":"product_cat-25000-puffs-disposable-vape","8":"product_cat-big-puffs-vapes","9":"product_cat-different-puffs-of-disposable-vapes","10":"product_cat-digital-box-vapes","11":"product_cat-disposable-vape-types","12":"product_cat-disposable-vapes-in-austria","13":"product_cat-disposable-vapes-in-belgium","14":"product_cat-disposable-vapes-in-europe","15":"product_cat-disposable-vapes-in-france","16":"product_cat-disposable-vapes-in-germany","17":"product_cat-disposable-vapes-in-hungary","18":"product_cat-disposable-vapes-in-ltaly","19":"product_cat-disposable-vapes-in-netherlands","20":"product_cat-disposable-vapes-in-norway","21":"product_cat-disposable-vapes-in-poland","22":"product_cat-disposable-vapes-in-portugal","23":"product_cat-disposable-vapes-in-spain","24":"product_cat-disposable-vapes-in-sweden","25":"product_cat-disposable-vapes-in-switzerland","26":"product_cat-dual-mesh-vapes","27":"product_cat-rechargeable-vapes","28":"product_cat-smart-screen-vapes","30":"first","31":"instock","32":"shipping-taxable","33":"purchasable","34":"product-type-variable","35":"has-default-attributes"},"jetpack_sharing_enabled":true,"tiered_pricing_type":"fixed","tiered_pricing_fixed_rules":{"2000":5.62000000000000010658141036401502788066864013671875},"tiered_pricing_product_settings":{"layout":"default","base_unit_name":{"singular":null,"plural":null},"default_variation":null},"tiered_pricing_minimum_quantity":1000,"tiered_pricing_roles_data":[],"tiered_pricing_percentage_rules":[],"tiered_pricing_maximum_quantity":null,"tiered_pricing_quantity_step":"5","_links":{"self":[{"href":"https:\/\/volovape.com\/sl\/wp-json\/wp\/v2\/product\/90","targetHints":{"allow":["GET"]}}],"collection":[{"href":"https:\/\/volovape.com\/sl\/wp-json\/wp\/v2\/product"}],"about":[{"href":"https:\/\/volovape.com\/sl\/wp-json\/wp\/v2\/types\/product"}],"replies":[{"embeddable":true,"href":"https:\/\/volovape.com\/sl\/wp-json\/wp\/v2\/comments?post=90"}],"wp:featuredmedia":[{"embeddable":true,"href":"https:\/\/volovape.com\/sl\/wp-json\/wp\/v2\/media\/348"}],"wp:attachment":[{"href":"https:\/\/volovape.com\/sl\/wp-json\/wp\/v2\/media?parent=90"}],"wp:term":[{"taxonomy":"product_brand","embeddable":true,"href":"https:\/\/volovape.com\/sl\/wp-json\/wp\/v2\/product_brand?post=90"},{"taxonomy":"product_cat","embeddable":true,"href":"https:\/\/volovape.com\/sl\/wp-json\/wp\/v2\/product_cat?post=90"},{"taxonomy":"product_tag","embeddable":true,"href":"https:\/\/volovape.com\/sl\/wp-json\/wp\/v2\/product_tag?post=90"}],"curies":[{"name":"wp","href":"https:\/\/api.w.org\/{rel}","templated":true}]}}