{"id":89,"date":"2024-11-21T03:26:52","date_gmt":"2024-11-21T03:26:52","guid":{"rendered":"https:\/\/volovape.com\/?post_type=product&#038;p=89"},"modified":"2025-10-30T05:03:05","modified_gmt":"2025-10-30T05:03:05","slug":"randm-digitalni-box-12000-puffs","status":"publish","type":"product","link":"https:\/\/volovape.com\/sl\/product\/randm-digital-box-12000-puffs\/","title":{"rendered":"RandM Digital Box 12000 Puffs Vape za enkratno uporabo - polnjenje z LCD zaslonom"},"content":{"rendered":"<p><iframe title=\"VideoPress Video predvajalnik\" aria-label='VideoPress Video predvajalnik' width='500' height='281' src='https:\/\/videopress.com\/embed\/UzJBu0bw?hd=0&amp;cover=1' frameborder='0' allowfullscreen allow='clipboard-write'><\/iframe><script src='https:\/\/v0.wordpress.com\/js\/next\/videopress-iframe.js?m=1739540970'><\/script><\/p>\n<p><strong>RandM Digital Box 12000 Puffs za enkratno uporabo Vape<\/strong> - Vaping z visoko zmogljivostjo in pametnim spremljanjem na LCD-zaslonu.<\/p>\n<p>Spletna stran <strong>RandM Digital Box 12000<\/strong> postavlja nove standarde za vapes za enkratno uporabo, saj zagotavlja impresivno <strong>12.000 vpihov<\/strong> in velikodu\u0161no <strong>20 ml e-teko\u010dine<\/strong>. Opremljen je z <strong>850 mAh akumulatorska baterija<\/strong> in . <strong>Polnjenje tipa C<\/strong>zagotavlja dolgotrajno delovanje. Izstopajo\u010da lastnost je <strong>vgrajen zaslon LCD<\/strong>, ki v realnem \u010dasu posodablja podatke o \u017eivljenjski dobi baterije in \u0161tevilu izpuhov ter zagotavlja neprimerljiv nadzor. Spletna stran <strong>1\u03a9 mre\u017easta tuljava<\/strong> zagotavlja gladko paro z okusom, ki izbolj\u0161a vsak poteg. Na voljo v <strong>6 razli\u010dnih okusov<\/strong>, od sadnih me\u0161anic do osve\u017eilne mete, ta naprava ustreza razli\u010dnim \u017eeljam. Idealen za <strong>vape za enkratno uporabo na debelo<\/strong>, <strong>velika naro\u010dila<\/strong>ali <strong>osebna uporaba<\/strong>, RandM Digital Box 12000 zdru\u017euje napredno tehnologijo in izjemno udobje.<\/p>\n<h3><strong>RandM Digital Box 12000 Lastnosti:<\/strong><\/h3>\n<ul>\n<li>Puffs: Do 12.000 puffov<\/li>\n<li>Kapaciteta e-teko\u010dine: 20ml<\/li>\n<li>Baterija: 850 mAh (za ponovno polnjenje)<\/li>\n<li>Polnjenje: Type-C<\/li>\n<li>Tuljava: 1\u03a9 mre\u017ena tuljava<\/li>\n<li>Zaslon: LCD (baterija in \u0161tevilo puhov)<\/li>\n<li>Okusi: 6 edinstvenih mo\u017enosti<\/li>\n<li>Naprava za enkratno uporabo<\/li>\n<\/ul>\n<h4>POGOSTA VPRA\u0160ANJA<\/h4>\n<h5>Kako zaslon LCD izbolj\u0161a uporabni\u0161ko izku\u0161njo?<\/h5>\n<p>Na zaslonu LCD so v realnem \u010dasu na voljo informacije o stanju baterije in \u0161tevilu izpuhov, kar vam omogo\u010da spremljanje porabe in ustrezno na\u010drtovanje. Ta funkcija zagotavlja dodatno udobje in nadzor, tako da vas izpraznjena baterija ali prazen rezervoar nikoli ne bosta presenetila.<\/p>\n<h5>Katere na\u010dine po\u0161iljanja uporabljate?<\/h5>\n<p>Sodelujemo z zaupanja vrednimi prevozniki, kot so UPS, DHL, FedEx in DPD, ki va\u0161a naro\u010dila dostavijo takoj. Glede na va\u0161o lokacijo izberemo naju\u010dinkovitej\u0161o mo\u017enost po\u0161iljanja, da zagotovimo hitro in zanesljivo dostavo.<\/p>\n<h5>Kako dolgo traja, da pride moje naro\u010dilo?<\/h5>\n<p>Naro\u010dila obi\u010dajno prispejo v 7-15 delovnih dneh. Med prazniki ali slabimi vremenskimi razmerami, ki lahko povzro\u010dijo manj\u0161e zamude, pa upo\u0161tevajte do 20 delovnih dni.<\/p>\n<h5>Ali bom naletel na carinske te\u017eave ali dodatne stro\u0161ke?<\/h5>\n<p>Opravljamo vse postopke carinjenja in tako zagotavljamo brezskrbno izku\u0161njo. Ne boste imeli nobenih dodatnih davkov ali pristojbin. Zagotavljamo, da 100% na\u0161ih izdelkov uspe\u0161no opravi carinski postopek.<\/p>\n<h5>Ali je nakup na va\u0161em spletnem mestu varen in zanesljiv?<\/h5>\n<p>Da, podpiramo varne transakcije PayPal z za\u0161\u010dito kupca. Na\u0161o zanesljivost lahko preverite tudi z branjem mnenj strank na <a href=\"https:\/\/www.trustpilot.com\/review\/volovape.com?utm_medium=trustbox&amp;utm_source=TrustBoxReviewCollector\">TrustPilot<\/a>, kjer boste na\u0161li pri\u010devanja zadovoljnih strank.<\/p>","protected":false},"excerpt":{"rendered":"<p>Z RandM Digital Box 12000 Puffs vstopite v digitalno vaping. LCD zaslon, 1\u03a9 mre\u017eica, 20 ml, 850 mAh za polnjenje. Idealen za osebno ali veleprodajo, zagotavlja gladko in informirano vapiranje.<\/p>","protected":false},"featured_media":341,"comment_status":"open","ping_status":"closed","template":"","meta":[],"product_brand":[],"product_cat":[52,38,21,18,39,20,23,24,22,25,26,27,28,29,30,31,32,33,34,35,36,40],"product_tag":[],"class_list":{"0":"post-89","1":"product","2":"type-product","3":"status-publish","4":"has-post-thumbnail","6":"product_cat-randm","7":"product_cat-12000-puffs-disposable-vape","8":"product_cat-big-puffs-vapes","9":"product_cat-different-puffs-of-disposable-vapes","10":"product_cat-digital-box-vapes","11":"product_cat-disposable-vape-types","12":"product_cat-disposable-vapes-in-austria","13":"product_cat-disposable-vapes-in-belgium","14":"product_cat-disposable-vapes-in-europe","15":"product_cat-disposable-vapes-in-france","16":"product_cat-disposable-vapes-in-germany","17":"product_cat-disposable-vapes-in-hungary","18":"product_cat-disposable-vapes-in-ltaly","19":"product_cat-disposable-vapes-in-netherlands","20":"product_cat-disposable-vapes-in-norway","21":"product_cat-disposable-vapes-in-poland","22":"product_cat-disposable-vapes-in-portugal","23":"product_cat-disposable-vapes-in-spain","24":"product_cat-disposable-vapes-in-sweden","25":"product_cat-disposable-vapes-in-switzerland","26":"product_cat-rechargeable-vapes","27":"product_cat-smart-screen-vapes","29":"first","30":"instock","31":"shipping-taxable","32":"purchasable","33":"product-type-variable","34":"has-default-attributes"},"jetpack_sharing_enabled":true,"tiered_pricing_type":"fixed","tiered_pricing_fixed_rules":{"30":7.32000000000000028421709430404007434844970703125,"50":6.8499999999999996447286321199499070644378662109375,"100":6.2599999999999997868371792719699442386627197265625,"200":5.95999999999999996447286321199499070644378662109375,"400":5.55999999999999960920149533194489777088165283203125},"tiered_pricing_product_settings":{"layout":"default","base_unit_name":{"singular":null,"plural":null},"default_variation":null},"tiered_pricing_minimum_quantity":10,"tiered_pricing_roles_data":[],"tiered_pricing_percentage_rules":[],"tiered_pricing_maximum_quantity":null,"tiered_pricing_quantity_step":"10","_links":{"self":[{"href":"https:\/\/volovape.com\/sl\/wp-json\/wp\/v2\/product\/89","targetHints":{"allow":["GET"]}}],"collection":[{"href":"https:\/\/volovape.com\/sl\/wp-json\/wp\/v2\/product"}],"about":[{"href":"https:\/\/volovape.com\/sl\/wp-json\/wp\/v2\/types\/product"}],"replies":[{"embeddable":true,"href":"https:\/\/volovape.com\/sl\/wp-json\/wp\/v2\/comments?post=89"}],"wp:featuredmedia":[{"embeddable":true,"href":"https:\/\/volovape.com\/sl\/wp-json\/wp\/v2\/media\/341"}],"wp:attachment":[{"href":"https:\/\/volovape.com\/sl\/wp-json\/wp\/v2\/media?parent=89"}],"wp:term":[{"taxonomy":"product_brand","embeddable":true,"href":"https:\/\/volovape.com\/sl\/wp-json\/wp\/v2\/product_brand?post=89"},{"taxonomy":"product_cat","embeddable":true,"href":"https:\/\/volovape.com\/sl\/wp-json\/wp\/v2\/product_cat?post=89"},{"taxonomy":"product_tag","embeddable":true,"href":"https:\/\/volovape.com\/sl\/wp-json\/wp\/v2\/product_tag?post=89"}],"curies":[{"name":"wp","href":"https:\/\/api.w.org\/{rel}","templated":true}]}}