{"id":87,"date":"2024-11-21T03:26:51","date_gmt":"2024-11-21T03:26:51","guid":{"rendered":"https:\/\/volovape.com\/?post_type=product&#038;p=87"},"modified":"2025-08-07T08:19:54","modified_gmt":"2025-08-07T08:19:54","slug":"vapme-digital-12000-puffs","status":"publish","type":"product","link":"https:\/\/volovape.com\/sl\/product\/vapme-digital-12000-puffs\/","title":{"rendered":"VAPME Digital 12000 puffov z mre\u017easto tuljavo za enkratno uporabo - polnjenje z digitalnim zaslonom (0-5% nikotina)"},"content":{"rendered":"<p><iframe title=\"VideoPress Video predvajalnik\" aria-label='VideoPress Video predvajalnik' width='500' height='281' src='https:\/\/videopress.com\/embed\/Ip39Kbon?hd=0&amp;cover=1' frameborder='0' allowfullscreen allow='clipboard-write'><\/iframe><script src='https:\/\/v0.wordpress.com\/js\/next\/videopress-iframe.js?m=1739540970'><\/script><br \/>\nVAPME DIGITAL 12000 Puffs Vape za enkratno uporabo - 1,0\u03a9 Mesh Coil, polnjenje<br \/>\n<strong>VAPME DIGITAL 12000 Puffs dolgotrajen Vape za enkratno uporabo z mre\u017easto tuljavo<\/strong> - Pametna izku\u0161nja uparjanja.<\/p>\n<p>Spletna stran <strong>VAPME DIGITAL 12000 puffov<\/strong> za enkratno uporabo ponuja raz\u0161irjeno in inteligentno izku\u0161njo vapinga z do <strong>12.000 vpihov<\/strong>, a <strong>20ml e-teko\u010dina kapaciteta<\/strong>in <strong>850 mAh akumulatorska baterija<\/strong> s spletno stranjo . <strong>Polnjenje tipa C<\/strong>. Na spletni strani . <strong>1,0\u03a9 mre\u017ena tuljava<\/strong> zagotavlja enakomerno in aromati\u010dno paro. Spletna stran <strong>digitalni prikazovalnik<\/strong> omogo\u010da enostavno spremljanje \u017eivljenjske dobe baterije in ravni e-teko\u010dine. Izbirate lahko med <strong>2% ali 5% nikotina<\/strong> in u\u017eivajte <strong>20 razli\u010dnih okusov<\/strong>, vklju\u010dno z jagodnim ledom Dragon Fruit Ice in breskovim ledom BlueRazz Ice. Idealno za osebno uporabo ali <strong>vape za enkratno uporabo na debelo<\/strong>ta naprava zdru\u017euje zmogljivost in pametne funkcije. Za <strong>Naro\u010dilo v razsutem stanju<\/strong> cen, se obrnite na nas.<\/p>\n<h3><strong>VAPME DIGITAL 12000 Lastnosti:<\/strong><\/h3>\n<ul>\n<li>Puffs: Do 12.000<\/li>\n<li>Kapaciteta e-teko\u010dine: 20ml<\/li>\n<li>Baterija: 850 mAh (za ponovno polnjenje)<\/li>\n<li>Polnjenje: Type-C<\/li>\n<li>Tuljava: 1.0\u03a9 Mesh Coil<\/li>\n<li>Mo\u010d nikotina: 2%, 5%<\/li>\n<li>Zaslon: Digitalni zaslon (raven baterije in e-teko\u010dine)<\/li>\n<li>20 mo\u017enosti okusov<\/li>\n<\/ul>\n<h4>POGOSTA VPRA\u0160ANJA<\/h4>\n<h5>Kako digitalni zaslon izbolj\u0161a uporabni\u0161ko izku\u0161njo?<\/h5>\n<p>Digitalni zaslon v realnem \u010dasu zagotavlja informacije o \u017eivljenjski dobi baterije in ravni e-teko\u010dine, kar vam omogo\u010da, da spremljate svojo napravo in ustrezno na\u010drtujete seanse vapinga. Ta funkcija pove\u010duje udobje in zagotavlja, da ste vedno seznanjeni s stanjem svoje naprave.<\/p>\n<h5>Katere na\u010dine po\u0161iljanja uporabljate?<\/h5>\n<p>Sodelujemo z zanesljivimi prevozniki, kot so UPS, DHL, FedEx in DPD, da zagotovimo u\u010dinkovito dostavo va\u0161ih naro\u010dil. Na\u010din po\u0161iljanja izberemo glede na va\u0161o lokacijo za optimalno hitrost in zanesljivost dostave.<\/p>\n<h5>Koliko \u010dasa obi\u010dajno traja po\u0161iljanje?<\/h5>\n<p>Dostava obi\u010dajno traja od 7 do 15 delovnih dni. V \u010dasu najve\u010djih sezon ali neugodnih vremenskih razmer lahko traja tudi do 20 delovnih dni.<\/p>\n<h5>Ali bom imel te\u017eave s carino ali dodatnimi pristojbinami?<\/h5>\n<p>Opravljamo vse postopke carinjenja in poskrbimo, da bo va\u0161a po\u0161iljka brez te\u017eav sprejeta. Ne boste imeli nobenih dodatnih davkov ali pristojbin. Zagotavljamo carinjenje 100%.<\/p>\n<h5>Kako se lahko prepri\u010dam o kakovosti in zanesljivosti izdelka?<\/h5>\n<p>Sprejemamo varna pla\u010dila PayPal z za\u0161\u010dito kupca. Preberete lahko tudi ocene strank na <a href=\"https:\/\/www.trustpilot.com\/review\/volovape.com?utm_medium=trustbox&amp;utm_source=TrustBoxReviewCollector\">TrustPilot<\/a>, kjer so \u0161tevilne stranke delile pozitivne izku\u0161nje z na\u0161imi izdelki in storitvami.<\/p>","protected":false},"excerpt":{"rendered":"<p>U\u017eivajte v digitalnem vapingu z VAPME DIGITAL 12000 Puffs. 1,0\u03a9 mre\u017ea, 20 ml, 850 mAh za polnjenje. Odli\u010dno za osebno ali veleprodajo, saj ponuja trajen okus in raznolike nikotinske mo\u017enosti.<\/p>","protected":false},"featured_media":324,"comment_status":"open","ping_status":"closed","template":"","meta":[],"product_brand":[],"product_cat":[49,38,21,18,39,20,23,24,22,25,26,27,28,29,30,31,32,33,34,35,36,40],"product_tag":[],"class_list":{"0":"post-87","1":"product","2":"type-product","3":"status-publish","4":"has-post-thumbnail","6":"product_cat-vapme","7":"product_cat-12000-puffs-disposable-vape","8":"product_cat-big-puffs-vapes","9":"product_cat-different-puffs-of-disposable-vapes","10":"product_cat-digital-box-vapes","11":"product_cat-disposable-vape-types","12":"product_cat-disposable-vapes-in-austria","13":"product_cat-disposable-vapes-in-belgium","14":"product_cat-disposable-vapes-in-europe","15":"product_cat-disposable-vapes-in-france","16":"product_cat-disposable-vapes-in-germany","17":"product_cat-disposable-vapes-in-hungary","18":"product_cat-disposable-vapes-in-ltaly","19":"product_cat-disposable-vapes-in-netherlands","20":"product_cat-disposable-vapes-in-norway","21":"product_cat-disposable-vapes-in-poland","22":"product_cat-disposable-vapes-in-portugal","23":"product_cat-disposable-vapes-in-spain","24":"product_cat-disposable-vapes-in-sweden","25":"product_cat-disposable-vapes-in-switzerland","26":"product_cat-rechargeable-vapes","27":"product_cat-smart-screen-vapes","29":"first","30":"instock","31":"shipping-taxable","32":"purchasable","33":"product-type-variable","34":"has-default-attributes"},"jetpack_sharing_enabled":true,"tiered_pricing_type":"fixed","tiered_pricing_fixed_rules":{"2000":4.2599999999999997868371792719699442386627197265625},"tiered_pricing_product_settings":{"layout":"default","base_unit_name":{"singular":null,"plural":null},"default_variation":null},"tiered_pricing_minimum_quantity":1000,"tiered_pricing_roles_data":[],"tiered_pricing_percentage_rules":[],"tiered_pricing_maximum_quantity":null,"tiered_pricing_quantity_step":"10","_links":{"self":[{"href":"https:\/\/volovape.com\/sl\/wp-json\/wp\/v2\/product\/87","targetHints":{"allow":["GET"]}}],"collection":[{"href":"https:\/\/volovape.com\/sl\/wp-json\/wp\/v2\/product"}],"about":[{"href":"https:\/\/volovape.com\/sl\/wp-json\/wp\/v2\/types\/product"}],"replies":[{"embeddable":true,"href":"https:\/\/volovape.com\/sl\/wp-json\/wp\/v2\/comments?post=87"}],"wp:featuredmedia":[{"embeddable":true,"href":"https:\/\/volovape.com\/sl\/wp-json\/wp\/v2\/media\/324"}],"wp:attachment":[{"href":"https:\/\/volovape.com\/sl\/wp-json\/wp\/v2\/media?parent=87"}],"wp:term":[{"taxonomy":"product_brand","embeddable":true,"href":"https:\/\/volovape.com\/sl\/wp-json\/wp\/v2\/product_brand?post=87"},{"taxonomy":"product_cat","embeddable":true,"href":"https:\/\/volovape.com\/sl\/wp-json\/wp\/v2\/product_cat?post=87"},{"taxonomy":"product_tag","embeddable":true,"href":"https:\/\/volovape.com\/sl\/wp-json\/wp\/v2\/product_tag?post=87"}],"curies":[{"name":"wp","href":"https:\/\/api.w.org\/{rel}","templated":true}]}}