{"id":853,"date":"2024-11-21T03:33:53","date_gmt":"2024-11-21T03:33:53","guid":{"rendered":"https:\/\/volovape.com\/?post_type=product&#038;p=853"},"modified":"2025-07-06T04:14:47","modified_gmt":"2025-07-06T04:14:47","slug":"hzko-supernova-25000-puffov","status":"publish","type":"product","link":"https:\/\/volovape.com\/sl\/product\/hzko-supernova-25000-puffs\/","title":{"rendered":"HZKO Supernova 25000 puffov za enkratno uporabo - digitalni zaslon, nastavljiv zra\u010dni tok, mre\u017ena tuljava"},"content":{"rendered":"<p><strong>HZKO Supernova 25000 Puffs Vape za enkratno uporabo<\/strong> - Izkusite popoln nadzor in dolgo \u017eivljenjsko dobo z digitalnim zaslonom in nastavljivim pretokom zraka.<\/p>\n<p>Spletna stran <strong>HZKO Supernova 25000 Puffs<\/strong> vape za enkratno uporabo zagotavlja neprimerljivo izku\u0161njo vapinga z impresivno <strong>25.000 puff<\/strong> zmogljivost, velikodu\u0161no <strong>25ml rezervoar za e-teko\u010dino<\/strong>in zmogljivo <strong>850 mAh akumulatorska baterija<\/strong>. Integrirani <strong>digitalni prikazovalnik<\/strong> omogo\u010da spremljanje ravni baterije in e-teko\u010dine v realnem \u010dasu, medtem ko <strong>nastavljiv pretok zraka<\/strong> omogo\u010da prilagojene seanse uparjanja. Napredni <strong>mre\u017easta tuljava<\/strong> zagotavlja gladko in aromati\u010dno proizvodnjo pare. Izbirate lahko med <strong>0%, 2%, 3% ali 5% z mo\u010djo nikotina<\/strong>. Idealno za osebno uporabo in <strong>vape za enkratno uporabo na debelo<\/strong>ta naprava omogo\u010da udobje in nadzor. <strong>Mno\u017ei\u010dno naro\u010dilo<\/strong> mo\u017enosti so na voljo trgovcem na drobno.<\/p>\n<h3><strong>HZKO Supernova 25000 Puffs Lastnosti:<\/strong><\/h3>\n<ul>\n<li>Puffs: Do 25.000<\/li>\n<li>Kapaciteta e-teko\u010dine: 25ml<\/li>\n<li>Baterija: 850 mAh (za ponovno polnjenje)<\/li>\n<li>Polnjenje: Type-C<\/li>\n<li>Navijalka: Mre\u017easta tuljava<\/li>\n<li>Zaslon: Digitalni zaslon (raven baterije in e-teko\u010dine)<\/li>\n<li>Pretok zraka: Nastavljiv<\/li>\n<li>Mo\u010d nikotina: 0%, 2%, 3%, 5%<\/li>\n<li>Razpolo\u017eljivi okusi: , grenivkin osve\u017eilnik, kisel ananas mango, pomaran\u010da limona jagoda, lubenica led, Miami Mint, Blue Razz Ice, kislo jabolko led, me\u0161ano jagodi\u010devje, malina breskev limeta.<\/li>\n<\/ul>\n<h4>POGOSTA VPRA\u0160ANJA<\/h4>\n<h5>Kako digitalni zaslon izbolj\u0161a uporabni\u0161ko izku\u0161njo?<\/h5>\n<p>Digitalni zaslon v realnem \u010dasu zagotavlja informacije o stanju baterije in e-teko\u010dine, tako da lahko uporabniki z enim samim pogledom spremljajo stanje svoje naprave. Ta funkcija zagotavlja, da ste vedno seznanjeni s stanjem svoje naprave, kar prepre\u010duje nepri\u010dakovane prekinitve in pove\u010duje splo\u0161no udobje.<\/p>\n<h5>Kak\u0161ne so prednosti nastavljivega pretoka zraka v tej napravi?<\/h5>\n<p>Nastavljiv pretok zraka uporabnikom omogo\u010da, da prilagodijo svojo izku\u0161njo vapinga z natan\u010dnim prilagajanjem upora pri vle\u010denju. Ne glede na to, ali imate raje tesen ali ohlapen poteg, ta funkcija omogo\u010da prilagojen nadzor, kar zagotavlja bolj zadovoljivo in prijetno vapiranje.<\/p>\n<h5>Kako baterija s kapaciteto 850 mAh in 25 ml e-teko\u010dine prispevata k dolgi \u017eivljenjski dobi naprave?<\/h5>\n<p>Baterija s kapaciteto 850 mAh in 25 ml e-teko\u010dine sta zasnovani tako, da podpirata visoko \u0161tevilo izpuhov naprave in zagotavljata dalj\u0161o uporabo brez pogostega polnjenja ali ponovnega polnjenja. Ta kombinacija zagotavlja izjemno udobje in dolgo \u017eivljenjsko dobo, zato je HZKO Supernova 25000 idealna za dolgotrajno vapiranje.<\/p>\n<h5>Katere na\u010dine po\u0161iljanja uporabljate?<\/h5>\n<p>Sodelujemo z zanesljivimi prevozniki, kot so UPS, DHL, FedEx in DPD, da zagotovimo u\u010dinkovito in varno dostavo. Glede na va\u0161o lokacijo izberemo najprimernej\u0161i na\u010din po\u0161iljanja, da bi va\u0161e naro\u010dilo \u010dim prej prispelo do vas.<\/p>\n<h5>Ali lahko zaupam svojemu nakupu?<\/h5>\n<p>Prednost dajemo zadovoljstvu strank in ponujamo varne mo\u017enosti pla\u010dila, vklju\u010dno s storitvijo PayPal z za\u0161\u010dito kupca. Na TrustPilotu si lahko ogledate tudi ocene strank: <a href=\"https:\/\/www.trustpilot.com\/review\/volovape.com?utm_medium=trustbox&amp;utm_source=TrustBoxReviewCollector\">TrustPilot<\/a>.<\/p>","protected":false},"excerpt":{"rendered":"<p>Dobava HZKO Supernova 25000 Puffs Vapes za enkratno uporabo. 25.000 puffov, 25 ml e-teko\u010dine, baterija 850 mAh, digitalni zaslon, nastavljiv zra\u010dni tok, mre\u017ena tuljava. Raznolik nikotin. Razi\u0161\u010dite okuse.<\/p>","protected":false},"featured_media":1281,"comment_status":"open","ping_status":"closed","template":"","meta":[],"product_brand":[],"product_cat":[70,45,21,18,39,20,23,24,22,25,26,27,28,29,30,31,32,33,34,35,44,36,40],"product_tag":[],"class_list":{"0":"post-853","1":"product","2":"type-product","3":"status-publish","4":"has-post-thumbnail","6":"product_cat-hzkd","7":"product_cat-25000-puffs-disposable-vape","8":"product_cat-big-puffs-vapes","9":"product_cat-different-puffs-of-disposable-vapes","10":"product_cat-digital-box-vapes","11":"product_cat-disposable-vape-types","12":"product_cat-disposable-vapes-in-austria","13":"product_cat-disposable-vapes-in-belgium","14":"product_cat-disposable-vapes-in-europe","15":"product_cat-disposable-vapes-in-france","16":"product_cat-disposable-vapes-in-germany","17":"product_cat-disposable-vapes-in-hungary","18":"product_cat-disposable-vapes-in-ltaly","19":"product_cat-disposable-vapes-in-netherlands","20":"product_cat-disposable-vapes-in-norway","21":"product_cat-disposable-vapes-in-poland","22":"product_cat-disposable-vapes-in-portugal","23":"product_cat-disposable-vapes-in-spain","24":"product_cat-disposable-vapes-in-sweden","25":"product_cat-disposable-vapes-in-switzerland","26":"product_cat-dual-mesh-vapes","27":"product_cat-rechargeable-vapes","28":"product_cat-smart-screen-vapes","30":"first","31":"instock","32":"shipping-taxable","33":"purchasable","34":"product-type-variable","35":"has-default-attributes"},"jetpack_sharing_enabled":true,"tiered_pricing_type":"fixed","tiered_pricing_fixed_rules":{"2000":5.20000000000000017763568394002504646778106689453125},"tiered_pricing_product_settings":{"layout":"default","base_unit_name":{"singular":null,"plural":null},"default_variation":null},"tiered_pricing_minimum_quantity":1000,"tiered_pricing_roles_data":[],"tiered_pricing_percentage_rules":[],"tiered_pricing_maximum_quantity":null,"tiered_pricing_quantity_step":"10","_links":{"self":[{"href":"https:\/\/volovape.com\/sl\/wp-json\/wp\/v2\/product\/853","targetHints":{"allow":["GET"]}}],"collection":[{"href":"https:\/\/volovape.com\/sl\/wp-json\/wp\/v2\/product"}],"about":[{"href":"https:\/\/volovape.com\/sl\/wp-json\/wp\/v2\/types\/product"}],"replies":[{"embeddable":true,"href":"https:\/\/volovape.com\/sl\/wp-json\/wp\/v2\/comments?post=853"}],"wp:featuredmedia":[{"embeddable":true,"href":"https:\/\/volovape.com\/sl\/wp-json\/wp\/v2\/media\/1281"}],"wp:attachment":[{"href":"https:\/\/volovape.com\/sl\/wp-json\/wp\/v2\/media?parent=853"}],"wp:term":[{"taxonomy":"product_brand","embeddable":true,"href":"https:\/\/volovape.com\/sl\/wp-json\/wp\/v2\/product_brand?post=853"},{"taxonomy":"product_cat","embeddable":true,"href":"https:\/\/volovape.com\/sl\/wp-json\/wp\/v2\/product_cat?post=853"},{"taxonomy":"product_tag","embeddable":true,"href":"https:\/\/volovape.com\/sl\/wp-json\/wp\/v2\/product_tag?post=853"}],"curies":[{"name":"wp","href":"https:\/\/api.w.org\/{rel}","templated":true}]}}