{"id":826,"date":"2024-11-21T03:33:30","date_gmt":"2024-11-21T03:33:30","guid":{"rendered":"https:\/\/volovape.com\/?post_type=product&#038;p=826"},"modified":"2025-06-19T03:45:17","modified_gmt":"2025-06-19T03:45:17","slug":"svet-skratov-al-22000-pufov","status":"publish","type":"product","link":"https:\/\/volovape.com\/sl\/product\/elfworld-al-22000-puffs\/","title":{"rendered":"ELFWORLD AL 22000 Puffs za enkratno uporabo - dvojna mre\u017ea, digitalni zaslon, nastavljiv pretok zraka"},"content":{"rendered":"<p><strong>ELFWORLD AL 22000 Puffs za enkratno uporabo Vape<\/strong> - Popoln nadzor nad vapingom z dvojnimi mre\u017eastimi tuljavami in digitalnim zaslonom.<\/p>\n<p>Spletna stran <strong>ELFWORLD AL 22000 Puffs<\/strong> vape za enkratno uporabo na novo opredeljuje vaping s svojo izjemno <strong>22,000 puff<\/strong> zmogljivosti, ogromno <strong>26ml rezervoar za e-teko\u010dino<\/strong>in robusten <strong>Baterija za ponovno polnjenje 650 mAh<\/strong>. Na spletni strani . <strong>dvojne 1,0\u03a9 mre\u017easte tuljave<\/strong>ta naprava zagotavlja neprimerljiv okus in proizvodnjo pare. Vgrajena je <strong>digitalni prikazovalnik<\/strong> omogo\u010da spremljanje ravni baterije in e-teko\u010dine v realnem \u010dasu, medtem ko <strong>nastavljiv pretok zraka<\/strong> omogo\u010da popolnoma prilagodljivo izku\u0161njo vapinga. Izbirate lahko med <strong>0%, 2%, 3% ali 5% z mo\u010djo nikotina<\/strong>. Idealno za osebno uporabo in <strong>vape za enkratno uporabo na debelo<\/strong>ta naprava ponuja vrhunec udobja in zmogljivosti vapinga. <strong>Mno\u017ei\u010dno naro\u010dilo<\/strong> mo\u017enosti so na voljo trgovcem na drobno.<\/p>\n<h3><strong>ELFWORLD AL 22000 Puffs Lastnosti:<\/strong><\/h3>\n<ul>\n<li>Puffs: Do 22.000<\/li>\n<li>Kapaciteta e-teko\u010dine: 26ml<\/li>\n<li>Baterija: 650 mAh (za ponovno polnjenje)<\/li>\n<li>Polnjenje: Type-C<\/li>\n<li>Navijalka: Dvojne 1,0\u03a9 mre\u017easte tuljave<\/li>\n<li>Zaslon: Digitalni zaslon (raven baterije in e-teko\u010dine)<\/li>\n<li>Pretok zraka: Nastavljiv<\/li>\n<li>Mo\u010d nikotina: 0%, 2%, 3%, 5%<\/li>\n<li>Razpolo\u017eljivi okusi: Mango Apple Pear, Cool Mango, Green Apple, Blueberry Ice, Mint, Mix Berries, Grape Ice, Watermelon Ice, Blueberry Mint.<\/li>\n<\/ul>\n<h4>POGOSTA VPRA\u0160ANJA<\/h4>\n<h5>Kako dvojne mre\u017easte tuljave izbolj\u0161ajo izku\u0161njo vapinga?<\/h5>\n<p>Dvojne 1,0\u03a9 mre\u017easte tuljave zagotavljajo ve\u010djo u\u010dinkovitost segrevanja in enakomerno uparjanje, kar prina\u0161a bogatej\u0161e, intenzivnej\u0161e okuse in gostej\u0161e oblake pare. Ta tehnologija zagotavlja dosledno gladko in zadovoljivo izku\u0161njo vapinga skozi celotno \u017eivljenjsko dobo naprave.<\/p>\n<h5>Kak\u0161ne so prednosti digitalnega zaslona in nastavljivega pretoka zraka?<\/h5>\n<p>Digitalni zaslon uporabnikom omogo\u010da sprotno spremljanje ravni baterije in e-teko\u010dine, kar zagotavlja, da jih nikoli ne bo presenetilo. Nastavljiv pretok zraka omogo\u010da prilagajanje upora pri vle\u010denju, kar uporabnikom omogo\u010da, da svojo izku\u0161njo vapinga prilagodijo svojim \u017eeljam.<\/p>\n<h5>Kak\u0161ne so prednosti zmogljivosti 22.000 puffov in 26 ml rezervoarja za e-teko\u010dino za uporabnike?<\/h5>\n<p>Zmogljivost 22.000 izpuhov in 26 ml rezervoar za e-teko\u010dino omogo\u010data dalj\u0161o uporabo in zmanj\u0161ujeta potrebo po pogostih zamenjavah. To zagotavlja izjemno udobje in vrednost, zaradi \u010desar je ELFWORLD AL 22000 idealen za uporabnike, ki \u017eelijo dolgotrajno in brezskrbno izku\u0161njo vapinga.<\/p>\n<h5>Katere na\u010dine po\u0161iljanja uporabljate?<\/h5>\n<p>Sodelujemo z zanesljivimi prevozniki, kot so UPS, DHL, FedEx in DPD, da zagotovimo u\u010dinkovito in varno dostavo. Glede na va\u0161o lokacijo izberemo najprimernej\u0161i na\u010din po\u0161iljanja, da bi va\u0161e naro\u010dilo \u010dim prej prispelo do vas.<\/p>\n<h5>Ali lahko zaupam svojemu nakupu?<\/h5>\n<p>Prednost dajemo zadovoljstvu strank in ponujamo varne mo\u017enosti pla\u010dila, vklju\u010dno s storitvijo PayPal z za\u0161\u010dito kupca. Na TrustPilotu si lahko ogledate tudi ocene strank: <a href=\"https:\/\/www.trustpilot.com\/review\/volovape.com?utm_medium=trustbox&amp;utm_source=TrustBoxReviewCollector\">TrustPilot<\/a>.<\/p>","protected":false},"excerpt":{"rendered":"<p>Pridobite veleprodajni ELFWORLD AL 22000 Puffs Vapes za enkratno uporabo. 22.000 puffov, 26 ml e-teko\u010dine, dvojne mre\u017easte tuljave, digitalni zaslon in nastavljiv zra\u010dni tok. Razi\u0161\u010dite 10 okusov.<\/p>","protected":false},"featured_media":1271,"comment_status":"open","ping_status":"closed","template":"","meta":[],"product_brand":[],"product_cat":[69,42,45,21,18,39,20,23,24,22,25,26,27,28,29,30,31,32,33,34,35,44,36,40],"product_tag":[],"class_list":{"0":"post-826","1":"product","2":"type-product","3":"status-publish","4":"has-post-thumbnail","6":"product_cat-elfworld","7":"product_cat-20000-puffs-disposable-vape","8":"product_cat-25000-puffs-disposable-vape","9":"product_cat-big-puffs-vapes","10":"product_cat-different-puffs-of-disposable-vapes","11":"product_cat-digital-box-vapes","12":"product_cat-disposable-vape-types","13":"product_cat-disposable-vapes-in-austria","14":"product_cat-disposable-vapes-in-belgium","15":"product_cat-disposable-vapes-in-europe","16":"product_cat-disposable-vapes-in-france","17":"product_cat-disposable-vapes-in-germany","18":"product_cat-disposable-vapes-in-hungary","19":"product_cat-disposable-vapes-in-ltaly","20":"product_cat-disposable-vapes-in-netherlands","21":"product_cat-disposable-vapes-in-norway","22":"product_cat-disposable-vapes-in-poland","23":"product_cat-disposable-vapes-in-portugal","24":"product_cat-disposable-vapes-in-spain","25":"product_cat-disposable-vapes-in-sweden","26":"product_cat-disposable-vapes-in-switzerland","27":"product_cat-dual-mesh-vapes","28":"product_cat-rechargeable-vapes","29":"product_cat-smart-screen-vapes","31":"first","32":"instock","33":"shipping-taxable","34":"purchasable","35":"product-type-variable","36":"has-default-attributes"},"jetpack_sharing_enabled":true,"tiered_pricing_type":"fixed","tiered_pricing_fixed_rules":{"2000":6.88999999999999968025576890795491635799407958984375},"tiered_pricing_product_settings":{"layout":"default","base_unit_name":{"singular":null,"plural":null},"default_variation":null},"tiered_pricing_minimum_quantity":1000,"tiered_pricing_roles_data":[],"tiered_pricing_percentage_rules":[],"tiered_pricing_maximum_quantity":null,"tiered_pricing_quantity_step":"10","_links":{"self":[{"href":"https:\/\/volovape.com\/sl\/wp-json\/wp\/v2\/product\/826","targetHints":{"allow":["GET"]}}],"collection":[{"href":"https:\/\/volovape.com\/sl\/wp-json\/wp\/v2\/product"}],"about":[{"href":"https:\/\/volovape.com\/sl\/wp-json\/wp\/v2\/types\/product"}],"replies":[{"embeddable":true,"href":"https:\/\/volovape.com\/sl\/wp-json\/wp\/v2\/comments?post=826"}],"wp:featuredmedia":[{"embeddable":true,"href":"https:\/\/volovape.com\/sl\/wp-json\/wp\/v2\/media\/1271"}],"wp:attachment":[{"href":"https:\/\/volovape.com\/sl\/wp-json\/wp\/v2\/media?parent=826"}],"wp:term":[{"taxonomy":"product_brand","embeddable":true,"href":"https:\/\/volovape.com\/sl\/wp-json\/wp\/v2\/product_brand?post=826"},{"taxonomy":"product_cat","embeddable":true,"href":"https:\/\/volovape.com\/sl\/wp-json\/wp\/v2\/product_cat?post=826"},{"taxonomy":"product_tag","embeddable":true,"href":"https:\/\/volovape.com\/sl\/wp-json\/wp\/v2\/product_tag?post=826"}],"curies":[{"name":"wp","href":"https:\/\/api.w.org\/{rel}","templated":true}]}}