{"id":825,"date":"2024-11-21T03:33:30","date_gmt":"2024-11-21T03:33:30","guid":{"rendered":"https:\/\/volovape.com\/?post_type=product&#038;p=825"},"modified":"2025-07-06T04:09:11","modified_gmt":"2025-07-06T04:09:11","slug":"elfworld-plus-20000-puffov","status":"publish","type":"product","link":"https:\/\/volovape.com\/sl\/product\/elfworld-plus-20000-puffs\/","title":{"rendered":"ELFWORLD PLUS+ 20000 puffov za enkratno uporabo - popust v razsutem stanju, mre\u017ena tuljava, polnjenje"},"content":{"rendered":"<p><strong>ELFWORLD PLUS+ 20000 Puffs Vape za enkratno uporabo<\/strong> - Neprekosljiva dolgo\u017eivost in okus z napredno tehnologijo mre\u017easte tuljave.<\/p>\n<p>Spletna stran <strong>ELFWORLD PLUS+ 20000 puhlic<\/strong> vape za enkratno uporabo zagotavlja izjemno izku\u0161njo vapinga z impresivno <strong>20.000 puff<\/strong> zmogljivost, velikodu\u0161no <strong>22ml rezervoar za e-teko\u010dino<\/strong>in zmogljivo <strong>Baterija za ponovno polnjenje 650 mAh<\/strong>. Napredni <strong>mre\u017easta tuljava<\/strong> Tehnologija zagotavlja dosledno gladko, bogato in zadovoljivo paro, zato je idealna za dalj\u0161o uporabo. Izbirate lahko med <strong>0%, 2%, 3% ali 5% z mo\u010djo nikotina<\/strong> po svojih \u017eeljah. Idealno za osebno uporabo in <strong>vape za enkratno uporabo na debelo<\/strong>ta naprava zagotavlja dolgo \u017eivljenjsko dobo in udobje. <strong>Mno\u017ei\u010dno naro\u010dilo<\/strong> mo\u017enosti so na voljo trgovcem na drobno.<\/p>\n<h3><strong>ELFWORLD PLUS+ 20000 Puffs Lastnosti:<\/strong><\/h3>\n<ul>\n<li>Puffs: Do 20.000<\/li>\n<li>Kapaciteta e-teko\u010dine: 22ml<\/li>\n<li>Baterija: 650 mAh (za ponovno polnjenje)<\/li>\n<li>Polnjenje: Type-C<\/li>\n<li>Navijalka: Mre\u017easta tuljava<\/li>\n<li>Mo\u010d nikotina: 0%, 2%, 3%, 5%<\/li>\n<li>Razpolo\u017eljivi okusi: Vam borovni\u010deva lubenica, roza limonada, mehi\u0161ki mango, jagodna banana, lubenica led, beli gumijasti led, jagodni mango, miamijska meta, jagodni mango, jagodni mango.<\/li>\n<\/ul>\n<h4>POGOSTA VPRA\u0160ANJA<\/h4>\n<h5>Kako mre\u017easta tuljava izbolj\u0161a izku\u0161njo vapinga v tej napravi z visoko stopnjo puffa?<\/h5>\n<p>Mre\u017easta spirala v ELFWORLD PLUS+ 20000 je zasnovana za enakomerno segrevanje in u\u010dinkovito uparjanje, kar zagotavlja enakomeren okus in proizvodnjo pare skozi celotno \u017eivljenjsko dobo naprave. Ta tehnologija omogo\u010da gladko in zadovoljivo izku\u0161njo tudi pri velikem \u0161tevilu izpuhov.<\/p>\n<h5>Kak\u0161ne so prednosti zmogljivosti 20.000 pufov?<\/h5>\n<p>Zmogljivost 20.000 izpihov omogo\u010da dalj\u0161o uporabo, zaradi \u010desar ni potrebna pogosta zamenjava. Zato je ELFWORLD PLUS+ 20000 idealen za uporabnike, ki \u017eelijo dolgotrajno in priro\u010dno re\u0161itev za vaping, ki je idealna za potovanja ali vsakodnevno uporabo.<\/p>\n<h5>Kako hitro se baterija 650 mAh napolni?<\/h5>\n<p>Baterija s kapaciteto 650 mAh podpira dolge seanse vapinga in se hitro napolni s polnjenjem tipa C. To zagotavlja minimalen \u010das nedelovanja in vam omogo\u010da, da u\u017eivate v napravi brez dolgega \u010dakanja.<\/p>\n<h5>Katere na\u010dine po\u0161iljanja uporabljate?<\/h5>\n<p>Sodelujemo z zanesljivimi prevozniki, kot so UPS, DHL, FedEx in DPD, da zagotovimo u\u010dinkovito in varno dostavo. Glede na va\u0161o lokacijo izberemo najbolj\u0161o mo\u017enost po\u0161iljanja, da bi va\u0161e naro\u010dilo \u010dim prej prispelo do vas.<\/p>\n<h5>Ali lahko zaupam svojemu nakupu?<\/h5>\n<p>Prednost dajemo zadovoljstvu strank in ponujamo varne mo\u017enosti pla\u010dila, vklju\u010dno s storitvijo PayPal z za\u0161\u010dito kupca. Na TrustPilotu si lahko ogledate tudi ocene strank: <a href=\"https:\/\/www.trustpilot.com\/review\/volovape.com?utm_medium=trustbox&amp;utm_source=TrustBoxReviewCollector\">TrustPilot<\/a>.<\/p>","protected":false},"excerpt":{"rendered":"<p>Veleprodaja ELFWORLD PLUS+ 20000 Puffs Vapes za enkratno uporabo. 20.000 puffov, 22 ml e-teko\u010dine, mre\u017ena tuljava, mo\u017enost polnjenja. Razli\u010dne nikotinske mo\u017enosti. Razi\u0161\u010dite 15 okusov.<\/p>","protected":false},"featured_media":1254,"comment_status":"open","ping_status":"closed","template":"","meta":[],"product_brand":[],"product_cat":[69,42,21,18,39,20,23,24,22,25,26,27,28,29,30,31,32,33,34,35,44,36,40],"product_tag":[],"class_list":{"0":"post-825","1":"product","2":"type-product","3":"status-publish","4":"has-post-thumbnail","6":"product_cat-elfworld","7":"product_cat-20000-puffs-disposable-vape","8":"product_cat-big-puffs-vapes","9":"product_cat-different-puffs-of-disposable-vapes","10":"product_cat-digital-box-vapes","11":"product_cat-disposable-vape-types","12":"product_cat-disposable-vapes-in-austria","13":"product_cat-disposable-vapes-in-belgium","14":"product_cat-disposable-vapes-in-europe","15":"product_cat-disposable-vapes-in-france","16":"product_cat-disposable-vapes-in-germany","17":"product_cat-disposable-vapes-in-hungary","18":"product_cat-disposable-vapes-in-ltaly","19":"product_cat-disposable-vapes-in-netherlands","20":"product_cat-disposable-vapes-in-norway","21":"product_cat-disposable-vapes-in-poland","22":"product_cat-disposable-vapes-in-portugal","23":"product_cat-disposable-vapes-in-spain","24":"product_cat-disposable-vapes-in-sweden","25":"product_cat-disposable-vapes-in-switzerland","26":"product_cat-dual-mesh-vapes","27":"product_cat-rechargeable-vapes","28":"product_cat-smart-screen-vapes","30":"first","31":"instock","32":"shipping-taxable","33":"purchasable","34":"product-type-variable","35":"has-default-attributes"},"jetpack_sharing_enabled":true,"tiered_pricing_type":"fixed","tiered_pricing_fixed_rules":{"2000":6.19000000000000039079850466805510222911834716796875},"tiered_pricing_product_settings":{"layout":"default","base_unit_name":{"singular":null,"plural":null},"default_variation":null},"tiered_pricing_minimum_quantity":1000,"tiered_pricing_roles_data":[],"tiered_pricing_percentage_rules":[],"tiered_pricing_maximum_quantity":null,"tiered_pricing_quantity_step":"10","_links":{"self":[{"href":"https:\/\/volovape.com\/sl\/wp-json\/wp\/v2\/product\/825","targetHints":{"allow":["GET"]}}],"collection":[{"href":"https:\/\/volovape.com\/sl\/wp-json\/wp\/v2\/product"}],"about":[{"href":"https:\/\/volovape.com\/sl\/wp-json\/wp\/v2\/types\/product"}],"replies":[{"embeddable":true,"href":"https:\/\/volovape.com\/sl\/wp-json\/wp\/v2\/comments?post=825"}],"wp:featuredmedia":[{"embeddable":true,"href":"https:\/\/volovape.com\/sl\/wp-json\/wp\/v2\/media\/1254"}],"wp:attachment":[{"href":"https:\/\/volovape.com\/sl\/wp-json\/wp\/v2\/media?parent=825"}],"wp:term":[{"taxonomy":"product_brand","embeddable":true,"href":"https:\/\/volovape.com\/sl\/wp-json\/wp\/v2\/product_brand?post=825"},{"taxonomy":"product_cat","embeddable":true,"href":"https:\/\/volovape.com\/sl\/wp-json\/wp\/v2\/product_cat?post=825"},{"taxonomy":"product_tag","embeddable":true,"href":"https:\/\/volovape.com\/sl\/wp-json\/wp\/v2\/product_tag?post=825"}],"curies":[{"name":"wp","href":"https:\/\/api.w.org\/{rel}","templated":true}]}}