{"id":824,"date":"2024-11-21T03:33:30","date_gmt":"2024-11-21T03:33:30","guid":{"rendered":"https:\/\/volovape.com\/?post_type=product&#038;p=824"},"modified":"2025-07-06T04:22:09","modified_gmt":"2025-07-06T04:22:09","slug":"elfworld-15pro-12000-puffov","status":"publish","type":"product","link":"https:\/\/volovape.com\/sl\/product\/elfworld-15pro-12000-puffs\/","title":{"rendered":"ELFWORLD 15PRO 12000 puffov za enkratno uporabo z digitalnim zaslonom in nastavljivim pretokom zraka"},"content":{"rendered":"<p><strong>ELFWORLD 15PRO 12000 Puffs Vape za enkratno uporabo<\/strong> - Inteligentno uparjanje z digitalnim zaslonom in nastavljivim pretokom zraka.<\/p>\n<p>Spletna stran <strong>ELFWORLD 15PRO 12.000 puhlic<\/strong> Vape za enkratno uporabo zdru\u017euje visoko zmogljivost s pametnimi funkcijami in ponuja do <strong>12.000 vpihov<\/strong>, in <strong>18ml e-teko\u010dine<\/strong>in <strong>600 mAh akumulatorska baterija<\/strong>. Integrirani <strong>digitalni prikazovalnik<\/strong> omogo\u010da spremljanje ravni baterije in e-teko\u010dine v realnem \u010dasu, medtem ko <strong>nastavljiv pretok zraka<\/strong> omogo\u010da prilagojeno izku\u0161njo vapinga. Napredni <strong>mre\u017easta tuljava<\/strong> zagotavlja gladko in aromati\u010dno paro. Izbirate lahko med <strong>0%, 2%, 3% ali 5% z mo\u010djo nikotina<\/strong>. Idealno za osebno uporabo in <strong>vape za enkratno uporabo na debelo<\/strong>ta naprava omogo\u010da udobje in nadzor. <strong>Mno\u017ei\u010dno naro\u010dilo<\/strong> mo\u017enosti so na voljo trgovcem na drobno.<\/p>\n<h3><strong>ELFWORLD 15PRO 12000 Puffs Lastnosti:<\/strong><\/h3>\n<ul>\n<li>Puffs: Do 12.000<\/li>\n<li>Kapaciteta e-teko\u010dine: 18ml<\/li>\n<li>Baterija: 600 mAh (za ponovno polnjenje)<\/li>\n<li>Polnjenje: Type-C<\/li>\n<li>Navijalka: Mre\u017easta tuljava<\/li>\n<li>Zaslon: Digitalni zaslon (raven baterije in e-teko\u010dine)<\/li>\n<li>Pretok zraka: Nastavljiv<\/li>\n<li>Mo\u010d nikotina: 0%, 2%, 3%, 5%<\/li>\n<li>Razpolo\u017eljivi okusi: Sladoled z lubenico, Blue Razz Ice, Strawberry Ice, Vanilla Casta Tobacco, Dragon Fruit Berry, Sakura Grape, Peach Mango, Candy Rainbow, Mint, Mixed Berries, Watermelon Bubble Gum, Kiwi Passionfruit Guava, Raspberry Watermelon, Double Apple, Strawberry Ice Cream.<\/li>\n<\/ul>\n<h4>POGOSTA VPRA\u0160ANJA<\/h4>\n<h5>Kako digitalni zaslon izbolj\u0161a izku\u0161njo vapinga?<\/h5>\n<p>Digitalni zaslon v realnem \u010dasu zagotavlja informacije o stanju baterije in e-teko\u010dine, tako da lahko uporabniki z enim samim pogledom spremljajo stanje svoje naprave. Ta funkcija zagotavlja, da nikoli ne boste presene\u010deni in da boste lahko ustrezno na\u010drtovali svoje seanse vapinga, kar pove\u010duje splo\u0161no udobje in nadzor.<\/p>\n<h5>Kak\u0161ne so prednosti nastavljivega pretoka zraka?<\/h5>\n<p>Nastavljiv pretok zraka uporabnikom omogo\u010da, da prilagodijo svojo izku\u0161njo vapinga z natan\u010dnim prilagajanjem upora pri vle\u010denju. Ne glede na to, ali imate raje tesnej\u0161e ali ohlapnej\u0161e vdihavanje, lahko s to funkcijo prilagodite vapiranje svojim \u017eeljam, kar vam zagotavlja bolj zadovoljivo in prijetno izku\u0161njo.<\/p>\n<h5>Kako mre\u017easta tuljava prispeva k okusu in proizvodnji pare?<\/h5>\n<p>Mre\u017easta spirala je zasnovana tako, da zagotavlja enakomerno segrevanje in optimalno uparjanje e-teko\u010dine, kar zagotavlja enakomerno gladko in aromati\u010dno paro. Ta tehnologija izbolj\u0161a celotno izku\u0161njo vapinga, saj z vsakim vdihom ustvari bogate, zadovoljive oblake.<\/p>\n<h5>Katere na\u010dine po\u0161iljanja uporabljate?<\/h5>\n<p>Sodelujemo z zaupanja vrednimi prevozniki, kot so UPS, DHL, FedEx in DPD, da zagotovimo zanesljivo in u\u010dinkovito dostavo. Glede na va\u0161o lokacijo izberemo najprimernej\u0161i na\u010din po\u0161iljanja, da bi va\u0161e naro\u010dilo \u010dim prej prispelo do vas.<\/p>\n<h5>Ali lahko zaupam svojemu nakupu?<\/h5>\n<p>Prednost dajemo zadovoljstvu strank in ponujamo varne mo\u017enosti pla\u010dila, vklju\u010dno s storitvijo PayPal z za\u0161\u010dito kupca. Na TrustPilotu si lahko ogledate tudi ocene strank: <a href=\"https:\/\/www.trustpilot.com\/review\/volovape.com?utm_medium=trustbox&amp;utm_source=TrustBoxReviewCollector\">TrustPilot<\/a>.<\/p>","protected":false},"excerpt":{"rendered":"<p>Distribucija ELFWORLD 15PRO 12000 Puffs Vapes za enkratno uporabo. 12.000 puffov, 18 ml e-teko\u010dine, digitalni prikazovalnik, nastavljiv zra\u010dni tok, mre\u017ena tuljava. Raznolik nikotin. Odkrijte 15 okusov.<\/p>","protected":false},"featured_media":1243,"comment_status":"open","ping_status":"closed","template":"","meta":[],"product_brand":[],"product_cat":[69,38,21,18,39,20,23,24,22,25,26,27,28,29,30,31,32,33,34,35,36,40],"product_tag":[],"class_list":{"0":"post-824","1":"product","2":"type-product","3":"status-publish","4":"has-post-thumbnail","6":"product_cat-elfworld","7":"product_cat-12000-puffs-disposable-vape","8":"product_cat-big-puffs-vapes","9":"product_cat-different-puffs-of-disposable-vapes","10":"product_cat-digital-box-vapes","11":"product_cat-disposable-vape-types","12":"product_cat-disposable-vapes-in-austria","13":"product_cat-disposable-vapes-in-belgium","14":"product_cat-disposable-vapes-in-europe","15":"product_cat-disposable-vapes-in-france","16":"product_cat-disposable-vapes-in-germany","17":"product_cat-disposable-vapes-in-hungary","18":"product_cat-disposable-vapes-in-ltaly","19":"product_cat-disposable-vapes-in-netherlands","20":"product_cat-disposable-vapes-in-norway","21":"product_cat-disposable-vapes-in-poland","22":"product_cat-disposable-vapes-in-portugal","23":"product_cat-disposable-vapes-in-spain","24":"product_cat-disposable-vapes-in-sweden","25":"product_cat-disposable-vapes-in-switzerland","26":"product_cat-rechargeable-vapes","27":"product_cat-smart-screen-vapes","29":"first","30":"instock","31":"shipping-taxable","32":"purchasable","33":"product-type-variable","34":"has-default-attributes"},"jetpack_sharing_enabled":true,"tiered_pricing_type":"fixed","tiered_pricing_fixed_rules":{"2000":5.20000000000000017763568394002504646778106689453125},"tiered_pricing_product_settings":{"layout":"default","base_unit_name":{"singular":null,"plural":null},"default_variation":null},"tiered_pricing_minimum_quantity":1000,"tiered_pricing_roles_data":[],"tiered_pricing_percentage_rules":[],"tiered_pricing_maximum_quantity":null,"tiered_pricing_quantity_step":"10","_links":{"self":[{"href":"https:\/\/volovape.com\/sl\/wp-json\/wp\/v2\/product\/824","targetHints":{"allow":["GET"]}}],"collection":[{"href":"https:\/\/volovape.com\/sl\/wp-json\/wp\/v2\/product"}],"about":[{"href":"https:\/\/volovape.com\/sl\/wp-json\/wp\/v2\/types\/product"}],"replies":[{"embeddable":true,"href":"https:\/\/volovape.com\/sl\/wp-json\/wp\/v2\/comments?post=824"}],"wp:featuredmedia":[{"embeddable":true,"href":"https:\/\/volovape.com\/sl\/wp-json\/wp\/v2\/media\/1243"}],"wp:attachment":[{"href":"https:\/\/volovape.com\/sl\/wp-json\/wp\/v2\/media?parent=824"}],"wp:term":[{"taxonomy":"product_brand","embeddable":true,"href":"https:\/\/volovape.com\/sl\/wp-json\/wp\/v2\/product_brand?post=824"},{"taxonomy":"product_cat","embeddable":true,"href":"https:\/\/volovape.com\/sl\/wp-json\/wp\/v2\/product_cat?post=824"},{"taxonomy":"product_tag","embeddable":true,"href":"https:\/\/volovape.com\/sl\/wp-json\/wp\/v2\/product_tag?post=824"}],"curies":[{"name":"wp","href":"https:\/\/api.w.org\/{rel}","templated":true}]}}