{"id":81,"date":"2024-11-21T03:26:51","date_gmt":"2024-11-21T03:26:51","guid":{"rendered":"https:\/\/volovape.com\/?post_type=product&#038;p=81"},"modified":"2025-10-28T03:23:45","modified_gmt":"2025-10-28T03:23:45","slug":"fihp-12000-puffov","status":"publish","type":"product","link":"https:\/\/volovape.com\/sl\/product\/fihp-12000-puffs\/","title":{"rendered":"FIHP 12000 Puffs Vape za enkratno uporabo - polnjenje, mre\u017easta tuljava, LED zaslon"},"content":{"rendered":"<p><iframe title=\"VideoPress Video predvajalnik\" aria-label='VideoPress Video predvajalnik' width='421' height='750' src='https:\/\/videopress.com\/embed\/mhBUnzpJ?hd=0&amp;cover=1' frameborder='0' allowfullscreen allow='clipboard-write'><\/iframe><script src='https:\/\/v0.wordpress.com\/js\/next\/videopress-iframe.js?m=1739540970'><\/script><\/p>\n<p><strong>FIHP 12000 Puffs polnjenje za enkratno uporabo Vape z LED zaslonom<\/strong> - Podalj\u0161ano uparjanje z napredno mre\u017easto tuljavo.<\/p>\n<p>Spletna stran <strong>FIHP 12.000 puffov<\/strong> za enkratno uporabo ponuja dolgotrajno in priro\u010dno izku\u0161njo vapinga z do <strong>12.000 vpihov<\/strong>, a <strong>20ml e-teko\u010dina kapaciteta<\/strong>in <strong>Baterija za ponovno polnjenje 650 mAh<\/strong> s spletno stranjo . <strong>Polnjenje tipa C<\/strong>. Na spletni strani . <strong>napredna tehnologija mre\u017enih tuljav<\/strong> zagotavlja dosledno gladko in aromati\u010dno paro. . <strong>Prikazovalnik LED<\/strong> omogo\u010da spremljanje \u017eivljenjske dobe in uporabe baterije v realnem \u010dasu. Izbirate lahko med <strong>2% ali 5% nikotina<\/strong> in u\u017eivajte <strong>10 okusnih okusov<\/strong>vklju\u010dno z lubenico Bubblegum in kivi pasijonko Guava. Idealno za osebno uporabo ali <strong>vape za enkratno uporabo na debelo<\/strong>ta naprava zdru\u017euje zmogljivost in priro\u010dnost. Za <strong>Naro\u010dilo v razsutem stanju<\/strong> cen, se obrnite na nas.<\/p>\n<h3><strong>FIHP 12000 Lastnosti:<\/strong><\/h3>\n<ul>\n<li>Puffs: Do 12.000<\/li>\n<li>Kapaciteta e-teko\u010dine: 20ml<\/li>\n<li>Baterija: 650 mAh (za ponovno polnjenje)<\/li>\n<li>Polnjenje: Type-C<\/li>\n<li>Navijalka: Mre\u017easta tuljava<\/li>\n<li>Zaslon: Prikazovalnik LED<\/li>\n<li>Mo\u010d nikotina: 2%, 5%<\/li>\n<li>10 mo\u017enosti okusov<\/li>\n<\/ul>\n<h4>POGOSTA VPRA\u0160ANJA<\/h4>\n<h5>Kako napredna tehnologija mre\u017easte tuljave izbolj\u0161a izku\u0161njo vapinga?<\/h5>\n<p>Napredna tehnologija mre\u017easte tuljave pove\u010duje povr\u0161ino grelne povr\u0161ine, kar zagotavlja enakomerno in enakomerno segrevanje. To zagotavlja gladko, bogato in aromati\u010dno proizvajanje pare, ki z vsakim curkom izbolj\u0161a splo\u0161no izku\u0161njo vapinga.<\/p>\n<h5>Katere na\u010dine po\u0161iljanja uporabljate?<\/h5>\n<p>Sodelujemo z zanesljivimi prevozniki, kot so UPS, DHL, FedEx in DPD, da zagotovimo u\u010dinkovito dostavo va\u0161ih naro\u010dil. Na\u010din po\u0161iljanja izberemo glede na va\u0161o lokacijo za optimalno hitrost in zanesljivost dostave.<\/p>\n<h5>Koliko \u010dasa obi\u010dajno traja po\u0161iljanje?<\/h5>\n<p>Dostava obi\u010dajno traja od 7 do 15 delovnih dni. V \u010dasu najve\u010djih sezon ali neugodnih vremenskih razmer lahko traja tudi do 20 delovnih dni.<\/p>\n<h5>Ali bom imel te\u017eave s carino ali dodatnimi pristojbinami?<\/h5>\n<p>Opravljamo vse postopke carinjenja in poskrbimo, da bo va\u0161a po\u0161iljka brez te\u017eav sprejeta. Ne boste imeli nobenih dodatnih davkov ali pristojbin. Zagotavljamo carinjenje 100%.<\/p>\n<h5>Kako se lahko prepri\u010dam o kakovosti in zanesljivosti izdelka?<\/h5>\n<p>Sprejemamo varna pla\u010dila PayPal z za\u0161\u010dito kupca. Preberete lahko tudi ocene strank na <a href=\"https:\/\/www.trustpilot.com\/review\/volovape.com?utm_medium=trustbox&amp;utm_source=TrustBoxReviewCollector\">TrustPilot<\/a>, kjer so \u0161tevilne stranke delile pozitivne izku\u0161nje z na\u0161imi izdelki in storitvami.<\/p>","protected":false},"excerpt":{"rendered":"<p>Do\u017eivite trajen okus z FIHP 12000 Puffs. Zaslon LED, mre\u017ena spirala, 20 ml, mo\u017enost polnjenja. Idealen za osebno ali veleprodajo, ponuja gladko paro in razli\u010dne jakosti nikotina.<\/p>","protected":false},"featured_media":248,"comment_status":"open","ping_status":"closed","template":"","meta":[],"product_brand":[],"product_cat":[38,21,18,39,20,23,24,22,25,26,27,28,29,30,31,32,33,34,35,46,36,40],"product_tag":[],"class_list":{"0":"post-81","1":"product","2":"type-product","3":"status-publish","4":"has-post-thumbnail","6":"product_cat-12000-puffs-disposable-vape","7":"product_cat-big-puffs-vapes","8":"product_cat-different-puffs-of-disposable-vapes","9":"product_cat-digital-box-vapes","10":"product_cat-disposable-vape-types","11":"product_cat-disposable-vapes-in-austria","12":"product_cat-disposable-vapes-in-belgium","13":"product_cat-disposable-vapes-in-europe","14":"product_cat-disposable-vapes-in-france","15":"product_cat-disposable-vapes-in-germany","16":"product_cat-disposable-vapes-in-hungary","17":"product_cat-disposable-vapes-in-ltaly","18":"product_cat-disposable-vapes-in-netherlands","19":"product_cat-disposable-vapes-in-norway","20":"product_cat-disposable-vapes-in-poland","21":"product_cat-disposable-vapes-in-portugal","22":"product_cat-disposable-vapes-in-spain","23":"product_cat-disposable-vapes-in-sweden","24":"product_cat-disposable-vapes-in-switzerland","25":"product_cat-fihp","26":"product_cat-rechargeable-vapes","27":"product_cat-smart-screen-vapes","29":"first","30":"instock","31":"shipping-taxable","32":"purchasable","33":"product-type-variable","34":"has-default-attributes"},"jetpack_sharing_enabled":true,"tiered_pricing_type":"fixed","tiered_pricing_fixed_rules":{"30":6.70000000000000017763568394002504646778106689453125,"50":5.92999999999999971578290569595992565155029296875,"100":5.45999999999999996447286321199499070644378662109375,"200":5.160000000000000142108547152020037174224853515625,"400":4.13999999999999968025576890795491635799407958984375},"tiered_pricing_product_settings":{"layout":"default","base_unit_name":{"singular":null,"plural":null},"default_variation":null},"tiered_pricing_minimum_quantity":10,"tiered_pricing_roles_data":[],"tiered_pricing_percentage_rules":[],"tiered_pricing_maximum_quantity":null,"tiered_pricing_quantity_step":"10","_links":{"self":[{"href":"https:\/\/volovape.com\/sl\/wp-json\/wp\/v2\/product\/81","targetHints":{"allow":["GET"]}}],"collection":[{"href":"https:\/\/volovape.com\/sl\/wp-json\/wp\/v2\/product"}],"about":[{"href":"https:\/\/volovape.com\/sl\/wp-json\/wp\/v2\/types\/product"}],"replies":[{"embeddable":true,"href":"https:\/\/volovape.com\/sl\/wp-json\/wp\/v2\/comments?post=81"}],"wp:featuredmedia":[{"embeddable":true,"href":"https:\/\/volovape.com\/sl\/wp-json\/wp\/v2\/media\/248"}],"wp:attachment":[{"href":"https:\/\/volovape.com\/sl\/wp-json\/wp\/v2\/media?parent=81"}],"wp:term":[{"taxonomy":"product_brand","embeddable":true,"href":"https:\/\/volovape.com\/sl\/wp-json\/wp\/v2\/product_brand?post=81"},{"taxonomy":"product_cat","embeddable":true,"href":"https:\/\/volovape.com\/sl\/wp-json\/wp\/v2\/product_cat?post=81"},{"taxonomy":"product_tag","embeddable":true,"href":"https:\/\/volovape.com\/sl\/wp-json\/wp\/v2\/product_tag?post=81"}],"curies":[{"name":"wp","href":"https:\/\/api.w.org\/{rel}","templated":true}]}}