{"id":80,"date":"2024-11-21T03:26:51","date_gmt":"2024-11-21T03:26:51","guid":{"rendered":"https:\/\/volovape.com\/?post_type=product&#038;p=80"},"modified":"2025-07-04T02:51:49","modified_gmt":"2025-07-04T02:51:49","slug":"fihp-15000-puffov","status":"publish","type":"product","link":"https:\/\/volovape.com\/sl\/product\/fihp-15000-puffs\/","title":{"rendered":"FIHP 15000 Puffs Vape za enkratno uporabo - mre\u017ena tuljava, LED zaslon, polnjenje"},"content":{"rendered":"<p><strong>FIHP 15000 Puffs dolgotrajen Vape za enkratno uporabo z LED zaslonom<\/strong> - Visoko zmogljiva re\u0161itev za uparjanje.<\/p>\n<p>Spletna stran <strong>FIHP 15.000 puffov<\/strong> vape za enkratno uporabo ponuja podalj\u0161ano izku\u0161njo vapinga z do <strong>15.000 vpihov<\/strong>, a <strong>22ml e-teko\u010dine<\/strong>in <strong>Baterija za ponovno polnjenje 650 mAh<\/strong> s spletno stranjo . <strong>Polnjenje tipa C<\/strong>. Na spletni strani . <strong>1,0\u03a9 mre\u017ena tuljava<\/strong> zagotavlja gladek, bogat okus in enakomerno paro. . <strong>Prikazovalnik LED<\/strong> omogo\u010da enostavno spremljanje stanja baterije in naprave. Izbirate lahko med <strong>2% ali 5% nikotina<\/strong> in u\u017eivajte v razli\u010dnih <strong>10+ okusov<\/strong>, vklju\u010dno z energijskim napitkom in kivi pasijonko guavo. Idealno za osebno uporabo ali <strong>vape za enkratno uporabo na debelo<\/strong>ta naprava zdru\u017euje visoko zmogljivost in priro\u010dnost. Za <strong>Naro\u010dilo v razsutem stanju<\/strong> cen, se obrnite na nas.<\/p>\n<h3><strong>FIHP 15000 Lastnosti:<\/strong><\/h3>\n<ul>\n<li>Puffs: Do 15.000<\/li>\n<li>Kapaciteta e-teko\u010dine: 22ml<\/li>\n<li>Baterija: 650 mAh (za ponovno polnjenje)<\/li>\n<li>Polnjenje: Type-C<\/li>\n<li>Tuljava: 1.0\u03a9 Mesh Coil<\/li>\n<li>Zaslon: Prikazovalnik LED<\/li>\n<li>Mo\u010d nikotina: 2%, 5%<\/li>\n<li>10+ mo\u017enosti okusov<\/li>\n<\/ul>\n<h4>POGOSTA VPRA\u0160ANJA<\/h4>\n<h5>Kako mre\u017ena tuljava 1,0\u03a9 izbolj\u0161a izku\u0161njo vapinga?<\/h5>\n<p>1,0\u03a9 mre\u017ena tuljava je zasnovana tako, da zagotavlja gladko in dosledno izku\u0161njo vapinga ter bogate okuse in zadovoljivo proizvodnjo pare z vsakim potegom. Zagotavlja u\u010dinkovito uparjanje e-teko\u010dine, kar pove\u010duje dostavo okusa in splo\u0161ni u\u017eitek.<\/p>\n<h5>Katere na\u010dine po\u0161iljanja uporabljate?<\/h5>\n<p>Sodelujemo z zanesljivimi prevozniki, kot so UPS, DHL, FedEx in DPD, da zagotovimo u\u010dinkovito dostavo va\u0161ih naro\u010dil. Na\u010din po\u0161iljanja izberemo glede na va\u0161o lokacijo za optimalno hitrost in zanesljivost dostave.<\/p>\n<h5>Koliko \u010dasa obi\u010dajno traja po\u0161iljanje?<\/h5>\n<p>Dostava obi\u010dajno traja od 7 do 15 delovnih dni. V \u010dasu najve\u010djih sezon ali neugodnih vremenskih razmer lahko traja tudi do 20 delovnih dni.<\/p>\n<h5>Ali bom imel te\u017eave s carino ali dodatnimi pristojbinami?<\/h5>\n<p>Opravljamo vse postopke carinjenja in poskrbimo, da bo va\u0161a po\u0161iljka brez te\u017eav sprejeta. Ne boste imeli nobenih dodatnih davkov ali pristojbin. Zagotavljamo carinjenje 100%.<\/p>\n<h5>Kako se lahko prepri\u010dam o kakovosti in zanesljivosti izdelka?<\/h5>\n<p>Sprejemamo varna pla\u010dila PayPal z za\u0161\u010dito kupca. Preberete lahko tudi ocene strank na <a href=\"https:\/\/www.trustpilot.com\/review\/volovape.com?utm_medium=trustbox&amp;utm_source=TrustBoxReviewCollector\">TrustPilot<\/a>, kjer so \u0161tevilne stranke delile pozitivne izku\u0161nje z na\u0161imi izdelki in storitvami.<\/p>","protected":false},"excerpt":{"rendered":"<p>U\u017eivajte v raz\u0161irjenem okusu s FIHP 15000 Puffs. LED zaslon, 1,0\u03a9 mre\u017eica, 22ml, mo\u017enost polnjenja. Odli\u010den za osebno ali veleprodajo, zagotavlja gladko paro in raznolike mo\u017enosti nikotina.<\/p>","protected":false},"featured_media":238,"comment_status":"open","ping_status":"closed","template":"","meta":[],"product_brand":[],"product_cat":[46,41,21,18,20,23,24,22,25,26,27,28,29,30,31,32,33,34,35,36,40],"product_tag":[],"class_list":{"0":"post-80","1":"product","2":"type-product","3":"status-publish","4":"has-post-thumbnail","6":"product_cat-fihp","7":"product_cat-15000-puffs-disposable-vape","8":"product_cat-big-puffs-vapes","9":"product_cat-different-puffs-of-disposable-vapes","10":"product_cat-disposable-vape-types","11":"product_cat-disposable-vapes-in-austria","12":"product_cat-disposable-vapes-in-belgium","13":"product_cat-disposable-vapes-in-europe","14":"product_cat-disposable-vapes-in-france","15":"product_cat-disposable-vapes-in-germany","16":"product_cat-disposable-vapes-in-hungary","17":"product_cat-disposable-vapes-in-ltaly","18":"product_cat-disposable-vapes-in-netherlands","19":"product_cat-disposable-vapes-in-norway","20":"product_cat-disposable-vapes-in-poland","21":"product_cat-disposable-vapes-in-portugal","22":"product_cat-disposable-vapes-in-spain","23":"product_cat-disposable-vapes-in-sweden","24":"product_cat-disposable-vapes-in-switzerland","25":"product_cat-rechargeable-vapes","26":"product_cat-smart-screen-vapes","28":"first","29":"instock","30":"shipping-taxable","31":"purchasable","32":"product-type-variable","33":"has-default-attributes"},"jetpack_sharing_enabled":true,"tiered_pricing_type":"fixed","tiered_pricing_fixed_rules":{"2000":4.9900000000000002131628207280300557613372802734375},"tiered_pricing_product_settings":{"layout":"default","base_unit_name":{"singular":null,"plural":null},"default_variation":null},"tiered_pricing_minimum_quantity":1000,"tiered_pricing_roles_data":[],"tiered_pricing_percentage_rules":[],"tiered_pricing_maximum_quantity":null,"tiered_pricing_quantity_step":"10","_links":{"self":[{"href":"https:\/\/volovape.com\/sl\/wp-json\/wp\/v2\/product\/80","targetHints":{"allow":["GET"]}}],"collection":[{"href":"https:\/\/volovape.com\/sl\/wp-json\/wp\/v2\/product"}],"about":[{"href":"https:\/\/volovape.com\/sl\/wp-json\/wp\/v2\/types\/product"}],"replies":[{"embeddable":true,"href":"https:\/\/volovape.com\/sl\/wp-json\/wp\/v2\/comments?post=80"}],"wp:featuredmedia":[{"embeddable":true,"href":"https:\/\/volovape.com\/sl\/wp-json\/wp\/v2\/media\/238"}],"wp:attachment":[{"href":"https:\/\/volovape.com\/sl\/wp-json\/wp\/v2\/media?parent=80"}],"wp:term":[{"taxonomy":"product_brand","embeddable":true,"href":"https:\/\/volovape.com\/sl\/wp-json\/wp\/v2\/product_brand?post=80"},{"taxonomy":"product_cat","embeddable":true,"href":"https:\/\/volovape.com\/sl\/wp-json\/wp\/v2\/product_cat?post=80"},{"taxonomy":"product_tag","embeddable":true,"href":"https:\/\/volovape.com\/sl\/wp-json\/wp\/v2\/product_tag?post=80"}],"curies":[{"name":"wp","href":"https:\/\/api.w.org\/{rel}","templated":true}]}}