{"id":79,"date":"2024-11-21T03:26:51","date_gmt":"2024-11-21T03:26:51","guid":{"rendered":"https:\/\/volovape.com\/?post_type=product&#038;p=79"},"modified":"2025-06-30T01:33:51","modified_gmt":"2025-06-30T01:33:51","slug":"fihp-sisa-vodna-kad-15000-pro-puffs","status":"publish","type":"product","link":"https:\/\/volovape.com\/sl\/product\/fihp-shisha-hookah-15000-pro-puffs\/","title":{"rendered":"FIHP Shisha Hookah 15000 Pro Puffs Vape za enkratno uporabo - 0,6\u03a9 Mesh Coil, LED zaslon"},"content":{"rendered":"<p><iframe title=\"VideoPress Video predvajalnik\" aria-label='VideoPress Video predvajalnik' width='421' height='750' src='https:\/\/videopress.com\/embed\/C7JPYAA7?hd=0&amp;cover=1' frameborder='0' allowfullscreen allow='clipboard-write'><\/iframe><script src='https:\/\/v0.wordpress.com\/js\/next\/videopress-iframe.js?m=1739540970'><\/script><\/p>\n<p><strong>FIHP Shisha Hookah 15000 Pro Puffs Premium Vape za enkratno uporabo z LED<\/strong> - Napredno uparjanje, navdihnjeno s \u0161i\u0161o.<\/p>\n<p>Spletna stran <strong>FIHP \u0160i\u0161a vodna kad 15000 Pro Puffs<\/strong> za enkratno uporabo ponuja nadgrajeno izku\u0161njo vapinga z do <strong>15.000 vpihov<\/strong>, a <strong>22ml e-teko\u010dine<\/strong>in <strong>Baterija za ponovno polnjenje 650 mAh<\/strong> s spletno stranjo . <strong>Polnjenje tipa C<\/strong>. Na spletni strani . <strong>0,6\u03a9 mre\u017ena tuljava<\/strong> zagotavlja intenziven okus, podoben \u0161i\u0161i, in gosto paro. . <strong>Prikazovalnik LED<\/strong> omogo\u010da enostavno spremljanje stanja naprave. Z <strong>0,6% (6 mg) vsebnost nikotina<\/strong>ponuja uravnote\u017eeno izku\u0161njo. Izbirate lahko med <strong>10 okusov, navdihnjenih s \u0161i\u0161o<\/strong>vklju\u010dno z breskovim mangom ananasom in jagodno lubenico. Idealno za osebno uporabo ali <strong>vape za enkratno uporabo na debelo<\/strong>ta naprava zdru\u017euje napredne funkcije in priro\u010dnost. Za <strong>Naro\u010dilo v razsutem stanju<\/strong> cen, se obrnite na nas.<\/p>\n<h3><strong>FIHP Shisha Hookah 15000 Pro Lastnosti:<\/strong><\/h3>\n<ul>\n<li>Puffs: Do 15.000<\/li>\n<li>Kapaciteta e-teko\u010dine: 22ml<\/li>\n<li>Baterija: 650 mAh (za ponovno polnjenje)<\/li>\n<li>Polnjenje: Type-C<\/li>\n<li>Tuljava: 0.6\u03a9 Mesh Coil<\/li>\n<li>Zaslon: Prikazovalnik LED<\/li>\n<li>Mo\u010d nikotina: 0,6% (6 mg)<\/li>\n<li>10 mo\u017enosti okusov<\/li>\n<\/ul>\n<h4>POGOSTA VPRA\u0160ANJA<\/h4>\n<h5>Po \u010dem se razli\u010dica \"Pro\" razlikuje od standardne FIHP Shisha Hookah 15000?<\/h5>\n<p>Razli\u010dica \"Pro\" je zasnovana za zahtevne vaperje, saj poudarja izbolj\u0161ano zmogljivost in uporabni\u0161ko izku\u0161njo. Ima optimizirano zasnovo tuljave in napreden LED-zaslon, ki zagotavlja bolj dosledno in informativno vaping seanso.<\/p>\n<h5>Katere na\u010dine po\u0161iljanja uporabljate?<\/h5>\n<p>Sodelujemo z uglednimi prevozniki, kot so UPS, DHL, FedEx in DPD, da zagotovimo u\u010dinkovito dostavo va\u0161ih naro\u010dil. Na\u010din po\u0161iljanja izberemo glede na va\u0161o lokacijo za optimalno hitrost in zanesljivost dostave.<\/p>\n<h5>Koliko \u010dasa obi\u010dajno traja po\u0161iljanje?<\/h5>\n<p>Dostava obi\u010dajno traja od 7 do 15 delovnih dni. V \u010dasu najve\u010djih sezon ali neugodnih vremenskih razmer lahko traja tudi do 20 delovnih dni.<\/p>\n<h5>Ali bom imel te\u017eave s carino ali dodatnimi pristojbinami?<\/h5>\n<p>Opravljamo vse postopke carinjenja in poskrbimo, da bo va\u0161a po\u0161iljka brez te\u017eav sprejeta. Ne boste imeli nobenih dodatnih davkov ali pristojbin. Zagotavljamo carinjenje 100%.<\/p>\n<h5>Kako se lahko prepri\u010dam o kakovosti in zanesljivosti izdelka?<\/h5>\n<p>Sprejemamo varna pla\u010dila PayPal z za\u0161\u010dito kupca. Preberete lahko tudi ocene strank na <a href=\"https:\/\/www.trustpilot.com\/review\/volovape.com?utm_medium=trustbox&amp;utm_source=TrustBoxReviewCollector\">TrustPilot<\/a>, kjer so \u0161tevilne stranke delile pozitivne izku\u0161nje z na\u0161imi izdelki in storitvami.<\/p>","protected":false},"excerpt":{"rendered":"<p>U\u017eivajte v vrhunskem okusu \u0161i\u0161e s kadjo FIHP Hookah 15000 Pro. LED zaslon, 0,6\u03a9 mre\u017eica, 22ml, mo\u017enost polnjenja. Odli\u010dna za osebno ali veleprodajo, zagotavlja intenzivne oblake in pristen okus.<\/p>","protected":false},"featured_media":222,"comment_status":"open","ping_status":"closed","template":"","meta":[],"product_brand":[],"product_cat":[46,41,21,18,20,23,24,22,25,26,27,28,29,30,31,32,33,34,35,36,47,40],"product_tag":[],"class_list":{"0":"post-79","1":"product","2":"type-product","3":"status-publish","4":"has-post-thumbnail","6":"product_cat-fihp","7":"product_cat-15000-puffs-disposable-vape","8":"product_cat-big-puffs-vapes","9":"product_cat-different-puffs-of-disposable-vapes","10":"product_cat-disposable-vape-types","11":"product_cat-disposable-vapes-in-austria","12":"product_cat-disposable-vapes-in-belgium","13":"product_cat-disposable-vapes-in-europe","14":"product_cat-disposable-vapes-in-france","15":"product_cat-disposable-vapes-in-germany","16":"product_cat-disposable-vapes-in-hungary","17":"product_cat-disposable-vapes-in-ltaly","18":"product_cat-disposable-vapes-in-netherlands","19":"product_cat-disposable-vapes-in-norway","20":"product_cat-disposable-vapes-in-poland","21":"product_cat-disposable-vapes-in-portugal","22":"product_cat-disposable-vapes-in-spain","23":"product_cat-disposable-vapes-in-sweden","24":"product_cat-disposable-vapes-in-switzerland","25":"product_cat-rechargeable-vapes","26":"product_cat-shisha-hookah-vapes","27":"product_cat-smart-screen-vapes","29":"first","30":"instock","31":"shipping-taxable","32":"purchasable","33":"product-type-variable","34":"has-default-attributes"},"jetpack_sharing_enabled":true,"tiered_pricing_type":"fixed","tiered_pricing_fixed_rules":{"2000":5.19000000000000039079850466805510222911834716796875},"tiered_pricing_product_settings":{"layout":"default","base_unit_name":{"singular":null,"plural":null},"default_variation":null},"tiered_pricing_minimum_quantity":1000,"tiered_pricing_roles_data":[],"tiered_pricing_percentage_rules":[],"tiered_pricing_maximum_quantity":null,"tiered_pricing_quantity_step":"10","_links":{"self":[{"href":"https:\/\/volovape.com\/sl\/wp-json\/wp\/v2\/product\/79","targetHints":{"allow":["GET"]}}],"collection":[{"href":"https:\/\/volovape.com\/sl\/wp-json\/wp\/v2\/product"}],"about":[{"href":"https:\/\/volovape.com\/sl\/wp-json\/wp\/v2\/types\/product"}],"replies":[{"embeddable":true,"href":"https:\/\/volovape.com\/sl\/wp-json\/wp\/v2\/comments?post=79"}],"wp:featuredmedia":[{"embeddable":true,"href":"https:\/\/volovape.com\/sl\/wp-json\/wp\/v2\/media\/222"}],"wp:attachment":[{"href":"https:\/\/volovape.com\/sl\/wp-json\/wp\/v2\/media?parent=79"}],"wp:term":[{"taxonomy":"product_brand","embeddable":true,"href":"https:\/\/volovape.com\/sl\/wp-json\/wp\/v2\/product_brand?post=79"},{"taxonomy":"product_cat","embeddable":true,"href":"https:\/\/volovape.com\/sl\/wp-json\/wp\/v2\/product_cat?post=79"},{"taxonomy":"product_tag","embeddable":true,"href":"https:\/\/volovape.com\/sl\/wp-json\/wp\/v2\/product_tag?post=79"}],"curies":[{"name":"wp","href":"https:\/\/api.w.org\/{rel}","templated":true}]}}