{"id":785,"date":"2024-11-21T03:33:06","date_gmt":"2024-11-21T03:33:06","guid":{"rendered":"https:\/\/volovape.com\/?post_type=product&#038;p=785"},"modified":"2025-06-19T03:45:15","modified_gmt":"2025-06-19T03:45:15","slug":"aivono-aim-plus-800-pufov","status":"publish","type":"product","link":"https:\/\/volovape.com\/sl\/product\/aivono-aim-plus-800-puffs\/","title":{"rendered":"Aivono Aim Plus 800 Puffs Vape za enkratno uporabo - mre\u017ena tuljava, certificirana TPD"},"content":{"rendered":"<p><strong>Aivono Aim Plus 800 Puffs za enkratno uporabo Vape<\/strong> - Zanesljiv, aromati\u010den in certificiran za zagotavljanje kakovosti.<\/p>\n<p>Spletna stran <strong>Aivono Aim Plus 800 puffov<\/strong> za enkratno uporabo ponuja preprosto in zadovoljivo izku\u0161njo vapinga z do <strong>800 oblivov<\/strong>, a <strong>3,2 ml kapacitete e-teko\u010dine<\/strong>in <strong>Baterija 550 mAh<\/strong>. Na spletni strani . <strong>1,8\u03a9 mre\u017ena tuljava<\/strong> zagotavlja dosledno in aromati\u010dno proizvodnjo pare. Ta naprava ima certifikat TPD, ki zagotavlja upo\u0161tevanje visokih standardov kakovosti in varnosti. Izbirate lahko med <strong>0%, 2% ali 5% z mo\u010djo nikotina<\/strong>. Idealno za osebno uporabo in <strong>vape za enkratno uporabo na debelo<\/strong>Aivono Aim Plus zagotavlja zanesljivost in okus v priro\u010dnem paketu. <strong>Mno\u017ei\u010dno naro\u010dilo<\/strong> mo\u017enosti so na voljo trgovcem na drobno.<\/p>\n<h3><strong>Aivono Aim Plus 800 Puffs Lastnosti:<\/strong><\/h3>\n<ul>\n<li>Puffs: Do 800<\/li>\n<li>Kapaciteta e-teko\u010dine: 3.2ml<\/li>\n<li>Baterija: 550 mAh<\/li>\n<li>Tuljava: 1.8\u03a9 Mesh Coil<\/li>\n<li>Mo\u010d nikotina: 0%, 2%, 5%<\/li>\n<li>Certificiranje: TPD certificirano<\/li>\n<li>Razpolo\u017eljivi okusi: Vam borovni\u010devec na ledu, grozdni led, mangovec na ledu, jagodni led, lubenica z jagodami in malinami, me\u0161ano jagodi\u010devje, breskovec na ledu, bananin led, borovnica na ledu, grozdni led, mango led, jagodni led, jabol\u010dni led, li\u010di led, ro\u017enata limonada, ananasova colada, ledena kola, rde\u010di bik, bananina z jagodo, ledena guava, jagodna pasijonka, jagodni kivi, mango li\u010di, bela breskev z grenivko, mango ananas z breskvijo, oran\u017ena pasijonka z guavo, lubenica z \u017eve\u010dilko, borovni\u010dev cheesecake.<\/li>\n<\/ul>\n<h4>POGOSTA VPRA\u0160ANJA<\/h4>\n<h5>Kaj pomeni certifikat TPD za ta vape?<\/h5>\n<p>Certifikat TPD (direktiva o toba\u010dnih izdelkih) pomeni, da Aivono Aim Plus 800 izpolnjuje stroge standarde kakovosti in varnosti, ki jih je dolo\u010dila Evropska unija. To zagotavlja, da je bil izdelek podvr\u017een strogemu testiranju in izpolnjuje predpise glede sestavin, emisij in embala\u017ee, kar uporabnikom zagotavlja varno in zanesljivo izku\u0161njo vapinga.<\/p>\n<h5>Kako 1,8\u03a9 mre\u017ena tuljava prispeva k izku\u0161nji vapinga?<\/h5>\n<p>1,8\u03a9 mre\u017ena spirala je zasnovana tako, da zagotavlja gladko in dosledno izku\u0161njo vapinga. Optimizira dostavo okusa in proizvodnjo pare ter tako zagotavlja, da je vsak pokuk zadovoljiv in aromati\u010den. Ta tuljava je idealna za uporabnike, ki imajo raje bolj nadzorovano in prijetno vapanje.<\/p>\n<h5>Kako dolgo zdr\u017ei baterija in kak\u0161na je zmogljivost e-teko\u010dine?<\/h5>\n<p>Baterija 550 mAh omogo\u010da do 800 vdihov in zagotavlja zanesljivo energijo za dalj\u0161o uporabo. Naprava ima 3,2 ml prostornine za e-teko\u010dino, kar zagotavlja dovolj e-teko\u010dine za celotno \u017eivljenjsko dobo naprave.<\/p>\n<h5>Katere na\u010dine po\u0161iljanja uporabljate?<\/h5>\n<p>Sodelujemo z zaupanja vrednimi prevozniki, kot so UPS, DHL, FedEx in DPD, da zagotovimo zanesljivo in u\u010dinkovito dostavo. Glede na va\u0161o lokacijo izberemo najprimernej\u0161i na\u010din po\u0161iljanja, da bi va\u0161e naro\u010dilo \u010dim prej prispelo do vas.<\/p>\n<h5>Ali lahko zaupam svojemu nakupu?<\/h5>\n<p>Prednost dajemo zadovoljstvu strank in ponujamo varne mo\u017enosti pla\u010dila, vklju\u010dno s storitvijo PayPal z za\u0161\u010dito kupca. Na TrustPilotu si lahko ogledate tudi ocene strank: <a href=\"https:\/\/www.trustpilot.com\/review\/volovape.com?utm_medium=trustbox&amp;utm_source=TrustBoxReviewCollector\">TrustPilot<\/a>.<\/p>","protected":false},"excerpt":{"rendered":"<p>Nakup Aivono Aim Plus 800 Puffs Vape za enkratno uporabo v razsutem stanju. S 3,2 ml e-teko\u010dine, mre\u017easto tuljavo, certifikatom TPD in ve\u010d mo\u017enostmi nikotina je kot nala\u0161\u010d za dobavitelje in preprodajalce vape na debelo.<\/p>","protected":false},"featured_media":1213,"comment_status":"open","ping_status":"closed","template":"","meta":[],"product_brand":[],"product_cat":[67,59,18,20,23,24,22,25,26,27,28,29,30,31,32,33,34,35,60],"product_tag":[],"class_list":{"0":"post-785","1":"product","2":"type-product","3":"status-publish","4":"has-post-thumbnail","6":"product_cat-aivono","7":"product_cat-800-puffs-disposable-vape","8":"product_cat-different-puffs-of-disposable-vapes","9":"product_cat-disposable-vape-types","10":"product_cat-disposable-vapes-in-austria","11":"product_cat-disposable-vapes-in-belgium","12":"product_cat-disposable-vapes-in-europe","13":"product_cat-disposable-vapes-in-france","14":"product_cat-disposable-vapes-in-germany","15":"product_cat-disposable-vapes-in-hungary","16":"product_cat-disposable-vapes-in-ltaly","17":"product_cat-disposable-vapes-in-netherlands","18":"product_cat-disposable-vapes-in-norway","19":"product_cat-disposable-vapes-in-poland","20":"product_cat-disposable-vapes-in-portugal","21":"product_cat-disposable-vapes-in-spain","22":"product_cat-disposable-vapes-in-sweden","23":"product_cat-disposable-vapes-in-switzerland","24":"product_cat-mini-puffs-vapes","26":"first","27":"instock","28":"shipping-taxable","29":"purchasable","30":"product-type-variable","31":"has-default-attributes"},"jetpack_sharing_enabled":true,"tiered_pricing_type":"fixed","tiered_pricing_fixed_rules":{"2000":3.04000000000000003552713678800500929355621337890625},"tiered_pricing_product_settings":{"layout":"default","base_unit_name":{"singular":null,"plural":null},"default_variation":null},"tiered_pricing_minimum_quantity":1000,"tiered_pricing_roles_data":[],"tiered_pricing_percentage_rules":[],"tiered_pricing_maximum_quantity":null,"tiered_pricing_quantity_step":"10","_links":{"self":[{"href":"https:\/\/volovape.com\/sl\/wp-json\/wp\/v2\/product\/785","targetHints":{"allow":["GET"]}}],"collection":[{"href":"https:\/\/volovape.com\/sl\/wp-json\/wp\/v2\/product"}],"about":[{"href":"https:\/\/volovape.com\/sl\/wp-json\/wp\/v2\/types\/product"}],"replies":[{"embeddable":true,"href":"https:\/\/volovape.com\/sl\/wp-json\/wp\/v2\/comments?post=785"}],"wp:featuredmedia":[{"embeddable":true,"href":"https:\/\/volovape.com\/sl\/wp-json\/wp\/v2\/media\/1213"}],"wp:attachment":[{"href":"https:\/\/volovape.com\/sl\/wp-json\/wp\/v2\/media?parent=785"}],"wp:term":[{"taxonomy":"product_brand","embeddable":true,"href":"https:\/\/volovape.com\/sl\/wp-json\/wp\/v2\/product_brand?post=785"},{"taxonomy":"product_cat","embeddable":true,"href":"https:\/\/volovape.com\/sl\/wp-json\/wp\/v2\/product_cat?post=785"},{"taxonomy":"product_tag","embeddable":true,"href":"https:\/\/volovape.com\/sl\/wp-json\/wp\/v2\/product_tag?post=785"}],"curies":[{"name":"wp","href":"https:\/\/api.w.org\/{rel}","templated":true}]}}