{"id":784,"date":"2024-11-21T03:33:06","date_gmt":"2024-11-21T03:33:06","guid":{"rendered":"https:\/\/volovape.com\/?post_type=product&#038;p=784"},"modified":"2025-06-19T03:45:13","modified_gmt":"2025-06-19T03:45:13","slug":"aivono-mini-boxx-600-puffs","status":"publish","type":"product","link":"https:\/\/volovape.com\/sl\/product\/aivono-mini-boxx-600-puffs\/","title":{"rendered":"Aivono Mini Boxx 600 Puffs Vape za enkratno uporabo - polnilna, mre\u017easta tuljava"},"content":{"rendered":"<p><strong>Aivono Mini Boxx 600 Puffs za enkratno uporabo Vape<\/strong> - Kompaktno, polnilno in aromati\u010dno uparjanje na poti.<\/p>\n<p>Spletna stran <strong>Aivono Mini Boxx 600 puffov<\/strong> Vape za enkratno uporabo je namenjen tistim, ki dajejo prednost prenosnosti in udobju, ne da bi pri tem ogrozili okus. Z do <strong>600 oblog<\/strong>, a <strong>2ml e-teko\u010dina kapacitete<\/strong>in <strong>400 mAh akumulatorska baterija<\/strong>ta naprava ponuja zadovoljivo izku\u0161njo vapinga v elegantni in kompaktni zasnovi. Spletna stran <strong>1,2\u03a9 mre\u017ena tuljava<\/strong> zagotavlja gladko in aromati\u010dno paro, kot nala\u0161\u010d za vsakodnevno uporabo. Izbirate lahko med <strong>0%, 2% ali 5% z mo\u010djo nikotina<\/strong>. Idealno za osebno uporabo in <strong>vape za enkratno uporabo na debelo<\/strong>Aivono Mini Boxx je popolna kombinacija priro\u010dnosti in zmogljivosti. <strong>Mno\u017ei\u010dno naro\u010dilo<\/strong> mo\u017enosti so na voljo trgovcem na drobno.<\/p>\n<h3><strong>Aivono Mini Boxx 600 Puffs Lastnosti:<\/strong><\/h3>\n<ul>\n<li>Puffs: Do 600<\/li>\n<li>Kapaciteta e-teko\u010dine: 2ml<\/li>\n<li>Baterija: 400 mAh (za ponovno polnjenje)<\/li>\n<li>Polnjenje: Type-C<\/li>\n<li>Tuljava: 1.2\u03a9 Mesh Coil<\/li>\n<li>Mo\u010d nikotina: 0%, 2%, 5%<\/li>\n<li>Razpolo\u017eljivi okusi: Aloe Blackberry Ice, Watermelon Bubble Gum Ice, Strawberry Ice, Energy Drink, White Peach Grapefruit, Cherry Cantaloupe, Pineapple Coconut Ice.<\/li>\n<\/ul>\n<h4>POGOSTA VPRA\u0160ANJA<\/h4>\n<h5>Zakaj je Aivono Mini Boxx idealen za vaping na poti?<\/h5>\n<p>Aivono Mini Boxx je zasnovan v kompaktni in lahki obliki, zato je izjemno prenosen in popoln za uporabnike, ki potrebujejo diskretno in priro\u010dno re\u0161itev za vaping. Njegova majhna velikost se zlahka prilega \u017eepom ali torbam, kar vam zagotavlja, da lahko u\u017eivate v svojih najljub\u0161ih okusih kadar koli in kjer koli.<\/p>\n<h5>Kako 1,2\u03a9 mre\u017ena tuljava izbolj\u0161a okus?<\/h5>\n<p>1,2\u03a9 mre\u017ena spirala je optimizirana za dostavo okusa, kar zagotavlja gladko in dosledno izku\u0161njo vapinga. Ta tuljava u\u010dinkovito segreva e-teko\u010dino in zagotavlja, da je vsak izdih bogat in aromati\u010den, kar pove\u010duje splo\u0161no zadovoljstvo pri vsakem vapanju.<\/p>\n<h5>Kako dolgo zdr\u017ei baterija in kako hitro se napolni?<\/h5>\n<p>400 mAh akumulatorska baterija je zasnovana tako, da omogo\u010da do 600 vdihov. S polnjenjem tipa C se naprava hitro napolni, kar zmanj\u0161uje \u010das izpada in zagotavlja, da se lahko prej vrnete k vapljanju.<\/p>\n<h5>Katere na\u010dine po\u0161iljanja uporabljate?<\/h5>\n<p>Sodelujemo z zanesljivimi prevozniki, kot so UPS, DHL, FedEx in DPD, ki zagotavljajo u\u010dinkovito in varno dostavo. Glede na va\u0161o lokacijo izberemo najbolj\u0161o mo\u017enost po\u0161iljanja in tako zagotovimo, da va\u0161e naro\u010dilo prispe nemudoma.<\/p>\n<h5>Ali lahko zaupam svojemu nakupu?<\/h5>\n<p>Prednost dajemo zadovoljstvu strank in ponujamo varne mo\u017enosti pla\u010dila, vklju\u010dno s storitvijo PayPal z za\u0161\u010dito kupca. Na TrustPilotu si lahko ogledate tudi ocene strank: <a href=\"https:\/\/www.trustpilot.com\/review\/volovape.com?utm_medium=trustbox&amp;utm_source=TrustBoxReviewCollector\">TrustPilot<\/a>.<\/p>","protected":false},"excerpt":{"rendered":"<p>Kupite Aivono Mini Boxx 600 Puffs Vape za enkratno uporabo v razsutem stanju. Z 2 ml e-teko\u010dine, mre\u017easto tuljavo in kompaktno zasnovo je idealna veleprodajna mo\u017enost za distributerje in trgovce na drobno.<\/p>","protected":false},"featured_media":1203,"comment_status":"open","ping_status":"closed","template":"","meta":[],"product_brand":[],"product_cat":[67,59,18,20,23,24,22,25,26,27,28,29,30,31,32,33,34,35,60],"product_tag":[],"class_list":{"0":"post-784","1":"product","2":"type-product","3":"status-publish","4":"has-post-thumbnail","6":"product_cat-aivono","7":"product_cat-800-puffs-disposable-vape","8":"product_cat-different-puffs-of-disposable-vapes","9":"product_cat-disposable-vape-types","10":"product_cat-disposable-vapes-in-austria","11":"product_cat-disposable-vapes-in-belgium","12":"product_cat-disposable-vapes-in-europe","13":"product_cat-disposable-vapes-in-france","14":"product_cat-disposable-vapes-in-germany","15":"product_cat-disposable-vapes-in-hungary","16":"product_cat-disposable-vapes-in-ltaly","17":"product_cat-disposable-vapes-in-netherlands","18":"product_cat-disposable-vapes-in-norway","19":"product_cat-disposable-vapes-in-poland","20":"product_cat-disposable-vapes-in-portugal","21":"product_cat-disposable-vapes-in-spain","22":"product_cat-disposable-vapes-in-sweden","23":"product_cat-disposable-vapes-in-switzerland","24":"product_cat-mini-puffs-vapes","26":"first","27":"instock","28":"shipping-taxable","29":"purchasable","30":"product-type-variable","31":"has-default-attributes"},"jetpack_sharing_enabled":true,"tiered_pricing_type":"fixed","tiered_pricing_fixed_rules":{"2000":3.45999999999999996447286321199499070644378662109375},"tiered_pricing_product_settings":{"layout":"default","base_unit_name":{"singular":null,"plural":null},"default_variation":null},"tiered_pricing_minimum_quantity":1000,"tiered_pricing_roles_data":[],"tiered_pricing_percentage_rules":[],"tiered_pricing_maximum_quantity":null,"tiered_pricing_quantity_step":"10","_links":{"self":[{"href":"https:\/\/volovape.com\/sl\/wp-json\/wp\/v2\/product\/784","targetHints":{"allow":["GET"]}}],"collection":[{"href":"https:\/\/volovape.com\/sl\/wp-json\/wp\/v2\/product"}],"about":[{"href":"https:\/\/volovape.com\/sl\/wp-json\/wp\/v2\/types\/product"}],"replies":[{"embeddable":true,"href":"https:\/\/volovape.com\/sl\/wp-json\/wp\/v2\/comments?post=784"}],"wp:featuredmedia":[{"embeddable":true,"href":"https:\/\/volovape.com\/sl\/wp-json\/wp\/v2\/media\/1203"}],"wp:attachment":[{"href":"https:\/\/volovape.com\/sl\/wp-json\/wp\/v2\/media?parent=784"}],"wp:term":[{"taxonomy":"product_brand","embeddable":true,"href":"https:\/\/volovape.com\/sl\/wp-json\/wp\/v2\/product_brand?post=784"},{"taxonomy":"product_cat","embeddable":true,"href":"https:\/\/volovape.com\/sl\/wp-json\/wp\/v2\/product_cat?post=784"},{"taxonomy":"product_tag","embeddable":true,"href":"https:\/\/volovape.com\/sl\/wp-json\/wp\/v2\/product_tag?post=784"}],"curies":[{"name":"wp","href":"https:\/\/api.w.org\/{rel}","templated":true}]}}