{"id":783,"date":"2024-11-21T03:33:06","date_gmt":"2024-11-21T03:33:06","guid":{"rendered":"https:\/\/volovape.com\/?post_type=product&#038;p=783"},"modified":"2025-08-06T08:14:48","modified_gmt":"2025-08-06T08:14:48","slug":"aivono-fatman-shisha-15000-puffov","status":"publish","type":"product","link":"https:\/\/volovape.com\/sl\/product\/aivono-fatman-shisha-15000-puffs\/","title":{"rendered":"Aivono Fatman Shisha 15000 puffov za enkratno uporabo - bogati okusi shisha, polnjenje, popust v razsutem stanju"},"content":{"rendered":"<p><strong>Aivono Fatman Shisha 15000 Puffs Vape za enkratno uporabo<\/strong> - Do\u017eivite bogate okuse \u0161i\u0161e z visoko zmogljivim uparjanjem.<\/p>\n<p>Spletna stran <strong>Aivono Fatman Shisha 15000 Puffs<\/strong> vape za enkratno uporabo zagotavlja pristno izku\u0161njo \u0161i\u0161e z impresivnim <strong>15.000 puff<\/strong> zmogljivost, velikodu\u0161no <strong>24ml rezervoar za e-teko\u010dino<\/strong>in zanesljivo <strong>600 mAh akumulatorska baterija<\/strong>. Optimizirani <strong>0,6\u03a9 mre\u017ena tuljava<\/strong> zagotavlja gosto paro in bogate, zadovoljive okuse, ki posnemajo bistvo tradicionalnega \u0161i\u0161e. Izbirate lahko med <strong>0%, 2%, 3% ali 5% z mo\u010djo nikotina<\/strong> po svojih \u017eeljah. Ta naprava je kot nala\u0161\u010d za osebno uporabo in <strong>vape za enkratno uporabo na debelo<\/strong>, ki zagotavlja udobje in zmogljivost. <strong>Mno\u017ei\u010dno naro\u010dilo<\/strong> so na voljo mo\u017enosti za trgovce, ki i\u0161\u010dejo visokokakovostne vapes za enkratno uporabo.<\/p>\n<h3><strong>Aivono Fatman Shisha 15000 Puffs Lastnosti:<\/strong><\/h3>\n<ul>\n<li>Puffs: Do 15.000<\/li>\n<li>Kapaciteta e-teko\u010dine: 24ml<\/li>\n<li>Baterija: 600 mAh (za ponovno polnjenje)<\/li>\n<li>Polnjenje: Type-C<\/li>\n<li>Tuljava: 0.6\u03a9 Mesh Coil<\/li>\n<li>Mo\u010d nikotina: 0%, 2%, 3%, 5%<\/li>\n<li>Razpolo\u017eljivi okusi: Jagodni led, lubeni\u010dni led, jagodno-maleinski led, so\u010dna breskev, borovni\u010dev led, mangova pasijonka, \u010de\u0161njev lubeni\u010dni \u017eele.<\/li>\n<\/ul>\n<h4>POGOSTA VPRA\u0160ANJA<\/h4>\n<h5>Kako 0,6\u03a9 mre\u017easta tuljava izbolj\u0161a izku\u0161njo vapinga \u0161i\u0161e?<\/h5>\n<p>0,6\u03a9 mre\u017ena spirala je posebej zasnovana za maksimalno proizvodnjo pare in intenzivnost okusa, kar zagotavlja gost, aromati\u010den oblak, ki natan\u010dno posnema izku\u0161njo tradicionalnega \u0161i\u0161e. Ta tuljava zagotavlja enakomerno segrevanje in optimalno dostavo okusa.<\/p>\n<h5>Kak\u0161na je \u017eivljenjska doba baterije in \u010das polnjenja?<\/h5>\n<p>Baterija z zmogljivostjo 600 mAh zagotavlja dolgotrajno mo\u010d za do 15 000 vdihov. S polnjenjem tipa C lahko napravo hitro in u\u010dinkovito napolnite, kar zmanj\u0161uje \u010das izpada in pove\u010duje u\u017eitek pri vapanju.<\/p>\n<h5>Katere mo\u017enosti okusov so na voljo?<\/h5>\n<p>Aivono Fatman Shisha 15000 ponuja razli\u010dne okuse, navdihnjene s \u0161i\u0161o, vklju\u010dno z jagodnim ledom, lubeni\u010dnim ledom, jagodno malino, so\u010dno breskvijo, borovni\u010devim ledom, mangovo pasijonko in \u010de\u0161njevim lubeni\u010dnim \u017eelejem. Vsak okus je oblikovan tako, da zagotavlja edinstveno in zadovoljivo izku\u0161njo vapinga.<\/p>\n<h5>Katere na\u010dine po\u0161iljanja uporabljate?<\/h5>\n<p>Sodelujemo z zanesljivimi prevozniki, kot so UPS, DHL, FedEx in DPD, da zagotovimo hitro in varno dostavo. Glede na va\u0161o lokacijo izberemo najprimernej\u0161i na\u010din po\u0161iljanja, da bi va\u0161e naro\u010dilo \u010dim prej prispelo do vas.<\/p>\n<h5>Ali lahko zaupam svojemu nakupu?<\/h5>\n<p>Prednost dajemo zadovoljstvu strank in ponujamo varne mo\u017enosti pla\u010dila, vklju\u010dno s storitvijo PayPal z za\u0161\u010dito kupca. Na TrustPilotu si lahko ogledate tudi ocene strank: <a href=\"https:\/\/www.trustpilot.com\/review\/volovape.com?utm_medium=trustbox&amp;utm_source=TrustBoxReviewCollector\">TrustPilot<\/a>.<\/p>","protected":false},"excerpt":{"rendered":"<p>Veleprodaja Aivono Fatman Shisha 15000 Puffs za enkratno uporabo Vape. 15.000 puffov, 24 ml e-teko\u010dine, mo\u017enost polnjenja. Mre\u017easta tuljava, raznolik nikotin. Razi\u0161\u010dite okuse shisha zdaj.<\/p>","protected":false},"featured_media":1191,"comment_status":"open","ping_status":"closed","template":"","meta":[],"product_brand":[],"product_cat":[67,41,21,18,20,23,24,22,25,26,27,28,29,30,31,32,33,34,35,36,47],"product_tag":[],"class_list":{"0":"post-783","1":"product","2":"type-product","3":"status-publish","4":"has-post-thumbnail","6":"product_cat-aivono","7":"product_cat-15000-puffs-disposable-vape","8":"product_cat-big-puffs-vapes","9":"product_cat-different-puffs-of-disposable-vapes","10":"product_cat-disposable-vape-types","11":"product_cat-disposable-vapes-in-austria","12":"product_cat-disposable-vapes-in-belgium","13":"product_cat-disposable-vapes-in-europe","14":"product_cat-disposable-vapes-in-france","15":"product_cat-disposable-vapes-in-germany","16":"product_cat-disposable-vapes-in-hungary","17":"product_cat-disposable-vapes-in-ltaly","18":"product_cat-disposable-vapes-in-netherlands","19":"product_cat-disposable-vapes-in-norway","20":"product_cat-disposable-vapes-in-poland","21":"product_cat-disposable-vapes-in-portugal","22":"product_cat-disposable-vapes-in-spain","23":"product_cat-disposable-vapes-in-sweden","24":"product_cat-disposable-vapes-in-switzerland","25":"product_cat-rechargeable-vapes","26":"product_cat-shisha-hookah-vapes","28":"first","29":"instock","30":"shipping-taxable","31":"purchasable","32":"product-type-variable","33":"has-default-attributes"},"jetpack_sharing_enabled":true,"tiered_pricing_type":"fixed","tiered_pricing_fixed_rules":{"2000":5.4900000000000002131628207280300557613372802734375},"tiered_pricing_product_settings":{"layout":"default","base_unit_name":{"singular":null,"plural":null},"default_variation":null},"tiered_pricing_minimum_quantity":1000,"tiered_pricing_roles_data":[],"tiered_pricing_percentage_rules":[],"tiered_pricing_maximum_quantity":null,"tiered_pricing_quantity_step":"10","_links":{"self":[{"href":"https:\/\/volovape.com\/sl\/wp-json\/wp\/v2\/product\/783","targetHints":{"allow":["GET"]}}],"collection":[{"href":"https:\/\/volovape.com\/sl\/wp-json\/wp\/v2\/product"}],"about":[{"href":"https:\/\/volovape.com\/sl\/wp-json\/wp\/v2\/types\/product"}],"replies":[{"embeddable":true,"href":"https:\/\/volovape.com\/sl\/wp-json\/wp\/v2\/comments?post=783"}],"wp:featuredmedia":[{"embeddable":true,"href":"https:\/\/volovape.com\/sl\/wp-json\/wp\/v2\/media\/1191"}],"wp:attachment":[{"href":"https:\/\/volovape.com\/sl\/wp-json\/wp\/v2\/media?parent=783"}],"wp:term":[{"taxonomy":"product_brand","embeddable":true,"href":"https:\/\/volovape.com\/sl\/wp-json\/wp\/v2\/product_brand?post=783"},{"taxonomy":"product_cat","embeddable":true,"href":"https:\/\/volovape.com\/sl\/wp-json\/wp\/v2\/product_cat?post=783"},{"taxonomy":"product_tag","embeddable":true,"href":"https:\/\/volovape.com\/sl\/wp-json\/wp\/v2\/product_tag?post=783"}],"curies":[{"name":"wp","href":"https:\/\/api.w.org\/{rel}","templated":true}]}}