{"id":76,"date":"2024-11-21T03:26:51","date_gmt":"2024-11-21T03:26:51","guid":{"rendered":"https:\/\/volovape.com\/?post_type=product&#038;p=76"},"modified":"2026-04-29T02:09:47","modified_gmt":"2026-04-29T02:09:47","slug":"waspe-25k","status":"publish","type":"product","link":"https:\/\/volovape.com\/sl\/product\/waspe-25k\/","title":{"rendered":"WASPE 25K dvojna mre\u017ea za enkratno uporabo | 25ml polnilna v razsutem stanju kupiti na debelo"},"content":{"rendered":"<p><iframe title=\"VideoPress Video predvajalnik\" aria-label='VideoPress Video predvajalnik' width='421' height='750' src='https:\/\/videopress.com\/embed\/qjEoBbFN?hd=0&amp;cover=1' frameborder='0' allowfullscreen allow='clipboard-write'><\/iframe><script src='https:\/\/v0.wordpress.com\/js\/next\/videopress-iframe.js?m=1739540970'><\/script><\/p>\n<p><strong>WASPE 25K Dual Mesh za enkratno polnjenje z LCD zaslonom<\/strong> - Neprimerljiva dolgo\u017eivost in okus.<\/p>\n<p>Spletna stran <strong>WASPE 25K Dual Mesh<\/strong> vape za enkratno uporabo zagotavlja izjemen <strong>25.000 vpihov<\/strong>z velikim <strong>25ml e-teko\u010dine<\/strong> in <strong>Baterija za ponovno polnjenje 650 mAh<\/strong> s spletno stranjo . <strong>Polnjenje tipa C<\/strong>. Napredni <strong>tehnologija dvojne mre\u017easte tuljave<\/strong> zagotavlja vrhunski okus in proizvodnjo pare. Vgrajeni <strong>Zaslon LCD<\/strong> omogo\u010da enostavno spremljanje \u017eivljenjske dobe baterije in \u0161tevila izpuhov. Izbirate lahko med <strong>0%, 2% ali 5% z mo\u010djo nikotina<\/strong> in u\u017eivajte <strong>10 okusnih okusov<\/strong>, vklju\u010dno z breskvovo mangovo lubenico in borovni\u010devo malinovo limonado. Odli\u010dno za osebno uporabo ali <strong>vape za enkratno uporabo na debelo<\/strong>, ta naprava zagotavlja neprimerljivo dolgo \u017eivljenjsko dobo in zmogljivost. Za <strong>Naro\u010dilo v razsutem stanju<\/strong> cen, se obrnite na nas.<\/p>\n<h3><strong>WASPE 25K Lastnosti:<\/strong><\/h3>\n<ul>\n<li>Puffs: Do 25.000<\/li>\n<li>Kapaciteta e-teko\u010dine: 25ml<\/li>\n<li>Baterija: 650 mAh (za ponovno polnjenje)<\/li>\n<li>Polnjenje: Type-C<\/li>\n<li>Navijalka: Dvojna mre\u017ena tuljava<\/li>\n<li>Mo\u010d nikotina: 0%, 2%, 5%<\/li>\n<li>Zaslon: LCD (baterija in \u0161tevilo puhov)<\/li>\n<li>10 mo\u017enosti okusov<\/li>\n<\/ul>\n<h4>POGOSTA VPRA\u0160ANJA<\/h4>\n<h5>Kako tehnologija dvojne mre\u017easte tuljave koristi vaperju?<\/h5>\n<p>Tehnologija z dvojno mre\u017easto spiralko pove\u010duje povr\u0161ino \u017earilne povr\u0161ine, kar zagotavlja dosledno in intenzivno dovajanje okusa. Zagotavlja tudi enakomerno segrevanje, kar prepre\u010duje pri\u017egane okuse in zagotavlja gladko, zadovoljivo izku\u0161njo vapinga skozi celotno \u017eivljenjsko dobo naprave.<\/p>\n<h5>Kateri na\u010dini po\u0161iljanja so na voljo?<\/h5>\n<p>Uporabljamo zaupanja vredne prevoznike, kot so UPS, DHL, FedEx in DPD, da zagotovimo u\u010dinkovito dostavo va\u0161ih naro\u010dil. Na\u010din po\u0161iljanja izberemo glede na va\u0161o lokacijo, da zagotovimo optimalno hitrost in zanesljivost dostave.<\/p>\n<h5>Koliko \u010dasa obi\u010dajno traja po\u0161iljanje?<\/h5>\n<p>Dostava obi\u010dajno traja od 7 do 15 delovnih dni. V \u010dasu najve\u010djih sezon ali neugodnih vremenskih razmer lahko traja tudi do 20 delovnih dni.<\/p>\n<h5>Ali bom imel te\u017eave s carino ali dodatnimi pristojbinami?<\/h5>\n<p>Opravljamo vse postopke carinjenja in poskrbimo, da bo va\u0161a po\u0161iljka brez te\u017eav sprejeta. Ne boste imeli nobenih dodatnih davkov ali pristojbin. Zagotavljamo carinjenje 100%.<\/p>\n<h5>Kako se lahko prepri\u010dam o kakovosti in zanesljivosti izdelka?<\/h5>\n<p>Sprejemamo varna pla\u010dila PayPal z za\u0161\u010dito kupca. Preberete lahko tudi ocene strank na <a href=\"https:\/\/www.trustpilot.com\/review\/volovape.com?utm_medium=trustbox&amp;utm_source=TrustBoxReviewCollector\">TrustPilot<\/a>, kjer so \u0161tevilne stranke delile pozitivne izku\u0161nje z na\u0161imi izdelki in storitvami.<\/p>","protected":false},"excerpt":{"rendered":"<p>Izbolj\u0161ajte svojo izku\u0161njo vape z WASPE 25K Dual Mesh. Dvojne mre\u017easte tuljave, LCD zaslon, 25 ml, mo\u017enost polnjenja. Idealen za osebno u\u017eivanje ali veleprodajo v razsutem stanju, z vrhunskim okusom.<\/p>","protected":false},"featured_media":188,"comment_status":"open","ping_status":"closed","template":"","meta":[],"product_brand":[],"product_cat":[17,45,21,18,39,20,23,24,22,25,26,27,28,29,30,31,32,33,34,35,44,36,40],"product_tag":[],"class_list":{"0":"post-76","1":"product","2":"type-product","3":"status-publish","4":"has-post-thumbnail","6":"product_cat-waspe","7":"product_cat-25000-puffs-disposable-vape","8":"product_cat-big-puffs-vapes","9":"product_cat-different-puffs-of-disposable-vapes","10":"product_cat-digital-box-vapes","11":"product_cat-disposable-vape-types","12":"product_cat-disposable-vapes-in-austria","13":"product_cat-disposable-vapes-in-belgium","14":"product_cat-disposable-vapes-in-europe","15":"product_cat-disposable-vapes-in-france","16":"product_cat-disposable-vapes-in-germany","17":"product_cat-disposable-vapes-in-hungary","18":"product_cat-disposable-vapes-in-ltaly","19":"product_cat-disposable-vapes-in-netherlands","20":"product_cat-disposable-vapes-in-norway","21":"product_cat-disposable-vapes-in-poland","22":"product_cat-disposable-vapes-in-portugal","23":"product_cat-disposable-vapes-in-spain","24":"product_cat-disposable-vapes-in-sweden","25":"product_cat-disposable-vapes-in-switzerland","26":"product_cat-dual-mesh-vapes","27":"product_cat-rechargeable-vapes","28":"product_cat-smart-screen-vapes","30":"first","31":"instock","32":"shipping-taxable","33":"purchasable","34":"product-type-variable","35":"has-default-attributes"},"jetpack_sharing_enabled":true,"tiered_pricing_type":"fixed","tiered_pricing_fixed_rules":{"2000":5.55999999999999960920149533194489777088165283203125},"tiered_pricing_product_settings":{"layout":"default","base_unit_name":{"singular":null,"plural":null},"default_variation":null},"tiered_pricing_minimum_quantity":1000,"tiered_pricing_roles_data":[],"tiered_pricing_percentage_rules":[],"tiered_pricing_maximum_quantity":null,"tiered_pricing_quantity_step":"10","_links":{"self":[{"href":"https:\/\/volovape.com\/sl\/wp-json\/wp\/v2\/product\/76","targetHints":{"allow":["GET"]}}],"collection":[{"href":"https:\/\/volovape.com\/sl\/wp-json\/wp\/v2\/product"}],"about":[{"href":"https:\/\/volovape.com\/sl\/wp-json\/wp\/v2\/types\/product"}],"replies":[{"embeddable":true,"href":"https:\/\/volovape.com\/sl\/wp-json\/wp\/v2\/comments?post=76"}],"wp:featuredmedia":[{"embeddable":true,"href":"https:\/\/volovape.com\/sl\/wp-json\/wp\/v2\/media\/188"}],"wp:attachment":[{"href":"https:\/\/volovape.com\/sl\/wp-json\/wp\/v2\/media?parent=76"}],"wp:term":[{"taxonomy":"product_brand","embeddable":true,"href":"https:\/\/volovape.com\/sl\/wp-json\/wp\/v2\/product_brand?post=76"},{"taxonomy":"product_cat","embeddable":true,"href":"https:\/\/volovape.com\/sl\/wp-json\/wp\/v2\/product_cat?post=76"},{"taxonomy":"product_tag","embeddable":true,"href":"https:\/\/volovape.com\/sl\/wp-json\/wp\/v2\/product_tag?post=76"}],"curies":[{"name":"wp","href":"https:\/\/api.w.org\/{rel}","templated":true}]}}