{"id":750,"date":"2024-11-21T03:32:38","date_gmt":"2024-11-21T03:32:38","guid":{"rendered":"https:\/\/volovape.com\/?post_type=product&#038;p=750"},"modified":"2025-07-06T04:26:20","modified_gmt":"2025-07-06T04:26:20","slug":"evappe-shisha-deluxe-bar-18000-puffov","status":"publish","type":"product","link":"https:\/\/volovape.com\/sl\/product\/evappe-shisha-deluxe-bar-18000-puffs\/","title":{"rendered":"EVAPPE Shisha Deluxe Bar 18000 puffov za enkratno uporabo - 0,6\u03a9 mre\u017ena tuljava, polnjenje (0-5% nikotina)"},"content":{"rendered":"<p><strong>EVAPPE Shisha Deluxe Bar 18000 Puffs za enkratno uporabo Vape<\/strong> - Izkusite vaping, navdihnjen s \u0161i\u0161o, z neprimerljivo dalj\u0161o \u017eivljenjsko dobo.<\/p>\n<p>Spletna stran <strong>EVAPPE Shisha Deluxe Bar 18000 Puffs<\/strong> Vape za enkratno uporabo prina\u0161a bogato, aromati\u010dno izku\u0161njo \u0161i\u0161e v priro\u010dni, prenosni obliki. Z impresivnim <strong>18.000 vpihov<\/strong>, velikodu\u0161no <strong>25ml e-teko\u010dine<\/strong>in robusten <strong>600 mAh akumulatorska baterija<\/strong>, ta naprava zagotavlja dalj\u0161e seanse vapinga. Napredna <strong>0,6\u03a9 mre\u017ena tuljava<\/strong> zagotavlja dosledno gladko in gosto paro, ki zajema bistvo klasi\u010dnih okusov \u0161i\u0161e. Izbirate lahko med <strong>0%, 2%, 3% ali 5% z mo\u010djo nikotina<\/strong> da prilagodite svojo izku\u0161njo. Idealno za osebno u\u017eivanje in <strong>vape za enkratno uporabo na debelo<\/strong>ta elegantna naprava je kot nala\u0161\u010d za tiste, ki i\u0161\u010dejo vrhunsko vaping. <strong>Mno\u017ei\u010dno naro\u010dilo<\/strong> mo\u017enosti so na voljo trgovcem na drobno.<\/p>\n<h3><strong>EVAPPE Shisha Deluxe Bar 18000 Puffs Lastnosti:<\/strong><\/h3>\n<ul>\n<li>Puffs: Do 18.000<\/li>\n<li>Kapaciteta e-teko\u010dine: 25ml<\/li>\n<li>Baterija: 600 mAh (za ponovno polnjenje)<\/li>\n<li>Polnjenje: Type-C<\/li>\n<li>Tuljava: 0.6\u03a9 Mesh Coil<\/li>\n<li>Mo\u010d nikotina: 0%, 2%, 3%, 5%<\/li>\n<li>Razpolo\u017eljivi okusi: jabolko, jagodni led, borovni\u010dev \u017eve\u010dilni gumi, grozdna meta, bujni led, \u010de\u0161nja malina, breskev led, jagodni pun\u010d.<\/li>\n<\/ul>\n<h4>POGOSTA VPRA\u0160ANJA<\/h4>\n<h5>Kako 0,6\u03a9 mre\u017ena tuljava izbolj\u0161a okus, ki ga navdihuje \u0161i\u0161a?<\/h5>\n<p>0,6\u03a9 mre\u017ena tuljava je zasnovana tako, da zagotavlja optimalno porazdelitev toplote, kar izbolj\u0161a bogate in kompleksne okuse me\u0161anic za \u0161i\u0161o. To omogo\u010da gostej\u0161o in bolj aromati\u010dno paro, ki zagotavlja resni\u010dno poglobljeno izku\u0161njo vapinga, ki spominja na tradicionalno \u0161i\u0161o.<\/p>\n<h5>Kak\u0161ne so razpolo\u017eljive mo\u017enosti za jakost nikotina?<\/h5>\n<p>EVAPPE Shisha Deluxe Bar 18000 Puffs ponuja stopnje nikotina 0%, 2%, 3% in 5%, tako da lahko izberete stopnjo, ki najbolj ustreza va\u0161im \u017eeljam in potrebam.<\/p>\n<h5>Kako dolgo zdr\u017ei baterija in kako hitro se napolni?<\/h5>\n<p>Baterija z zmogljivostjo 600 mAh je zasnovana za dolgotrajno delovanje, saj omogo\u010da do 18 000 vdihov. S polnjenjem tipa C lahko hitro in u\u010dinkovito napolnite napravo ter tako zmanj\u0161ate \u010das izpada.<\/p>\n<h5>Katere na\u010dine po\u0161iljanja uporabljate?<\/h5>\n<p>Sodelujemo s priznanimi prevozniki, kot so UPS, DHL, FedEx in DPD, da zagotovimo zanesljivo in u\u010dinkovito dostavo. Glede na va\u0161o lokacijo izberemo najbolj\u0161o mo\u017enost po\u0161iljanja, da bi va\u0161e naro\u010dilo \u010dim prej prispelo do vas.<\/p>\n<h5>Ali lahko zaupam svojemu nakupu?<\/h5>\n<p>Prednost dajemo zadovoljstvu strank in ponujamo varne mo\u017enosti pla\u010dila, vklju\u010dno s storitvijo PayPal, z za\u0161\u010dito kupca. Preberete lahko tudi mnenja na\u0161ih zadovoljnih strank na TrustPilotu: <a href=\"https:\/\/www.trustpilot.com\/review\/volovape.com?utm_medium=trustbox&amp;utm_source=TrustBoxReviewCollector\">TrustPilot<\/a>.<\/p>","protected":false},"excerpt":{"rendered":"<p>Trgovina EVAPPE Shisha Deluxe Bar 18000 Puffs Vape za enkratno uporabo v razsutem stanju. S 25 ml e-teko\u010dine, gladko mre\u017easto tuljavo in okusi, navdihnjenimi s \u0161i\u0161o, je kot nala\u0161\u010d za veleprodajalce in dobavitelje vape.<\/p>","protected":false},"featured_media":1169,"comment_status":"open","ping_status":"closed","template":"","meta":[],"product_brand":[],"product_cat":[68,50,21,18,20,23,24,22,25,26,27,28,29,30,31,32,33,34,35,36,47],"product_tag":[],"class_list":{"0":"post-750","1":"product","2":"type-product","3":"status-publish","4":"has-post-thumbnail","6":"product_cat-evappe","7":"product_cat-18000-puffs-disposable-vape","8":"product_cat-big-puffs-vapes","9":"product_cat-different-puffs-of-disposable-vapes","10":"product_cat-disposable-vape-types","11":"product_cat-disposable-vapes-in-austria","12":"product_cat-disposable-vapes-in-belgium","13":"product_cat-disposable-vapes-in-europe","14":"product_cat-disposable-vapes-in-france","15":"product_cat-disposable-vapes-in-germany","16":"product_cat-disposable-vapes-in-hungary","17":"product_cat-disposable-vapes-in-ltaly","18":"product_cat-disposable-vapes-in-netherlands","19":"product_cat-disposable-vapes-in-norway","20":"product_cat-disposable-vapes-in-poland","21":"product_cat-disposable-vapes-in-portugal","22":"product_cat-disposable-vapes-in-spain","23":"product_cat-disposable-vapes-in-sweden","24":"product_cat-disposable-vapes-in-switzerland","25":"product_cat-rechargeable-vapes","26":"product_cat-shisha-hookah-vapes","28":"first","29":"instock","30":"shipping-taxable","31":"purchasable","32":"product-type-variable","33":"has-default-attributes"},"jetpack_sharing_enabled":true,"tiered_pricing_type":"fixed","tiered_pricing_fixed_rules":{"2000":5.70000000000000017763568394002504646778106689453125},"tiered_pricing_product_settings":{"layout":"default","base_unit_name":{"singular":null,"plural":null},"default_variation":null},"tiered_pricing_minimum_quantity":1000,"tiered_pricing_roles_data":[],"tiered_pricing_percentage_rules":[],"tiered_pricing_maximum_quantity":null,"tiered_pricing_quantity_step":"10","_links":{"self":[{"href":"https:\/\/volovape.com\/sl\/wp-json\/wp\/v2\/product\/750","targetHints":{"allow":["GET"]}}],"collection":[{"href":"https:\/\/volovape.com\/sl\/wp-json\/wp\/v2\/product"}],"about":[{"href":"https:\/\/volovape.com\/sl\/wp-json\/wp\/v2\/types\/product"}],"replies":[{"embeddable":true,"href":"https:\/\/volovape.com\/sl\/wp-json\/wp\/v2\/comments?post=750"}],"wp:featuredmedia":[{"embeddable":true,"href":"https:\/\/volovape.com\/sl\/wp-json\/wp\/v2\/media\/1169"}],"wp:attachment":[{"href":"https:\/\/volovape.com\/sl\/wp-json\/wp\/v2\/media?parent=750"}],"wp:term":[{"taxonomy":"product_brand","embeddable":true,"href":"https:\/\/volovape.com\/sl\/wp-json\/wp\/v2\/product_brand?post=750"},{"taxonomy":"product_cat","embeddable":true,"href":"https:\/\/volovape.com\/sl\/wp-json\/wp\/v2\/product_cat?post=750"},{"taxonomy":"product_tag","embeddable":true,"href":"https:\/\/volovape.com\/sl\/wp-json\/wp\/v2\/product_tag?post=750"}],"curies":[{"name":"wp","href":"https:\/\/api.w.org\/{rel}","templated":true}]}}