{"id":749,"date":"2024-11-21T03:32:38","date_gmt":"2024-11-21T03:32:38","guid":{"rendered":"https:\/\/volovape.com\/?post_type=product&#038;p=749"},"modified":"2025-06-19T03:45:11","modified_gmt":"2025-06-19T03:45:11","slug":"fumot-randm-crystal-12000-puffs","status":"publish","type":"product","link":"https:\/\/volovape.com\/sl\/product\/fumot-randm-crystal-12000-puffs\/","title":{"rendered":"FUMOT RandM Crystal 12000 Puffs Vape za enkratno uporabo - mre\u017easta tuljava, polnilna"},"content":{"rendered":"<p><iframe title=\"VideoPress Video predvajalnik\" aria-label='VideoPress Video predvajalnik' width='500' height='281' src='https:\/\/videopress.com\/embed\/yQX23W0R?hd=0&amp;cover=1' frameborder='0' allowfullscreen allow='clipboard-write'><\/iframe><script src='https:\/\/v0.wordpress.com\/js\/next\/videopress-iframe.js?m=1739540970'><\/script><\/p>\n<p><strong>FUMOT RandM Crystal 12000 Puffs Vape za enkratno uporabo<\/strong> - Izkusite podalj\u0161ano uparjanje s stilom in zmogljivostjo.<\/p>\n<p>Spletna stran <strong>FUMOT RandM Crystal 12000 puffov<\/strong> vape za enkratno uporabo ponuja impresivno <strong>12.000 vpihov<\/strong>, ki vsebuje obse\u017eno <strong>20ml e-teko\u010dina kapaciteta<\/strong> in mo\u010dan <strong>Baterija za ponovno polnjenje 650 mAh<\/strong>. Ta naprava je zasnovana za slog in udobje ter zagotavlja dolgotrajno u\u017eivanje z naprednimi <strong>tehnologija mre\u017enih tuljav<\/strong> za dosledno gladko in aromati\u010dno paro. Izberite \u017eeleno jakost nikotina med <strong>0%, 2%, 3% ali 5%<\/strong>in u\u017eivajte v elegantni kristalni zasnovi. Odli\u010dno za osebno uporabo in <strong>vape za enkratno uporabo na debelo<\/strong>, je ta naprava izjemno cenovno ugodna. <strong>Mno\u017ei\u010dno naro\u010dilo<\/strong> na voljo so tudi mo\u017enosti.<\/p>\n<h3><strong>FUMOT RandM Crystal 12000 Puffs Lastnosti:<\/strong><\/h3>\n<ul>\n<li>Puffs: Do 12.000<\/li>\n<li>Kapaciteta e-teko\u010dine: 20ml<\/li>\n<li>Baterija: 650 mAh (za ponovno polnjenje)<\/li>\n<li>Polnjenje: Type-C<\/li>\n<li>Navijalka: Mre\u017easta tuljava<\/li>\n<li>Mo\u010d nikotina: 0%, 2%, 3%, 5%<\/li>\n<li>Razpolo\u017eljivi okusi: Aloe Grape, Blue Razz Ice, Rainbow Candy, Peachy Mango Watermelon, Cool Mint, Strawberry Kiwi, Lush Ice.<\/li>\n<\/ul>\n<h4>POGOSTA VPRA\u0160ANJA<\/h4>\n<h5>Kako mre\u017easta tuljava izbolj\u0161a izku\u0161njo vapinga?<\/h5>\n<p>Mre\u017easta spirala v FUMOT RandM Crystal 12000 zagotavlja ve\u010djo grelno povr\u0161ino, kar zagotavlja enakomernej\u0161e segrevanje in vrhunski okus. Ta tehnologija zagotavlja dosledno gladko in bogato proizvajanje pare, kar vam omogo\u010da maksimalno u\u017eivanje ob vsakem potegu.<\/p>\n<h5>Katere na\u010dine po\u0161iljanja uporabljate?<\/h5>\n<p>Sodelujemo z zaupanja vrednimi prevozniki, kot so UPS, DHL, FedEx in DPD. Glede na va\u0161o lokacijo dostave izberemo naju\u010dinkovitej\u0161o mo\u017enost po\u0161iljanja in tako zagotovimo, da va\u0161e naro\u010dilo prispe pravo\u010dasno.<\/p>\n<h5>Kako dolgo traja, da pride moje naro\u010dilo?<\/h5>\n<p>Dostava obi\u010dajno traja 7-15 delovnih dni. Med prazniki ali v neugodnih vremenskih razmerah pa lahko traja tudi do 20 delovnih dni.<\/p>\n<h5>Ali bom naletel na carinske ali dav\u010dne te\u017eave?<\/h5>\n<p>Zagotavljamo brezskrbno izku\u0161njo s carinjenjem. Za vse carinske postopke poskrbimo mi, tako da za vas ni dodatnih davkov ali pristojbin. Zagotavljamo obljubo o carinjenju 100%.<\/p>\n<h5>Ali lahko zaupam svojemu nakupu?<\/h5>\n<p>Ponujamo varne mo\u017enosti pla\u010dila prek sistema PayPal in zagotavljamo za\u0161\u010dito kupca. Na na\u0161i strani TrustPilot lahko preberete tudi prave ocene strank: <a href=\"https:\/\/www.trustpilot.com\/review\/volovape.com?utm_medium=trustbox&amp;utm_source=TrustBoxReviewCollector\">TrustPilot<\/a>.<\/p>","protected":false},"excerpt":{"rendered":"<p>Kupite FUMOT RandM Crystal 12000 Puffs Vape za enkratno uporabo v razsutem stanju. Z 20 ml e-teko\u010dine, mre\u017easto tuljavo in kristalnim dizajnom je elegantna mo\u017enost veleprodaje za trgovce na drobno in distributerje.<\/p>","protected":false},"featured_media":1152,"comment_status":"open","ping_status":"closed","template":"","meta":[],"product_brand":[],"product_cat":[52,38,21,43,18,39,20,23,24,22,25,26,27,28,29,30,31,32,33,34,35,36,40],"product_tag":[],"class_list":{"0":"post-749","1":"product","2":"type-product","3":"status-publish","4":"has-post-thumbnail","6":"product_cat-randm","7":"product_cat-12000-puffs-disposable-vape","8":"product_cat-big-puffs-vapes","9":"product_cat-crystal-vapes","10":"product_cat-different-puffs-of-disposable-vapes","11":"product_cat-digital-box-vapes","12":"product_cat-disposable-vape-types","13":"product_cat-disposable-vapes-in-austria","14":"product_cat-disposable-vapes-in-belgium","15":"product_cat-disposable-vapes-in-europe","16":"product_cat-disposable-vapes-in-france","17":"product_cat-disposable-vapes-in-germany","18":"product_cat-disposable-vapes-in-hungary","19":"product_cat-disposable-vapes-in-ltaly","20":"product_cat-disposable-vapes-in-netherlands","21":"product_cat-disposable-vapes-in-norway","22":"product_cat-disposable-vapes-in-poland","23":"product_cat-disposable-vapes-in-portugal","24":"product_cat-disposable-vapes-in-spain","25":"product_cat-disposable-vapes-in-sweden","26":"product_cat-disposable-vapes-in-switzerland","27":"product_cat-rechargeable-vapes","28":"product_cat-smart-screen-vapes","30":"first","31":"instock","32":"shipping-taxable","33":"purchasable","34":"product-type-variable","35":"has-default-attributes"},"jetpack_sharing_enabled":true,"tiered_pricing_type":"fixed","tiered_pricing_fixed_rules":{"2000":6.20000000000000017763568394002504646778106689453125},"tiered_pricing_product_settings":{"layout":"default","base_unit_name":{"singular":null,"plural":null},"default_variation":null},"tiered_pricing_minimum_quantity":1000,"tiered_pricing_roles_data":[],"tiered_pricing_percentage_rules":[],"tiered_pricing_maximum_quantity":null,"tiered_pricing_quantity_step":"10","_links":{"self":[{"href":"https:\/\/volovape.com\/sl\/wp-json\/wp\/v2\/product\/749","targetHints":{"allow":["GET"]}}],"collection":[{"href":"https:\/\/volovape.com\/sl\/wp-json\/wp\/v2\/product"}],"about":[{"href":"https:\/\/volovape.com\/sl\/wp-json\/wp\/v2\/types\/product"}],"replies":[{"embeddable":true,"href":"https:\/\/volovape.com\/sl\/wp-json\/wp\/v2\/comments?post=749"}],"wp:featuredmedia":[{"embeddable":true,"href":"https:\/\/volovape.com\/sl\/wp-json\/wp\/v2\/media\/1152"}],"wp:attachment":[{"href":"https:\/\/volovape.com\/sl\/wp-json\/wp\/v2\/media?parent=749"}],"wp:term":[{"taxonomy":"product_brand","embeddable":true,"href":"https:\/\/volovape.com\/sl\/wp-json\/wp\/v2\/product_brand?post=749"},{"taxonomy":"product_cat","embeddable":true,"href":"https:\/\/volovape.com\/sl\/wp-json\/wp\/v2\/product_cat?post=749"},{"taxonomy":"product_tag","embeddable":true,"href":"https:\/\/volovape.com\/sl\/wp-json\/wp\/v2\/product_tag?post=749"}],"curies":[{"name":"wp","href":"https:\/\/api.w.org\/{rel}","templated":true}]}}