{"id":748,"date":"2024-11-21T03:32:38","date_gmt":"2024-11-21T03:32:38","guid":{"rendered":"https:\/\/volovape.com\/?post_type=product&#038;p=748"},"modified":"2025-07-13T13:47:58","modified_gmt":"2025-07-13T13:47:58","slug":"fumot-randm-supbliss-bingo-8000-puffs","status":"publish","type":"product","link":"https:\/\/volovape.com\/sl\/product\/fumot-randm-supbliss-bingo-8000-puffs\/","title":{"rendered":"FUMOT RandM Supbliss Bingo 8000 Puffs Vape za enkratno uporabo - mre\u017easta tuljava, polnilna"},"content":{"rendered":"<p><iframe title=\"VideoPress Video predvajalnik\" aria-label='VideoPress Video predvajalnik' width='500' height='281' src='https:\/\/videopress.com\/embed\/HYtqBAv2?hd=0&amp;cover=1' frameborder='0' allowfullscreen allow='clipboard-write'><\/iframe><script src='https:\/\/v0.wordpress.com\/js\/next\/videopress-iframe.js?m=1739540970'><\/script><\/p>\n<p><strong>FUMOT RandM Supbliss Bingo 8000 Puffs Mesh Coil za enkratno uporabo Vape<\/strong> - U\u017eivajte v elegantnem in dolgotrajnem vapingu s FUMOT RandM Supbliss Bingo 8000. Ta vape za enkratno uporabo omogo\u010da do 8000 vdihov, ima 16 ml rezervoarja za e-teko\u010dino in 600 mAh akumulatorsko baterijo. Napredna tehnologija mre\u017easte tuljave zagotavlja dosledno gladko in aromati\u010dno paro, ki je idealna za osebno uporabo in veleprodajna naro\u010dila vape za enkratno uporabo. Izbirate lahko med 0%, 2%, 3% ali 5% nikotinske mo\u010di in 12 okusnimi okusi.<\/p>\n<h3><strong>FUMOT RandM Supbliss Bingo 8000 Puffs Lastnosti:<\/strong><\/h3>\n<ul>\n<li>Puffi: 8000 puffov<\/li>\n<li>Kapaciteta e-teko\u010dine: 16ml<\/li>\n<li>Baterija: 600 mAh (za ponovno polnjenje)<\/li>\n<li>Polnjenje: Type-C<\/li>\n<li>Navijalka: Mre\u017easta tuljava<\/li>\n<li>Mo\u010d nikotina: 0%, 2%, 3%, 5%<\/li>\n<li>Mo\u017enosti okusa: Jagodni kivi, jagodna lubenica, grozdje sakura, breskev mango, \u010de\u0161nja Blue Razz, jagodni sladoled, gumijasti medvedek, medena melona, me\u0161ano sadje, li\u010di kola, roza limona.<\/li>\n<\/ul>\n<h4>POGOSTA VPRA\u0160ANJA<\/h4>\n<h5>Kako mre\u017easta tuljava izbolj\u0161a izku\u0161njo vapinga?<\/h5>\n<p>Zasnova mre\u017easte tuljave zagotavlja ve\u010djo povr\u0161ino segrevanja, kar omogo\u010da enakomernej\u0161e segrevanje ter bolj\u0161i okus in proizvodnjo pare. Ta tehnologija zagotavlja dosledno gladko in zadovoljivo izku\u0161njo vapinga.<\/p>\n<h5>Kateri na\u010dini po\u0161iljanja so na voljo?<\/h5>\n<p>Sodelujemo z zanesljivimi prevozniki, kot so UPS, DHL, FedEx in DPD, da bi zagotovili u\u010dinkovit in zanesljiv prevoz. Najprimernej\u0161i na\u010din po\u0161iljanja izberemo glede na va\u0161o lokacijo dostave.<\/p>\n<h5>Koliko \u010dasa obi\u010dajno traja po\u0161iljanje?<\/h5>\n<p>Dostava obi\u010dajno traja od 7 do 15 delovnih dni, vendar se lahko med prazniki ali v neugodnih vremenskih razmerah \u010das dostave podalj\u0161a na 20 delovnih dni.<\/p>\n<h5>Ali bom moral pla\u010dati carinske pristojbine ali davke?<\/h5>\n<p>Za vse carinjenje poskrbimo mi in vam zagotavljamo, da ne boste imeli nobenih dodatnih davkov ali pristojbin. 100% na\u0161ih izdelkov je carinjen brez te\u017eav.<\/p>\n<h5>Ali je moj nakup varen in zaupanja vreden?<\/h5>\n<p>Ponujamo varne transakcije z za\u0161\u010dito kupca PayPal. Na\u0161o zanesljivost lahko preverite tudi tako, da preverite ocene strank na <a href=\"https:\/\/www.trustpilot.com\/review\/volovape.com?utm_medium=trustbox&amp;utm_source=TrustBoxReviewCollector\">TrustPilot<\/a>.<\/p>","protected":false},"excerpt":{"rendered":"<p>Kupite FUMOT RandM Supbliss Bingo 8000 Puffs Vape za enkratno uporabo v razsutem stanju. S tehnologijo mre\u017easte tuljave, elegantno zasnovo in ve\u010d mo\u017enostmi nikotina je to vrhunska izbira na debelo za trgovce na drobno in dobavitelje vapinga.<\/p>","protected":false},"featured_media":1133,"comment_status":"open","ping_status":"closed","template":"","meta":[],"product_brand":[],"product_cat":[52,37,21,18,20,23,24,22,25,26,27,28,29,30,31,32,33,34,35],"product_tag":[],"class_list":{"0":"post-748","1":"product","2":"type-product","3":"status-publish","4":"has-post-thumbnail","6":"product_cat-randm","7":"product_cat-8000-puffs-disposable-vape","8":"product_cat-big-puffs-vapes","9":"product_cat-different-puffs-of-disposable-vapes","10":"product_cat-disposable-vape-types","11":"product_cat-disposable-vapes-in-austria","12":"product_cat-disposable-vapes-in-belgium","13":"product_cat-disposable-vapes-in-europe","14":"product_cat-disposable-vapes-in-france","15":"product_cat-disposable-vapes-in-germany","16":"product_cat-disposable-vapes-in-hungary","17":"product_cat-disposable-vapes-in-ltaly","18":"product_cat-disposable-vapes-in-netherlands","19":"product_cat-disposable-vapes-in-norway","20":"product_cat-disposable-vapes-in-poland","21":"product_cat-disposable-vapes-in-portugal","22":"product_cat-disposable-vapes-in-spain","23":"product_cat-disposable-vapes-in-sweden","24":"product_cat-disposable-vapes-in-switzerland","26":"first","27":"instock","28":"shipping-taxable","29":"purchasable","30":"product-type-variable","31":"has-default-attributes"},"jetpack_sharing_enabled":true,"tiered_pricing_type":"fixed","tiered_pricing_fixed_rules":{"2000":7.9000000000000003552713678800500929355621337890625},"tiered_pricing_product_settings":{"layout":"default","base_unit_name":{"singular":null,"plural":null},"default_variation":null},"tiered_pricing_minimum_quantity":1000,"tiered_pricing_roles_data":[],"tiered_pricing_percentage_rules":[],"tiered_pricing_maximum_quantity":null,"tiered_pricing_quantity_step":"100","_links":{"self":[{"href":"https:\/\/volovape.com\/sl\/wp-json\/wp\/v2\/product\/748","targetHints":{"allow":["GET"]}}],"collection":[{"href":"https:\/\/volovape.com\/sl\/wp-json\/wp\/v2\/product"}],"about":[{"href":"https:\/\/volovape.com\/sl\/wp-json\/wp\/v2\/types\/product"}],"replies":[{"embeddable":true,"href":"https:\/\/volovape.com\/sl\/wp-json\/wp\/v2\/comments?post=748"}],"wp:featuredmedia":[{"embeddable":true,"href":"https:\/\/volovape.com\/sl\/wp-json\/wp\/v2\/media\/1133"}],"wp:attachment":[{"href":"https:\/\/volovape.com\/sl\/wp-json\/wp\/v2\/media?parent=748"}],"wp:term":[{"taxonomy":"product_brand","embeddable":true,"href":"https:\/\/volovape.com\/sl\/wp-json\/wp\/v2\/product_brand?post=748"},{"taxonomy":"product_cat","embeddable":true,"href":"https:\/\/volovape.com\/sl\/wp-json\/wp\/v2\/product_cat?post=748"},{"taxonomy":"product_tag","embeddable":true,"href":"https:\/\/volovape.com\/sl\/wp-json\/wp\/v2\/product_tag?post=748"}],"curies":[{"name":"wp","href":"https:\/\/api.w.org\/{rel}","templated":true}]}}