{"id":747,"date":"2024-11-21T03:32:38","date_gmt":"2024-11-21T03:32:38","guid":{"rendered":"https:\/\/volovape.com\/?post_type=product&#038;p=747"},"modified":"2025-09-08T03:35:35","modified_gmt":"2025-09-08T03:35:35","slug":"randm-tornado-9000-puffov","status":"publish","type":"product","link":"https:\/\/volovape.com\/sl\/product\/randm-tornado-9000-puffs\/","title":{"rendered":"RandM Tornado 9000 Puffs Vape za enkratno uporabo z RGB svetlobo - polnjenje (0-5% Nikotin)"},"content":{"rendered":"<p><strong>RandM Tornado 9000 Puffs RGB osvetlitev za enkratno uporabo<\/strong> - Izbolj\u0161ajte svojo izku\u0161njo vapinga z RandM Tornado 9000, ki ga odlikujeta \u017eivahna osvetlitev RGB in visoka zmogljivost. Ta vape za enkratno uporabo z mo\u017enostjo polnjenja omogo\u010da do 9000 vdihov, ima rezervoar za 18 ml e-teko\u010dine in baterijo s kapaciteto 850 mAh. Tehnologija mre\u017easte tuljave zagotavlja dosledno gladko in aromati\u010dno paro, ki je idealna za osebno uporabo in veleprodajna naro\u010dila vape za enkratno uporabo. Izbirate lahko med 0%, 2%, 3% ali 5% nikotinske mo\u010di in \u0161iroko izbiro ve\u010d kot 40 okusnih okusov.<\/p>\n<h3><strong>RandM Tornado 9000 Puffs Lastnosti:<\/strong><\/h3>\n<ul>\n<li>Puffi: 9000 puffov<\/li>\n<li>Kapaciteta e-teko\u010dine: 18ml<\/li>\n<li>Baterija: 850 mAh (za ponovno polnjenje)<\/li>\n<li>Polnjenje: Type-C<\/li>\n<li>Navijalka: Mre\u017easta tuljava<\/li>\n<li>Mo\u010d nikotina: 0%, 2%, 3%, 5%<\/li>\n<li>Razsvetljava: RGB<\/li>\n<li>Mo\u017enosti okusa: Lush Ice, Blue Razz Ice, Strawberry Watermelon, Pina Colada, Sour Apple, Cotton Pear, Skittles Candy, Cool Mint in \u0161tevilne druge.<\/li>\n<\/ul>\n<h4>POGOSTA VPRA\u0160ANJA<\/h4>\n<h5>Kako osvetlitev RGB izbolj\u0161a izku\u0161njo vapinga?<\/h5>\n<p>Prilagodljiva osvetlitev RGB doda eleganten in dinami\u010den vizualni element va\u0161i izku\u0161nji vapinga. Omogo\u010da vam, da prilagodite svojo napravo in u\u017eivate v edinstveni estetiki med vapiranjem.<\/p>\n<h5>Kateri na\u010dini po\u0161iljanja so na voljo?<\/h5>\n<p>Sodelujemo z zanesljivimi prevozniki, kot so UPS, DHL, FedEx in DPD, da bi zagotovili u\u010dinkovit in zanesljiv prevoz. Najprimernej\u0161i na\u010din po\u0161iljanja izberemo glede na va\u0161o lokacijo dostave.<\/p>\n<h5>Koliko \u010dasa obi\u010dajno traja po\u0161iljanje?<\/h5>\n<p>Dostava obi\u010dajno traja od 7 do 15 delovnih dni, vendar se lahko med prazniki ali v neugodnih vremenskih razmerah \u010das dostave podalj\u0161a na 20 delovnih dni.<\/p>\n<h5>Ali bom moral pla\u010dati carinske pristojbine ali davke?<\/h5>\n<p>Za vse carinjenje poskrbimo mi in vam zagotavljamo, da ne boste imeli nobenih dodatnih davkov ali pristojbin. 100% na\u0161ih izdelkov je carinjen brez te\u017eav.<\/p>\n<h5>Ali je moj nakup varen in zaupanja vreden?<\/h5>\n<p>Ponujamo varne transakcije z za\u0161\u010dito kupca PayPal. Na\u0161o zanesljivost lahko preverite tudi tako, da preverite ocene strank na <a href=\"https:\/\/www.trustpilot.com\/review\/volovape.com?utm_medium=trustbox&amp;utm_source=TrustBoxReviewCollector\">TrustPilot<\/a>.<\/p>","protected":false},"excerpt":{"rendered":"<p>Naro\u010dite RandM Tornado 9000 Puffs Vape za enkratno uporabo v razsutem stanju. Z RGB osvetlitvijo, mre\u017easto tuljavo in 18 ml e-teko\u010dine je odli\u010dna mo\u017enost za distributerje in trgovce na drobno.<\/p>","protected":false},"featured_media":1122,"comment_status":"open","ping_status":"closed","template":"","meta":[],"product_brand":[],"product_cat":[52,48,21,18,20,23,24,22,25,26,27,28,29,30,31,32,33,34,35],"product_tag":[],"class_list":{"0":"post-747","1":"product","2":"type-product","3":"status-publish","4":"has-post-thumbnail","6":"product_cat-randm","7":"product_cat-9000-puffs-disposable-vape","8":"product_cat-big-puffs-vapes","9":"product_cat-different-puffs-of-disposable-vapes","10":"product_cat-disposable-vape-types","11":"product_cat-disposable-vapes-in-austria","12":"product_cat-disposable-vapes-in-belgium","13":"product_cat-disposable-vapes-in-europe","14":"product_cat-disposable-vapes-in-france","15":"product_cat-disposable-vapes-in-germany","16":"product_cat-disposable-vapes-in-hungary","17":"product_cat-disposable-vapes-in-ltaly","18":"product_cat-disposable-vapes-in-netherlands","19":"product_cat-disposable-vapes-in-norway","20":"product_cat-disposable-vapes-in-poland","21":"product_cat-disposable-vapes-in-portugal","22":"product_cat-disposable-vapes-in-spain","23":"product_cat-disposable-vapes-in-sweden","24":"product_cat-disposable-vapes-in-switzerland","26":"first","27":"instock","28":"shipping-taxable","29":"purchasable","30":"product-type-variable","31":"has-default-attributes"},"jetpack_sharing_enabled":true,"tiered_pricing_type":"fixed","tiered_pricing_fixed_rules":{"2000":7.0999999999999996447286321199499070644378662109375},"tiered_pricing_product_settings":{"layout":"default","base_unit_name":{"singular":null,"plural":null},"default_variation":null},"tiered_pricing_minimum_quantity":1000,"tiered_pricing_roles_data":[],"tiered_pricing_percentage_rules":[],"tiered_pricing_maximum_quantity":null,"tiered_pricing_quantity_step":"10","_links":{"self":[{"href":"https:\/\/volovape.com\/sl\/wp-json\/wp\/v2\/product\/747","targetHints":{"allow":["GET"]}}],"collection":[{"href":"https:\/\/volovape.com\/sl\/wp-json\/wp\/v2\/product"}],"about":[{"href":"https:\/\/volovape.com\/sl\/wp-json\/wp\/v2\/types\/product"}],"replies":[{"embeddable":true,"href":"https:\/\/volovape.com\/sl\/wp-json\/wp\/v2\/comments?post=747"}],"wp:featuredmedia":[{"embeddable":true,"href":"https:\/\/volovape.com\/sl\/wp-json\/wp\/v2\/media\/1122"}],"wp:attachment":[{"href":"https:\/\/volovape.com\/sl\/wp-json\/wp\/v2\/media?parent=747"}],"wp:term":[{"taxonomy":"product_brand","embeddable":true,"href":"https:\/\/volovape.com\/sl\/wp-json\/wp\/v2\/product_brand?post=747"},{"taxonomy":"product_cat","embeddable":true,"href":"https:\/\/volovape.com\/sl\/wp-json\/wp\/v2\/product_cat?post=747"},{"taxonomy":"product_tag","embeddable":true,"href":"https:\/\/volovape.com\/sl\/wp-json\/wp\/v2\/product_tag?post=747"}],"curies":[{"name":"wp","href":"https:\/\/api.w.org\/{rel}","templated":true}]}}