{"id":74,"date":"2024-11-21T03:26:51","date_gmt":"2024-11-21T03:26:51","guid":{"rendered":"https:\/\/volovape.com\/?post_type=product&#038;p=74"},"modified":"2025-09-08T03:35:12","modified_gmt":"2025-09-08T03:35:12","slug":"waspe-15000-puffov","status":"publish","type":"product","link":"https:\/\/volovape.com\/sl\/product\/waspe-15000-puffs\/","title":{"rendered":"Waspe 15000 Puffs za enkratno polnjenje z LCD zaslonom (0-5% Nikotin)"},"content":{"rendered":"<p><iframe title=\"VideoPress Video predvajalnik\" aria-label='VideoPress Video predvajalnik' width='500' height='281' src='https:\/\/videopress.com\/embed\/8ucqlbSL?hd=0&amp;cover=1' frameborder='0' allowfullscreen allow='clipboard-write'><\/iframe><script src='https:\/\/v0.wordpress.com\/js\/next\/videopress-iframe.js?m=1739540970'><\/script><\/p>\n<p><strong>Waspe 15000 Puffs polnjenje za enkratno uporabo Vape z LCD zaslonom<\/strong> - Vaping z visoko zmogljivostjo in pametnim spremljanjem.<\/p>\n<p>Spletna stran <strong>Waspe 15000 Puffs<\/strong> vape za enkratno uporabo zagotavlja impresiven <strong>15.000 vpihov<\/strong>z velikim <strong>22 ml e-teko\u010dine<\/strong> in <strong>850 mAh akumulatorska baterija<\/strong> s spletno stranjo . <strong>Polnjenje tipa C<\/strong> za dalj\u0161o uporabo. Vgrajeni <strong>Zaslon LCD<\/strong> omogo\u010da enostavno spremljanje \u017eivljenjske dobe baterije in \u0161tevila izpuhov. Spletna stran <strong>0,8\u03a9 mre\u017ena tuljava<\/strong> zagotavlja nemoteno in dosledno proizvajanje pare, na voljo v <strong>0%, 2%, 3% ali 5% z mo\u010djo nikotina<\/strong>. Izbirate lahko med <strong>12 razli\u010dnih okusov<\/strong>vklju\u010dno z oran\u017eno sodo in modro limono Razz. Idealno za osebno u\u017eivanje ali <strong>vape za enkratno uporabo na debelo<\/strong>ta naprava ponuja zmogljivost in udobje. Za <strong>Naro\u010dilo v razsutem stanju<\/strong> cen, se obrnite na nas.<\/p>\n<h3><strong>Waspe 15000 Lastnosti:<\/strong><\/h3>\n<ul>\n<li>Puffs: Do 15.000<\/li>\n<li>Kapaciteta e-teko\u010dine: 22ml<\/li>\n<li>Baterija: 850 mAh (za ponovno polnjenje)<\/li>\n<li>Polnjenje: Type-C<\/li>\n<li>Tuljava: 0.8\u03a9 Mesh Coil<\/li>\n<li>Mo\u010d nikotina: 0%, 2%, 3%, 5%<\/li>\n<li>Zaslon: LCD (baterija in \u0161tevilo puhov)<\/li>\n<li>12 mo\u017enosti okusov<\/li>\n<\/ul>\n<h4>POGOSTA VPRA\u0160ANJA<\/h4>\n<h5>Kako zaslon LCD izbolj\u0161a uporabnost?<\/h5>\n<p>Zaslon LCD v realnem \u010dasu posodablja raven napolnjenosti baterije in \u0161tevilo izpuhov, tako da lahko spremljate svojo porabo in u\u010dinkovito na\u010drtujete seanse vapinga. Ta funkcija pove\u010duje udobje in zagotavlja, da ste vedno seznanjeni s stanjem svoje naprave.<\/p>\n<h5>Kateri na\u010dini po\u0161iljanja so na voljo?<\/h5>\n<p>Za dostavo va\u0161ih naro\u010dil sodelujemo z zaupanja vrednimi prevozniki, kot so UPS, DHL, FedEx in DPD. Najustreznej\u0161i na\u010din dostave izberemo glede na va\u0161o lokacijo, da zagotovimo u\u010dinkovito in zanesljivo dostavo.<\/p>\n<h5>Kak\u0161no je obi\u010dajno trajanje po\u0161iljanja?<\/h5>\n<p>Dostava obi\u010dajno traja od 7 do 15 delovnih dni. Med prazniki ali neugodnimi vremenskimi razmerami lahko traja do 20 delovnih dni.<\/p>\n<h5>Ali obstajajo kak\u0161ni carinski pomisleki ali dodatne pristojbine?<\/h5>\n<p>Upravljamo vse postopke carinjenja in zagotavljamo, da bo va\u0161a po\u0161iljka brez te\u017eav sprejeta. Dodatnih davkov ali pristojbin ni. Zagotavljamo carinjenje 100%.<\/p>\n<h5>Kako lahko preverim kakovost in zanesljivost izdelka?<\/h5>\n<p>Podpiramo varna pla\u010dila PayPal z za\u0161\u010dito kupca. Preberete lahko tudi ocene strank na <a href=\"https:\/\/www.trustpilot.com\/review\/volovape.com?utm_medium=trustbox&amp;utm_source=TrustBoxReviewCollector\">TrustPilot<\/a>, kjer so \u0161tevilne stranke delile pozitivne izku\u0161nje z na\u0161imi izdelki in storitvami.<\/p>","protected":false},"excerpt":{"rendered":"<p>Izkusite podalj\u0161ano vaping z Waspe 15000 Puffs. LCD zaslon, 0,8\u03a9 mre\u017eica, 22ml, 850mAh za polnjenje. Idealen za osebno ali veleprodajo, ponuja gladko paro in raznolike nikotinske mo\u017enosti.<\/p>","protected":false},"featured_media":154,"comment_status":"open","ping_status":"closed","template":"","meta":[],"product_brand":[],"product_cat":[17,41,21,18,20,23,24,22,25,26,27,28,29,30,31,32,33,34,35,36,40],"product_tag":[],"class_list":{"0":"post-74","1":"product","2":"type-product","3":"status-publish","4":"has-post-thumbnail","6":"product_cat-waspe","7":"product_cat-15000-puffs-disposable-vape","8":"product_cat-big-puffs-vapes","9":"product_cat-different-puffs-of-disposable-vapes","10":"product_cat-disposable-vape-types","11":"product_cat-disposable-vapes-in-austria","12":"product_cat-disposable-vapes-in-belgium","13":"product_cat-disposable-vapes-in-europe","14":"product_cat-disposable-vapes-in-france","15":"product_cat-disposable-vapes-in-germany","16":"product_cat-disposable-vapes-in-hungary","17":"product_cat-disposable-vapes-in-ltaly","18":"product_cat-disposable-vapes-in-netherlands","19":"product_cat-disposable-vapes-in-norway","20":"product_cat-disposable-vapes-in-poland","21":"product_cat-disposable-vapes-in-portugal","22":"product_cat-disposable-vapes-in-spain","23":"product_cat-disposable-vapes-in-sweden","24":"product_cat-disposable-vapes-in-switzerland","25":"product_cat-rechargeable-vapes","26":"product_cat-smart-screen-vapes","28":"first","29":"instock","30":"shipping-taxable","31":"purchasable","32":"product-type-variable","33":"has-default-attributes"},"jetpack_sharing_enabled":true,"tiered_pricing_type":"fixed","tiered_pricing_fixed_rules":{"2000":4.75},"tiered_pricing_product_settings":{"layout":"default","base_unit_name":{"singular":null,"plural":null},"default_variation":null},"tiered_pricing_minimum_quantity":1000,"tiered_pricing_roles_data":[],"tiered_pricing_percentage_rules":[],"tiered_pricing_maximum_quantity":null,"tiered_pricing_quantity_step":"10","_links":{"self":[{"href":"https:\/\/volovape.com\/sl\/wp-json\/wp\/v2\/product\/74","targetHints":{"allow":["GET"]}}],"collection":[{"href":"https:\/\/volovape.com\/sl\/wp-json\/wp\/v2\/product"}],"about":[{"href":"https:\/\/volovape.com\/sl\/wp-json\/wp\/v2\/types\/product"}],"replies":[{"embeddable":true,"href":"https:\/\/volovape.com\/sl\/wp-json\/wp\/v2\/comments?post=74"}],"wp:featuredmedia":[{"embeddable":true,"href":"https:\/\/volovape.com\/sl\/wp-json\/wp\/v2\/media\/154"}],"wp:attachment":[{"href":"https:\/\/volovape.com\/sl\/wp-json\/wp\/v2\/media?parent=74"}],"wp:term":[{"taxonomy":"product_brand","embeddable":true,"href":"https:\/\/volovape.com\/sl\/wp-json\/wp\/v2\/product_brand?post=74"},{"taxonomy":"product_cat","embeddable":true,"href":"https:\/\/volovape.com\/sl\/wp-json\/wp\/v2\/product_cat?post=74"},{"taxonomy":"product_tag","embeddable":true,"href":"https:\/\/volovape.com\/sl\/wp-json\/wp\/v2\/product_tag?post=74"}],"curies":[{"name":"wp","href":"https:\/\/api.w.org\/{rel}","templated":true}]}}