{"id":72,"date":"2024-11-21T03:26:50","date_gmt":"2024-11-21T03:26:50","guid":{"rendered":"https:\/\/volovape.com\/?post_type=product&#038;p=72"},"modified":"2025-08-06T07:46:36","modified_gmt":"2025-08-06T07:46:36","slug":"waspe-12000-puffov","status":"publish","type":"product","link":"https:\/\/volovape.com\/sl\/product\/waspe-12000-puffs\/","title":{"rendered":"WASPE 12000 Puffs Vape za enkratno uporabo - polnjenje, mre\u017ena tuljava, LED lu\u010di"},"content":{"rendered":"<p><iframe title=\"VideoPress Video predvajalnik\" aria-label='VideoPress Video predvajalnik' width='500' height='281' src='https:\/\/videopress.com\/embed\/XcRvhlS5?hd=0&amp;cover=1' frameborder='0' allowfullscreen allow='clipboard-write'><\/iframe><script src='https:\/\/v0.wordpress.com\/js\/next\/videopress-iframe.js?m=1739540970'><\/script><\/p>\n<p><strong>WASPE 12000 Puffs polnjenje za enkratno uporabo Vape z LED lu\u010di<\/strong> - Dolgotrajno uparjanje z dodatnim pridihom.<\/p>\n<p>Spletna stran <strong>WASPE 12000 Puffs<\/strong> vape za enkratno uporabo ponuja impresivno <strong>12.000 vpihov<\/strong>, a <strong>20ml e-teko\u010dina kapaciteta<\/strong>in <strong>Baterija za ponovno polnjenje 650 mAh<\/strong> s spletno stranjo . <strong>Polnjenje tipa C<\/strong> za dalj\u0161o uporabo. Spletna stran <strong>0,8\u03a9 mre\u017ena tuljava<\/strong> zagotavlja enakomerno, gladko in aromati\u010dno paro ter <strong>hladne lu\u010di LED<\/strong> na dnu zagotavljajo edinstveno vizualno izku\u0161njo. Izbirate lahko med <strong>0%, 2%, 3% ali 5% z mo\u010djo nikotina<\/strong> in u\u017eivajte <strong>12 osve\u017eilnih okusov<\/strong>vklju\u010dno z lubeni\u010dnim ledom in jagodno limonado Pitaya. Idealno za osebno uporabo ali <strong>vape za enkratno uporabo na debelo<\/strong>ta naprava zdru\u017euje zmogljivost in slog. Za <strong>Naro\u010dilo v razsutem stanju<\/strong> poizvedbe, se obrnite na nas.<\/p>\n<h3><strong>WASPE 12000 Lastnosti:<\/strong><\/h3>\n<ul>\n<li>Puffs: Do 12.000<\/li>\n<li>Kapaciteta e-teko\u010dine: 20ml<\/li>\n<li>Baterija: 650 mAh (za ponovno polnjenje)<\/li>\n<li>Polnjenje: Type-C<\/li>\n<li>Tuljava: 0.8\u03a9 Mesh Coil<\/li>\n<li>Razsvetljava: Hladne LED lu\u010di<\/li>\n<li>Mo\u010d nikotina: 0%, 2%, 3%, 5%<\/li>\n<li>12 mo\u017enosti okusov<\/li>\n<\/ul>\n<h4>POGOSTA VPRA\u0160ANJA<\/h4>\n<h5>Kako lu\u010di LED izbolj\u0161ajo izku\u0161njo vapinga?<\/h5>\n<p>Hladne lu\u010di LED na podstavku WASPE 12000 dodajajo eleganten in edinstven vizualni element va\u0161im vaping seansam. Ustvarjajo \u017eivahen in privla\u010den u\u010dinek, zaradi katerega va\u0161 vaping izstopa, medtem ko u\u017eivate v gladki pari z okusom.<\/p>\n<h5>Kateri na\u010dini po\u0161iljanja so na voljo?<\/h5>\n<p>Za dostavo va\u0161ih naro\u010dil sodelujemo z zanesljivimi prevozniki, kot so UPS, DHL, FedEx in DPD. Najustreznej\u0161i na\u010din po\u0161iljanja izberemo glede na va\u0161o lokacijo, da zagotovimo u\u010dinkovito in pravo\u010dasno dostavo.<\/p>\n<h5>Koliko \u010dasa obi\u010dajno traja po\u0161iljanje?<\/h5>\n<p>Dostava obi\u010dajno traja od 7 do 15 delovnih dni. V \u010dasu najve\u010djih sezon ali neugodnih vremenskih razmer lahko traja tudi do 20 delovnih dni.<\/p>\n<h5>Ali bom imel te\u017eave s carino ali dodatnimi pristojbinami?<\/h5>\n<p>Opravljamo vse postopke carinjenja in poskrbimo, da bo va\u0161a po\u0161iljka brez te\u017eav sprejeta. Ne boste imeli nobenih dodatnih davkov ali pristojbin. Zagotavljamo carinjenje 100%.<\/p>\n<h5>Kako se lahko prepri\u010dam o kakovosti in zanesljivosti izdelka?<\/h5>\n<p>Sprejemamo varna pla\u010dila PayPal z za\u0161\u010dito kupca. Na\u0161e ocene strank lahko preverite tudi na <a href=\"https:\/\/www.trustpilot.com\/review\/volovape.com?utm_medium=trustbox&amp;utm_source=TrustBoxReviewCollector\">TrustPilot<\/a> za izku\u0161nje na\u0161ih zadovoljnih strank iz prve roke.<\/p>","protected":false},"excerpt":{"rendered":"<p>Osvetlite svoj vape z WASPE 12000 Puffs. LED lu\u010di, 0,8\u03a9 mre\u017eica, 20ml, mo\u017enost polnjenja. Odli\u010dno za osebno ali veleprodajo, saj ponuja trajen okus in \u017eivahen slog.<\/p>","protected":false},"featured_media":124,"comment_status":"open","ping_status":"closed","template":"","meta":[],"product_brand":[],"product_cat":[17,38,21,18,20,23,24,22,25,26,27,28,29,30,31,32,33,34,35,36],"product_tag":[],"class_list":{"0":"post-72","1":"product","2":"type-product","3":"status-publish","4":"has-post-thumbnail","6":"product_cat-waspe","7":"product_cat-12000-puffs-disposable-vape","8":"product_cat-big-puffs-vapes","9":"product_cat-different-puffs-of-disposable-vapes","10":"product_cat-disposable-vape-types","11":"product_cat-disposable-vapes-in-austria","12":"product_cat-disposable-vapes-in-belgium","13":"product_cat-disposable-vapes-in-europe","14":"product_cat-disposable-vapes-in-france","15":"product_cat-disposable-vapes-in-germany","16":"product_cat-disposable-vapes-in-hungary","17":"product_cat-disposable-vapes-in-ltaly","18":"product_cat-disposable-vapes-in-netherlands","19":"product_cat-disposable-vapes-in-norway","20":"product_cat-disposable-vapes-in-poland","21":"product_cat-disposable-vapes-in-portugal","22":"product_cat-disposable-vapes-in-spain","23":"product_cat-disposable-vapes-in-sweden","24":"product_cat-disposable-vapes-in-switzerland","25":"product_cat-rechargeable-vapes","27":"first","28":"instock","29":"shipping-taxable","30":"purchasable","31":"product-type-variable","32":"has-default-attributes"},"jetpack_sharing_enabled":true,"tiered_pricing_type":"fixed","tiered_pricing_fixed_rules":{"2000":4.13999999999999968025576890795491635799407958984375},"tiered_pricing_product_settings":{"layout":"default","base_unit_name":{"singular":null,"plural":null},"default_variation":null},"tiered_pricing_minimum_quantity":1000,"tiered_pricing_roles_data":[],"tiered_pricing_percentage_rules":[],"tiered_pricing_maximum_quantity":null,"tiered_pricing_quantity_step":"10","_links":{"self":[{"href":"https:\/\/volovape.com\/sl\/wp-json\/wp\/v2\/product\/72","targetHints":{"allow":["GET"]}}],"collection":[{"href":"https:\/\/volovape.com\/sl\/wp-json\/wp\/v2\/product"}],"about":[{"href":"https:\/\/volovape.com\/sl\/wp-json\/wp\/v2\/types\/product"}],"replies":[{"embeddable":true,"href":"https:\/\/volovape.com\/sl\/wp-json\/wp\/v2\/comments?post=72"}],"wp:featuredmedia":[{"embeddable":true,"href":"https:\/\/volovape.com\/sl\/wp-json\/wp\/v2\/media\/124"}],"wp:attachment":[{"href":"https:\/\/volovape.com\/sl\/wp-json\/wp\/v2\/media?parent=72"}],"wp:term":[{"taxonomy":"product_brand","embeddable":true,"href":"https:\/\/volovape.com\/sl\/wp-json\/wp\/v2\/product_brand?post=72"},{"taxonomy":"product_cat","embeddable":true,"href":"https:\/\/volovape.com\/sl\/wp-json\/wp\/v2\/product_cat?post=72"},{"taxonomy":"product_tag","embeddable":true,"href":"https:\/\/volovape.com\/sl\/wp-json\/wp\/v2\/product_tag?post=72"}],"curies":[{"name":"wp","href":"https:\/\/api.w.org\/{rel}","templated":true}]}}