{"id":700,"date":"2024-11-21T03:32:17","date_gmt":"2024-11-21T03:32:17","guid":{"rendered":"https:\/\/volovape.com\/?post_type=product&#038;p=700"},"modified":"2025-07-11T04:40:42","modified_gmt":"2025-07-11T04:40:42","slug":"aivono-zmagovalec-6000-puffs","status":"publish","type":"product","link":"https:\/\/volovape.com\/sl\/product\/aivono-winner-6000-puffs\/","title":{"rendered":"AIVONO WINNER 6000 Puffs 0% 2% 5% Nikotin za ponovno polnjenje Bulk Buy Disposable Vape Wholesale"},"content":{"rendered":"<p><strong>AIVONO WINNER 6000 Puffs Mesh Coil za enkratno uporabo Vape<\/strong> - U\u017eivajte v uravnote\u017eeni in aromati\u010dni izku\u0161nji vapinga z AIVONO WINNER 6000. Ta vape za enkratno uporabo ponuja do 6.000 vdihov, ima 15 ml rezervoar za e-teko\u010dino in 600 mAh akumulatorsko baterijo. 1,2\u03a9 mre\u017ena tuljava zagotavlja dosledno gladek in aromati\u010den par, ki je idealen za osebno uporabo in veleprodajna naro\u010dila vape za enkratno uporabo. Izbirate lahko med nikotinsko mo\u010djo 0%, 2% ali 5% in 10 okusnimi aromami.<\/p>\n<h3><strong>AIVONO WINNER 6000 Puffs Lastnosti:<\/strong><\/h3>\n<ul>\n<li>Puffi: 6000 puffov<\/li>\n<li>Kapaciteta e-teko\u010dine: 15ml<\/li>\n<li>Baterija: 600 mAh (za ponovno polnjenje)<\/li>\n<li>Polnjenje: Type-C<\/li>\n<li>Tuljava: 1.2\u03a9 Mesh Coil<\/li>\n<li>Mo\u010d nikotina: 0%, 2%, 5%<\/li>\n<li>Mo\u017enosti okusa: Led z lubenico, hladna meta, bananin led, borovnica na ledu, breskev na ledu, grozdni led, pomaran\u010da z grenivko, mango guava, jagoda s pasijonko, pomaran\u010dna soda.<\/li>\n<\/ul>\n<h4>POGOSTA VPRA\u0160ANJA<\/h4>\n<h5>Kako 1,2\u03a9 mre\u017ena tuljava izbolj\u0161a izku\u0161njo vapinga?<\/h5>\n<p>1,2\u03a9 mre\u017ena tuljava je zasnovana tako, da zagotavlja uravnote\u017eeno izku\u0161njo uparjanja, gladko in aromati\u010dno paro z doslednim delovanjem. Ta tuljava zagotavlja optimalno dostavo okusa in zadovoljivo \u017eganje.<\/p>\n<h5>Kateri na\u010dini po\u0161iljanja so na voljo?<\/h5>\n<p>Sodelujemo z zanesljivimi prevozniki, kot so UPS, DHL, FedEx in DPD, da bi zagotovili u\u010dinkovit in zanesljiv prevoz. Najprimernej\u0161i na\u010din po\u0161iljanja izberemo glede na va\u0161o lokacijo dostave.<\/p>\n<h5>Koliko \u010dasa obi\u010dajno traja po\u0161iljanje?<\/h5>\n<p>Dostava obi\u010dajno traja od 7 do 15 delovnih dni, vendar se lahko med prazniki ali v neugodnih vremenskih razmerah \u010das dostave podalj\u0161a na 20 delovnih dni.<\/p>\n<h5>Ali bom moral pla\u010dati carinske pristojbine ali davke?<\/h5>\n<p>Za vse carinjenje poskrbimo mi in vam zagotavljamo, da ne boste imeli nobenih dodatnih davkov ali pristojbin. 100% na\u0161ih izdelkov je carinjen brez te\u017eav.<\/p>\n<h5>Ali je moj nakup varen in zaupanja vreden?<\/h5>\n<p>Ponujamo varne transakcije z za\u0161\u010dito kupca PayPal. Na\u0161o zanesljivost lahko preverite tudi tako, da preverite ocene strank na <a href=\"https:\/\/www.trustpilot.com\/review\/volovape.com?utm_medium=trustbox&amp;utm_source=TrustBoxReviewCollector\">TrustPilot<\/a>.<\/p>","protected":false},"excerpt":{"rendered":"<p>Kupite AIVONO WINNER 6000 Puffs Vape za enkratno uporabo v razsutem stanju. S 15 ml e-teko\u010dine, mre\u017easto tuljavo in ve\u010d mo\u017enostmi nikotina je odli\u010dna izbira na debelo za trgovine z vape in distributerje.<\/p>","protected":false},"featured_media":1050,"comment_status":"open","ping_status":"closed","template":"","meta":[],"product_brand":[],"product_cat":[67,19,18,20,23,24,22,25,26,27,28,29,30,31,32,33,34,35,60,36],"product_tag":[],"class_list":{"0":"post-700","1":"product","2":"type-product","3":"status-publish","4":"has-post-thumbnail","6":"product_cat-aivono","7":"product_cat-5000-puffs-disposable-vape","8":"product_cat-different-puffs-of-disposable-vapes","9":"product_cat-disposable-vape-types","10":"product_cat-disposable-vapes-in-austria","11":"product_cat-disposable-vapes-in-belgium","12":"product_cat-disposable-vapes-in-europe","13":"product_cat-disposable-vapes-in-france","14":"product_cat-disposable-vapes-in-germany","15":"product_cat-disposable-vapes-in-hungary","16":"product_cat-disposable-vapes-in-ltaly","17":"product_cat-disposable-vapes-in-netherlands","18":"product_cat-disposable-vapes-in-norway","19":"product_cat-disposable-vapes-in-poland","20":"product_cat-disposable-vapes-in-portugal","21":"product_cat-disposable-vapes-in-spain","22":"product_cat-disposable-vapes-in-sweden","23":"product_cat-disposable-vapes-in-switzerland","24":"product_cat-mini-puffs-vapes","25":"product_cat-rechargeable-vapes","27":"first","28":"instock","29":"shipping-taxable","30":"purchasable","31":"product-type-variable","32":"has-default-attributes"},"jetpack_sharing_enabled":true,"tiered_pricing_type":"fixed","tiered_pricing_fixed_rules":{"2000":5.12999999999999989341858963598497211933135986328125},"tiered_pricing_product_settings":{"layout":"default","base_unit_name":{"singular":null,"plural":null},"default_variation":null},"tiered_pricing_minimum_quantity":1000,"tiered_pricing_roles_data":[],"tiered_pricing_percentage_rules":[],"tiered_pricing_maximum_quantity":null,"tiered_pricing_quantity_step":"10","_links":{"self":[{"href":"https:\/\/volovape.com\/sl\/wp-json\/wp\/v2\/product\/700","targetHints":{"allow":["GET"]}}],"collection":[{"href":"https:\/\/volovape.com\/sl\/wp-json\/wp\/v2\/product"}],"about":[{"href":"https:\/\/volovape.com\/sl\/wp-json\/wp\/v2\/types\/product"}],"replies":[{"embeddable":true,"href":"https:\/\/volovape.com\/sl\/wp-json\/wp\/v2\/comments?post=700"}],"wp:featuredmedia":[{"embeddable":true,"href":"https:\/\/volovape.com\/sl\/wp-json\/wp\/v2\/media\/1050"}],"wp:attachment":[{"href":"https:\/\/volovape.com\/sl\/wp-json\/wp\/v2\/media?parent=700"}],"wp:term":[{"taxonomy":"product_brand","embeddable":true,"href":"https:\/\/volovape.com\/sl\/wp-json\/wp\/v2\/product_brand?post=700"},{"taxonomy":"product_cat","embeddable":true,"href":"https:\/\/volovape.com\/sl\/wp-json\/wp\/v2\/product_cat?post=700"},{"taxonomy":"product_tag","embeddable":true,"href":"https:\/\/volovape.com\/sl\/wp-json\/wp\/v2\/product_tag?post=700"}],"curies":[{"name":"wp","href":"https:\/\/api.w.org\/{rel}","templated":true}]}}