{"id":70,"date":"2024-11-21T03:26:50","date_gmt":"2024-11-21T03:26:50","guid":{"rendered":"https:\/\/volovape.com\/?post_type=product&#038;p=70"},"modified":"2025-06-30T01:32:46","modified_gmt":"2025-06-30T01:32:46","slug":"waspe-8000-puffov","status":"publish","type":"product","link":"https:\/\/volovape.com\/sl\/product\/waspe-8000-puffs\/","title":{"rendered":"WASPE 8000 Puffs Vape za enkratno uporabo - polnjenje, 0,8\u03a9 mre\u017ena tuljava"},"content":{"rendered":"<p><strong>WASPE 8000 Puffs za enkratno polnjenje Vape<\/strong> - Izkusite dalj\u0161e in aromati\u010dno vapiranje.<\/p>\n<p>Spletna stran <strong>WASPE 8000<\/strong> zagotavlja do <strong>8.000 vpihov<\/strong> z znatnim <strong>16 ml e-teko\u010dine<\/strong>, kar zagotavlja dolgotrajno u\u017eivanje. Njegova <strong>Baterija za ponovno polnjenje 650 mAh<\/strong> in . <strong>Polnjenje tipa C<\/strong> zagotavljajo zanesljivo napajanje, medtem ko <strong>0,8\u03a9 mre\u017ena tuljava<\/strong> izbolj\u0161a okus in proizvodnjo pare. Izbirate lahko med <strong>0%, 2%, 3% ali 5% z mo\u010djo nikotina<\/strong>in u\u017eivajte v razli\u010dnih <strong>10 edinstvenih okusov<\/strong>od osve\u017eilnega lubeni\u010dnega ledu do eksoti\u010dnega ledu iz li\u010dija. Idealen za osebno uporabo in <strong>vape za enkratno uporabo na debelo<\/strong>, vsaka enota ponuja udobje in kakovost. Za <strong>Naro\u010dilo v razsutem stanju<\/strong> poizvedbe, kontaktirajte nas za konkuren\u010dne cene.<\/p>\n<h3><strong>WASPE 8000 Lastnosti:<\/strong><\/h3>\n<ul>\n<li>Puffs: Do 8.000<\/li>\n<li>Kapaciteta e-teko\u010dine: 16ml<\/li>\n<li>Baterija: 650 mAh (za ponovno polnjenje)<\/li>\n<li>Polnjenje: Type-C<\/li>\n<li>Tuljava: 0.8\u03a9 Mesh Coil<\/li>\n<li>Mo\u010d nikotina: 0%, 2%, 3%, 5%<\/li>\n<li>10 mo\u017enosti okusov<\/li>\n<\/ul>\n<h4>POGOSTA VPRA\u0160ANJA<\/h4>\n<h5>Kako akumulatorska baterija izbolj\u0161a mojo izku\u0161njo vapinga?<\/h5>\n<p>Baterija z zmogljivostjo 650 mAh in polnjenjem tipa C zagotavlja, da lahko izkoristite vseh 8000 puhov, ne da bi vas skrbelo, da bi naprava pred\u010dasno umrla. Zaradi te lastnosti je WASPE 8000 zanesljiva in dolgotrajna izbira v primerjavi s standardnimi napravami za enkratno uporabo, kar vam omogo\u010da maksimalno u\u017eivanje v 16 ml e-teko\u010dine.<\/p>\n<h5>Katere na\u010dine po\u0161iljanja uporabljate?<\/h5>\n<p>Za dostavo va\u0161ih naro\u010dil sodelujemo z zaupanja vrednimi prevozniki, kot so UPS, DHL, FedEx in DPD. Najustreznej\u0161i na\u010din po\u0161iljanja izberemo glede na va\u0161o lokacijo dostave, da zagotovimo hitro in zanesljivo dostavo.<\/p>\n<h5>Kako dolgo traja po\u0161iljanje?<\/h5>\n<p>Obi\u010dajno po\u0161iljanje traja od 7 do 15 delovnih dni. Med prazniki ali zaradi neugodnih vremenskih razmer pa lahko traja tudi do 20 delovnih dni.<\/p>\n<h5>Ali bom naletel na carinske ali dav\u010dne te\u017eave?<\/h5>\n<p>Opravljamo vse postopke carinjenja in vam zagotavljamo, da bo va\u0161a po\u0161iljka brez te\u017eav pre\u0161la. Ne boste imeli nobenih dodatnih davkov ali pristojbin. Zagotavljamo carinjenje 100%.<\/p>\n<h5>Ali lahko zaupam kakovosti in zanesljivosti naprave WASPE 8000?<\/h5>\n<p>Podpiramo varna pla\u010dila PayPal z za\u0161\u010dito kupca. Na\u0161e ocene strank si lahko ogledate tudi na <a href=\"https:\/\/www.trustpilot.com\/review\/volovape.com?utm_medium=trustbox&amp;utm_source=TrustBoxReviewCollector\">TrustPilot<\/a> da si ogledate pozitivne izku\u0161nje na\u0161ih strank.<\/p>","protected":false},"excerpt":{"rendered":"<p>U\u017eivajte v raz\u0161irjenem okusu z WASPE 8000 Puffs. 0,8\u03a9 mre\u017eica, 16 ml, mo\u017enost polnjenja. Odli\u010dno za osebno ali veleprodajo, saj ponuja gladko paro in razli\u010dne mo\u017enosti nikotina.<\/p>","protected":false},"featured_media":103,"comment_status":"open","ping_status":"closed","template":"","meta":[],"product_brand":[],"product_cat":[17,37,21,18,20,23,24,22,25,26,27,28,29,30,31,32,33,34,35,36],"product_tag":[],"class_list":{"0":"post-70","1":"product","2":"type-product","3":"status-publish","4":"has-post-thumbnail","6":"product_cat-waspe","7":"product_cat-8000-puffs-disposable-vape","8":"product_cat-big-puffs-vapes","9":"product_cat-different-puffs-of-disposable-vapes","10":"product_cat-disposable-vape-types","11":"product_cat-disposable-vapes-in-austria","12":"product_cat-disposable-vapes-in-belgium","13":"product_cat-disposable-vapes-in-europe","14":"product_cat-disposable-vapes-in-france","15":"product_cat-disposable-vapes-in-germany","16":"product_cat-disposable-vapes-in-hungary","17":"product_cat-disposable-vapes-in-ltaly","18":"product_cat-disposable-vapes-in-netherlands","19":"product_cat-disposable-vapes-in-norway","20":"product_cat-disposable-vapes-in-poland","21":"product_cat-disposable-vapes-in-portugal","22":"product_cat-disposable-vapes-in-spain","23":"product_cat-disposable-vapes-in-sweden","24":"product_cat-disposable-vapes-in-switzerland","25":"product_cat-rechargeable-vapes","27":"first","28":"instock","29":"shipping-taxable","30":"purchasable","31":"product-type-variable","32":"has-default-attributes"},"jetpack_sharing_enabled":true,"tiered_pricing_type":"fixed","tiered_pricing_fixed_rules":{"2000":4.5999999999999996447286321199499070644378662109375},"tiered_pricing_product_settings":{"layout":"default","base_unit_name":{"singular":null,"plural":null},"default_variation":null},"tiered_pricing_minimum_quantity":1000,"tiered_pricing_roles_data":[],"tiered_pricing_percentage_rules":[],"tiered_pricing_maximum_quantity":null,"tiered_pricing_quantity_step":"100","_links":{"self":[{"href":"https:\/\/volovape.com\/sl\/wp-json\/wp\/v2\/product\/70","targetHints":{"allow":["GET"]}}],"collection":[{"href":"https:\/\/volovape.com\/sl\/wp-json\/wp\/v2\/product"}],"about":[{"href":"https:\/\/volovape.com\/sl\/wp-json\/wp\/v2\/types\/product"}],"replies":[{"embeddable":true,"href":"https:\/\/volovape.com\/sl\/wp-json\/wp\/v2\/comments?post=70"}],"wp:featuredmedia":[{"embeddable":true,"href":"https:\/\/volovape.com\/sl\/wp-json\/wp\/v2\/media\/103"}],"wp:attachment":[{"href":"https:\/\/volovape.com\/sl\/wp-json\/wp\/v2\/media?parent=70"}],"wp:term":[{"taxonomy":"product_brand","embeddable":true,"href":"https:\/\/volovape.com\/sl\/wp-json\/wp\/v2\/product_brand?post=70"},{"taxonomy":"product_cat","embeddable":true,"href":"https:\/\/volovape.com\/sl\/wp-json\/wp\/v2\/product_cat?post=70"},{"taxonomy":"product_tag","embeddable":true,"href":"https:\/\/volovape.com\/sl\/wp-json\/wp\/v2\/product_tag?post=70"}],"curies":[{"name":"wp","href":"https:\/\/api.w.org\/{rel}","templated":true}]}}